{"id":12,"date":"2018-05-15T12:49:51","date_gmt":"2018-05-15T09:49:51","guid":{"rendered":"http:\/\/blogs2.abo.fi\/nordisk-laroplansteoretisk-konferens2019\/?page_id=12"},"modified":"2019-04-04T09:54:06","modified_gmt":"2019-04-04T06:54:06","slug":"anmalan","status":"publish","type":"page","link":"https:\/\/blogs2.abo.fi\/nordisk-laroplansteoretisk-konferens2019\/anmalan\/","title":{"rendered":"Anm\u00e4lan"},"content":{"rendered":"<p>Anm\u00e4lan g\u00f6rs p\u00e5:\u00a0\u00a0<a href=\"https:\/\/survey.abo.fi\/lomakkeet\/11363\/lomake.html\">https:\/\/survey.abo.fi\/lomakkeet\/11363\/lomake.html <\/a><br \/>\noch d\u00e4r kan \u00e4ven abstrakt klistras in.<\/p>\n<p>First call\u00a0\u00a0\u00a0\u00a0\u00a0\u00a0\u00a0\u00a0\u00a0\u00a0\u00a0\u00a0\u00a0\u00a0\u00a0\u00a0\u00a0\u00a0\u00a0\u00a0\u00a0\u00a0\u00a0\u00a0\u00a0\u00a0\u00a0\u00a0\u00a0 15 maj 2019<br \/>\nSecond call\u00a0\u00a0\u00a0\u00a0\u00a0\u00a0\u00a0\u00a0\u00a0\u00a0\u00a0\u00a0\u00a0\u00a0\u00a0\u00a0\u00a0\u00a0\u00a0\u00a0\u00a0\u00a0\u00a023 augusti 2019<br \/>\nFinal call\u00a0\u00a0\u00a0\u00a0\u00a0\u00a0\u00a0\u00a0\u00a0\u00a0\u00a0\u00a0\u00a0\u00a0\u00a0\u00a0\u00a0\u00a0\u00a0\u00a0\u00a0\u00a0\u00a0\u00a0\u00a0\u00a0\u00a0\u00a0\u00a022 september 2019<\/p>\n<p>Sista anm\u00e4lningsdag\u00a0\u00a0\u00a0 25 oktober 2019<\/p>\n<p>Kontakta Ann-Sofie Smeds-Nylund\u00a0<a href=\"annssmed@abo.fi\">annssmed@abo.fi<\/a> om ni undrar \u00f6ver n\u00e5got!<\/p>\n<p>&nbsp;<\/p>\n","protected":false},"excerpt":{"rendered":"<p>Anm\u00e4lan g\u00f6rs p\u00e5:\u00a0\u00a0https:\/\/survey.abo.fi\/lomakkeet\/11363\/lomake.html och d\u00e4r kan \u00e4ven abstrakt klistras in. First call\u00a0\u00a0\u00a0\u00a0\u00a0\u00a0\u00a0\u00a0\u00a0\u00a0\u00a0\u00a0\u00a0\u00a0\u00a0\u00a0\u00a0\u00a0\u00a0\u00a0\u00a0\u00a0\u00a0\u00a0\u00a0\u00a0\u00a0\u00a0\u00a0 15 maj 2019 Second call\u00a0\u00a0\u00a0\u00a0\u00a0\u00a0\u00a0\u00a0\u00a0\u00a0\u00a0\u00a0\u00a0\u00a0\u00a0\u00a0\u00a0\u00a0\u00a0\u00a0\u00a0\u00a0\u00a023 augusti 2019 Final call\u00a0\u00a0\u00a0\u00a0\u00a0\u00a0\u00a0\u00a0\u00a0\u00a0\u00a0\u00a0\u00a0\u00a0\u00a0\u00a0\u00a0\u00a0\u00a0\u00a0\u00a0\u00a0\u00a0\u00a0\u00a0\u00a0\u00a0\u00a0\u00a022 september 2019 Sista anm\u00e4lningsdag\u00a0\u00a0\u00a0 25 oktober 2019 Kontakta Ann-Sofie Smeds-Nylund\u00a0annssmed@abo.fi om ni undrar \u00f6ver n\u00e5got! &nbsp;<\/p>\n","protected":false},"author":413,"featured_media":0,"parent":0,"menu_order":0,"comment_status":"closed","ping_status":"closed","template":"","meta":{"footnotes":""},"class_list":["post-12","page","type-page","status-publish","hentry"],"_links":{"self":[{"href":"https:\/\/blogs2.abo.fi\/nordisk-laroplansteoretisk-konferens2019\/wp-json\/wp\/v2\/pages\/12","targetHints":{"allow":["GET"]}}],"collection":[{"href":"https:\/\/blogs2.abo.fi\/nordisk-laroplansteoretisk-konferens2019\/wp-json\/wp\/v2\/pages"}],"about":[{"href":"https:\/\/blogs2.abo.fi\/nordisk-laroplansteoretisk-konferens2019\/wp-json\/wp\/v2\/types\/page"}],"author":[{"embeddable":true,"href":"https:\/\/blogs2.abo.fi\/nordisk-laroplansteoretisk-konferens2019\/wp-json\/wp\/v2\/users\/413"}],"replies":[{"embeddable":true,"href":"https:\/\/blogs2.abo.fi\/nordisk-laroplansteoretisk-konferens2019\/wp-json\/wp\/v2\/comments?post=12"}],"version-history":[{"count":8,"href":"https:\/\/blogs2.abo.fi\/nordisk-laroplansteoretisk-konferens2019\/wp-json\/wp\/v2\/pages\/12\/revisions"}],"predecessor-version":[{"id":100,"href":"https:\/\/blogs2.abo.fi\/nordisk-laroplansteoretisk-konferens2019\/wp-json\/wp\/v2\/pages\/12\/revisions\/100"}],"wp:attachment":[{"href":"https:\/\/blogs2.abo.fi\/nordisk-laroplansteoretisk-konferens2019\/wp-json\/wp\/v2\/media?parent=12"}],"curies":[{"name":"wp","href":"https:\/\/api.w.org\/{rel}","templated":true}]}}