{"id":84,"date":"2017-08-25T19:06:52","date_gmt":"2017-08-25T16:06:52","guid":{"rendered":"http:\/\/blogs2.abo.fi\/natverk2017\/?page_id=84"},"modified":"2017-08-28T11:04:05","modified_gmt":"2017-08-28T08:04:05","slug":"finska-fraser","status":"publish","type":"page","link":"https:\/\/blogs2.abo.fi\/natverk2017\/finska-fraser\/","title":{"rendered":"Finska fraser"},"content":{"rendered":"<p>\u00c5bo Akademi \u00e4r ett svenskspr\u00e5kigt universitet, och \u00c5bo \u00e4r en tv\u00e5spr\u00e5kig stad. Du klarar dig allts\u00e5 mestadels bra p\u00e5 svenska, speciellt om du \u00e4r f\u00e4rdig att byta till engelska ifall det beh\u00f6vs n\u00e5gon enstaka g\u00e5ng n\u00e4r du r\u00f6r dig p\u00e5 stan.<\/p>\n<p>Ibland \u00e4r det \u00e4nd\u00e5 praktiskt att ocks\u00e5 k\u00e4nna till n\u00e5gra ord och fraser p\u00e5 finska. Det g\u00e4ller kanske speciellt adresser, eftersom m\u00e5nga kartor saknar gatunamn p\u00e5 svenska speciellt f\u00f6r mindre gator. H\u00e4r har vi samlat ett urval, som du kanske kan ha gl\u00e4dje av.<\/p>\n<p>N\u00e4r du uttalar finska ord \u00e4r det bra att komma ih\u00e5g att bokstaven &#8221;u&#8221; uttalas som &#8221;o&#8221; p\u00e5 svenska, [u:] resp. [\u01b1], medan &#8221;o&#8221; uttalas som &#8221;\u00e5&#8221;, [o:] resp. [\u0254]. Trycket i finska ord (inklusive alla namn) ligger alltid p\u00e5 f\u00f6rsta stavelsen. Det finska namnet p\u00e5 staden uttalas allts\u00e5 ungef\u00e4r &#8221;Torrko&#8221;, [t\u01b1r\u02d0k\u01b1].<\/p>\n<p>\u00c5bo &#8211; Turku<\/p>\n<p>buss &#8211; bussi\/linja-auto<\/p>\n<p>taxi &#8211; taksi<\/p>\n<p>Salutorget &#8211; Kauppatori<\/p>\n<p>Gamla stortorget &#8211; Vanha suurtori<\/p>\n<p>Domkyrkan &#8211; Tuomiokirkko<\/p>\n<p>Biskopsgatan &#8211; Piispankatu<\/p>\n<p>F\u00e4nriksgatan &#8211; V\u00e4nrikinkatu<\/p>\n<p>Fabriksgatan &#8211; Tehtaankatu<\/p>\n<p>Sibeliusmuseet &#8211; Sibelius-museo<\/p>\n<p>hamnen &#8211; satama (till hamnen &#8211; satamaan)<\/p>\n<p>flygf\u00e4ltet &#8211; lentokentt\u00e4 (till flygf\u00e4ltet &#8211; lentokent\u00e4lle)<\/p>\n<p>Aura \u00e5 &#8211; Aurajoki<\/p>\n<p>goddag &#8211; p\u00e4iv\u00e4\u00e4<\/p>\n<p>tack &#8211; kiitos<\/p>\n<p>vars\u00e5god &#8211; ole hyv\u00e4<\/p>\n<p>f\u00f6rl\u00e5t &#8211; anteeksi<\/p>\n<p>Hur mycket (kostar det) &#8211; Paljonko (maksaa)<\/p>\n<p>Jag vill betala &#8211; Maksaisin<\/p>\n<p>&nbsp;<\/p>\n<p>&nbsp;<\/p>\n<p>&nbsp;<\/p>\n<p>&nbsp;<\/p>\n<p>&nbsp;<\/p>\n","protected":false},"excerpt":{"rendered":"<p>\u00c5bo Akademi \u00e4r ett svenskspr\u00e5kigt universitet, och \u00c5bo \u00e4r en tv\u00e5spr\u00e5kig stad. Du klarar dig allts\u00e5 mestadels bra p\u00e5 svenska, speciellt om du \u00e4r f\u00e4rdig att byta till engelska ifall det beh\u00f6vs n\u00e5gon enstaka g\u00e5ng n\u00e4r du r\u00f6r dig p\u00e5 stan. Ibland \u00e4r det \u00e4nd\u00e5 praktiskt att ocks\u00e5 k\u00e4nna till n\u00e5gra ord och fraser p\u00e5 &hellip; <\/p>\n<p class=\"link-more\"><a href=\"https:\/\/blogs2.abo.fi\/natverk2017\/finska-fraser\/\" class=\"more-link\">Forts\u00e4tt l\u00e4sa<span class=\"screen-reader-text\"> \u201dFinska fraser\u201d<\/span><\/a><\/p>\n","protected":false},"author":361,"featured_media":0,"parent":0,"menu_order":0,"comment_status":"closed","ping_status":"closed","template":"","meta":{"footnotes":""},"class_list":["post-84","page","type-page","status-publish","hentry"],"_links":{"self":[{"href":"https:\/\/blogs2.abo.fi\/natverk2017\/wp-json\/wp\/v2\/pages\/84","targetHints":{"allow":["GET"]}}],"collection":[{"href":"https:\/\/blogs2.abo.fi\/natverk2017\/wp-json\/wp\/v2\/pages"}],"about":[{"href":"https:\/\/blogs2.abo.fi\/natverk2017\/wp-json\/wp\/v2\/types\/page"}],"author":[{"embeddable":true,"href":"https:\/\/blogs2.abo.fi\/natverk2017\/wp-json\/wp\/v2\/users\/361"}],"replies":[{"embeddable":true,"href":"https:\/\/blogs2.abo.fi\/natverk2017\/wp-json\/wp\/v2\/comments?post=84"}],"version-history":[{"count":6,"href":"https:\/\/blogs2.abo.fi\/natverk2017\/wp-json\/wp\/v2\/pages\/84\/revisions"}],"predecessor-version":[{"id":110,"href":"https:\/\/blogs2.abo.fi\/natverk2017\/wp-json\/wp\/v2\/pages\/84\/revisions\/110"}],"wp:attachment":[{"href":"https:\/\/blogs2.abo.fi\/natverk2017\/wp-json\/wp\/v2\/media?parent=84"}],"curies":[{"name":"wp","href":"https:\/\/api.w.org\/{rel}","templated":true}]}}