{"id":81,"date":"2017-08-25T18:33:25","date_gmt":"2017-08-25T15:33:25","guid":{"rendered":"http:\/\/blogs2.abo.fi\/natverk2017\/?page_id=81"},"modified":"2017-08-31T19:11:59","modified_gmt":"2017-08-31T16:11:59","slug":"abo","status":"publish","type":"page","link":"https:\/\/blogs2.abo.fi\/natverk2017\/abo\/","title":{"rendered":"\u00c5bo"},"content":{"rendered":"<p>\u00c5bo \u00e4r knappast som vackrast i november, men det finns en hel del att se och g\u00f6ra i alla fall. Kanske du till exempel vill f\u00f6rl\u00e4nga resan med en dag och se dig omkring ocks\u00e5 p\u00e5 l\u00f6rdag?<\/p>\n<p>Samlad turistinformation finns p\u00e5 webbplatsen VisitTurku, <a href=\"http:\/\/www.visitturku.fi\/sv\" target=\"_blank\" rel=\"noopener\">http:\/\/www.visitturku.fi\/sv <\/a><\/p>\n<p>Om du vill g\u00e5 p\u00e5 teater p\u00e5 svenska i \u00c5bo, s\u00e5 kan du ta en titt p\u00e5 Finlands \u00e4ldsta teater: <a href=\"http:\/\/www.abosvenskateater.fi\" target=\"_blank\" rel=\"noopener\">http:\/\/www.abosvenskateater.fi <\/a><\/p>\n","protected":false},"excerpt":{"rendered":"<p>\u00c5bo \u00e4r knappast som vackrast i november, men det finns en hel del att se och g\u00f6ra i alla fall. Kanske du till exempel vill f\u00f6rl\u00e4nga resan med en dag och se dig omkring ocks\u00e5 p\u00e5 l\u00f6rdag? Samlad turistinformation finns p\u00e5 webbplatsen VisitTurku, http:\/\/www.visitturku.fi\/sv Om du vill g\u00e5 p\u00e5 teater p\u00e5 svenska i \u00c5bo, s\u00e5 &hellip; <\/p>\n<p class=\"link-more\"><a href=\"https:\/\/blogs2.abo.fi\/natverk2017\/abo\/\" class=\"more-link\">Forts\u00e4tt l\u00e4sa<span class=\"screen-reader-text\"> \u201d\u00c5bo\u201d<\/span><\/a><\/p>\n","protected":false},"author":361,"featured_media":0,"parent":0,"menu_order":0,"comment_status":"closed","ping_status":"closed","template":"","meta":{"footnotes":""},"class_list":["post-81","page","type-page","status-publish","hentry"],"_links":{"self":[{"href":"https:\/\/blogs2.abo.fi\/natverk2017\/wp-json\/wp\/v2\/pages\/81","targetHints":{"allow":["GET"]}}],"collection":[{"href":"https:\/\/blogs2.abo.fi\/natverk2017\/wp-json\/wp\/v2\/pages"}],"about":[{"href":"https:\/\/blogs2.abo.fi\/natverk2017\/wp-json\/wp\/v2\/types\/page"}],"author":[{"embeddable":true,"href":"https:\/\/blogs2.abo.fi\/natverk2017\/wp-json\/wp\/v2\/users\/361"}],"replies":[{"embeddable":true,"href":"https:\/\/blogs2.abo.fi\/natverk2017\/wp-json\/wp\/v2\/comments?post=81"}],"version-history":[{"count":3,"href":"https:\/\/blogs2.abo.fi\/natverk2017\/wp-json\/wp\/v2\/pages\/81\/revisions"}],"predecessor-version":[{"id":114,"href":"https:\/\/blogs2.abo.fi\/natverk2017\/wp-json\/wp\/v2\/pages\/81\/revisions\/114"}],"wp:attachment":[{"href":"https:\/\/blogs2.abo.fi\/natverk2017\/wp-json\/wp\/v2\/media?parent=81"}],"curies":[{"name":"wp","href":"https:\/\/api.w.org\/{rel}","templated":true}]}}