{"id":5,"date":"2017-08-25T10:48:06","date_gmt":"2017-08-25T07:48:06","guid":{"rendered":"http:\/\/blogs2.abo.fi\/natverk2017\/?page_id=5"},"modified":"2017-11-06T16:42:22","modified_gmt":"2017-11-06T13:42:22","slug":"valkommen-till-abo","status":"publish","type":"page","link":"https:\/\/blogs2.abo.fi\/natverk2017\/","title":{"rendered":"V\u00e4lkommen till \u00c5bo!"},"content":{"rendered":"<h2><strong><span style=\"color: #992417\">Att st\u00f6dja studenternas skrivande\u00a0i en<br \/>\nm\u00e5ngspr\u00e5kig universitetsmilj\u00f6<\/span><\/strong><\/h2>\n<p>16\u201317 november i \u00c5bo<\/p>\n<p><img loading=\"lazy\" decoding=\"async\" class=\" wp-image-37 alignright\" src=\"http:\/\/blogs2.abo.fi\/natverk2017\/wp-content\/uploads\/sites\/66\/2017\/08\/Ordmoln-n\u00e4tverk-3-1-300x186.jpg\" alt=\"\" width=\"313\" height=\"194\" srcset=\"https:\/\/blogs2.abo.fi\/natverk2017\/wp-content\/uploads\/sites\/66\/2017\/08\/Ordmoln-n\u00e4tverk-3-1-300x186.jpg 300w, https:\/\/blogs2.abo.fi\/natverk2017\/wp-content\/uploads\/sites\/66\/2017\/08\/Ordmoln-n\u00e4tverk-3-1.jpg 600w\" sizes=\"auto, (max-width: 313px) 100vw, 313px\" \/><\/p>\n<p>Hj\u00e4rtligt v\u00e4lkommen till <a href=\"http:\/\/www.abo.fi\" target=\"_blank\" rel=\"noopener\">\u00c5bo Akademi<\/a> p\u00e5 n\u00e4tverkstr\u00e4ffen f\u00f6r text- och studieverkst\u00e4der 2017, som h\u00e5lls torsdag och fredag 16\u201317 november vid <a href=\"http:\/\/www.abo.fi\/stodenhet\/sv\/csk\" target=\"_blank\" rel=\"noopener\">\u00c5bo Akademis spr\u00e5kcenter<\/a>.<\/p>\n<p>Temat i \u00e5r \u00e4r <em>Att st\u00f6dja studenternas skrivande i<br \/>\nen m\u00e5ngspr\u00e5kig universitetsmilj\u00f6<\/em>.<\/p>\n<p>Deadline f\u00f6r anm\u00e4lning var fredag 27 oktober.<\/p>\n<p>Det \u00e4r i \u00f6vrigt kostnadsfritt att delta i n\u00e4tverkstr\u00e4ffen, men f\u00f6r att t\u00e4cka kostnaderna f\u00f6r lunch torsdag och fredag och konferensmiddag p\u00e5 torsdag beh\u00f6ver vi ta en avgift.<\/p>\n<p><span style=\"color: #d93838\">M\u00e5ltidsavgiften om 70 euro betalas i \u00c5bo Akademis webbshop p\u00e5 adressen https:\/\/shop.abo.fi\/ &gt; Konferenser, kurser, evenemang &gt; N\u00e4tverstr\u00e4ffen f\u00f6r text- och studieverkst\u00e4der.<br \/>\n<\/span><\/p>\n<p>Programmet uppdaterar vi under rubriken <a href=\"http:\/\/blogs2.abo.fi\/natverk2017\/program\/\" target=\"_blank\" rel=\"noopener\"><em>Program <\/em><\/a>. P\u00e5 sidorna <a href=\"http:\/\/blogs2.abo.fi\/natverk2017\/var-finns-vi\/\" target=\"_blank\" rel=\"noopener\"><em>Var finns vi<\/em>?<\/a>, <a href=\"http:\/\/blogs2.abo.fi\/natverk2017\/transport\/\" target=\"_blank\" rel=\"noopener\"><em>Transport<\/em> <\/a>och <a href=\"http:\/\/blogs2.abo.fi\/natverk2017\/logi\/\" target=\"_blank\" rel=\"noopener\"><em>Logi<\/em><\/a> hittar du information om praktiska detaljer. P\u00e5 sidorna <a href=\"http:\/\/blogs2.abo.fi\/natverk2017\/abo\/\" target=\"_blank\" rel=\"noopener\"><em>\u00c5bo<\/em><\/a> och\u00a0<a href=\"http:\/\/blogs2.abo.fi\/natverk2017\/finska-fraser\/\" target=\"_blank\" rel=\"noopener\"><em>Finska fraser<\/em><\/a> kan du g\u00e5 in om du vill.<\/p>\n<p>V\u00e4nliga h\u00e4lsningar fr\u00e5n arrang\u00f6rerna<br \/>\nKati, Jane, Linda, Lotta, Maria, Sonja, Barbro och Tom<\/p>\n<p>Om du har fr\u00e5gor, ta kontakt med Kati p\u00e5 adressen kati.palmberg@abo.fi<\/p>\n<p>&nbsp;<\/p>\n","protected":false},"excerpt":{"rendered":"<p>Att st\u00f6dja studenternas skrivande\u00a0i en m\u00e5ngspr\u00e5kig universitetsmilj\u00f6 16\u201317 november i \u00c5bo Hj\u00e4rtligt v\u00e4lkommen till \u00c5bo Akademi p\u00e5 n\u00e4tverkstr\u00e4ffen f\u00f6r text- och studieverkst\u00e4der 2017, som h\u00e5lls torsdag och fredag 16\u201317 november vid \u00c5bo Akademis spr\u00e5kcenter. Temat i \u00e5r \u00e4r Att st\u00f6dja studenternas skrivande i en m\u00e5ngspr\u00e5kig universitetsmilj\u00f6. Deadline f\u00f6r anm\u00e4lning var fredag 27 oktober. Det \u00e4r &hellip; <\/p>\n<p class=\"link-more\"><a href=\"https:\/\/blogs2.abo.fi\/natverk2017\/\" class=\"more-link\">Forts\u00e4tt l\u00e4sa<span class=\"screen-reader-text\"> \u201dV\u00e4lkommen till \u00c5bo!\u201d<\/span><\/a><\/p>\n","protected":false},"author":8,"featured_media":0,"parent":0,"menu_order":0,"comment_status":"closed","ping_status":"closed","template":"","meta":{"footnotes":""},"class_list":["post-5","page","type-page","status-publish","hentry"],"_links":{"self":[{"href":"https:\/\/blogs2.abo.fi\/natverk2017\/wp-json\/wp\/v2\/pages\/5","targetHints":{"allow":["GET"]}}],"collection":[{"href":"https:\/\/blogs2.abo.fi\/natverk2017\/wp-json\/wp\/v2\/pages"}],"about":[{"href":"https:\/\/blogs2.abo.fi\/natverk2017\/wp-json\/wp\/v2\/types\/page"}],"author":[{"embeddable":true,"href":"https:\/\/blogs2.abo.fi\/natverk2017\/wp-json\/wp\/v2\/users\/8"}],"replies":[{"embeddable":true,"href":"https:\/\/blogs2.abo.fi\/natverk2017\/wp-json\/wp\/v2\/comments?post=5"}],"version-history":[{"count":34,"href":"https:\/\/blogs2.abo.fi\/natverk2017\/wp-json\/wp\/v2\/pages\/5\/revisions"}],"predecessor-version":[{"id":125,"href":"https:\/\/blogs2.abo.fi\/natverk2017\/wp-json\/wp\/v2\/pages\/5\/revisions\/125"}],"wp:attachment":[{"href":"https:\/\/blogs2.abo.fi\/natverk2017\/wp-json\/wp\/v2\/media?parent=5"}],"curies":[{"name":"wp","href":"https:\/\/api.w.org\/{rel}","templated":true}]}}