{"id":48,"date":"2017-08-25T14:47:03","date_gmt":"2017-08-25T11:47:03","guid":{"rendered":"http:\/\/blogs2.abo.fi\/natverk2017\/?page_id=48"},"modified":"2017-11-13T20:18:57","modified_gmt":"2017-11-13T17:18:57","slug":"program","status":"publish","type":"page","link":"https:\/\/blogs2.abo.fi\/natverk2017\/program\/","title":{"rendered":"Program"},"content":{"rendered":"<p>Torsdag 16.11<\/p>\n<table width=\"0\">\n<tbody>\n<tr>\n<td width=\"110\">Kl.<\/td>\n<td width=\"151\"><strong>Var?<\/strong><\/td>\n<td width=\"382\"><strong>Vad?<\/strong><\/td>\n<\/tr>\n<tr>\n<td width=\"110\">9\u201310<\/td>\n<td rowspan=\"5\" width=\"151\"><strong>Sibeliusmuseum <\/strong>Auditorium Brahe<\/p>\n<p>&nbsp;<\/p>\n<p>&nbsp;<\/td>\n<td width=\"382\">Morgonkaffe med tilltugg, registrering<\/p>\n<p>&nbsp;<\/td>\n<\/tr>\n<tr>\n<td width=\"110\">10.00<\/td>\n<td width=\"382\">V\u00e4lkomstord, praktiska arrangemang<\/td>\n<\/tr>\n<tr>\n<td width=\"110\">10.15\u201311.00<\/td>\n<td width=\"382\">Ulrika Wolf-Knuts:<\/p>\n<p><em>\u00c5A \u2013 ett svenskt universitet i Finland. Modersm\u00e5l, m\u00e5nga spr\u00e5k och halva spr\u00e5k<\/em><\/td>\n<\/tr>\n<tr>\n<td width=\"110\">11.00\u201311.15<\/td>\n<td width=\"382\"><strong>Kort paus<\/strong><\/td>\n<\/tr>\n<tr>\n<td width=\"110\">11.15\u201312.15<\/td>\n<td width=\"382\">Mona Forssk\u00e5hl:<\/p>\n<p><em>Balansen mellan att l\u00e4ra sig skriftpraktiker och att f\u00f6r\u00e4ndra dem <\/em><\/td>\n<\/tr>\n<tr>\n<td width=\"110\">12.15\u201313.45<\/p>\n<p>&nbsp;<\/td>\n<td width=\"151\"><strong>Arken<\/strong><\/p>\n<p>Caf\u00e9 Arken<\/td>\n<td width=\"382\"><strong>Lunch och mingel<\/strong><\/p>\n<p>&nbsp;<\/td>\n<\/tr>\n<tr>\n<td width=\"110\">13.45\u2013<\/td>\n<td width=\"151\"><strong>Arken <\/strong><\/p>\n<p>Helikon<\/td>\n<td width=\"382\">Tr\u00e4ff i Helikon, uppdelning i workshopgrupper.<\/td>\n<\/tr>\n<tr>\n<td rowspan=\"5\" width=\"110\">\u201315.30<\/td>\n<td rowspan=\"5\" width=\"151\"><strong>Arken<\/strong><\/p>\n<p>Olika lokaler<\/td>\n<td width=\"382\">Korta parallella f\u00f6redrag och workshoppar:<\/td>\n<\/tr>\n<tr>\n<td width=\"382\">\u00c5sa Mickwitz (i auditorium Kosmos):<\/p>\n<p><em>Var finns svenskan vid ett m\u00e5ngspr\u00e5kigt universitet? Tankar om hur man kan st\u00f6da tv\u00e5spr\u00e5kiga studenters skrivande<\/em><\/td>\n<\/tr>\n<tr>\n<td width=\"382\">Ream Barclay, Iris Lindahl-Raittila, Daniela Mattsson (i auditorium Aura):<\/p>\n<p><em>Academic Text Consultation: one stepping stone toward a better-written thesis<\/em><\/td>\n<\/tr>\n<tr>\n<td width=\"382\">Maria Lass\u00e9n-Seger, Eva Costiander-Huld\u00e9n (i biblioteket):<\/p>\n<p><em>Att st\u00f6dja studenternas skrivande: bibliotekets perspektiv<\/em><\/td>\n<\/tr>\n<tr>\n<td width=\"382\">Svenskstuderande vid \u00c5A inom kursen Praktisk spr\u00e5kv\u00e5rd (i auditorium Atlas):<\/p>\n<p><em>Att st\u00f6dja studenternas skrivande: studentperspektivet<\/em><\/td>\n<\/tr>\n<tr>\n<td width=\"110\">15.30\u201316.00<\/td>\n<td width=\"151\"><strong>Arken<\/strong><\/p>\n<p>Helikonbalkongen<\/td>\n<td width=\"382\">Diskussion och mingel, kaffe med tilltugg<\/td>\n<\/tr>\n<tr>\n<td width=\"110\">16.00\u201317.00<\/p>\n<p>&nbsp;<\/td>\n<td width=\"151\"><\/td>\n<td width=\"382\">Rundvandring i Akademikvarteret f\u00f6r intresserade<\/p>\n<p>&nbsp;<\/td>\n<\/tr>\n<tr>\n<td width=\"110\">18.45\u2013<\/p>\n<p>&nbsp;<\/td>\n<td width=\"151\"><\/td>\n<td width=\"382\">Middag p\u00e5 Observatoriet<\/p>\n<p>Skumvin serveras 19.00<\/p>\n<p>&nbsp;<\/td>\n<\/tr>\n<\/tbody>\n<\/table>\n<p>&nbsp;<\/p>\n<p>Fredag 17.11<\/p>\n<table width=\"0\">\n<tbody>\n<tr>\n<td width=\"123\">Kl.<\/td>\n<td width=\"141\"><strong>Var?<\/strong><\/td>\n<td width=\"378\"><strong>Vad?<\/strong><\/td>\n<\/tr>\n<tr>\n<td width=\"123\">9.00\u20139.40<\/td>\n<td width=\"141\"><strong>ASA-huset<\/strong><\/p>\n<p>Stora auditoriet<\/td>\n<td width=\"378\">Jonas Lagerstr\u00f6m och Johan Werkelin, diskussionsledare Bodil Moberg:<\/p>\n<p><em>Svensk i Finland \u2013 spr\u00e5k och strategier<\/em><\/td>\n<\/tr>\n<tr>\n<td width=\"123\">9.40-10.00<\/td>\n<td width=\"141\"><\/td>\n<td width=\"378\"><strong>Kaffe och mingel<\/strong><\/td>\n<\/tr>\n<tr>\n<td width=\"123\">10.00\u201311.30<\/td>\n<td width=\"141\"><strong>ASA-huset<\/strong><\/p>\n<p>Stora auditoriet<\/td>\n<td width=\"378\">Sofie Henricson och Marie Nelson:<\/p>\n<p><em>Rollerna som student och handledare i sverigesvenska och finlandssvenska handledningssamtal<\/em><\/td>\n<\/tr>\n<tr>\n<td width=\"123\">11.30\u201312.15<\/td>\n<td width=\"141\"><strong>ASA-huset <\/strong><\/p>\n<p>Caf\u00e9 F\u00e4nriken<\/p>\n<p>&nbsp;<\/td>\n<td width=\"378\"><strong>L\u00e4ttlunch<\/strong><\/td>\n<\/tr>\n<tr>\n<td width=\"123\">12.15\u201313.00<\/td>\n<td width=\"141\"><strong>ASA-huset<\/strong><\/p>\n<p>Lilla auditoriet<\/td>\n<td width=\"378\">Signe-Anita Lindgr\u00e9n:<\/p>\n<p><em>Dyslexi och skriftlig kommunikation &#8211; att se m\u00f6jligheter i st\u00e4llet f\u00f6r problem<\/em><\/td>\n<\/tr>\n<tr>\n<td width=\"123\">13.00\u201313.45<\/td>\n<td width=\"141\"><strong>ASA-huset<\/strong><\/p>\n<p>Lilla auditoriet<\/td>\n<td width=\"378\">Arrang\u00f6rernas workshop:<\/p>\n<p><em>Skrivhandledning i praktiken <\/em><\/td>\n<\/tr>\n<tr>\n<td width=\"123\">13.45\/14.00\u201314.15<\/td>\n<td width=\"141\"><strong>ASA-huset<\/strong><\/p>\n<p>Lilla auditoriet<\/td>\n<td width=\"378\">N\u00e4tverksinfo, tips och \u00f6nskem\u00e5l inf\u00f6r n\u00e4sta \u00e5r<\/td>\n<\/tr>\n<\/tbody>\n<\/table>\n<p><strong>\u00a0<\/strong><\/p>\n","protected":false},"excerpt":{"rendered":"<p>Torsdag 16.11 Kl. Var? Vad? 9\u201310 Sibeliusmuseum Auditorium Brahe &nbsp; &nbsp; Morgonkaffe med tilltugg, registrering &nbsp; 10.00 V\u00e4lkomstord, praktiska arrangemang 10.15\u201311.00 Ulrika Wolf-Knuts: \u00c5A \u2013 ett svenskt universitet i Finland. Modersm\u00e5l, m\u00e5nga spr\u00e5k och halva spr\u00e5k 11.00\u201311.15 Kort paus 11.15\u201312.15 Mona Forssk\u00e5hl: Balansen mellan att l\u00e4ra sig skriftpraktiker och att f\u00f6r\u00e4ndra dem 12.15\u201313.45 &nbsp; Arken &hellip; <\/p>\n<p class=\"link-more\"><a href=\"https:\/\/blogs2.abo.fi\/natverk2017\/program\/\" class=\"more-link\">Forts\u00e4tt l\u00e4sa<span class=\"screen-reader-text\"> \u201dProgram\u201d<\/span><\/a><\/p>\n","protected":false},"author":361,"featured_media":0,"parent":0,"menu_order":0,"comment_status":"closed","ping_status":"closed","template":"","meta":{"footnotes":""},"class_list":["post-48","page","type-page","status-publish","hentry"],"_links":{"self":[{"href":"https:\/\/blogs2.abo.fi\/natverk2017\/wp-json\/wp\/v2\/pages\/48","targetHints":{"allow":["GET"]}}],"collection":[{"href":"https:\/\/blogs2.abo.fi\/natverk2017\/wp-json\/wp\/v2\/pages"}],"about":[{"href":"https:\/\/blogs2.abo.fi\/natverk2017\/wp-json\/wp\/v2\/types\/page"}],"author":[{"embeddable":true,"href":"https:\/\/blogs2.abo.fi\/natverk2017\/wp-json\/wp\/v2\/users\/361"}],"replies":[{"embeddable":true,"href":"https:\/\/blogs2.abo.fi\/natverk2017\/wp-json\/wp\/v2\/comments?post=48"}],"version-history":[{"count":10,"href":"https:\/\/blogs2.abo.fi\/natverk2017\/wp-json\/wp\/v2\/pages\/48\/revisions"}],"predecessor-version":[{"id":129,"href":"https:\/\/blogs2.abo.fi\/natverk2017\/wp-json\/wp\/v2\/pages\/48\/revisions\/129"}],"wp:attachment":[{"href":"https:\/\/blogs2.abo.fi\/natverk2017\/wp-json\/wp\/v2\/media?parent=48"}],"curies":[{"name":"wp","href":"https:\/\/api.w.org\/{rel}","templated":true}]}}