{"id":132,"date":"2017-12-22T12:22:38","date_gmt":"2017-12-22T09:22:38","guid":{"rendered":"http:\/\/blogs2.abo.fi\/natverk2017\/?page_id=132"},"modified":"2017-12-22T12:28:04","modified_gmt":"2017-12-22T09:28:04","slug":"material-fran-natverkstraffen","status":"publish","type":"page","link":"https:\/\/blogs2.abo.fi\/natverk2017\/material-fran-natverkstraffen\/","title":{"rendered":"Material fr\u00e5n n\u00e4tverkstr\u00e4ffen"},"content":{"rendered":"<p>H\u00e4r hittar du material fr\u00e5n n\u00e4tverkstr\u00e4ffen i november 2017.<\/p>\n<p>Mona Forssk\u00e5hls presentation Balansen mellan att l\u00e4ra sig skriftpraktiker och att f\u00f6r\u00e4ndra dem:<\/p>\n<p><a href=\"http:\/\/blogs2.abo.fi\/natverk2017\/wp-content\/uploads\/sites\/66\/2017\/12\/Balansen-mellan-att-l\u00e4ra-sig.pdf\">Balansen mellan att l\u00e4ra sig<\/a><\/p>\n<p>Tyv\u00e4rr hade vi tekniska problem med Sofie Henricsons och Marie Nelsons presentation, men vi hoppas att den h\u00e4r artikeln kan gottg\u00f6ra det:<\/p>\n<p><a href=\"http:\/\/www.sprakbruk.fi\/index.php?mid=2&amp;pid=13&amp;aid=4606\">Sofie Henricson och Marie Nelson: Kommunikativa m\u00f6nster i Sverige och Finland. Att tolka det unika utifr\u00e5n det generella (Tidskriften Spr\u00e5kbruk)<\/a><\/p>\n<p>Presentationen fr\u00e5n bibliotekets workshop:<\/p>\n<p><a href=\"http:\/\/blogs2.abo.fi\/natverk2017\/wp-content\/uploads\/sites\/66\/2017\/12\/Bibliotekets-perspektiv-1.pdf\">Bibliotekets perspektiv<\/a><\/p>\n<p>Presentationen fr\u00e5n workshoppen om Academic Text Consultation:<\/p>\n<p><a href=\"http:\/\/blogs2.abo.fi\/natverk2017\/wp-content\/uploads\/sites\/66\/2017\/12\/Academic-Text-Consultaton.pdf\">Academic Text Consultaton<\/a><\/p>\n<p>En kopia av dokumentet med kamratresponsfr\u00e5gor fr\u00e5n workshoppen om studentperspektivet:<\/p>\n<p><a href=\"http:\/\/blogs2.abo.fi\/natverk2017\/wp-content\/uploads\/sites\/66\/2017\/12\/St\u00f6dkort-f\u00f6r-kamratrespons.pdf\">St\u00f6dkort f\u00f6r kamratrespons<\/a><\/p>\n<p>Vi ses i Uppsala!<\/p>\n<p>&nbsp;<\/p>\n<p>&nbsp;<\/p>\n","protected":false},"excerpt":{"rendered":"<p>H\u00e4r hittar du material fr\u00e5n n\u00e4tverkstr\u00e4ffen i november 2017. Mona Forssk\u00e5hls presentation Balansen mellan att l\u00e4ra sig skriftpraktiker och att f\u00f6r\u00e4ndra dem: Balansen mellan att l\u00e4ra sig Tyv\u00e4rr hade vi tekniska problem med Sofie Henricsons och Marie Nelsons presentation, men vi hoppas att den h\u00e4r artikeln kan gottg\u00f6ra det: Sofie Henricson och Marie Nelson: Kommunikativa &hellip; <\/p>\n<p class=\"link-more\"><a href=\"https:\/\/blogs2.abo.fi\/natverk2017\/material-fran-natverkstraffen\/\" class=\"more-link\">Forts\u00e4tt l\u00e4sa<span class=\"screen-reader-text\"> \u201dMaterial fr\u00e5n n\u00e4tverkstr\u00e4ffen\u201d<\/span><\/a><\/p>\n","protected":false},"author":361,"featured_media":0,"parent":0,"menu_order":0,"comment_status":"closed","ping_status":"closed","template":"","meta":{"footnotes":""},"class_list":["post-132","page","type-page","status-publish","hentry"],"_links":{"self":[{"href":"https:\/\/blogs2.abo.fi\/natverk2017\/wp-json\/wp\/v2\/pages\/132","targetHints":{"allow":["GET"]}}],"collection":[{"href":"https:\/\/blogs2.abo.fi\/natverk2017\/wp-json\/wp\/v2\/pages"}],"about":[{"href":"https:\/\/blogs2.abo.fi\/natverk2017\/wp-json\/wp\/v2\/types\/page"}],"author":[{"embeddable":true,"href":"https:\/\/blogs2.abo.fi\/natverk2017\/wp-json\/wp\/v2\/users\/361"}],"replies":[{"embeddable":true,"href":"https:\/\/blogs2.abo.fi\/natverk2017\/wp-json\/wp\/v2\/comments?post=132"}],"version-history":[{"count":1,"href":"https:\/\/blogs2.abo.fi\/natverk2017\/wp-json\/wp\/v2\/pages\/132\/revisions"}],"predecessor-version":[{"id":139,"href":"https:\/\/blogs2.abo.fi\/natverk2017\/wp-json\/wp\/v2\/pages\/132\/revisions\/139"}],"wp:attachment":[{"href":"https:\/\/blogs2.abo.fi\/natverk2017\/wp-json\/wp\/v2\/media?parent=132"}],"curies":[{"name":"wp","href":"https:\/\/api.w.org\/{rel}","templated":true}]}}