{"id":281,"date":"2020-06-03T10:16:17","date_gmt":"2020-06-03T07:16:17","guid":{"rendered":"http:\/\/blogs2.abo.fi\/nat-book\/?page_id=281"},"modified":"2024-04-15T16:53:14","modified_gmt":"2024-04-15T13:53:14","slug":"members-of-the-network-2","status":"publish","type":"page","link":"https:\/\/blogs2.abo.fi\/nat-book\/members-of-the-network-2\/","title":{"rendered":"Members of the Network"},"content":{"rendered":"<h4>Want to join? Throw us a mail.<\/h4>\n<h4>In alphabetical order<\/h4>\n<ul>\n<li>Juan Jos\u00e9 Sosa Alonso, University of La Laguna, Spain<\/li>\n<li>Johannes Bellman, University of M\u00fcnster, Germany<\/li>\n<li>Dietrich Benner, Berlin, Germany<\/li>\n<li>Zsanett Agnes Bicsak, Nottingham Trent University, UK<\/li>\n<li>Malte Brinkmann, Humboldt university, Berlin, Germany<\/li>\n<li>John Chi Kin Lee, The Education University of Hong Kong<\/li>\n<li>Zongye Deng, London institute of Education, England<\/li>\n<li>Bangping Ding, Capital University, Bejing, China<\/li>\n<li>Janne Elo, \u00c5bo Akademi, Vasa, Finland<\/li>\n<li>Andrea English, University of Edinburg, Scotland<\/li>\n<li>Erik Evensen, University of Agder, Norway<\/li>\n<li>Linda Jonsson, S\u00f6dert\u00f6rn university, Sweden<\/li>\n<li>Anke Redecker, University of Bonn, Germany<\/li>\n<li>Thomas Rucker, Bern university, Switzerland<\/li>\n<li>Leo Komischke-Konnerup, Denmark<\/li>\n<li>Tina Kullenberg, Kristianstad university, Sweden<\/li>\n<li>Ling Lin, Zhejiang Normal University, Jinhua, China<\/li>\n<li>Leif Moos, Copenhagen, Denmark<\/li>\n<li>Silvia Morelli, University of Rosario, Argentina<\/li>\n<li>Niclas M\u00e5nsson, S\u00f6dert\u00f6rn university, Sweden<\/li>\n<li>Alex M\u00e4kiharju, \u00c5bo Akademi, Vasa, Finland<\/li>\n<li>Kamran Namdar, M\u00e4lardalen university, Sweden<\/li>\n<li>Aline Nardo, ETH Z\u00fcrich, Switzerland<\/li>\n<li>Andreas Nordin, Linneus university V\u00e4xj\u00f6, Sweden<\/li>\n<li>Jonas Nordmark, S\u00f6dert\u00f6rn university, Sweden<\/li>\n<li>Johannes Tuerstig, Humboldt university, Berlin, Germany<\/li>\n<li>Alexander von Oettingen, UC Syd, Denmark<\/li>\n<li>Mari Mielityinen-Pachmann, University of Chemniz, Germany<\/li>\n<li>Tao Peng, East China Normal University, Shanghai, China<\/li>\n<li>Mika Risku, University of Jyv\u00e4skyl\u00e4m Finland<\/li>\n<li>Erik Ryen, Oslo Met, Norway<\/li>\n<li>Johannes Rytzler, M\u00e4lardalen university, Sweden<\/li>\n<li>Kirsten Sivesind, Oslo university, Norway<\/li>\n<li>Ann-Sofie Smeds-Nylund, \u00c5bo Akademi, Vasa, Finland<\/li>\n<li>Hanno Su, University of M\u00fcnster, Germany<\/li>\n<li>Rolf Sundqvist, \u00c5bo Akademi, Vasa, Finland<\/li>\n<li>Armend Tahirslay, NTNU, Trondheim, Norway<\/li>\n<li>Christa Tigerstedt, Arcada Univ. of Applied Science, Helsinki, Finland<\/li>\n<li>Meng Tian, University of Bath, UK<\/li>\n<li>Antonio Pinilla Torres, Tillburg university, The Netherlands<\/li>\n<li>Michael Uljens, \u00c5bo Akademi, Vasa, Finland<\/li>\n<\/ul>\n","protected":false},"excerpt":{"rendered":"<p>Want to join? Throw us a mail. In alphabetical order Juan Jos\u00e9 Sosa Alonso, University of La Laguna, Spain Johannes Bellman, University of M\u00fcnster, Germany Dietrich Benner, Berlin, Germany Zsanett Agnes Bicsak, Nottingham Trent University, UK Malte Brinkmann, Humboldt university, Berlin, Germany John Chi Kin Lee, The Education University of Hong Kong Zongye Deng, London &hellip; <a href=\"https:\/\/blogs2.abo.fi\/nat-book\/members-of-the-network-2\/\" class=\"more-link\">Continue reading <span class=\"screen-reader-text\">Members of the Network<\/span><\/a><\/p>\n","protected":false},"author":522,"featured_media":0,"parent":0,"menu_order":0,"comment_status":"closed","ping_status":"closed","template":"","meta":{"footnotes":""},"class_list":["post-281","page","type-page","status-publish","hentry"],"_links":{"self":[{"href":"https:\/\/blogs2.abo.fi\/nat-book\/wp-json\/wp\/v2\/pages\/281","targetHints":{"allow":["GET"]}}],"collection":[{"href":"https:\/\/blogs2.abo.fi\/nat-book\/wp-json\/wp\/v2\/pages"}],"about":[{"href":"https:\/\/blogs2.abo.fi\/nat-book\/wp-json\/wp\/v2\/types\/page"}],"author":[{"embeddable":true,"href":"https:\/\/blogs2.abo.fi\/nat-book\/wp-json\/wp\/v2\/users\/522"}],"replies":[{"embeddable":true,"href":"https:\/\/blogs2.abo.fi\/nat-book\/wp-json\/wp\/v2\/comments?post=281"}],"version-history":[{"count":21,"href":"https:\/\/blogs2.abo.fi\/nat-book\/wp-json\/wp\/v2\/pages\/281\/revisions"}],"predecessor-version":[{"id":569,"href":"https:\/\/blogs2.abo.fi\/nat-book\/wp-json\/wp\/v2\/pages\/281\/revisions\/569"}],"wp:attachment":[{"href":"https:\/\/blogs2.abo.fi\/nat-book\/wp-json\/wp\/v2\/media?parent=281"}],"curies":[{"name":"wp","href":"https:\/\/api.w.org\/{rel}","templated":true}]}}