{"id":225,"date":"2020-03-06T13:40:27","date_gmt":"2020-03-06T11:40:27","guid":{"rendered":"http:\/\/blogs2.abo.fi\/nat-book\/?page_id=225"},"modified":"2023-11-09T15:02:35","modified_gmt":"2023-11-09T13:02:35","slug":"members-of-the-network","status":"publish","type":"page","link":"https:\/\/blogs2.abo.fi\/nat-book\/members-of-the-network\/","title":{"rendered":"Steering Group and Administration"},"content":{"rendered":"<p><strong>Steering Group<\/strong><\/p>\n<ul>\n<li style=\"text-align: left\">PI <strong>Michael Uljens,<\/strong> \u00c5bo Akademi University, Finland (michael.uljens@abo.fi)<\/li>\n<li>Co-PI <strong>Dietrich Benner,<\/strong> Berlin, Germany<\/li>\n<li>PhD<strong> Janne Elo, <\/strong>\u00c5bo Akademi University, Finland (jelo@abo.fi)<\/li>\n<li>PhD<strong> Ann-Sofie Smeds-Nylund, <\/strong>\u00c5bo Akademi University, Finland (ann-sofie.smeds-nylund@abo.fi)<\/li>\n<\/ul>\n","protected":false},"excerpt":{"rendered":"<p>Steering Group PI Michael Uljens, \u00c5bo Akademi University, Finland (michael.uljens@abo.fi) Co-PI Dietrich Benner, Berlin, Germany PhD Janne Elo, \u00c5bo Akademi University, Finland (jelo@abo.fi) PhD Ann-Sofie Smeds-Nylund, \u00c5bo Akademi University, Finland (ann-sofie.smeds-nylund@abo.fi)<\/p>\n","protected":false},"author":413,"featured_media":0,"parent":0,"menu_order":0,"comment_status":"closed","ping_status":"closed","template":"","meta":{"footnotes":""},"class_list":["post-225","page","type-page","status-publish","hentry"],"_links":{"self":[{"href":"https:\/\/blogs2.abo.fi\/nat-book\/wp-json\/wp\/v2\/pages\/225","targetHints":{"allow":["GET"]}}],"collection":[{"href":"https:\/\/blogs2.abo.fi\/nat-book\/wp-json\/wp\/v2\/pages"}],"about":[{"href":"https:\/\/blogs2.abo.fi\/nat-book\/wp-json\/wp\/v2\/types\/page"}],"author":[{"embeddable":true,"href":"https:\/\/blogs2.abo.fi\/nat-book\/wp-json\/wp\/v2\/users\/413"}],"replies":[{"embeddable":true,"href":"https:\/\/blogs2.abo.fi\/nat-book\/wp-json\/wp\/v2\/comments?post=225"}],"version-history":[{"count":9,"href":"https:\/\/blogs2.abo.fi\/nat-book\/wp-json\/wp\/v2\/pages\/225\/revisions"}],"predecessor-version":[{"id":542,"href":"https:\/\/blogs2.abo.fi\/nat-book\/wp-json\/wp\/v2\/pages\/225\/revisions\/542"}],"wp:attachment":[{"href":"https:\/\/blogs2.abo.fi\/nat-book\/wp-json\/wp\/v2\/media?parent=225"}],"curies":[{"name":"wp","href":"https:\/\/api.w.org\/{rel}","templated":true}]}}