{"id":69,"date":"2024-10-04T15:47:03","date_gmt":"2024-10-04T15:47:03","guid":{"rendered":"https:\/\/blogs2.abo.fi\/naes-efacis2025\/?page_id=69"},"modified":"2025-05-07T07:22:33","modified_gmt":"2025-05-07T07:22:33","slug":"speakers-chairs","status":"publish","type":"page","link":"https:\/\/blogs2.abo.fi\/naes-efacis2025\/speakers-chairs\/","title":{"rendered":"Speakers &amp; Chairs"},"content":{"rendered":"<h3 style=\"text-align: center\"><span style=\"color: #339966\"><strong>\u2013 KEYNOTE SPEAKERS \u2013<\/strong><\/span><\/h3>\n<p style=\"text-align: center\"><strong>Fiona Farr<\/strong><\/p>\n<p style=\"text-align: center\"><strong>Christopher Morash<\/strong><\/p>\n<p style=\"text-align: center\"><strong>Lorna Hutson<\/strong><\/p>\n<p style=\"text-align: center\"><strong>Andrew Newby<\/strong><\/p>\n<p style=\"text-align: center\"><strong><em>Invited Poet<\/em>: Desmond Egan<\/strong><\/p>\n<p>&nbsp;<\/p>\n<p>&nbsp;<\/p>\n<p><img loading=\"lazy\" decoding=\"async\" class=\" wp-image-258 aligncenter\" src=\"http:\/\/blogs2.abo.fi\/naes-efacis2025\/wp-content\/uploads\/sites\/274\/2025\/05\/fiona.jpg\" alt=\"\" width=\"216\" height=\"296\" \/><\/p>\n<p><strong>Fiona Farr<\/strong> is Professor of Applied Linguistics and TESOL in the School of Modern Languages and Applied Linguistics at the University of Limerick, Ireland, where she is Director of the Centre for Applied Language Studies. Her key areas of expertise are teacher education, reflective practice, continuous professional development, applied corpus linguistics, and technology-enhanced language learning. She has published widely in high impact journals in her field and is author of\u00a0<em>Teaching Practice Feedback: an investigation of spoken and written modes<\/em>\u00a0(2011, Routledge) ,\u00a0<em>Practice in TESOL<\/em>\u00a0(2015, Edinburgh University Press),\u00a0<em>Social Interaction in Language Teacher Education<\/em>\u00a0(2019, Edinburgh University Press, with Farrell and Riordan), and\u00a0<em>The Reflective Cycle of the Teaching Practicum<\/em>\u00a0(2023, Equinox, with Farrell) and contributed as an author to Knight, D. et al. (2024). <em>Corpus Linguistics for Virtual Workplace Discourse, <\/em>New York and London, Routledge. She is co-editor (with Br\u00f3na Murphy) of the\u00a0<em>EUP Textbooks in TESOL Series<\/em>, and is Associate Editor of the Journal\u00a0<em>Second Language Teacher Education<\/em>. She is also\u00a0co-editor (with Liam Murray) of the\u00a0<em>Routledge Handbook of Language Learning and Technology<\/em>\u00a0(2016, 2nd edition 2026). She has been Adjunct Professor at the Inland Norway University, Hamar, (2022-2024) and\u00a0Visiting Research Scholar at Lancaster University and Queen\u2019s University, Belfast. She has also led and taken part in a number of national in international projects\u00a0including Digilanguages\u00a0(2016-2017), Shout4HE (2018-2021), and Interactional Variation Online (2021-2024) (<a href=\"https:\/\/ivohub.com\/\">https:\/\/ivohub.com\/<\/a>).<\/p>\n<p>&nbsp;<\/p>\n<p>&nbsp;<\/p>\n<p><img loading=\"lazy\" decoding=\"async\" class=\" wp-image-256 aligncenter\" src=\"http:\/\/blogs2.abo.fi\/naes-efacis2025\/wp-content\/uploads\/sites\/274\/2025\/05\/cris.png\" alt=\"\" width=\"225\" height=\"322\" \/><\/p>\n<p><strong>Christopher Morash<\/strong> is Seamus Heaney Professor of Irish Writing at Trinity College, Dublin. With research interests ranging widely across the field of Irish literary and cultural studies., he has published extensively on Irish theatre, including a standard history, as well as a theorical work on theatre space and is also the editor of the <em>Cambridge History of the Irish Novel<\/em> (forthcoming early in 2026). Pursuing simultaneous interests in technology and culture, he has published on the transatlantic telegraph, not to mention the only synoptic history of Irish media to range from the 16th century to the 21st century. Perhaps best known for his work on literary Dublin arising out of his book, <em>Dublin: A Writer\u2019s City<\/em> (2023), and the many publications and addresses which have come in its wake, he has nevertheless sustained a long-established interest in Yeats (resulting most recently in monograph on his theatre and theatre theory), as well as a concern for Irish Famine writing (which goes back to the 1990s). In the forefront of his current activities, however, is a collaborative project on \u2018Attention\u2019, which he frames for the purposes of the present conference as follows:<\/p>\n<p>\u201cThe publication of John Guillory\u2019s <em>On Close Reading<\/em> earlier this year signals a renewed interest in the practice of close reading in literary studies, often attributed to what is perceived as a growing culture of distraction, even a \u2018distraction economy.\u2019\u00a0 Drawing in part on collaborative work with two colleagues (Ronan McDonald of Melbourne, and Shane O\u2019Mara, Professor of Experimental Brain Research in TCD), this talk takes the form of four short lectures, tracing the prehistory of the current sense of crisis, and its legacy in Irish writing.\u201d<\/p>\n<p>&nbsp;<\/p>\n<p>&nbsp;<\/p>\n<p><img loading=\"lazy\" decoding=\"async\" class=\" wp-image-257 aligncenter\" src=\"http:\/\/blogs2.abo.fi\/naes-efacis2025\/wp-content\/uploads\/sites\/274\/2025\/05\/lorna-192x300.jpg\" alt=\"\" width=\"217\" height=\"339\" srcset=\"https:\/\/blogs2.abo.fi\/naes-efacis2025\/wp-content\/uploads\/sites\/274\/2025\/05\/lorna-192x300.jpg 192w, https:\/\/blogs2.abo.fi\/naes-efacis2025\/wp-content\/uploads\/sites\/274\/2025\/05\/lorna.jpg 423w\" sizes=\"auto, (max-width: 217px) 100vw, 217px\" \/><\/p>\n<p><strong>Lorna Hutson<\/strong> is the Merton Professor of English Literature at Oxford. She has taught at London, Hull, Berkeley and St Andrews. Her books include <em>Thomas Nashe in Context <\/em>(1989), <em>The Usurer\u2019s Daughter <\/em>(1994), <em>The Invention of Suspicion <\/em>(2007), <em>Circumstantial Shakespeare <\/em>(2015) and <em>England\u2019s Insular Imagining <\/em>(2023). She is editor of <em>The Oxford Handbook of English Law and Literature 1500-1700<\/em> (2018) and co-editor, with Victoria Kahn, of <em>Rhetoric and Law in Early Modern Europe <\/em>(2001) and has edited Ben Jonson\u2019s <em>Discoveries<\/em> (2012). She is a Fellow of the British Academy, has held Guggenheim and Leverhulme Fellowships and has won Bainton and Saltire Prizes for research.<\/p>\n<p>&nbsp;<\/p>\n<p><img loading=\"lazy\" decoding=\"async\" class=\" wp-image-255 aligncenter\" src=\"http:\/\/blogs2.abo.fi\/naes-efacis2025\/wp-content\/uploads\/sites\/274\/2025\/05\/andrew-300x300.jpg\" alt=\"\" width=\"310\" height=\"310\" srcset=\"https:\/\/blogs2.abo.fi\/naes-efacis2025\/wp-content\/uploads\/sites\/274\/2025\/05\/andrew-300x300.jpg 300w, https:\/\/blogs2.abo.fi\/naes-efacis2025\/wp-content\/uploads\/sites\/274\/2025\/05\/andrew-150x150.jpg 150w, https:\/\/blogs2.abo.fi\/naes-efacis2025\/wp-content\/uploads\/sites\/274\/2025\/05\/andrew.jpg 549w\" sizes=\"auto, (max-width: 310px) 100vw, 310px\" \/><\/p>\n<p><strong>Andrew G. Newby<\/strong> is Senior Lecturer in Transnational and Comparative History at the University of Jyv\u00e4skyl\u00e4, Finland. Specialized in the history and society of Europe during the \u201cLong Nineteenth Century\u201d (especially Irish history in comparative or transnational perspective), he holds concurrent Docentships in European Area and Cultural Studies (University of Helsinki, 2008) and Transnational and Comparative History (Tampere University, 2021). Between 2012 to 2017 Andrew was the Principal Investigator of the Academy of Finland project, \u201c\u2018The Terrible Visitation\u2019: Famine in Finland and Ireland, c. 1845-1868\u201d, and has held research positions at the Institutes of Advanced Study in Helsinki, Aarhus, and Tampere, as well as lectureships in the universities of Edinburgh and Aberdeen. Books include <em>Ireland, Radicalism and the Scottish Highlands<\/em> (EUP, 2007); <em>Michael Davitt: New Perspectives<\/em> (edited with Fintan Lane, 2009); <em>\u00c9ire na R\u00faise: An Fhionlainn agus \u00c9ire ar th\u00f3ir na Saoirse<\/em> (Coisc\u00e9im, 2016); <em>Finland\u2019s Great Famine, 1856-1868<\/em> (2023); and <em>An Fraoch Tr\u00ed Thine! Miche\u00e1l Mac Daibh\u00e9id, Conradh na tal\u00fan agus Garbhch\u00edocha na hAlban 1870-1887<\/em> (forthcoming, 2025).<\/p>\n<p>&nbsp;<\/p>\n<p><img loading=\"lazy\" decoding=\"async\" class=\" wp-image-259 aligncenter\" src=\"http:\/\/blogs2.abo.fi\/naes-efacis2025\/wp-content\/uploads\/sites\/274\/2025\/05\/das-300x202.png\" alt=\"\" width=\"367\" height=\"247\" srcset=\"https:\/\/blogs2.abo.fi\/naes-efacis2025\/wp-content\/uploads\/sites\/274\/2025\/05\/das-300x202.png 300w, https:\/\/blogs2.abo.fi\/naes-efacis2025\/wp-content\/uploads\/sites\/274\/2025\/05\/das.png 361w\" sizes=\"auto, (max-width: 367px) 100vw, 367px\" \/><\/p>\n<p><strong>Desmond Egan<\/strong> has published many Collections of Poetry (including, most recently, <em>Laptop<\/em> in 2024), 3 of Prose Essays, and 2 Translations from the Greek of plays by Sophocles and Euripides. 25 Collections of his work have been published in translation, across Europe and world-wide. Various Awards include The Irish Books and Media (IBAM) 2017 Award for Literature; The National Poetry Foundation of USA Award; and others. Hon. President, The Classical Society of Ireland 2004; Hon. Doctorate in Literature from Washburn University 1996. DVD Documentary published in USA and broadcast on PBS Television. Artistic Director, The G. M. Hopkins Annual Festival in Newbridge College.<\/p>\n<p><strong>Books by Desmond Egan<\/strong> include: <em>Epic<\/em>, \u2018An important Collection\u2019 (Thomas Kinsella); <em>A Song for My Father<\/em>, \u2018Moving poems\u2019 (Samuel Beckett); <em>Elegies<\/em>, \u2018The work of a major poet\u2019 (Brian Arkins); Hopeful Hopkins: Essays, \u2018A new phase in Hopkins studies &#8230; an admirable and careful reading\u2019 (Alex Assaly); <em>Rogha\/Choice, translations by Michael Hartnett<\/em>, \u2018A book to be grateful for\u2019 (Gabriel Fitzmaurice); <em>Complete Poems<\/em>, \u2018Makes me think we have moved beyond even the achievement of Seamus Heaney\u2019 (Hugh Kenner); <em>Seeing Double<\/em>, \u2018In Egan almost every poem has a metaphysical aspect. He is, for me, the most remarkable poet writing in English\u2019 (Birgit Bramsb\u00e4ck); <em>Philoctetes: A translation of Sophocles\u2019 play<\/em>, \u2018Rare fidelity to the source language in an emphatic modern register \u2013 a remarkable achievement\u2019 (Brian Arkin).<\/p>\n","protected":false},"excerpt":{"rendered":"<p>\u2013 KEYNOTE SPEAKERS \u2013 Fiona Farr Christopher Morash Lorna Hutson Andrew Newby Invited Poet: Desmond Egan &nbsp; &nbsp; Fiona Farr is Professor of Applied Linguistics and TESOL in the School of Modern Languages and Applied Linguistics at the University of Limerick, Ireland, where she is Director of the Centre for Applied Language Studies. Her key [&hellip;]<\/p>\n","protected":false},"author":936,"featured_media":0,"parent":0,"menu_order":0,"comment_status":"closed","ping_status":"closed","template":"","meta":{"footnotes":""},"class_list":["post-69","page","type-page","status-publish","hentry"],"_links":{"self":[{"href":"https:\/\/blogs2.abo.fi\/naes-efacis2025\/wp-json\/wp\/v2\/pages\/69","targetHints":{"allow":["GET"]}}],"collection":[{"href":"https:\/\/blogs2.abo.fi\/naes-efacis2025\/wp-json\/wp\/v2\/pages"}],"about":[{"href":"https:\/\/blogs2.abo.fi\/naes-efacis2025\/wp-json\/wp\/v2\/types\/page"}],"author":[{"embeddable":true,"href":"https:\/\/blogs2.abo.fi\/naes-efacis2025\/wp-json\/wp\/v2\/users\/936"}],"replies":[{"embeddable":true,"href":"https:\/\/blogs2.abo.fi\/naes-efacis2025\/wp-json\/wp\/v2\/comments?post=69"}],"version-history":[{"count":9,"href":"https:\/\/blogs2.abo.fi\/naes-efacis2025\/wp-json\/wp\/v2\/pages\/69\/revisions"}],"predecessor-version":[{"id":264,"href":"https:\/\/blogs2.abo.fi\/naes-efacis2025\/wp-json\/wp\/v2\/pages\/69\/revisions\/264"}],"wp:attachment":[{"href":"https:\/\/blogs2.abo.fi\/naes-efacis2025\/wp-json\/wp\/v2\/media?parent=69"}],"curies":[{"name":"wp","href":"https:\/\/api.w.org\/{rel}","templated":true}]}}