{"id":9,"date":"2018-06-13T09:15:21","date_gmt":"2018-06-13T09:15:21","guid":{"rendered":"http:\/\/blogs2.abo.fi\/multiped\/?page_id=9"},"modified":"2019-09-11T08:09:09","modified_gmt":"2019-09-11T08:09:09","slug":"finansierare","status":"publish","type":"page","link":"https:\/\/blogs2.abo.fi\/multiped\/finansierare\/","title":{"rendered":"Finansi\u00e4rer"},"content":{"rendered":"<p>Projektet MultiPed finansierades fr\u00e5n projektperiodens b\u00f6rjan h\u00f6sten 2017 av <a href=\"https:\/\/www.kulturfonden.fi\/\">Svenska kulturfonden<\/a> och <a href=\"https:\/\/www.hogskolestiftelsen.fi\/\">H\u00f6gskolestiftelsen i \u00d6sterbotten.<\/a><\/p>\n<p>I augusti 2019 \u00f6vergick projektet till att bli del av <a href=\"https:\/\/minedu.fi\/opettajankoulutus-hankkeet-2018\">Undervisnings- och kulturministeriets spetsprojekt IKI <\/a>med Jyv\u00e4skyl\u00e4 Universitet som projekt\u00e4gare.<\/p>\n<p>Vi tackar alla bidragsgivare som m\u00f6jligg\u00f6r detta projekt.<\/p>\n","protected":false},"excerpt":{"rendered":"<p>Projektet MultiPed finansierades fr\u00e5n projektperiodens b\u00f6rjan h\u00f6sten 2017 av Svenska kulturfonden och H\u00f6gskolestiftelsen i \u00d6sterbotten. I augusti 2019 \u00f6vergick projektet till att bli del av Undervisnings- och kulturministeriets spetsprojekt IKI med Jyv\u00e4skyl\u00e4 Universitet som projekt\u00e4gare. Vi tackar alla bidragsgivare som &hellip; <a href=\"https:\/\/blogs2.abo.fi\/multiped\/finansierare\/\">Forts\u00e4tt l\u00e4sa <span class=\"meta-nav\">&rarr;<\/span><\/a><\/p>\n","protected":false},"author":415,"featured_media":0,"parent":0,"menu_order":0,"comment_status":"closed","ping_status":"closed","template":"","meta":{"footnotes":""},"class_list":["post-9","page","type-page","status-publish","hentry"],"_links":{"self":[{"href":"https:\/\/blogs2.abo.fi\/multiped\/wp-json\/wp\/v2\/pages\/9","targetHints":{"allow":["GET"]}}],"collection":[{"href":"https:\/\/blogs2.abo.fi\/multiped\/wp-json\/wp\/v2\/pages"}],"about":[{"href":"https:\/\/blogs2.abo.fi\/multiped\/wp-json\/wp\/v2\/types\/page"}],"author":[{"embeddable":true,"href":"https:\/\/blogs2.abo.fi\/multiped\/wp-json\/wp\/v2\/users\/415"}],"replies":[{"embeddable":true,"href":"https:\/\/blogs2.abo.fi\/multiped\/wp-json\/wp\/v2\/comments?post=9"}],"version-history":[{"count":10,"href":"https:\/\/blogs2.abo.fi\/multiped\/wp-json\/wp\/v2\/pages\/9\/revisions"}],"predecessor-version":[{"id":156,"href":"https:\/\/blogs2.abo.fi\/multiped\/wp-json\/wp\/v2\/pages\/9\/revisions\/156"}],"wp:attachment":[{"href":"https:\/\/blogs2.abo.fi\/multiped\/wp-json\/wp\/v2\/media?parent=9"}],"curies":[{"name":"wp","href":"https:\/\/api.w.org\/{rel}","templated":true}]}}