{"id":8,"date":"2018-06-13T09:15:20","date_gmt":"2018-06-13T09:15:20","guid":{"rendered":"http:\/\/blogs2.abo.fi\/multiped\/?page_id=8"},"modified":"2020-02-27T12:57:46","modified_gmt":"2020-02-27T12:57:46","slug":"projektgruppen","status":"publish","type":"page","link":"https:\/\/blogs2.abo.fi\/multiped\/projektgruppen\/","title":{"rendered":"Projektgruppen"},"content":{"rendered":"<p>Projektledare: <a style=\"color: #ea9629\" href=\"https:\/\/www.abo.fi\/kontakt\/siv-bjorklund\/\">professor Siv Bj\u00f6rklund<\/a> (\u00c5A), siv.bjorklund(a)abo.fi<\/p>\n<p>Projektledare: <a style=\"color: #ea9629\" href=\"https:\/\/www.abo.fi\/kontakt\/liselott-forsman\/\">specialforskare Liselott Forsman <\/a>(\u00c5A), liselott.forsman(a)abo.fi<\/p>\n<p>Projektforskare: <a href=\"https:\/\/www.abo.fi\/kontakt\/katri-hansell\/\">FD Katri Hansell<\/a>, katri.hansell(a)abo.fi<\/p>\n<p>Forskningsassistent: FM Minna P\u00e4rkk\u00e4, minna.parkka(a)abo.fi<\/p>\n<p>&nbsp;<\/p>\n","protected":false},"excerpt":{"rendered":"<p>Projektledare: professor Siv Bj\u00f6rklund (\u00c5A), siv.bjorklund(a)abo.fi Projektledare: specialforskare Liselott Forsman (\u00c5A), liselott.forsman(a)abo.fi Projektforskare: FD Katri Hansell, katri.hansell(a)abo.fi Forskningsassistent: FM Minna P\u00e4rkk\u00e4, minna.parkka(a)abo.fi &nbsp;<\/p>\n","protected":false},"author":415,"featured_media":0,"parent":0,"menu_order":0,"comment_status":"closed","ping_status":"closed","template":"","meta":{"footnotes":""},"class_list":["post-8","page","type-page","status-publish","hentry"],"_links":{"self":[{"href":"https:\/\/blogs2.abo.fi\/multiped\/wp-json\/wp\/v2\/pages\/8","targetHints":{"allow":["GET"]}}],"collection":[{"href":"https:\/\/blogs2.abo.fi\/multiped\/wp-json\/wp\/v2\/pages"}],"about":[{"href":"https:\/\/blogs2.abo.fi\/multiped\/wp-json\/wp\/v2\/types\/page"}],"author":[{"embeddable":true,"href":"https:\/\/blogs2.abo.fi\/multiped\/wp-json\/wp\/v2\/users\/415"}],"replies":[{"embeddable":true,"href":"https:\/\/blogs2.abo.fi\/multiped\/wp-json\/wp\/v2\/comments?post=8"}],"version-history":[{"count":13,"href":"https:\/\/blogs2.abo.fi\/multiped\/wp-json\/wp\/v2\/pages\/8\/revisions"}],"predecessor-version":[{"id":246,"href":"https:\/\/blogs2.abo.fi\/multiped\/wp-json\/wp\/v2\/pages\/8\/revisions\/246"}],"wp:attachment":[{"href":"https:\/\/blogs2.abo.fi\/multiped\/wp-json\/wp\/v2\/media?parent=8"}],"curies":[{"name":"wp","href":"https:\/\/api.w.org\/{rel}","templated":true}]}}