{"id":38,"date":"2018-06-14T07:08:01","date_gmt":"2018-06-14T07:08:01","guid":{"rendered":"http:\/\/blogs2.abo.fi\/multiped\/?page_id=38"},"modified":"2022-02-11T14:19:41","modified_gmt":"2022-02-11T14:19:41","slug":"publikationer","status":"publish","type":"page","link":"https:\/\/blogs2.abo.fi\/multiped\/publikationer\/","title":{"rendered":"Skrivet om projektet"},"content":{"rendered":"<p>Bj\u00f6rklund, S.,\u00a0 Hansell, K. &amp; T\u00f6tterman-Engstr\u00f6m, T. (2018). <a href=\"https:\/\/www.kieliverkosto.fi\/fi\/journals\/kieli-koulutus-ja-yhteiskunta-kesakuu-2018\/absolut-ingen-radsla-utan-nyfikenhet-tidigarelaggning-av-finska-case-nykarleby\">\u201cAbsolut ingen r\u00e4dsla utan nyfikenhet\u201d Tidigarel\u00e4ggning av finska \u2013 Case Nykarleby<\/a>. <a href=\"https:\/\/www.kieliverkosto.fi\/fi\/journals\">Kieli, koulutus ja yhteiskunta<\/a>, 9(4).<\/p>\n<div>\n<p>Hansell, K., P\u00f6rn, M. &amp; Heittola, S. (2018). <a href=\"http:\/\/www.vakki.net\/publications\/2018\/VAKKI2018_Hansell&amp;Porn&amp;Heittola.pdf\">L\u00e4rarnas spr\u00e5kkontakter p\u00e5 ett tv\u00e5spr\u00e5kigt gymnasiecampus.\u00a0<\/a><big><a style=\"font-size: 16px\" href=\"http:\/\/www.vakki.net\/publications\/no9_sve.html\">VAKKI Publications Nr. 9, Arbetslivskommunikation (2018).<\/a><\/big><\/p>\n<div>\n<p>Hansell, K. (2019). Blogginl\u00e4gg: <a href=\"https:\/\/www.ikihanke.fi\/ajankohtaista\/varhennettu-kieltenopetus-varhaiskasvatuksessa-ja-esiopetuksessa-suomi-toisena-kotimaisena-kielena\/\">Varhennettu kieltenopetus varhaiskasvatuksessa ja esiopetuksessa \u2013 Suomi toisena kotimaisena kielen\u00e4<\/a>. <a href=\"https:\/\/www.ikihanke.fi\/\">ikihanke.fi<\/a><\/p>\n<\/div>\n<\/div>\n<div><\/div>\n<div>\n<p>Bj\u00f6rklund, S., Hansell, K. &amp; P\u00e4rkk\u00e4, M. (2020). <a href=\"https:\/\/finrainfo.fi\/wp-content\/uploads\/2020\/07\/Kielikukko%201%202020%20www.pdf\">Att tidigarel\u00e4gga finska som det andra inhemska spr\u00e5ket &#8211; erfarenheter fr\u00e5n sm\u00e5barnspedagogik till f\u00f6rskola.\u00a0<em>Kielikukko<\/em>, 1\/2020<\/a>, 30<span lang=\"EN-US\">\u2013<\/span>33.<\/p>\n<\/div>\n<div>\n<p>Forsman, L. &amp; Ek, J. (2020). <a href=\"https:\/\/finrainfo.fi\/wp-content\/uploads\/2020\/07\/Kielikukko%201%202020%20www.pdf\">Genreskrivande som del av nyb\u00f6rjarundervisningen i ett flerspr\u00e5kigt klassrum.\u00a0<i>Kielikukko<\/i>, 1\/2020<\/a><span class=\"x_MsoPageNumber\"><span lang=\"EN-US\">, 25<\/span><\/span><span lang=\"EN-US\">\u2013<\/span><span class=\"x_MsoPageNumber\"><span lang=\"EN-US\">29.<\/span><\/span><\/p>\n<\/div>\n<div>\n<div>\n<p>Hansell, K., Paloj\u00e4rvi, A., Bj\u00f6rklund, S. &amp; P\u00e4rkk\u00e4, M. (2020).\u00a0<a href=\"https:\/\/www.kieliverkosto.fi\/fi\/journals\/kieli-koulutus-ja-yhteiskunta-toukokuu-2020\/kielirikasteinen-varhaiskasvatus-ja-toinen-kotimainen-kieli-avaimina-kielitietoisuuteen-ja-monikielisyyteen\">Kielirikasteinen varhaiskasvatus ja toinen kotimainen kieli avaimina kielitietoisuuteen ja monikielisyyteen.\u00a0<em>Kieli, koulutus ja yhteiskunta<\/em>,11(3).<\/a><\/p>\n<\/div>\n<\/div>\n<p class=\"type\">\nHansell, K. &amp; Bj\u00f6rklund, S. (2022). <a href=\"https:\/\/journal.fi\/jecer\/article\/view\/114013\/67209\">Developing bilingual pedagogy in early childhood education and care: Analysis of teacher interaction.<\/a> I: Journal of Early Childhood Education Research. 11, 1, s. 179-203 s.<\/p>\n<p><strong>IKI-handbok<\/strong><\/p>\n<p><a href=\"https:\/\/jyx.jyu.fi\/handle\/123456789\/75443\">Innovatiivisen kielikasvatuksen kartta &amp; kompassi: askeleita kehitt\u00e4misty\u00f6h\u00f6n \/\u00a0Karta och kompass f\u00f6r innovativ spr\u00e5kpedagogik: steg p\u00e5 v\u00e4gen\u00a0<\/a><\/p>\n<p>Delar av handboken kan ocks\u00e5 l\u00e4sas p\u00e5 engelska: \u00a0\u00a0 \u00a0\u00a0 \u00a0\u00a0 \u00a0\u00a0 \u00a0\u00a0 \u00a0\u00a0 \u00a0\u00a0 \u00a0\u00a0 \u00a0\u00a0 \u00a0\u00a0 \u00a0\u00a0 \u00a0\u00a0 \u00a0\u00a0 \u00a0\u00a0 \u00a0\u00a0 \u00a0\u00a0 \u00a0\u00a0 \u00a0\u00a0 \u00a0\u00a0 <a href=\"https:\/\/jyx.jyu.fi\/handle\/123456789\/77470\">A Map and Compass for Innovative Language Education : Steps towards development<\/a><\/p>\n<div>\n<h2>Avhandlingar<\/h2>\n<p>Bj\u00f6rkskog, R. (2020). <a href=\"http:\/\/blogs2.abo.fi\/multiped\/wp-content\/uploads\/sites\/94\/2020\/06\/Bjorkskog_Ronja-2020-Tidigarelagd-finska-i-f\u00f6rskoleundervisningen-L\u00e4rarnas-syn-p\u00e5-programmet-Kielistigen.pdf\">Tidigarelagd finska i f\u00f6rskoleundervisningen &#8211; L\u00e4rarnas syn p\u00e5 programmet Kielistigen.<\/a><\/p>\n<\/div>\n<p>Virta, S. (2020). <a href=\"http:\/\/urn.fi\/URN:NBN:fi-fe20201214100599\">Tidigarelagd finska i ett svenskspr\u00e5kigt daghem: En kvalitativ analys av tio 5-\u00e5ringars f\u00f6rst\u00e5else och produktion av finska med hj\u00e4lp av en handdocka.<\/a><\/p>\n","protected":false},"excerpt":{"rendered":"<p>Bj\u00f6rklund, S.,\u00a0 Hansell, K. &amp; T\u00f6tterman-Engstr\u00f6m, T. (2018). \u201cAbsolut ingen r\u00e4dsla utan nyfikenhet\u201d Tidigarel\u00e4ggning av finska \u2013 Case Nykarleby. Kieli, koulutus ja yhteiskunta, 9(4). Hansell, K., P\u00f6rn, M. &amp; Heittola, S. (2018). L\u00e4rarnas spr\u00e5kkontakter p\u00e5 ett tv\u00e5spr\u00e5kigt gymnasiecampus.\u00a0VAKKI Publications Nr. &hellip; <a href=\"https:\/\/blogs2.abo.fi\/multiped\/publikationer\/\">Forts\u00e4tt l\u00e4sa <span class=\"meta-nav\">&rarr;<\/span><\/a><\/p>\n","protected":false},"author":415,"featured_media":0,"parent":0,"menu_order":0,"comment_status":"closed","ping_status":"closed","template":"","meta":{"footnotes":""},"class_list":["post-38","page","type-page","status-publish","hentry"],"_links":{"self":[{"href":"https:\/\/blogs2.abo.fi\/multiped\/wp-json\/wp\/v2\/pages\/38","targetHints":{"allow":["GET"]}}],"collection":[{"href":"https:\/\/blogs2.abo.fi\/multiped\/wp-json\/wp\/v2\/pages"}],"about":[{"href":"https:\/\/blogs2.abo.fi\/multiped\/wp-json\/wp\/v2\/types\/page"}],"author":[{"embeddable":true,"href":"https:\/\/blogs2.abo.fi\/multiped\/wp-json\/wp\/v2\/users\/415"}],"replies":[{"embeddable":true,"href":"https:\/\/blogs2.abo.fi\/multiped\/wp-json\/wp\/v2\/comments?post=38"}],"version-history":[{"count":54,"href":"https:\/\/blogs2.abo.fi\/multiped\/wp-json\/wp\/v2\/pages\/38\/revisions"}],"predecessor-version":[{"id":292,"href":"https:\/\/blogs2.abo.fi\/multiped\/wp-json\/wp\/v2\/pages\/38\/revisions\/292"}],"wp:attachment":[{"href":"https:\/\/blogs2.abo.fi\/multiped\/wp-json\/wp\/v2\/media?parent=38"}],"curies":[{"name":"wp","href":"https:\/\/api.w.org\/{rel}","templated":true}]}}