{"id":55,"date":"2020-11-23T09:20:13","date_gmt":"2020-11-23T07:20:13","guid":{"rendered":"http:\/\/blogs2.abo.fi\/minung\/?page_id=55"},"modified":"2021-04-26T12:39:40","modified_gmt":"2021-04-26T09:39:40","slug":"svara","status":"publish","type":"page","link":"https:\/\/blogs2.abo.fi\/minung\/svara\/","title":{"rendered":"Enk\u00e4t &#8211; kyselylomake &#8211; jearahallanskovvi"},"content":{"rendered":"<p id=\"firstHeading\" class=\"firstHeading\" lang=\"en\">Dearvva\/Hei\/hej\/! (Text p\u00e5 svenska nedan. Suomeksi alla. )<\/p>\n<p><strong>Dearvva!<\/strong><\/p>\n<p>D\u00e1n jearahallanskovi ulbmilin lea dutkat suoma-, ruo\u0167a- ja s\u00e1megielat nuoraid oaiviliid ie\u0161gu\u0111et gielain ja daid h\u00e1lliin Suomas ja Ruo\u0167as.<br \/>\nDu v\u00e1st\u00e1dusat leat deh\u00e1la\u010d\u010dat.\u00a0 Du ii s\u00e1hte dovdat v\u00e1st\u00e1dusaid vuo\u0111ul. Jearahallamii v\u00e1stideapmi doalvu sullii 15-25 minoha.<\/p>\n<p>Superskea\u014bkakoarta 4 x 50 \u20ac \/500 kr vuorb\u00e1duvvo v\u00e1stideaddjiid gaskkas. Addit mielas lasi die\u0111uid dutkamu\u0161a birra: sanna.heittola@abo.fi<\/p>\n<p><a href=\"https:\/\/survey.abo.fi\/lomakkeet\/12703\/lomake.html?rinnakkaislomake=MinUng_saame\"><span style=\"color: #0000ff\">Davvis\u00e1megillii<\/span><\/a><\/p>\n<p><strong>Hej!<\/strong><\/p>\n<p>Vid \u00c5bo Akademi i Finland unders\u00f6ker vi ungas (15-25 \u00e5r) uppfattningar om det finska, svenska och samiska spr\u00e5ket i Finland och Sverige. Bland deltagarna lottar vi ut n\u00e5gra SuperPresentkort v\u00e4rt 500 kr. Det tar 15-25 minuter att fylla i blanketten och du f\u00f6rblir anonym. Enk\u00e4ten \u00e4r aktiv fram till slutet av april. Om du vill veta mer om unders\u00f6kningen kan du kontakta oss sanna.heittola@abo.fi.<\/p>\n<p><a href=\"https:\/\/survey.abo.fi\/lomakkeet\/12703\/lomake.html\"><span style=\"color: #0000ff\">Enk\u00e4ten p\u00e5 svenska<\/span><\/a><\/p>\n<p><strong>Hei!<\/strong><\/p>\n<p>\u00c5bo Akademilla tutkimme Suomessa ja Ruotsissa asuvien nuorten (15-25v) k\u00e4sityksi\u00e4 suomen, ruotsin ja saamen kielest\u00e4. Vastaajien kesken arvomme muutaman 50\u20ac:n SuperLahjakortin. Voit vastata kyselyyn valitsemallasi kielell\u00e4. Vastaaminen tapahtuu anonyymin\u00e4. Vastaaminen kest\u00e4\u00e4 15-25 minuuttia ja lomake on auki huhtikuun loppuun asti. Jos haluat lis\u00e4\u00e4 tietoa tutkimuksesta voit ottaa meihin yhteytt\u00e4: sanna.heittola@abo.fi.<\/p>\n<p><a href=\"https:\/\/survey.abo.fi\/lomakkeet\/12703\/lomake.html?rinnakkaislomake=MinUng_suomi\"><span style=\"color: #0000ff\">Kyselylomake suomeksi<\/span><\/a><\/p>\n","protected":false},"excerpt":{"rendered":"<p>Dearvva\/Hei\/hej\/! (Text p\u00e5 svenska nedan. Suomeksi alla. ) Dearvva! D\u00e1n jearahallanskovi ulbmilin lea dutkat suoma-, ruo\u0167a- ja s\u00e1megielat nuoraid oaiviliid ie\u0161gu\u0111et gielain ja daid h\u00e1lliin Suomas ja Ruo\u0167as. Du v\u00e1st\u00e1dusat leat deh\u00e1la\u010d\u010dat.\u00a0 Du ii s\u00e1hte dovdat v\u00e1st\u00e1dusaid vuo\u0111ul. Jearahallamii v\u00e1stideapmi doalvu sullii 15-25 minoha. Superskea\u014bkakoarta 4 x 50 \u20ac \/500 kr vuorb\u00e1duvvo v\u00e1stideaddjiid gaskkas. Addit &hellip; <a href=\"https:\/\/blogs2.abo.fi\/minung\/svara\/\" class=\"more-link\">Forts\u00e4tt l\u00e4sa <span class=\"screen-reader-text\">Enk\u00e4t &#8211; kyselylomake &#8211; jearahallanskovvi<\/span> <span class=\"meta-nav\">&rarr;<\/span><\/a><\/p>\n","protected":false},"author":541,"featured_media":0,"parent":0,"menu_order":0,"comment_status":"closed","ping_status":"closed","template":"","meta":{"footnotes":""},"class_list":["post-55","page","type-page","status-publish","hentry"],"_links":{"self":[{"href":"https:\/\/blogs2.abo.fi\/minung\/wp-json\/wp\/v2\/pages\/55","targetHints":{"allow":["GET"]}}],"collection":[{"href":"https:\/\/blogs2.abo.fi\/minung\/wp-json\/wp\/v2\/pages"}],"about":[{"href":"https:\/\/blogs2.abo.fi\/minung\/wp-json\/wp\/v2\/types\/page"}],"author":[{"embeddable":true,"href":"https:\/\/blogs2.abo.fi\/minung\/wp-json\/wp\/v2\/users\/541"}],"replies":[{"embeddable":true,"href":"https:\/\/blogs2.abo.fi\/minung\/wp-json\/wp\/v2\/comments?post=55"}],"version-history":[{"count":20,"href":"https:\/\/blogs2.abo.fi\/minung\/wp-json\/wp\/v2\/pages\/55\/revisions"}],"predecessor-version":[{"id":86,"href":"https:\/\/blogs2.abo.fi\/minung\/wp-json\/wp\/v2\/pages\/55\/revisions\/86"}],"wp:attachment":[{"href":"https:\/\/blogs2.abo.fi\/minung\/wp-json\/wp\/v2\/media?parent=55"}],"curies":[{"name":"wp","href":"https:\/\/api.w.org\/{rel}","templated":true}]}}