{"id":4,"date":"2020-08-13T07:45:11","date_gmt":"2020-08-13T05:45:11","guid":{"rendered":"http:\/\/blogs2.abo.fi\/minung\/?page_id=4"},"modified":"2020-11-23T10:07:19","modified_gmt":"2020-11-23T08:07:19","slug":"minung-projektet","status":"publish","type":"page","link":"https:\/\/blogs2.abo.fi\/minung\/","title":{"rendered":""},"content":{"rendered":"<h1 style=\"text-align: center\">MinUng-projektet<\/h1>\n<p style=\"text-align: center\">I Minoritetsunga (MinUng)-projektet j\u00e4mf\u00f6rs svensk-, finsk- och samiskspr\u00e5kiga ungas positioneringar och uppfattningar om olika spr\u00e5k och dess talare i Finland och Sverige. Vi unders\u00f6ker betydelsen av geografisk kontext och spr\u00e5kstatus f\u00f6r gymnasie\u00e5riga ungas syns\u00e4tt.<\/p>\n<p style=\"text-align: center\">Projektet finansieras av Svenska Kulturfonden i Finland.<\/p>\n<p style=\"text-align: center\"><img loading=\"lazy\" decoding=\"async\" class=\"size-medium wp-image-23 aligncenter\" src=\"http:\/\/blogs2.abo.fi\/minung\/wp-content\/uploads\/sites\/167\/2020\/08\/Svenska_kulturfonden_logo_horisontell_svart_RGB-300x107.jpg\" alt=\"\" width=\"300\" height=\"107\" srcset=\"https:\/\/blogs2.abo.fi\/minung\/wp-content\/uploads\/sites\/167\/2020\/08\/Svenska_kulturfonden_logo_horisontell_svart_RGB-300x107.jpg 300w, https:\/\/blogs2.abo.fi\/minung\/wp-content\/uploads\/sites\/167\/2020\/08\/Svenska_kulturfonden_logo_horisontell_svart_RGB.jpg 700w\" sizes=\"auto, (max-width: 300px) 100vw, 300px\" \/><\/p>\n<p style=\"text-align: center\">Materialet i unders\u00f6kningen samlas in med elektronisk enk\u00e4t och Q-metod. Syftet med elektronisk enk\u00e4t \u00e4r att f\u00e5 en bred uppfattning om hur svensk-, finsk- och samiskspr\u00e5kiga ungdomar positionerar sig sj\u00e4lva som spr\u00e5kanv\u00e4ndare och spr\u00e5kgruppstillh\u00f6rig i relation till de \u00f6vriga spr\u00e5ken. Den Q-metodologiska delen av unders\u00f6kningen ger en m\u00f6jlighet att f\u00e5 en djupare inblick i vilka slags individuella uppfattningar och erfarenheter de unga har om olika spr\u00e5k, minoritetsskap och minoritisering.<\/p>\n<p style=\"text-align: center\">Projektgruppen best\u00e5r av professor Siv Bj\u00f6rklund och postdoc forskare Sanna Heittola. Projektet har en styrgrupp som best\u00e5r av Pigga Keskitalo (Lapplands universitet), Eva Lindgren (Ume\u00e5 universitet) och Pia Nyman-Kurkiala (\u00c5bo Akademi).<\/p>\n<p style=\"text-align: center\">Projektet har inletts i b\u00f6rjan av mars 2020.<\/p>\n<h1 style=\"text-align: center\">Kontaktuppgifter<\/h1>\n<p style=\"text-align: center\">Du kan kontakta projektgruppen via e-post. Anv\u00e4nd f\u00f6rnamn.efternamn@abo.fi<\/p>\n","protected":false},"excerpt":{"rendered":"<p>MinUng-projektet I Minoritetsunga (MinUng)-projektet j\u00e4mf\u00f6rs svensk-, finsk- och samiskspr\u00e5kiga ungas positioneringar och uppfattningar om olika spr\u00e5k och dess talare i Finland och Sverige. Vi unders\u00f6ker betydelsen av geografisk kontext och spr\u00e5kstatus f\u00f6r gymnasie\u00e5riga ungas syns\u00e4tt. Projektet finansieras av Svenska Kulturfonden i Finland. Materialet i unders\u00f6kningen samlas in med elektronisk enk\u00e4t och Q-metod. Syftet med elektronisk &hellip; <a href=\"https:\/\/blogs2.abo.fi\/minung\/\" class=\"more-link\">Forts\u00e4tt l\u00e4sa <span class=\"screen-reader-text\"><\/span> <span class=\"meta-nav\">&rarr;<\/span><\/a><\/p>\n","protected":false},"author":541,"featured_media":0,"parent":0,"menu_order":0,"comment_status":"closed","ping_status":"closed","template":"","meta":{"footnotes":""},"class_list":["post-4","page","type-page","status-publish","hentry"],"_links":{"self":[{"href":"https:\/\/blogs2.abo.fi\/minung\/wp-json\/wp\/v2\/pages\/4","targetHints":{"allow":["GET"]}}],"collection":[{"href":"https:\/\/blogs2.abo.fi\/minung\/wp-json\/wp\/v2\/pages"}],"about":[{"href":"https:\/\/blogs2.abo.fi\/minung\/wp-json\/wp\/v2\/types\/page"}],"author":[{"embeddable":true,"href":"https:\/\/blogs2.abo.fi\/minung\/wp-json\/wp\/v2\/users\/541"}],"replies":[{"embeddable":true,"href":"https:\/\/blogs2.abo.fi\/minung\/wp-json\/wp\/v2\/comments?post=4"}],"version-history":[{"count":16,"href":"https:\/\/blogs2.abo.fi\/minung\/wp-json\/wp\/v2\/pages\/4\/revisions"}],"predecessor-version":[{"id":63,"href":"https:\/\/blogs2.abo.fi\/minung\/wp-json\/wp\/v2\/pages\/4\/revisions\/63"}],"wp:attachment":[{"href":"https:\/\/blogs2.abo.fi\/minung\/wp-json\/wp\/v2\/media?parent=4"}],"curies":[{"name":"wp","href":"https:\/\/api.w.org\/{rel}","templated":true}]}}