{"id":27,"date":"2020-08-21T08:41:27","date_gmt":"2020-08-21T05:41:27","guid":{"rendered":"http:\/\/blogs2.abo.fi\/minung\/?page_id=27"},"modified":"2020-11-23T10:08:20","modified_gmt":"2020-11-23T08:08:20","slug":"fi","status":"publish","type":"page","link":"https:\/\/blogs2.abo.fi\/minung\/fi\/","title":{"rendered":""},"content":{"rendered":"<h1 style=\"text-align: center\">MinUng-projekti<\/h1>\n<p style=\"text-align: center\">Minoritetsunga (MinUng)-projektin tarkoituksena on vertailla suomen-, ruotsin- ja saamenkielisten nuorten k\u00e4sityksi\u00e4 eri kielist\u00e4, kieliryhmist\u00e4 ja niihin kuulumisesta. Tutkimme maantieteellisen kontekstin ja kielen vaikutusta lukioik\u00e4isten nuorten n\u00e4k\u00f6kulmiin.<\/p>\n<p style=\"text-align: center\">Projektin rahoittajana toimii Svenska Kulturfonden i Finland.<\/p>\n<p style=\"text-align: center\"><img loading=\"lazy\" decoding=\"async\" class=\"aligncenter size-medium wp-image-23\" src=\"http:\/\/blogs2.abo.fi\/minung\/wp-content\/uploads\/sites\/167\/2020\/08\/Svenska_kulturfonden_logo_horisontell_svart_RGB-300x107.jpg\" alt=\"\" width=\"300\" height=\"107\" srcset=\"https:\/\/blogs2.abo.fi\/minung\/wp-content\/uploads\/sites\/167\/2020\/08\/Svenska_kulturfonden_logo_horisontell_svart_RGB-300x107.jpg 300w, https:\/\/blogs2.abo.fi\/minung\/wp-content\/uploads\/sites\/167\/2020\/08\/Svenska_kulturfonden_logo_horisontell_svart_RGB.jpg 700w\" sizes=\"auto, (max-width: 300px) 100vw, 300px\" \/><\/p>\n<p style=\"text-align: center\">Tutkimuksen materiaali ker\u00e4t\u00e4\u00e4n elektronisella lomakkeella ja Q-menetelm\u00e4ll\u00e4. Elektronisella lomakkeella saadaan laaja k\u00e4sitys siit\u00e4, kuinka ruotsin-, suomen- ja saamenkieliset nuoret asemoivat itsens\u00e4 kielenk\u00e4ytt\u00e4jin\u00e4 ja kieliryhm\u00e4n j\u00e4senin\u00e4 suhteessa muihin kieliin.\u00a0 Tutkimuksen Q-metodologinen osa antaa syvemm\u00e4n katsauksen nuorten k\u00e4sityksiin ja kokemuksiin eri kielist\u00e4 ja kieliv\u00e4hemmist\u00f6\u00f6n kuulumisesta.<\/p>\n<p style=\"text-align: center\">Projektiryhm\u00e4 koostuu tutkimuksen johtajasta professori Siv Bj\u00f6rklundista sek\u00e4 post doc tutkija Sanna Heittolasta. Projektin ohjausryhm\u00e4\u00e4n kuuluvat Pigga Keskitalo (Lapin yliopisto), Eva Lindgren (Ume\u00e5 universitet) ja Pia Nyman-Kurkiala (\u00c5bo Akademi).<\/p>\n<p style=\"text-align: center\">Projekti on alkanut maaliskuussa 2020.<\/p>\n<h1 style=\"text-align: center\">Yhteystiedot<\/h1>\n<p style=\"text-align: center\">Voit ottaa projektiryhm\u00e4\u00e4n yhteytt\u00e4 s\u00e4hk\u00f6postitse. K\u00e4yt\u00e4 osoitetta etunimi.sukunimi@abo.fi<\/p>\n","protected":false},"excerpt":{"rendered":"<p>MinUng-projekti Minoritetsunga (MinUng)-projektin tarkoituksena on vertailla suomen-, ruotsin- ja saamenkielisten nuorten k\u00e4sityksi\u00e4 eri kielist\u00e4, kieliryhmist\u00e4 ja niihin kuulumisesta. Tutkimme maantieteellisen kontekstin ja kielen vaikutusta lukioik\u00e4isten nuorten n\u00e4k\u00f6kulmiin. Projektin rahoittajana toimii Svenska Kulturfonden i Finland. Tutkimuksen materiaali ker\u00e4t\u00e4\u00e4n elektronisella lomakkeella ja Q-menetelm\u00e4ll\u00e4. Elektronisella lomakkeella saadaan laaja k\u00e4sitys siit\u00e4, kuinka ruotsin-, suomen- ja saamenkieliset nuoret asemoivat itsens\u00e4 &hellip; <a href=\"https:\/\/blogs2.abo.fi\/minung\/fi\/\" class=\"more-link\">Forts\u00e4tt l\u00e4sa <span class=\"screen-reader-text\"><\/span> <span class=\"meta-nav\">&rarr;<\/span><\/a><\/p>\n","protected":false},"author":541,"featured_media":0,"parent":0,"menu_order":0,"comment_status":"closed","ping_status":"closed","template":"","meta":{"footnotes":""},"class_list":["post-27","page","type-page","status-publish","hentry"],"_links":{"self":[{"href":"https:\/\/blogs2.abo.fi\/minung\/wp-json\/wp\/v2\/pages\/27","targetHints":{"allow":["GET"]}}],"collection":[{"href":"https:\/\/blogs2.abo.fi\/minung\/wp-json\/wp\/v2\/pages"}],"about":[{"href":"https:\/\/blogs2.abo.fi\/minung\/wp-json\/wp\/v2\/types\/page"}],"author":[{"embeddable":true,"href":"https:\/\/blogs2.abo.fi\/minung\/wp-json\/wp\/v2\/users\/541"}],"replies":[{"embeddable":true,"href":"https:\/\/blogs2.abo.fi\/minung\/wp-json\/wp\/v2\/comments?post=27"}],"version-history":[{"count":16,"href":"https:\/\/blogs2.abo.fi\/minung\/wp-json\/wp\/v2\/pages\/27\/revisions"}],"predecessor-version":[{"id":64,"href":"https:\/\/blogs2.abo.fi\/minung\/wp-json\/wp\/v2\/pages\/27\/revisions\/64"}],"wp:attachment":[{"href":"https:\/\/blogs2.abo.fi\/minung\/wp-json\/wp\/v2\/media?parent=27"}],"curies":[{"name":"wp","href":"https:\/\/api.w.org\/{rel}","templated":true}]}}