{"id":22,"date":"2022-10-27T07:36:19","date_gmt":"2022-10-27T07:36:19","guid":{"rendered":"https:\/\/blogs2.abo.fi\/mif\/?page_id=22"},"modified":"2026-01-28T10:06:05","modified_gmt":"2026-01-28T10:06:05","slug":"dataskyddsmeddelande","status":"publish","type":"page","link":"https:\/\/blogs2.abo.fi\/mif\/dataskyddsmeddelande\/","title":{"rendered":"Dataskyddsmeddelande"},"content":{"rendered":"<p>Klicka p\u00e5 l\u00e4nken nedan f\u00f6r att \u00f6ppna dataskyddsmeddelandet:<\/p>\n<p><a href=\"http:\/\/blogs2.abo.fi\/mif\/wp-content\/uploads\/sites\/206\/2026\/01\/MIF-2.0_dataskyddsmeddelende-2025-2026.pdf\" target=\"_blank\" rel=\"noopener\">MIF2.0_dataskyddsmeddelande<\/a><\/p>\n<p><a href=\"http:\/\/blogs2.abo.fi\/mif\/wp-content\/uploads\/sites\/206\/2026\/01\/MIF-2.0_data-protection-notice-2025-2026.pdf\" target=\"_blank\" rel=\"noopener\">MIF2.0_data protection notice<\/a><\/p>\n","protected":false},"excerpt":{"rendered":"<p>Klicka p\u00e5 l\u00e4nken nedan f\u00f6r att \u00f6ppna dataskyddsmeddelandet: MIF2.0_dataskyddsmeddelande MIF2.0_data protection notice<\/p>\n","protected":false},"author":415,"featured_media":0,"parent":0,"menu_order":0,"comment_status":"closed","ping_status":"closed","template":"","meta":{"footnotes":""},"class_list":["post-22","page","type-page","status-publish","hentry"],"_links":{"self":[{"href":"https:\/\/blogs2.abo.fi\/mif\/wp-json\/wp\/v2\/pages\/22","targetHints":{"allow":["GET"]}}],"collection":[{"href":"https:\/\/blogs2.abo.fi\/mif\/wp-json\/wp\/v2\/pages"}],"about":[{"href":"https:\/\/blogs2.abo.fi\/mif\/wp-json\/wp\/v2\/types\/page"}],"author":[{"embeddable":true,"href":"https:\/\/blogs2.abo.fi\/mif\/wp-json\/wp\/v2\/users\/415"}],"replies":[{"embeddable":true,"href":"https:\/\/blogs2.abo.fi\/mif\/wp-json\/wp\/v2\/comments?post=22"}],"version-history":[{"count":12,"href":"https:\/\/blogs2.abo.fi\/mif\/wp-json\/wp\/v2\/pages\/22\/revisions"}],"predecessor-version":[{"id":257,"href":"https:\/\/blogs2.abo.fi\/mif\/wp-json\/wp\/v2\/pages\/22\/revisions\/257"}],"wp:attachment":[{"href":"https:\/\/blogs2.abo.fi\/mif\/wp-json\/wp\/v2\/media?parent=22"}],"curies":[{"name":"wp","href":"https:\/\/api.w.org\/{rel}","templated":true}]}}