{"id":155,"date":"2023-10-31T08:41:53","date_gmt":"2023-10-31T08:41:53","guid":{"rendered":"https:\/\/blogs2.abo.fi\/mif\/?page_id=155"},"modified":"2024-10-15T07:35:53","modified_gmt":"2024-10-15T07:35:53","slug":"sprakberikad-undervisning","status":"publish","type":"page","link":"https:\/\/blogs2.abo.fi\/mif\/sprakberikad-undervisning\/","title":{"rendered":"Spr\u00e5kberikad undervisning"},"content":{"rendered":"<p>Inom projektet MIF f\u00f6rverkligas den spr\u00e5kberikade modellen s\u00e5 att finskan inkluderas i den dagliga verksamheten sammanlagt under cirka 20-30 minuter per dag.<\/p>\n<p>Den spr\u00e5kberikade undervisningsmodellen inom sm\u00e5barnspedagogiken och f\u00f6rskolan syns genom anv\u00e4ndningen av finska i daglig verksamhet.\u00a0 \u00c5terkommande aktiviteter best\u00e5r bl.a. av samling, m\u00e5ltider och annan planerad verksamhet. Finskan kan \u00e4ven tas in spontant b\u00e5de av vuxna och av barnen i andra situationer s\u00e5som h\u00e4lsningar, p\u00e5- och avkl\u00e4dning av ytterkl\u00e4der vid utevistelse, lekstunder med mera.<\/p>\n<p>Inom skolkontexten kommer den spr\u00e5kberikade undervisningen bl.a. fram i rutinsituationer som genomg\u00e5ng av dagens program, instruktionsanvisningar, f\u00f6rflyttningar och \u00f6verg\u00e5ngar samt i samband med olika inneh\u00e5ll som undervisas i l\u00e4ro\u00e4mnena.<\/p>\n<p>L\u00e4rarna fungerar som spr\u00e5kliga modeller f\u00f6r barnen samtidigt som uppt\u00e4ckandet och anv\u00e4ndningen av finskan g\u00f6rs tillsammans med barnen och eleverna med hj\u00e4lp av lekfulla, roliga och inspirerande arbetss\u00e4tt och aktiviteter. Anv\u00e4ndningen av finska har ocks\u00e5 p\u00e5 ett naturligt s\u00e4tt \u00f6ppnat upp f\u00f6r andra spr\u00e5k som \u00e4r n\u00e4rvarande i gruppen eller i det omgivande samh\u00e4llet.<\/p>\n<p>&nbsp;<\/p>\n","protected":false},"excerpt":{"rendered":"<p>Inom projektet MIF f\u00f6rverkligas den spr\u00e5kberikade modellen s\u00e5 att finskan inkluderas i den dagliga verksamheten sammanlagt under cirka 20-30 minuter per dag. Den spr\u00e5kberikade undervisningsmodellen inom sm\u00e5barnspedagogiken och f\u00f6rskolan syns genom anv\u00e4ndningen av finska i daglig verksamhet.\u00a0 \u00c5terkommande aktiviteter best\u00e5r bl.a. av samling, m\u00e5ltider och annan planerad verksamhet. Finskan kan \u00e4ven tas in spontant b\u00e5de &hellip; <a href=\"https:\/\/blogs2.abo.fi\/mif\/sprakberikad-undervisning\/\" class=\"more-link\">Forts\u00e4tt l\u00e4sa <span class=\"screen-reader-text\">Spr\u00e5kberikad undervisning<\/span><\/a><\/p>\n","protected":false},"author":415,"featured_media":0,"parent":0,"menu_order":0,"comment_status":"closed","ping_status":"closed","template":"","meta":{"footnotes":""},"class_list":["post-155","page","type-page","status-publish","hentry"],"_links":{"self":[{"href":"https:\/\/blogs2.abo.fi\/mif\/wp-json\/wp\/v2\/pages\/155","targetHints":{"allow":["GET"]}}],"collection":[{"href":"https:\/\/blogs2.abo.fi\/mif\/wp-json\/wp\/v2\/pages"}],"about":[{"href":"https:\/\/blogs2.abo.fi\/mif\/wp-json\/wp\/v2\/types\/page"}],"author":[{"embeddable":true,"href":"https:\/\/blogs2.abo.fi\/mif\/wp-json\/wp\/v2\/users\/415"}],"replies":[{"embeddable":true,"href":"https:\/\/blogs2.abo.fi\/mif\/wp-json\/wp\/v2\/comments?post=155"}],"version-history":[{"count":8,"href":"https:\/\/blogs2.abo.fi\/mif\/wp-json\/wp\/v2\/pages\/155\/revisions"}],"predecessor-version":[{"id":214,"href":"https:\/\/blogs2.abo.fi\/mif\/wp-json\/wp\/v2\/pages\/155\/revisions\/214"}],"wp:attachment":[{"href":"https:\/\/blogs2.abo.fi\/mif\/wp-json\/wp\/v2\/media?parent=155"}],"curies":[{"name":"wp","href":"https:\/\/api.w.org\/{rel}","templated":true}]}}