{"id":129,"date":"2023-10-17T10:30:04","date_gmt":"2023-10-17T10:30:04","guid":{"rendered":"https:\/\/blogs2.abo.fi\/mif\/?page_id=129"},"modified":"2026-01-09T07:03:57","modified_gmt":"2026-01-09T07:03:57","slug":"aktiviteter-inom-mif-projektet","status":"publish","type":"page","link":"https:\/\/blogs2.abo.fi\/mif\/aktiviteter-inom-mif-projektet\/","title":{"rendered":"Aktiviteter inom MIF-projektet"},"content":{"rendered":"<p>Projektet <em>Meningsfull interaktion p\u00e5 finska &#8211; MIF (2021\u20132024) och MIF 2.0 (2024\u20132026)<\/em> genomf\u00f6r under projekttiden bl.a. f\u00f6ljande aktiviteter:<\/p>\n<h3>L\u00e4s\u00e5ret 2025-2026<\/h3>\n<p><strong>Tidpunkt\u00a0 \u00a0 \u00a0<\/strong><strong>\u00a0 \u00a0 \u00a0 \u00a0 \u00a0 \u00a0 \u00a0 \u00a0 Aktivitet<\/strong><\/p>\n<p>H\u00f6sten 2025:\u00a0 \u00a0 \u00a0 \u00a0 \u00a0 \u00a0 \u00a0 Fortbildning\u00a0 med pedagoger och l\u00e4rare.<\/p>\n<p style=\"text-align: center\">\u00a0 \u00a0 \u00a0 \u00a0 \u00a0 \u00a0 \u00a0Individuella intervjuer med pedagoger och l\u00e4rare.<\/p>\n<p>V\u00e5ren 2026:<\/p>\n<p>&nbsp;<\/p>\n<h3>L\u00e4s\u00e5ret 2024-2025<\/h3>\n<p><strong>Tidpunkt\u00a0 \u00a0 \u00a0<\/strong><strong>\u00a0 \u00a0 \u00a0 \u00a0 \u00a0Aktivitet<\/strong><\/p>\n<p>Augusti\u00a0 \u00a0 \u00a0 \u00a0 \u00a0 \u00a0 \u00a0 \u00a0 \u00a0 MIF Slutseminarium, <a href=\"http:\/\/blogs2.abo.fi\/mif\/wp-content\/uploads\/sites\/206\/2024\/10\/PROGRAM.pdf\" target=\"_blank\" rel=\"noopener\">PROGRAM<\/a>.<\/p>\n<p>Oktober\u00a0 \u00a0 \u00a0 \u00a0 \u00a0 \u00a0 \u00a0 \u00a0 \u00a0MIF 2.0 kick off.<\/p>\n<p style=\"text-align: left\">H\u00f6sten 2024\u00a0 \u00a0 \u00a0 \u00a0 \u00a0Datainsamling; individuella l\u00e4rarintervjuer.<\/p>\n<p style=\"text-align: left\">V\u00e5ren 2025\u00a0 \u00a0 \u00a0 \u00a0 \u00a0 \u00a0 Datainsamling;<\/p>\n<p style=\"text-align: left\">\u00a0 \u00a0 \u00a0 \u00a0 \u00a0 \u00a0 \u00a0 \u00a0 \u00a0 \u00a0 \u00a0 \u00a0 \u00a0 \u00a0 \u00a0 \u00a0 \u00a0Intervjuer med pedagoger och l\u00e4rare,<\/p>\n<p style=\"text-align: left\">\u00a0 \u00a0 \u00a0 \u00a0 \u00a0 \u00a0 \u00a0 \u00a0 \u00a0 \u00a0 \u00a0 \u00a0 \u00a0 \u00a0 \u00a0 \u00a0 \u00a0Workshop med pedagoger och l\u00e4rare<\/p>\n<h3>L\u00e4s\u00e5ret 2023\u20132024<\/h3>\n<div style=\"width: 30%;padding: 0 10pt 0 0;float: left\">\n<p><strong>Tidpunkt<\/strong><\/p>\n<p>September<\/p>\n<p>&nbsp;<\/p>\n<p>November<\/p>\n<p>H\u00f6sten 2023<\/p>\n<p>V\u00e5ren 2024<\/p>\n<\/div>\n<div style=\"width: 65%;padding: 0 10pt 0 0;float: right\">\n<p><strong>Aktivitet<\/strong><\/p>\n<p>M\u00f6te med sm\u00e5barnspedagogiken kring spr\u00e5kberikad undervisning.<\/p>\n<p>Individuell l\u00e4rarintervju.<\/p>\n<p>L\u00e4rarintervju och planering av datainsamling i \u00e5rskurs 4.<\/p>\n<p>Fortbildning med pedagoger, l\u00e4rare och ledande personal.<\/p>\n<p>&nbsp;<\/p>\n<\/div>\n<p>&nbsp;<\/p>\n<h3><\/h3>\n<h3>L\u00e4s\u00e5ret 2022\u20132023<\/h3>\n<div style=\"width: 30%;padding: 0 10pt 0 0;float: left\">\n<p><strong>Tidpunkt<\/strong><\/p>\n<p>September<\/p>\n<p>November<\/p>\n<p>&nbsp;<\/p>\n<p>April<\/p>\n<\/div>\n<div style=\"width: 65%;padding: 0 10pt 0 0;float: right\">\n<p><strong>Aktivitet<\/strong><\/p>\n<p>Fortbildning med l\u00e4rare.<\/p>\n<p>Observationsbes\u00f6k i barn- och elevgrupper (fr\u00e5n sm\u00e5barnspedagogik till \u00e5rskurs 3) samt intervjuer med pedagoger och l\u00e4rare.<\/p>\n<p>Datainsamling; elevintervjuer i \u00e5rskurs 2 (omg\u00e5ng 2).<\/p>\n<p>Datainsamling; barn- och elevintervjuer med handdocka med barn inom sm\u00e5barnspedagogik och f\u00f6rskola (omg\u00e5ng 2).<\/p>\n<p>Datainsamling; illustration av spr\u00e5kportr\u00e4tt med elever i \u00e5rskurs 1 (omg\u00e5ng 2).<\/p>\n<\/div>\n<p>&nbsp;<\/p>\n<h3>L\u00e4s\u00e5ret 2021\u20132022<\/h3>\n<div style=\"width: 30%;padding: 0 10pt 0 0;float: left\">\n<p><strong>Tidpunkt<\/strong><\/p>\n<p>November<\/p>\n<p>December<\/p>\n<p>Januari\u2013Mars<\/p>\n<p>April<\/p>\n<p>Maj<\/p>\n<\/div>\n<div style=\"width: 65%;padding: 0 10pt 0 0;float: right\">\n<p><strong>Aktivitet<\/strong><\/p>\n<p>Kick off med pedagoger, l\u00e4rare och ledande personal.<\/p>\n<p>Datainsamling; elevintervjuer i \u00e5rskurs 2 (omg\u00e5ng 1).<\/p>\n<p>Datainsamling; dagboksanteckningar av l\u00e4rare i \u00e5rskurs 1.<\/p>\n<p>Datainsamling; individuella l\u00e4rarintervjuer med pedagoger och l\u00e4rare.<\/p>\n<p>Datainsamling; illustration av spr\u00e5kportr\u00e4tt med elever i \u00e5rskurs 1 (omg\u00e5ng 1).<\/p>\n<p>Datainsamling; barn- och elevintervjuer med handdocka med barn i f\u00f6rskola (omg\u00e5ng 1).<\/p>\n<p>Datainsamling; Fortbildning och fokusgruppintervju med ledande personal (SWOT-analys).<\/p>\n<p>Datainsamling; barn- och elevintervjuer med handdocka med barn inom sm\u00e5barnspedagogik (omg\u00e5ng 1).<\/p>\n<\/div>\n","protected":false},"excerpt":{"rendered":"<p>Projektet Meningsfull interaktion p\u00e5 finska &#8211; MIF (2021\u20132024) och MIF 2.0 (2024\u20132026) genomf\u00f6r under projekttiden bl.a. f\u00f6ljande aktiviteter: L\u00e4s\u00e5ret 2025-2026 Tidpunkt\u00a0 \u00a0 \u00a0\u00a0 \u00a0 \u00a0 \u00a0 \u00a0 \u00a0 \u00a0 \u00a0 Aktivitet H\u00f6sten 2025:\u00a0 \u00a0 \u00a0 \u00a0 \u00a0 \u00a0 \u00a0 Fortbildning\u00a0 med pedagoger och l\u00e4rare. \u00a0 \u00a0 \u00a0 \u00a0 \u00a0 \u00a0 \u00a0Individuella intervjuer med pedagoger och &hellip; <a href=\"https:\/\/blogs2.abo.fi\/mif\/aktiviteter-inom-mif-projektet\/\" class=\"more-link\">Forts\u00e4tt l\u00e4sa <span class=\"screen-reader-text\">Aktiviteter inom MIF-projektet<\/span><\/a><\/p>\n","protected":false},"author":415,"featured_media":0,"parent":0,"menu_order":0,"comment_status":"closed","ping_status":"closed","template":"","meta":{"footnotes":""},"class_list":["post-129","page","type-page","status-publish","hentry"],"_links":{"self":[{"href":"https:\/\/blogs2.abo.fi\/mif\/wp-json\/wp\/v2\/pages\/129","targetHints":{"allow":["GET"]}}],"collection":[{"href":"https:\/\/blogs2.abo.fi\/mif\/wp-json\/wp\/v2\/pages"}],"about":[{"href":"https:\/\/blogs2.abo.fi\/mif\/wp-json\/wp\/v2\/types\/page"}],"author":[{"embeddable":true,"href":"https:\/\/blogs2.abo.fi\/mif\/wp-json\/wp\/v2\/users\/415"}],"replies":[{"embeddable":true,"href":"https:\/\/blogs2.abo.fi\/mif\/wp-json\/wp\/v2\/comments?post=129"}],"version-history":[{"count":28,"href":"https:\/\/blogs2.abo.fi\/mif\/wp-json\/wp\/v2\/pages\/129\/revisions"}],"predecessor-version":[{"id":253,"href":"https:\/\/blogs2.abo.fi\/mif\/wp-json\/wp\/v2\/pages\/129\/revisions\/253"}],"wp:attachment":[{"href":"https:\/\/blogs2.abo.fi\/mif\/wp-json\/wp\/v2\/media?parent=129"}],"curies":[{"name":"wp","href":"https:\/\/api.w.org\/{rel}","templated":true}]}}