{"id":99,"date":"2017-11-24T07:54:34","date_gmt":"2017-11-24T07:54:34","guid":{"rendered":"http:\/\/blogs2.abo.fi\/matetemat\/?page_id=99"},"modified":"2018-01-26T08:06:35","modified_gmt":"2018-01-26T08:06:35","slug":"case-petalax","status":"publish","type":"page","link":"https:\/\/blogs2.abo.fi\/matetemat\/hem-etusivu\/case-petalax\/","title":{"rendered":"Case Petalax"},"content":{"rendered":"<p><strong>Inom LUMA-projektet MAT-\u00c9-TEMAT har \u00e4mnesl\u00e4rare vid Petalax h\u00f6gstadium under tv\u00e5 l\u00e4s\u00e5r planerat och genomf\u00f6rt helhetsskapande undervisning. De har l\u00e4nkat samman \u00e4mnesinneh\u00e5ll fr\u00e5n bland annat matematik, sl\u00f6jd och huslig ekonomi p\u00e5 ett s\u00e4tt som f\u00f6ljer de nya l\u00e4roplansgrundernas f\u00f6rv\u00e4ntningar p\u00e5 helhetsskapade \u00a0undervisning.<\/strong><br \/>\n<strong> Vid ett seminarium den 4.5.2017 \u00f6ppnade l\u00e4rarna upp sina erfarenheter f\u00f6r en st\u00f6rre publik. H\u00e4r finns deras presentation.<\/strong><\/p>\n<p>Petolahden yl\u00e4asteella (Petalax h\u00f6gstadium) aineenopettjat ovat kahden lukuvuoden aikana suunnitellet ja toteuttaneet monialaisia oppimiskokonaisuuksia, jossa matematiikan, k\u00e4sity\u00f6n ja kotitalouden sis\u00e4ll\u00f6t ja ty\u00f6tavat pyrittiin eheytt\u00e4m\u00e4\u00e4n\u00a0uuden opetussuunnitelman hengess\u00e4. Vaasassa 4.5.2017 j\u00e4rjestetyss\u00e4 seminaarissa opettajat kertoivat projektistaan ja kokemuksistaan suurelle yleis\u00f6lle. Alla opettajien esitelm\u00e4.<\/p>\n<div id='gallery-1' class='gallery galleryid-99 gallery-columns-3 gallery-size-thumbnail'><figure class='gallery-item'>\n\t\t\t<div class='gallery-icon landscape'>\n\t\t\t\t<a href='https:\/\/blogs2.abo.fi\/matetemat\/hem-etusivu\/case-petalax\/dinner-for-friends-luma1\/'><img loading=\"lazy\" decoding=\"async\" width=\"150\" height=\"150\" src=\"https:\/\/blogs2.abo.fi\/matetemat\/wp-content\/uploads\/sites\/72\/2017\/11\/Dinner-for-friends-LUMA1-150x150.jpg\" class=\"attachment-thumbnail size-thumbnail\" alt=\"\" \/><\/a>\n\t\t\t<\/div><\/figure><figure class='gallery-item'>\n\t\t\t<div class='gallery-icon landscape'>\n\t\t\t\t<a href='https:\/\/blogs2.abo.fi\/matetemat\/hem-etusivu\/case-petalax\/dinner-for-friends-luma2\/'><img loading=\"lazy\" decoding=\"async\" width=\"150\" height=\"150\" src=\"https:\/\/blogs2.abo.fi\/matetemat\/wp-content\/uploads\/sites\/72\/2017\/11\/Dinner-for-friends-LUMA2-150x150.jpg\" class=\"attachment-thumbnail size-thumbnail\" alt=\"\" \/><\/a>\n\t\t\t<\/div><\/figure><figure class='gallery-item'>\n\t\t\t<div class='gallery-icon landscape'>\n\t\t\t\t<a href='https:\/\/blogs2.abo.fi\/matetemat\/hem-etusivu\/case-petalax\/dinner-for-friends-3\/'><img loading=\"lazy\" decoding=\"async\" width=\"150\" height=\"150\" src=\"https:\/\/blogs2.abo.fi\/matetemat\/wp-content\/uploads\/sites\/72\/2017\/11\/Dinner-for-friends-3-150x150.jpg\" class=\"attachment-thumbnail size-thumbnail\" alt=\"\" \/><\/a>\n\t\t\t<\/div><\/figure><figure class='gallery-item'>\n\t\t\t<div class='gallery-icon landscape'>\n\t\t\t\t<a href='https:\/\/blogs2.abo.fi\/matetemat\/hem-etusivu\/case-petalax\/dinner-for-friends-luma4\/'><img loading=\"lazy\" decoding=\"async\" width=\"150\" height=\"150\" src=\"https:\/\/blogs2.abo.fi\/matetemat\/wp-content\/uploads\/sites\/72\/2017\/11\/Dinner-for-friends-LUMA4-150x150.jpg\" class=\"attachment-thumbnail size-thumbnail\" alt=\"\" \/><\/a>\n\t\t\t<\/div><\/figure><figure class='gallery-item'>\n\t\t\t<div class='gallery-icon landscape'>\n\t\t\t\t<a href='https:\/\/blogs2.abo.fi\/matetemat\/hem-etusivu\/case-petalax\/dinner-for-friends-luma_5\/'><img loading=\"lazy\" decoding=\"async\" width=\"150\" height=\"150\" src=\"https:\/\/blogs2.abo.fi\/matetemat\/wp-content\/uploads\/sites\/72\/2017\/11\/Dinner-for-friends-LUMA_5-150x150.jpg\" class=\"attachment-thumbnail size-thumbnail\" alt=\"\" \/><\/a>\n\t\t\t<\/div><\/figure><figure class='gallery-item'>\n\t\t\t<div class='gallery-icon landscape'>\n\t\t\t\t<a href='https:\/\/blogs2.abo.fi\/matetemat\/hem-etusivu\/case-petalax\/dinner-for-friends-luma_6\/'><img loading=\"lazy\" decoding=\"async\" width=\"150\" height=\"150\" src=\"https:\/\/blogs2.abo.fi\/matetemat\/wp-content\/uploads\/sites\/72\/2017\/11\/Dinner-for-friends-LUMA_6-150x150.jpg\" class=\"attachment-thumbnail size-thumbnail\" alt=\"\" \/><\/a>\n\t\t\t<\/div><\/figure><figure class='gallery-item'>\n\t\t\t<div class='gallery-icon landscape'>\n\t\t\t\t<a href='https:\/\/blogs2.abo.fi\/matetemat\/hem-etusivu\/case-petalax\/dinner-for-friends-7\/'><img loading=\"lazy\" decoding=\"async\" width=\"150\" height=\"150\" src=\"https:\/\/blogs2.abo.fi\/matetemat\/wp-content\/uploads\/sites\/72\/2017\/11\/Dinner-for-friends-7-150x150.jpg\" class=\"attachment-thumbnail size-thumbnail\" alt=\"\" \/><\/a>\n\t\t\t<\/div><\/figure><figure class='gallery-item'>\n\t\t\t<div class='gallery-icon landscape'>\n\t\t\t\t<a href='https:\/\/blogs2.abo.fi\/matetemat\/hem-etusivu\/case-petalax\/dinner-for-friends-luma_9\/'><img loading=\"lazy\" decoding=\"async\" width=\"150\" height=\"150\" src=\"https:\/\/blogs2.abo.fi\/matetemat\/wp-content\/uploads\/sites\/72\/2017\/11\/Dinner-for-friends-LUMA_9-150x150.jpg\" class=\"attachment-thumbnail size-thumbnail\" alt=\"\" \/><\/a>\n\t\t\t<\/div><\/figure><figure class='gallery-item'>\n\t\t\t<div class='gallery-icon landscape'>\n\t\t\t\t<a href='https:\/\/blogs2.abo.fi\/matetemat\/hem-etusivu\/case-petalax\/dinner-for-friends-luma_11\/'><img loading=\"lazy\" decoding=\"async\" width=\"150\" height=\"150\" src=\"https:\/\/blogs2.abo.fi\/matetemat\/wp-content\/uploads\/sites\/72\/2017\/11\/Dinner-for-friends-LUMA_11-150x150.jpg\" class=\"attachment-thumbnail size-thumbnail\" alt=\"\" \/><\/a>\n\t\t\t<\/div><\/figure><figure class='gallery-item'>\n\t\t\t<div class='gallery-icon landscape'>\n\t\t\t\t<a href='https:\/\/blogs2.abo.fi\/matetemat\/hem-etusivu\/case-petalax\/dinner-for-friends-luma12\/'><img loading=\"lazy\" decoding=\"async\" width=\"150\" height=\"150\" src=\"https:\/\/blogs2.abo.fi\/matetemat\/wp-content\/uploads\/sites\/72\/2017\/11\/Dinner-for-friends-LUMA12-150x150.jpg\" class=\"attachment-thumbnail size-thumbnail\" alt=\"\" \/><\/a>\n\t\t\t<\/div><\/figure><figure class='gallery-item'>\n\t\t\t<div class='gallery-icon landscape'>\n\t\t\t\t<a href='https:\/\/blogs2.abo.fi\/matetemat\/hem-etusivu\/case-petalax\/dinner-for-friends-luma_petalax_4-maj-2017-2\/'><img loading=\"lazy\" decoding=\"async\" width=\"150\" height=\"150\" src=\"https:\/\/blogs2.abo.fi\/matetemat\/wp-content\/uploads\/sites\/72\/2017\/11\/Dinner-for-friends-LUMA_petalax_4-maj-2017-150x150.jpg\" class=\"attachment-thumbnail size-thumbnail\" alt=\"\" \/><\/a>\n\t\t\t<\/div><\/figure>\n\t\t<\/div>\n\n<p><a href=\"http:\/\/blogs2.abo.fi\/matetemat\/wp-content\/uploads\/sites\/72\/2017\/11\/Dinner-for-friends-LUMA_petalax_4-maj-2017.pdf\">Ladda ner presentationen &#8221;Dinner for friends&#8221;<\/a><\/p>\n<p>&nbsp;<\/p>\n<p>&nbsp;<\/p>\n","protected":false},"excerpt":{"rendered":"<p>Inom LUMA-projektet MAT-\u00c9-TEMAT har \u00e4mnesl\u00e4rare vid Petalax h\u00f6gstadium under tv\u00e5 l\u00e4s\u00e5r planerat och genomf\u00f6rt helhetsskapande undervisning. De har l\u00e4nkat samman \u00e4mnesinneh\u00e5ll fr\u00e5n bland annat matematik, sl\u00f6jd och huslig ekonomi p\u00e5 ett s\u00e4tt som f\u00f6ljer de nya l\u00e4roplansgrundernas f\u00f6rv\u00e4ntningar p\u00e5 helhetsskapade \u00a0undervisning. Vid ett seminarium den 4.5.2017 \u00f6ppnade l\u00e4rarna upp sina erfarenheter f\u00f6r en st\u00f6rre publik. &hellip; <a href=\"https:\/\/blogs2.abo.fi\/matetemat\/hem-etusivu\/case-petalax\/\" class=\"more-link\">Forts\u00e4tt l\u00e4sa <span class=\"screen-reader-text\">Case Petalax<\/span> <span class=\"meta-nav\">&rarr;<\/span><\/a><\/p>\n","protected":false},"author":377,"featured_media":0,"parent":2,"menu_order":0,"comment_status":"closed","ping_status":"closed","template":"","meta":{"footnotes":""},"class_list":["post-99","page","type-page","status-publish","hentry"],"_links":{"self":[{"href":"https:\/\/blogs2.abo.fi\/matetemat\/wp-json\/wp\/v2\/pages\/99","targetHints":{"allow":["GET"]}}],"collection":[{"href":"https:\/\/blogs2.abo.fi\/matetemat\/wp-json\/wp\/v2\/pages"}],"about":[{"href":"https:\/\/blogs2.abo.fi\/matetemat\/wp-json\/wp\/v2\/types\/page"}],"author":[{"embeddable":true,"href":"https:\/\/blogs2.abo.fi\/matetemat\/wp-json\/wp\/v2\/users\/377"}],"replies":[{"embeddable":true,"href":"https:\/\/blogs2.abo.fi\/matetemat\/wp-json\/wp\/v2\/comments?post=99"}],"version-history":[{"count":7,"href":"https:\/\/blogs2.abo.fi\/matetemat\/wp-json\/wp\/v2\/pages\/99\/revisions"}],"predecessor-version":[{"id":150,"href":"https:\/\/blogs2.abo.fi\/matetemat\/wp-json\/wp\/v2\/pages\/99\/revisions\/150"}],"up":[{"embeddable":true,"href":"https:\/\/blogs2.abo.fi\/matetemat\/wp-json\/wp\/v2\/pages\/2"}],"wp:attachment":[{"href":"https:\/\/blogs2.abo.fi\/matetemat\/wp-json\/wp\/v2\/media?parent=99"}],"curies":[{"name":"wp","href":"https:\/\/api.w.org\/{rel}","templated":true}]}}