{"id":97,"date":"2017-11-24T07:54:20","date_gmt":"2017-11-24T07:54:20","guid":{"rendered":"http:\/\/blogs2.abo.fi\/matetemat\/?page_id=97"},"modified":"2018-01-29T09:05:03","modified_gmt":"2018-01-29T09:05:03","slug":"case-narpes","status":"publish","type":"page","link":"https:\/\/blogs2.abo.fi\/matetemat\/hem-etusivu\/case-narpes\/","title":{"rendered":"Case N\u00e4rpes"},"content":{"rendered":"<p><strong>I det projekt som genomf\u00f6rdes vid N\u00e4rpes h\u00f6gstadium gick l\u00e4rarna in f\u00f6r att tillsammans f\u00f6rs\u00f6ka f\u00e5 matematiken synlig i praktiken. L\u00e4rarna i sl\u00f6jdarterna, husliga ekonomin, bildkonsten och matematiken gjorde en grundlig genomg\u00e5ng av projektets m\u00e5ls\u00e4ttningar. En rent konkret syssla inf\u00f6r genomf\u00f6randet var \u00e4ven att synkronisera schemal\u00e4ggningen och \u00e4mnesuppl\u00e4gget s\u00e5 att genomf\u00f6randet skulle l\u00f6pa smidigt. Produkterna som gjordes f\u00f6ljde i sig det som skolan \u00e4ven tidigare gjort \u2013 medan nyt\u00e4nkandet fanns i att f\u00f6rs\u00f6ka medvetet skapa kopplingar mellan l\u00e4ro\u00e4mnena. L\u00e4rarna identifierade nya utvecklingsomr\u00e5den och konstaterade att exempelvis dokumenteringen och grunderna f\u00f6r utv\u00e4rdering kan g\u00f6ras mer \u00e4ndam\u00e5lsenliga vid f\u00f6ljande genomf\u00f6rande.<\/strong><\/p>\n<p>N\u00e4rpi\u00f6n yl\u00e4asteen projektissa opettajat p\u00e4\u00e4tyiv\u00e4t keskittym\u00e4\u00e4n matematiikan n\u00e4kyvyyteen ja k\u00e4ytett\u00e4vyyteen k\u00e4yt\u00e4nn\u00f6nl\u00e4heisiss\u00e4 tilanteissa. Projektissa k\u00e4sity\u00f6aineet, kuvaamataito, kotitalous ja matematiikka tekiv\u00e4t samankaltaisia t\u00f6it\u00e4 joita ollaan tehty my\u00f6s aikaisemmin, painopisteen\u00e4 oli nyt matematiikan k\u00e4ytett\u00e4vyys muissa oppiaineissa ja eri oppiaineiden mahdolliset yhtym\u00e4kohdat. Valmistelevassa ty\u00f6ss\u00e4 t\u00e4rke\u00e4n\u00e4 osana oli eri aineiden oppisis\u00e4lt\u00f6jen kartoitus ja synkronointi. Projektin edetess\u00e4 opettajat totesivat ett\u00e4 seuraavassa toteutuksessa arviointiin ja sen perusteisiin sek\u00e4 dokumentointiin on mielek\u00e4st\u00e4 panostaa enemm\u00e4n ty\u00f6t\u00e4.<\/p>\n<div id='gallery-1' class='gallery galleryid-97 gallery-columns-4 gallery-size-thumbnail'><figure class='gallery-item'>\n\t\t\t<div class='gallery-icon landscape'>\n\t\t\t\t<a href='https:\/\/blogs2.abo.fi\/matetemat\/hem-etusivu\/case-narpes\/skarmavbild-2018-01-26-kl-10-09-38\/'><img loading=\"lazy\" decoding=\"async\" width=\"150\" height=\"150\" src=\"https:\/\/blogs2.abo.fi\/matetemat\/wp-content\/uploads\/sites\/72\/2018\/01\/Sk\u00e4rmavbild-2018-01-26-kl.-10.09.38-150x150.png\" class=\"attachment-thumbnail size-thumbnail\" alt=\"\" \/><\/a>\n\t\t\t<\/div><\/figure><figure class='gallery-item'>\n\t\t\t<div class='gallery-icon landscape'>\n\t\t\t\t<a href='https:\/\/blogs2.abo.fi\/matetemat\/hem-etusivu\/case-narpes\/skarmavbild-2018-01-26-kl-10-09-47\/'><img loading=\"lazy\" decoding=\"async\" width=\"150\" height=\"150\" src=\"https:\/\/blogs2.abo.fi\/matetemat\/wp-content\/uploads\/sites\/72\/2018\/01\/Sk\u00e4rmavbild-2018-01-26-kl.-10.09.47-150x150.png\" class=\"attachment-thumbnail size-thumbnail\" alt=\"\" \/><\/a>\n\t\t\t<\/div><\/figure><figure class='gallery-item'>\n\t\t\t<div class='gallery-icon landscape'>\n\t\t\t\t<a href='https:\/\/blogs2.abo.fi\/matetemat\/hem-etusivu\/case-narpes\/skarmavbild-2018-01-26-kl-10-09-50\/'><img loading=\"lazy\" decoding=\"async\" width=\"150\" height=\"150\" src=\"https:\/\/blogs2.abo.fi\/matetemat\/wp-content\/uploads\/sites\/72\/2018\/01\/Sk\u00e4rmavbild-2018-01-26-kl.-10.09.50-150x150.png\" class=\"attachment-thumbnail size-thumbnail\" alt=\"\" \/><\/a>\n\t\t\t<\/div><\/figure><figure class='gallery-item'>\n\t\t\t<div class='gallery-icon landscape'>\n\t\t\t\t<a href='https:\/\/blogs2.abo.fi\/matetemat\/hem-etusivu\/case-narpes\/skarmavbild-2018-01-26-kl-10-09-52\/'><img loading=\"lazy\" decoding=\"async\" width=\"150\" height=\"150\" src=\"https:\/\/blogs2.abo.fi\/matetemat\/wp-content\/uploads\/sites\/72\/2018\/01\/Sk\u00e4rmavbild-2018-01-26-kl.-10.09.52-150x150.png\" class=\"attachment-thumbnail size-thumbnail\" alt=\"\" \/><\/a>\n\t\t\t<\/div><\/figure><figure class='gallery-item'>\n\t\t\t<div class='gallery-icon landscape'>\n\t\t\t\t<a href='https:\/\/blogs2.abo.fi\/matetemat\/hem-etusivu\/case-narpes\/skarmavbild-2018-01-26-kl-10-09-54\/'><img loading=\"lazy\" decoding=\"async\" width=\"150\" height=\"150\" src=\"https:\/\/blogs2.abo.fi\/matetemat\/wp-content\/uploads\/sites\/72\/2018\/01\/Sk\u00e4rmavbild-2018-01-26-kl.-10.09.54-150x150.png\" class=\"attachment-thumbnail size-thumbnail\" alt=\"\" \/><\/a>\n\t\t\t<\/div><\/figure><figure class='gallery-item'>\n\t\t\t<div class='gallery-icon landscape'>\n\t\t\t\t<a href='https:\/\/blogs2.abo.fi\/matetemat\/hem-etusivu\/case-narpes\/skarmavbild-2018-01-26-kl-10-09-57\/'><img loading=\"lazy\" decoding=\"async\" width=\"150\" height=\"150\" src=\"https:\/\/blogs2.abo.fi\/matetemat\/wp-content\/uploads\/sites\/72\/2018\/01\/Sk\u00e4rmavbild-2018-01-26-kl.-10.09.57-150x150.png\" class=\"attachment-thumbnail size-thumbnail\" alt=\"\" \/><\/a>\n\t\t\t<\/div><\/figure><figure class='gallery-item'>\n\t\t\t<div class='gallery-icon landscape'>\n\t\t\t\t<a href='https:\/\/blogs2.abo.fi\/matetemat\/hem-etusivu\/case-narpes\/skarmavbild-2018-01-26-kl-10-09-59\/'><img loading=\"lazy\" decoding=\"async\" width=\"150\" height=\"150\" src=\"https:\/\/blogs2.abo.fi\/matetemat\/wp-content\/uploads\/sites\/72\/2018\/01\/Sk\u00e4rmavbild-2018-01-26-kl.-10.09.59-150x150.png\" class=\"attachment-thumbnail size-thumbnail\" alt=\"\" \/><\/a>\n\t\t\t<\/div><\/figure><figure class='gallery-item'>\n\t\t\t<div class='gallery-icon landscape'>\n\t\t\t\t<a href='https:\/\/blogs2.abo.fi\/matetemat\/hem-etusivu\/case-narpes\/skarmavbild-2018-01-26-kl-10-10-01\/'><img loading=\"lazy\" decoding=\"async\" width=\"150\" height=\"150\" src=\"https:\/\/blogs2.abo.fi\/matetemat\/wp-content\/uploads\/sites\/72\/2018\/01\/Sk\u00e4rmavbild-2018-01-26-kl.-10.10.01-150x150.png\" class=\"attachment-thumbnail size-thumbnail\" alt=\"\" \/><\/a>\n\t\t\t<\/div><\/figure><figure class='gallery-item'>\n\t\t\t<div class='gallery-icon landscape'>\n\t\t\t\t<a href='https:\/\/blogs2.abo.fi\/matetemat\/hem-etusivu\/case-narpes\/skarmavbild-2018-01-26-kl-10-10-03\/'><img loading=\"lazy\" decoding=\"async\" width=\"150\" height=\"150\" src=\"https:\/\/blogs2.abo.fi\/matetemat\/wp-content\/uploads\/sites\/72\/2018\/01\/Sk\u00e4rmavbild-2018-01-26-kl.-10.10.03-150x150.png\" class=\"attachment-thumbnail size-thumbnail\" alt=\"\" \/><\/a>\n\t\t\t<\/div><\/figure><figure class='gallery-item'>\n\t\t\t<div class='gallery-icon landscape'>\n\t\t\t\t<a href='https:\/\/blogs2.abo.fi\/matetemat\/hem-etusivu\/case-narpes\/skarmavbild-2018-01-26-kl-10-10-06\/'><img loading=\"lazy\" decoding=\"async\" width=\"150\" height=\"150\" src=\"https:\/\/blogs2.abo.fi\/matetemat\/wp-content\/uploads\/sites\/72\/2018\/01\/Sk\u00e4rmavbild-2018-01-26-kl.-10.10.06-150x150.png\" class=\"attachment-thumbnail size-thumbnail\" alt=\"\" \/><\/a>\n\t\t\t<\/div><\/figure><figure class='gallery-item'>\n\t\t\t<div class='gallery-icon landscape'>\n\t\t\t\t<a href='https:\/\/blogs2.abo.fi\/matetemat\/hem-etusivu\/case-narpes\/skarmavbild-2018-01-26-kl-10-10-08\/'><img loading=\"lazy\" decoding=\"async\" width=\"150\" height=\"150\" src=\"https:\/\/blogs2.abo.fi\/matetemat\/wp-content\/uploads\/sites\/72\/2018\/01\/Sk\u00e4rmavbild-2018-01-26-kl.-10.10.08-150x150.png\" class=\"attachment-thumbnail size-thumbnail\" alt=\"\" \/><\/a>\n\t\t\t<\/div><\/figure><figure class='gallery-item'>\n\t\t\t<div class='gallery-icon landscape'>\n\t\t\t\t<a href='https:\/\/blogs2.abo.fi\/matetemat\/hem-etusivu\/case-narpes\/skarmavbild-2018-01-26-kl-10-10-10\/'><img loading=\"lazy\" decoding=\"async\" width=\"150\" height=\"150\" src=\"https:\/\/blogs2.abo.fi\/matetemat\/wp-content\/uploads\/sites\/72\/2018\/01\/Sk\u00e4rmavbild-2018-01-26-kl.-10.10.10-150x150.png\" class=\"attachment-thumbnail size-thumbnail\" alt=\"\" \/><\/a>\n\t\t\t<\/div><\/figure><figure class='gallery-item'>\n\t\t\t<div class='gallery-icon landscape'>\n\t\t\t\t<a href='https:\/\/blogs2.abo.fi\/matetemat\/hem-etusivu\/case-narpes\/skarmavbild-2018-01-26-kl-10-10-12\/'><img loading=\"lazy\" decoding=\"async\" width=\"150\" height=\"150\" src=\"https:\/\/blogs2.abo.fi\/matetemat\/wp-content\/uploads\/sites\/72\/2018\/01\/Sk\u00e4rmavbild-2018-01-26-kl.-10.10.12-150x150.png\" class=\"attachment-thumbnail size-thumbnail\" alt=\"\" \/><\/a>\n\t\t\t<\/div><\/figure><figure class='gallery-item'>\n\t\t\t<div class='gallery-icon landscape'>\n\t\t\t\t<a href='https:\/\/blogs2.abo.fi\/matetemat\/hem-etusivu\/case-narpes\/skarmavbild-2018-01-26-kl-10-10-13\/'><img loading=\"lazy\" decoding=\"async\" width=\"150\" height=\"150\" src=\"https:\/\/blogs2.abo.fi\/matetemat\/wp-content\/uploads\/sites\/72\/2018\/01\/Sk\u00e4rmavbild-2018-01-26-kl.-10.10.13-150x150.png\" class=\"attachment-thumbnail size-thumbnail\" alt=\"\" \/><\/a>\n\t\t\t<\/div><\/figure><figure class='gallery-item'>\n\t\t\t<div class='gallery-icon landscape'>\n\t\t\t\t<a href='https:\/\/blogs2.abo.fi\/matetemat\/hem-etusivu\/case-narpes\/skarmavbild-2018-01-26-kl-10-10-15\/'><img loading=\"lazy\" decoding=\"async\" width=\"150\" height=\"150\" src=\"https:\/\/blogs2.abo.fi\/matetemat\/wp-content\/uploads\/sites\/72\/2018\/01\/Sk\u00e4rmavbild-2018-01-26-kl.-10.10.15-150x150.png\" class=\"attachment-thumbnail size-thumbnail\" alt=\"\" \/><\/a>\n\t\t\t<\/div><\/figure><figure class='gallery-item'>\n\t\t\t<div class='gallery-icon landscape'>\n\t\t\t\t<a href='https:\/\/blogs2.abo.fi\/matetemat\/hem-etusivu\/case-narpes\/skarmavbild-2018-01-26-kl-10-10-17\/'><img loading=\"lazy\" decoding=\"async\" width=\"150\" height=\"150\" src=\"https:\/\/blogs2.abo.fi\/matetemat\/wp-content\/uploads\/sites\/72\/2018\/01\/Sk\u00e4rmavbild-2018-01-26-kl.-10.10.17-150x150.png\" class=\"attachment-thumbnail size-thumbnail\" alt=\"\" \/><\/a>\n\t\t\t<\/div><\/figure><figure class='gallery-item'>\n\t\t\t<div class='gallery-icon landscape'>\n\t\t\t\t<a href='https:\/\/blogs2.abo.fi\/matetemat\/hem-etusivu\/case-narpes\/skarmavbild-2018-01-26-kl-10-10-18\/'><img loading=\"lazy\" decoding=\"async\" width=\"150\" height=\"150\" src=\"https:\/\/blogs2.abo.fi\/matetemat\/wp-content\/uploads\/sites\/72\/2018\/01\/Sk\u00e4rmavbild-2018-01-26-kl.-10.10.18-150x150.png\" class=\"attachment-thumbnail size-thumbnail\" alt=\"\" \/><\/a>\n\t\t\t<\/div><\/figure><figure class='gallery-item'>\n\t\t\t<div class='gallery-icon landscape'>\n\t\t\t\t<a href='https:\/\/blogs2.abo.fi\/matetemat\/hem-etusivu\/case-narpes\/skarmavbild-2018-01-26-kl-10-10-20\/'><img loading=\"lazy\" decoding=\"async\" width=\"150\" height=\"150\" src=\"https:\/\/blogs2.abo.fi\/matetemat\/wp-content\/uploads\/sites\/72\/2018\/01\/Sk\u00e4rmavbild-2018-01-26-kl.-10.10.20-150x150.png\" class=\"attachment-thumbnail size-thumbnail\" alt=\"\" \/><\/a>\n\t\t\t<\/div><\/figure><figure class='gallery-item'>\n\t\t\t<div class='gallery-icon landscape'>\n\t\t\t\t<a href='https:\/\/blogs2.abo.fi\/matetemat\/hem-etusivu\/case-narpes\/skarmavbild-2018-01-26-kl-10-10-24\/'><img loading=\"lazy\" decoding=\"async\" width=\"150\" height=\"150\" src=\"https:\/\/blogs2.abo.fi\/matetemat\/wp-content\/uploads\/sites\/72\/2018\/01\/Sk\u00e4rmavbild-2018-01-26-kl.-10.10.24-150x150.png\" class=\"attachment-thumbnail size-thumbnail\" alt=\"\" \/><\/a>\n\t\t\t<\/div><\/figure><figure class='gallery-item'>\n\t\t\t<div class='gallery-icon landscape'>\n\t\t\t\t<a href='https:\/\/blogs2.abo.fi\/matetemat\/hem-etusivu\/case-narpes\/skarmavbild-2018-01-26-kl-10-10-30\/'><img loading=\"lazy\" decoding=\"async\" width=\"150\" height=\"150\" src=\"https:\/\/blogs2.abo.fi\/matetemat\/wp-content\/uploads\/sites\/72\/2018\/01\/Sk\u00e4rmavbild-2018-01-26-kl.-10.10.30-150x150.png\" class=\"attachment-thumbnail size-thumbnail\" alt=\"\" \/><\/a>\n\t\t\t<\/div><\/figure><figure class='gallery-item'>\n\t\t\t<div class='gallery-icon landscape'>\n\t\t\t\t<a href='https:\/\/blogs2.abo.fi\/matetemat\/hem-etusivu\/case-narpes\/skarmavbild-2018-01-26-kl-10-10-35\/'><img loading=\"lazy\" decoding=\"async\" width=\"150\" height=\"150\" src=\"https:\/\/blogs2.abo.fi\/matetemat\/wp-content\/uploads\/sites\/72\/2018\/01\/Sk\u00e4rmavbild-2018-01-26-kl.-10.10.35-150x150.png\" class=\"attachment-thumbnail size-thumbnail\" alt=\"\" \/><\/a>\n\t\t\t<\/div><\/figure><figure class='gallery-item'>\n\t\t\t<div class='gallery-icon landscape'>\n\t\t\t\t<a href='https:\/\/blogs2.abo.fi\/matetemat\/hem-etusivu\/case-narpes\/skarmavbild-2018-01-26-kl-10-10-42\/'><img loading=\"lazy\" decoding=\"async\" width=\"150\" height=\"150\" src=\"https:\/\/blogs2.abo.fi\/matetemat\/wp-content\/uploads\/sites\/72\/2018\/01\/Sk\u00e4rmavbild-2018-01-26-kl.-10.10.42-150x150.png\" class=\"attachment-thumbnail size-thumbnail\" alt=\"\" \/><\/a>\n\t\t\t<\/div><\/figure><figure class='gallery-item'>\n\t\t\t<div class='gallery-icon landscape'>\n\t\t\t\t<a href='https:\/\/blogs2.abo.fi\/matetemat\/hem-etusivu\/case-narpes\/skarmavbild-2018-01-26-kl-10-10-53\/'><img loading=\"lazy\" decoding=\"async\" width=\"150\" height=\"150\" src=\"https:\/\/blogs2.abo.fi\/matetemat\/wp-content\/uploads\/sites\/72\/2018\/01\/Sk\u00e4rmavbild-2018-01-26-kl.-10.10.53-150x150.png\" class=\"attachment-thumbnail size-thumbnail\" alt=\"\" \/><\/a>\n\t\t\t<\/div><\/figure><figure class='gallery-item'>\n\t\t\t<div class='gallery-icon landscape'>\n\t\t\t\t<a href='https:\/\/blogs2.abo.fi\/matetemat\/hem-etusivu\/case-narpes\/skarmavbild-2018-01-26-kl-10-10-58\/'><img loading=\"lazy\" decoding=\"async\" width=\"150\" height=\"150\" src=\"https:\/\/blogs2.abo.fi\/matetemat\/wp-content\/uploads\/sites\/72\/2018\/01\/Sk\u00e4rmavbild-2018-01-26-kl.-10.10.58-150x150.png\" class=\"attachment-thumbnail size-thumbnail\" alt=\"\" \/><\/a>\n\t\t\t<\/div><\/figure><figure class='gallery-item'>\n\t\t\t<div class='gallery-icon landscape'>\n\t\t\t\t<a href='https:\/\/blogs2.abo.fi\/matetemat\/hem-etusivu\/case-narpes\/skarmavbild-2018-01-26-kl-10-11-00\/'><img loading=\"lazy\" decoding=\"async\" width=\"150\" height=\"150\" src=\"https:\/\/blogs2.abo.fi\/matetemat\/wp-content\/uploads\/sites\/72\/2018\/01\/Sk\u00e4rmavbild-2018-01-26-kl.-10.11.00-150x150.png\" class=\"attachment-thumbnail size-thumbnail\" alt=\"\" \/><\/a>\n\t\t\t<\/div><\/figure><figure class='gallery-item'>\n\t\t\t<div class='gallery-icon landscape'>\n\t\t\t\t<a href='https:\/\/blogs2.abo.fi\/matetemat\/hem-etusivu\/case-narpes\/skarmavbild-2018-01-26-kl-10-11-04\/'><img loading=\"lazy\" decoding=\"async\" width=\"150\" height=\"150\" src=\"https:\/\/blogs2.abo.fi\/matetemat\/wp-content\/uploads\/sites\/72\/2018\/01\/Sk\u00e4rmavbild-2018-01-26-kl.-10.11.04-150x150.png\" class=\"attachment-thumbnail size-thumbnail\" alt=\"\" \/><\/a>\n\t\t\t<\/div><\/figure><figure class='gallery-item'>\n\t\t\t<div class='gallery-icon landscape'>\n\t\t\t\t<a href='https:\/\/blogs2.abo.fi\/matetemat\/hem-etusivu\/case-narpes\/skarmavbild-2018-01-26-kl-10-11-07\/'><img loading=\"lazy\" decoding=\"async\" width=\"150\" height=\"150\" src=\"https:\/\/blogs2.abo.fi\/matetemat\/wp-content\/uploads\/sites\/72\/2018\/01\/Sk\u00e4rmavbild-2018-01-26-kl.-10.11.07-150x150.png\" class=\"attachment-thumbnail size-thumbnail\" alt=\"\" \/><\/a>\n\t\t\t<\/div><\/figure><figure class='gallery-item'>\n\t\t\t<div class='gallery-icon landscape'>\n\t\t\t\t<a href='https:\/\/blogs2.abo.fi\/matetemat\/hem-etusivu\/case-narpes\/skarmavbild-2018-01-26-kl-10-11-10\/'><img loading=\"lazy\" decoding=\"async\" width=\"150\" height=\"150\" src=\"https:\/\/blogs2.abo.fi\/matetemat\/wp-content\/uploads\/sites\/72\/2018\/01\/Sk\u00e4rmavbild-2018-01-26-kl.-10.11.10-150x150.png\" class=\"attachment-thumbnail size-thumbnail\" alt=\"\" \/><\/a>\n\t\t\t<\/div><\/figure><figure class='gallery-item'>\n\t\t\t<div class='gallery-icon landscape'>\n\t\t\t\t<a href='https:\/\/blogs2.abo.fi\/matetemat\/hem-etusivu\/case-narpes\/skarmavbild-2018-01-26-kl-10-11-12\/'><img loading=\"lazy\" decoding=\"async\" width=\"150\" height=\"150\" src=\"https:\/\/blogs2.abo.fi\/matetemat\/wp-content\/uploads\/sites\/72\/2018\/01\/Sk\u00e4rmavbild-2018-01-26-kl.-10.11.12-150x150.png\" class=\"attachment-thumbnail size-thumbnail\" alt=\"\" \/><\/a>\n\t\t\t<\/div><\/figure><figure class='gallery-item'>\n\t\t\t<div class='gallery-icon landscape'>\n\t\t\t\t<a href='https:\/\/blogs2.abo.fi\/matetemat\/hem-etusivu\/case-narpes\/skarmavbild-2018-01-26-kl-10-11-15\/'><img loading=\"lazy\" decoding=\"async\" width=\"150\" height=\"150\" src=\"https:\/\/blogs2.abo.fi\/matetemat\/wp-content\/uploads\/sites\/72\/2018\/01\/Sk\u00e4rmavbild-2018-01-26-kl.-10.11.15-150x150.png\" class=\"attachment-thumbnail size-thumbnail\" alt=\"\" \/><\/a>\n\t\t\t<\/div><\/figure><figure class='gallery-item'>\n\t\t\t<div class='gallery-icon landscape'>\n\t\t\t\t<a href='https:\/\/blogs2.abo.fi\/matetemat\/hem-etusivu\/case-narpes\/skarmavbild-2018-01-26-kl-10-11-18\/'><img loading=\"lazy\" decoding=\"async\" width=\"150\" height=\"150\" src=\"https:\/\/blogs2.abo.fi\/matetemat\/wp-content\/uploads\/sites\/72\/2018\/01\/Sk\u00e4rmavbild-2018-01-26-kl.-10.11.18-150x150.png\" class=\"attachment-thumbnail size-thumbnail\" alt=\"\" \/><\/a>\n\t\t\t<\/div><\/figure><figure class='gallery-item'>\n\t\t\t<div class='gallery-icon landscape'>\n\t\t\t\t<a href='https:\/\/blogs2.abo.fi\/matetemat\/hem-etusivu\/case-narpes\/skarmavbild-2018-01-26-kl-10-11-20\/'><img loading=\"lazy\" decoding=\"async\" width=\"150\" height=\"150\" src=\"https:\/\/blogs2.abo.fi\/matetemat\/wp-content\/uploads\/sites\/72\/2018\/01\/Sk\u00e4rmavbild-2018-01-26-kl.-10.11.20-150x150.png\" class=\"attachment-thumbnail size-thumbnail\" alt=\"\" \/><\/a>\n\t\t\t<\/div><\/figure><figure class='gallery-item'>\n\t\t\t<div class='gallery-icon landscape'>\n\t\t\t\t<a href='https:\/\/blogs2.abo.fi\/matetemat\/hem-etusivu\/case-narpes\/skarmavbild-2018-01-26-kl-10-11-23\/'><img loading=\"lazy\" decoding=\"async\" width=\"150\" height=\"150\" src=\"https:\/\/blogs2.abo.fi\/matetemat\/wp-content\/uploads\/sites\/72\/2018\/01\/Sk\u00e4rmavbild-2018-01-26-kl.-10.11.23-150x150.png\" class=\"attachment-thumbnail size-thumbnail\" alt=\"\" \/><\/a>\n\t\t\t<\/div><\/figure>\n\t\t<\/div>\n\n","protected":false},"excerpt":{"rendered":"<p>I det projekt som genomf\u00f6rdes vid N\u00e4rpes h\u00f6gstadium gick l\u00e4rarna in f\u00f6r att tillsammans f\u00f6rs\u00f6ka f\u00e5 matematiken synlig i praktiken. L\u00e4rarna i sl\u00f6jdarterna, husliga ekonomin, bildkonsten och matematiken gjorde en grundlig genomg\u00e5ng av projektets m\u00e5ls\u00e4ttningar. En rent konkret syssla inf\u00f6r genomf\u00f6randet var \u00e4ven att synkronisera schemal\u00e4ggningen och \u00e4mnesuppl\u00e4gget s\u00e5 att genomf\u00f6randet skulle l\u00f6pa smidigt. Produkterna &hellip; <a href=\"https:\/\/blogs2.abo.fi\/matetemat\/hem-etusivu\/case-narpes\/\" class=\"more-link\">Forts\u00e4tt l\u00e4sa <span class=\"screen-reader-text\">Case N\u00e4rpes<\/span> <span class=\"meta-nav\">&rarr;<\/span><\/a><\/p>\n","protected":false},"author":377,"featured_media":0,"parent":2,"menu_order":0,"comment_status":"closed","ping_status":"closed","template":"","meta":{"footnotes":""},"class_list":["post-97","page","type-page","status-publish","hentry"],"_links":{"self":[{"href":"https:\/\/blogs2.abo.fi\/matetemat\/wp-json\/wp\/v2\/pages\/97","targetHints":{"allow":["GET"]}}],"collection":[{"href":"https:\/\/blogs2.abo.fi\/matetemat\/wp-json\/wp\/v2\/pages"}],"about":[{"href":"https:\/\/blogs2.abo.fi\/matetemat\/wp-json\/wp\/v2\/types\/page"}],"author":[{"embeddable":true,"href":"https:\/\/blogs2.abo.fi\/matetemat\/wp-json\/wp\/v2\/users\/377"}],"replies":[{"embeddable":true,"href":"https:\/\/blogs2.abo.fi\/matetemat\/wp-json\/wp\/v2\/comments?post=97"}],"version-history":[{"count":5,"href":"https:\/\/blogs2.abo.fi\/matetemat\/wp-json\/wp\/v2\/pages\/97\/revisions"}],"predecessor-version":[{"id":189,"href":"https:\/\/blogs2.abo.fi\/matetemat\/wp-json\/wp\/v2\/pages\/97\/revisions\/189"}],"up":[{"embeddable":true,"href":"https:\/\/blogs2.abo.fi\/matetemat\/wp-json\/wp\/v2\/pages\/2"}],"wp:attachment":[{"href":"https:\/\/blogs2.abo.fi\/matetemat\/wp-json\/wp\/v2\/media?parent=97"}],"curies":[{"name":"wp","href":"https:\/\/api.w.org\/{rel}","templated":true}]}}