{"id":95,"date":"2017-11-24T07:54:05","date_gmt":"2017-11-24T07:54:05","guid":{"rendered":"http:\/\/blogs2.abo.fi\/matetemat\/?page_id=95"},"modified":"2018-01-26T08:06:43","modified_gmt":"2018-01-26T08:06:43","slug":"case-korsholm","status":"publish","type":"page","link":"https:\/\/blogs2.abo.fi\/matetemat\/hem-etusivu\/case-korsholm\/","title":{"rendered":"Case Korsholm"},"content":{"rendered":"<p><strong>Vid Korsholms h\u00f6gstadium valdes temat utg\u00e5ende fr\u00e5n Finland 100 \u00e5r. Temat f\u00f6r arbetet \u201dhalv fem i hundra \u00e5r\u201d fick inspiration fr\u00e5n realityserien \u201dhalv \u00e5tta hos mig\u201d med den skillnaden att uppl\u00e4gget i Korsholm tog fasta p\u00e5 vardagsmat och hur denna f\u00f6r\u00e4ndrats under Finlands sj\u00e4lvst\u00e4ndighetstid. I genomf\u00f6randet involverades l\u00e4rare fr\u00e5n matematiken, sl\u00f6jdarterna, husliga ekonomin och historia.<\/strong><\/p>\n<p><strong>Elevernas arbete inom <em>Halv fem i hundra<\/em> \u00e5r p\u00e5gick under en kalendervecka. L\u00e4rarna konstaterar att det f\u00f6rberedande arbetet f\u00f6ruts\u00e4tter tid och att ansvaret \u00e4r tydligt f\u00f6rdelat mellan de deltagande l\u00e4rarna. En l\u00e4rdom \u00e4r enligt l\u00e4rarna att det kan vara utmanande att genomf\u00f6ra ett projekt med m\u00e5nga involverade \u00e4mnen under en kalendervecka \u2013 t\u00e4nk allts\u00e5 p\u00e5 m\u00f6jligheten att l\u00e5ta elevernas jobb ta lite l\u00e4ngre tid.<\/strong><\/p>\n<p>Mustasaaren ruotsinkielisell\u00e4 yl\u00e4asteella (Korsholms h\u00f6gstadium) eheytt\u00e4v\u00e4n opetuksen teemaksi valkoitui \u201dpuoli viisi sadan vuoden aikana\u201d. Projektissa haluttiin tuoda esiin arkiruoan muuttumista suomen itsen\u00e4isyyden aikana. Suunnitteluun ja toteutukseen osallistui matematiikan, kotitalouden ja k\u00e4sity\u00f6aineiden lis\u00e4ksi my\u00f6s historia.<\/p>\n<p>K\u00e4yt\u00e4nn\u00f6n toteutus tehtiin yhden viikon aikana kun koulun lukukausisuunnitelmassa oli varattu aikaa eheytt\u00e4v\u00e4n opetuksen toteutukselle. Opettajat totesivat ett\u00e4 suunnittelu vaatii aikaa ja selv\u00e4\u00e4 vastuunjakoa. Seuraavilla toteutuskerroilla olisi my\u00f6s mielek\u00e4st\u00e4 pident\u00e4\u00e4 oppilaiden ty\u00f6aikaa nykyisest\u00e4 viikon ajasta pidemm\u00e4ksi kokonaisuudeksi.<\/p>\n<div id='gallery-1' class='gallery galleryid-95 gallery-columns-3 gallery-size-thumbnail'><figure class='gallery-item'>\n\t\t\t<div class='gallery-icon landscape'>\n\t\t\t\t<a href='https:\/\/blogs2.abo.fi\/matetemat\/hem-etusivu\/case-korsholm\/skarmavbild-2018-01-15-kl-15-25-39\/'><img loading=\"lazy\" decoding=\"async\" width=\"150\" height=\"150\" src=\"https:\/\/blogs2.abo.fi\/matetemat\/wp-content\/uploads\/sites\/72\/2018\/01\/Sk\u00e4rmavbild-2018-01-15-kl.-15.25.39-150x150.png\" class=\"attachment-thumbnail size-thumbnail\" alt=\"\" \/><\/a>\n\t\t\t<\/div><\/figure><figure class='gallery-item'>\n\t\t\t<div class='gallery-icon landscape'>\n\t\t\t\t<a href='https:\/\/blogs2.abo.fi\/matetemat\/hem-etusivu\/case-korsholm\/skarmavbild-2018-01-15-kl-15-26-01\/'><img loading=\"lazy\" decoding=\"async\" width=\"150\" height=\"150\" src=\"https:\/\/blogs2.abo.fi\/matetemat\/wp-content\/uploads\/sites\/72\/2018\/01\/Sk\u00e4rmavbild-2018-01-15-kl.-15.26.01-150x150.png\" class=\"attachment-thumbnail size-thumbnail\" alt=\"\" \/><\/a>\n\t\t\t<\/div><\/figure><figure class='gallery-item'>\n\t\t\t<div class='gallery-icon landscape'>\n\t\t\t\t<a href='https:\/\/blogs2.abo.fi\/matetemat\/hem-etusivu\/case-korsholm\/skarmavbild-2018-01-15-kl-15-26-04\/'><img loading=\"lazy\" decoding=\"async\" width=\"150\" height=\"150\" src=\"https:\/\/blogs2.abo.fi\/matetemat\/wp-content\/uploads\/sites\/72\/2018\/01\/Sk\u00e4rmavbild-2018-01-15-kl.-15.26.04-150x150.png\" class=\"attachment-thumbnail size-thumbnail\" alt=\"\" \/><\/a>\n\t\t\t<\/div><\/figure><figure class='gallery-item'>\n\t\t\t<div class='gallery-icon landscape'>\n\t\t\t\t<a href='https:\/\/blogs2.abo.fi\/matetemat\/hem-etusivu\/case-korsholm\/skarmavbild-2018-01-15-kl-15-26-06\/'><img loading=\"lazy\" decoding=\"async\" width=\"150\" height=\"150\" src=\"https:\/\/blogs2.abo.fi\/matetemat\/wp-content\/uploads\/sites\/72\/2018\/01\/Sk\u00e4rmavbild-2018-01-15-kl.-15.26.06-150x150.png\" class=\"attachment-thumbnail size-thumbnail\" alt=\"\" \/><\/a>\n\t\t\t<\/div><\/figure><figure class='gallery-item'>\n\t\t\t<div class='gallery-icon landscape'>\n\t\t\t\t<a href='https:\/\/blogs2.abo.fi\/matetemat\/hem-etusivu\/case-korsholm\/skarmavbild-2018-01-15-kl-15-26-08\/'><img loading=\"lazy\" decoding=\"async\" width=\"150\" height=\"150\" src=\"https:\/\/blogs2.abo.fi\/matetemat\/wp-content\/uploads\/sites\/72\/2018\/01\/Sk\u00e4rmavbild-2018-01-15-kl.-15.26.08-150x150.png\" class=\"attachment-thumbnail size-thumbnail\" alt=\"\" \/><\/a>\n\t\t\t<\/div><\/figure><figure class='gallery-item'>\n\t\t\t<div class='gallery-icon landscape'>\n\t\t\t\t<a href='https:\/\/blogs2.abo.fi\/matetemat\/hem-etusivu\/case-korsholm\/skarmavbild-2018-01-15-kl-15-26-09\/'><img loading=\"lazy\" decoding=\"async\" width=\"150\" height=\"150\" src=\"https:\/\/blogs2.abo.fi\/matetemat\/wp-content\/uploads\/sites\/72\/2018\/01\/Sk\u00e4rmavbild-2018-01-15-kl.-15.26.09-150x150.png\" class=\"attachment-thumbnail size-thumbnail\" alt=\"\" \/><\/a>\n\t\t\t<\/div><\/figure><figure class='gallery-item'>\n\t\t\t<div class='gallery-icon landscape'>\n\t\t\t\t<a href='https:\/\/blogs2.abo.fi\/matetemat\/hem-etusivu\/case-korsholm\/skarmavbild-2018-01-15-kl-15-26-11\/'><img loading=\"lazy\" decoding=\"async\" width=\"150\" height=\"150\" src=\"https:\/\/blogs2.abo.fi\/matetemat\/wp-content\/uploads\/sites\/72\/2018\/01\/Sk\u00e4rmavbild-2018-01-15-kl.-15.26.11-150x150.png\" class=\"attachment-thumbnail size-thumbnail\" alt=\"\" \/><\/a>\n\t\t\t<\/div><\/figure><figure class='gallery-item'>\n\t\t\t<div class='gallery-icon landscape'>\n\t\t\t\t<a href='https:\/\/blogs2.abo.fi\/matetemat\/hem-etusivu\/case-korsholm\/skarmavbild-2018-01-15-kl-15-26-15\/'><img loading=\"lazy\" decoding=\"async\" width=\"150\" height=\"150\" src=\"https:\/\/blogs2.abo.fi\/matetemat\/wp-content\/uploads\/sites\/72\/2018\/01\/Sk\u00e4rmavbild-2018-01-15-kl.-15.26.15-150x150.png\" class=\"attachment-thumbnail size-thumbnail\" alt=\"\" \/><\/a>\n\t\t\t<\/div><\/figure><figure class='gallery-item'>\n\t\t\t<div class='gallery-icon landscape'>\n\t\t\t\t<a href='https:\/\/blogs2.abo.fi\/matetemat\/hem-etusivu\/case-korsholm\/skarmavbild-2018-01-15-kl-15-26-20\/'><img loading=\"lazy\" decoding=\"async\" width=\"150\" height=\"150\" src=\"https:\/\/blogs2.abo.fi\/matetemat\/wp-content\/uploads\/sites\/72\/2018\/01\/Sk\u00e4rmavbild-2018-01-15-kl.-15.26.20-150x150.png\" class=\"attachment-thumbnail size-thumbnail\" alt=\"\" \/><\/a>\n\t\t\t<\/div><\/figure>\n\t\t<\/div>\n\n<p>&nbsp;<\/p>\n","protected":false},"excerpt":{"rendered":"<p>Vid Korsholms h\u00f6gstadium valdes temat utg\u00e5ende fr\u00e5n Finland 100 \u00e5r. Temat f\u00f6r arbetet \u201dhalv fem i hundra \u00e5r\u201d fick inspiration fr\u00e5n realityserien \u201dhalv \u00e5tta hos mig\u201d med den skillnaden att uppl\u00e4gget i Korsholm tog fasta p\u00e5 vardagsmat och hur denna f\u00f6r\u00e4ndrats under Finlands sj\u00e4lvst\u00e4ndighetstid. I genomf\u00f6randet involverades l\u00e4rare fr\u00e5n matematiken, sl\u00f6jdarterna, husliga ekonomin och historia. &hellip; <a href=\"https:\/\/blogs2.abo.fi\/matetemat\/hem-etusivu\/case-korsholm\/\" class=\"more-link\">Forts\u00e4tt l\u00e4sa <span class=\"screen-reader-text\">Case Korsholm<\/span> <span class=\"meta-nav\">&rarr;<\/span><\/a><\/p>\n","protected":false},"author":377,"featured_media":0,"parent":2,"menu_order":0,"comment_status":"closed","ping_status":"closed","template":"","meta":{"footnotes":""},"class_list":["post-95","page","type-page","status-publish","hentry"],"_links":{"self":[{"href":"https:\/\/blogs2.abo.fi\/matetemat\/wp-json\/wp\/v2\/pages\/95","targetHints":{"allow":["GET"]}}],"collection":[{"href":"https:\/\/blogs2.abo.fi\/matetemat\/wp-json\/wp\/v2\/pages"}],"about":[{"href":"https:\/\/blogs2.abo.fi\/matetemat\/wp-json\/wp\/v2\/types\/page"}],"author":[{"embeddable":true,"href":"https:\/\/blogs2.abo.fi\/matetemat\/wp-json\/wp\/v2\/users\/377"}],"replies":[{"embeddable":true,"href":"https:\/\/blogs2.abo.fi\/matetemat\/wp-json\/wp\/v2\/comments?post=95"}],"version-history":[{"count":4,"href":"https:\/\/blogs2.abo.fi\/matetemat\/wp-json\/wp\/v2\/pages\/95\/revisions"}],"predecessor-version":[{"id":145,"href":"https:\/\/blogs2.abo.fi\/matetemat\/wp-json\/wp\/v2\/pages\/95\/revisions\/145"}],"up":[{"embeddable":true,"href":"https:\/\/blogs2.abo.fi\/matetemat\/wp-json\/wp\/v2\/pages\/2"}],"wp:attachment":[{"href":"https:\/\/blogs2.abo.fi\/matetemat\/wp-json\/wp\/v2\/media?parent=95"}],"curies":[{"name":"wp","href":"https:\/\/api.w.org\/{rel}","templated":true}]}}