{"id":53,"date":"2017-11-13T11:22:45","date_gmt":"2017-11-13T11:22:45","guid":{"rendered":"http:\/\/blogs2.abo.fi\/matetemat\/?page_id=53"},"modified":"2017-11-13T11:22:45","modified_gmt":"2017-11-13T11:22:45","slug":"skrivet-om-projektet-hankkeesta-kirjoitettua","status":"publish","type":"page","link":"https:\/\/blogs2.abo.fi\/matetemat\/skrivet-om-projektet-hankkeesta-kirjoitettua\/","title":{"rendered":"Skrivet om projektet &#8211; Hankkeesta kirjoitettua"},"content":{"rendered":"<p><strong>\u201dPlanering \u00e4r A och O f\u00f6r att ett helhetsskapande projekt skall lyckas. B\u00f6rja i god tid att planerna projektets uppl\u00e4gg, och se till att alla inblandade l\u00e4rare aktivt deltar\u201d. \u00c4mnesl\u00e4rare Malin Ingves beskriver i sin artikel\u00a0<em>Helhetsskapande undervisning \u2013 erfarenheter och r\u00e5d\u00a0<\/em>om samlade\u00a0erfarenheter fr\u00e5n de tre skolor som deltagit i LUMA-projektet Mat(\u00e9)-tema(t).\u00a0<\/strong><\/p>\n<p>\u201dMonialisissa oppimiskokonaisuuksissa suunnittelu on kaiken A ja O. Aloita \u00a0hyviss\u00e4 ajoin, suunnittele kokonaisuus ja varmista, ett\u00e4 kaikki projektiin osallistuvat opettajat ovat aktiivisesti mukana\u201d. Matematiikan, kemian ja fysiikan aineenopettaja Malin Ingves kirjoittaa arikkelissaan\u00a0<em>Helhetsskapande undervisning \u2013 erfarenheter och r\u00e5d\u00a0<\/em>LUMA-hankkeesta saaduista kokemuksista, ja listaa k\u00e4yt\u00e4nn\u00f6n vinkkej\u00e4 opettajille ja kouluille jotka ovat toteuttamassa monialaisia projekteja.<\/p>\n<p>L\u00e4s hela artikeln\/lue koko artikkeli\u00a0<em>Helhetsskapande undervisning \u2013 erfarenheter och r\u00e5d\u00a0<\/em><\/p>\n","protected":false},"excerpt":{"rendered":"<p>\u201dPlanering \u00e4r A och O f\u00f6r att ett helhetsskapande projekt skall lyckas. B\u00f6rja i god tid att planerna projektets uppl\u00e4gg, och se till att alla inblandade l\u00e4rare aktivt deltar\u201d. \u00c4mnesl\u00e4rare Malin Ingves beskriver i sin artikel\u00a0Helhetsskapande undervisning \u2013 erfarenheter och r\u00e5d\u00a0om samlade\u00a0erfarenheter fr\u00e5n de tre skolor som deltagit i LUMA-projektet Mat(\u00e9)-tema(t).\u00a0 \u201dMonialisissa oppimiskokonaisuuksissa suunnittelu on &hellip; <a href=\"https:\/\/blogs2.abo.fi\/matetemat\/skrivet-om-projektet-hankkeesta-kirjoitettua\/\" class=\"more-link\">Forts\u00e4tt l\u00e4sa <span class=\"screen-reader-text\">Skrivet om projektet &#8211; Hankkeesta kirjoitettua<\/span> <span class=\"meta-nav\">&rarr;<\/span><\/a><\/p>\n","protected":false},"author":377,"featured_media":0,"parent":0,"menu_order":0,"comment_status":"closed","ping_status":"closed","template":"","meta":{"footnotes":""},"class_list":["post-53","page","type-page","status-publish","hentry"],"_links":{"self":[{"href":"https:\/\/blogs2.abo.fi\/matetemat\/wp-json\/wp\/v2\/pages\/53","targetHints":{"allow":["GET"]}}],"collection":[{"href":"https:\/\/blogs2.abo.fi\/matetemat\/wp-json\/wp\/v2\/pages"}],"about":[{"href":"https:\/\/blogs2.abo.fi\/matetemat\/wp-json\/wp\/v2\/types\/page"}],"author":[{"embeddable":true,"href":"https:\/\/blogs2.abo.fi\/matetemat\/wp-json\/wp\/v2\/users\/377"}],"replies":[{"embeddable":true,"href":"https:\/\/blogs2.abo.fi\/matetemat\/wp-json\/wp\/v2\/comments?post=53"}],"version-history":[{"count":1,"href":"https:\/\/blogs2.abo.fi\/matetemat\/wp-json\/wp\/v2\/pages\/53\/revisions"}],"predecessor-version":[{"id":54,"href":"https:\/\/blogs2.abo.fi\/matetemat\/wp-json\/wp\/v2\/pages\/53\/revisions\/54"}],"wp:attachment":[{"href":"https:\/\/blogs2.abo.fi\/matetemat\/wp-json\/wp\/v2\/media?parent=53"}],"curies":[{"name":"wp","href":"https:\/\/api.w.org\/{rel}","templated":true}]}}