{"id":214,"date":"2023-01-09T19:52:28","date_gmt":"2023-01-09T19:52:28","guid":{"rendered":"https:\/\/blogs2.abo.fi\/matetemat\/?page_id=214"},"modified":"2023-01-09T19:57:00","modified_gmt":"2023-01-09T19:57:00","slug":"artikel-i-nordic-studies-in-education","status":"publish","type":"page","link":"https:\/\/blogs2.abo.fi\/matetemat\/skrivet-om-projektet-hankkeesta-kirjoitettua\/artikel-i-nordic-studies-in-education\/","title":{"rendered":"Artikel i Nordic Studies in Education 2022, 42(2)"},"content":{"rendered":"<ul class=\"cmp_article_list articles\">\n<li>\n<div class=\"obj_article_summary\">\n<div class=\"title\"><a id=\"article-3181\" href=\"https:\/\/noredstudies.org\/index.php\/nse\/article\/view\/3181\">En fallstudie om finlandssvenska l\u00e4rares insikter fr\u00e5n ett utvecklingsprojekt<\/a><\/div>\n<div class=\"meta\">\n<div class=\"authors\">Ann-Sofi R\u00f6j-Lindberg, Juha Hartvik, Malin Ingves<\/div>\n<\/div>\n<\/div>\n<\/li>\n<\/ul>\n","protected":false},"excerpt":{"rendered":"<p>En fallstudie om finlandssvenska l\u00e4rares insikter fr\u00e5n ett utvecklingsprojekt Ann-Sofi R\u00f6j-Lindberg, Juha Hartvik, Malin Ingves<\/p>\n","protected":false},"author":374,"featured_media":0,"parent":53,"menu_order":0,"comment_status":"closed","ping_status":"closed","template":"","meta":{"footnotes":""},"class_list":["post-214","page","type-page","status-publish","hentry"],"_links":{"self":[{"href":"https:\/\/blogs2.abo.fi\/matetemat\/wp-json\/wp\/v2\/pages\/214","targetHints":{"allow":["GET"]}}],"collection":[{"href":"https:\/\/blogs2.abo.fi\/matetemat\/wp-json\/wp\/v2\/pages"}],"about":[{"href":"https:\/\/blogs2.abo.fi\/matetemat\/wp-json\/wp\/v2\/types\/page"}],"author":[{"embeddable":true,"href":"https:\/\/blogs2.abo.fi\/matetemat\/wp-json\/wp\/v2\/users\/374"}],"replies":[{"embeddable":true,"href":"https:\/\/blogs2.abo.fi\/matetemat\/wp-json\/wp\/v2\/comments?post=214"}],"version-history":[{"count":3,"href":"https:\/\/blogs2.abo.fi\/matetemat\/wp-json\/wp\/v2\/pages\/214\/revisions"}],"predecessor-version":[{"id":217,"href":"https:\/\/blogs2.abo.fi\/matetemat\/wp-json\/wp\/v2\/pages\/214\/revisions\/217"}],"up":[{"embeddable":true,"href":"https:\/\/blogs2.abo.fi\/matetemat\/wp-json\/wp\/v2\/pages\/53"}],"wp:attachment":[{"href":"https:\/\/blogs2.abo.fi\/matetemat\/wp-json\/wp\/v2\/media?parent=214"}],"curies":[{"name":"wp","href":"https:\/\/api.w.org\/{rel}","templated":true}]}}