{"id":596,"date":"2020-05-21T12:06:00","date_gmt":"2020-05-21T10:06:00","guid":{"rendered":"http:\/\/blogs2.abo.fi\/lepa\/?page_id=596"},"modified":"2020-05-21T12:06:00","modified_gmt":"2020-05-21T10:06:00","slug":"etana-kuuleminen","status":"publish","type":"page","link":"https:\/\/blogs2.abo.fi\/lepa\/etana-kuuleminen\/","title":{"rendered":"Et\u00e4n\u00e4 kuuleminen"},"content":{"rendered":"<h3><strong>Videoidun kuulemisen ja et\u00e4yhteyden kautta tapahtuvan kuulemisen hy\u00f6dynt\u00e4minen oike<\/strong><strong>usprosessissa, oikeuspsykologinen n\u00e4k\u00f6kulma<\/strong><\/h3>\n<p style=\"font-weight: 400\">Koronatilanne on pakottanut oikeusj\u00e4rjestelm\u00e4\u00e4 \u2013 kuten muutakin ty\u00f6el\u00e4m\u00e4\u00e4 &#8211; nopeasti ottamaan k\u00e4ytt\u00f6\u00f6n et\u00e4ty\u00f6skentelyn eri muotoja aiempaa laajemmassa mittakaavassa. Asianosaisten kuuleminen videoyhteyden kautta toteutetaan nyt yh\u00e4 eneneviss\u00e4 m\u00e4\u00e4rin, ja t\u00e4st\u00e4 voimme itse asiassa oppia paljon hy\u00f6dyllist\u00e4 tulevaisuutta ajatellen, sill\u00e4 tutkimusten mukaan et\u00e4yhteyden kautta kuuleminen voi tarjota my\u00f6s mahdollisuuksia parantaa todistajien kertomusten laatua, vaikka usein ajattelemme toisin<em>.\u00a0<\/em>Uuden tilanteen innoittamana \u00c5bo Akademin oikeuspsykologian tutkimusryhm\u00e4\u00a0<a href=\"https:\/\/blogs2.abo.fi\/lepa\/\">LeP\u00c5<\/a>\u00a0tarjoaa yhteisty\u00f6ss\u00e4 Tuomioistuinviraston kanssa lyhyen videoluentosarjan, jossa oikeuspsykologian dosentti Julia Korkman avaa tutkimusn\u00e4ytt\u00f6\u00e4 liittyen ihmiseen todistajana, videoinnin hy\u00f6dynt\u00e4miseen esitutkinnassa sek\u00e4 et\u00e4yhteyden kautta kuulemiseen.<\/p>\n<h2><a href=\"https:\/\/aboakademi.zoom.us\/rec\/share\/yc5HKJr97SRIT7fWz0T2B6x7OLzeX6a823QXr6YImUltTbwSLr4Ic8QBTKGTK6fa\" rel=\"noopener noreferrer\"><span style=\"color: #0563c1\"><span lang=\"fi\">INTRO: Et\u00e4n\u00e4 kuuleminen, johdanto<\/span><\/span><\/a><\/h2>\n<p><a href=\"https:\/\/aboakademi.zoom.us\/rec\/share\/yc5HKJr97SRIT7fWz0T2B6x7OLzeX6a823QXr6YImUltTbwSLr4Ic8QBTKGTK6fa\"><img loading=\"lazy\" decoding=\"async\" class=\"alignnone size-full wp-image-589\" src=\"http:\/\/blogs2.abo.fi\/lepa\/wp-content\/uploads\/sites\/90\/2020\/05\/Et\u00e4n\u00e4-kuuleminen-Introluento-Julia-Korkman.png\" alt=\"\" width=\"1293\" height=\"735\" srcset=\"https:\/\/blogs2.abo.fi\/lepa\/wp-content\/uploads\/sites\/90\/2020\/05\/Et\u00e4n\u00e4-kuuleminen-Introluento-Julia-Korkman.png 1293w, https:\/\/blogs2.abo.fi\/lepa\/wp-content\/uploads\/sites\/90\/2020\/05\/Et\u00e4n\u00e4-kuuleminen-Introluento-Julia-Korkman-300x171.png 300w, https:\/\/blogs2.abo.fi\/lepa\/wp-content\/uploads\/sites\/90\/2020\/05\/Et\u00e4n\u00e4-kuuleminen-Introluento-Julia-Korkman-768x437.png 768w, https:\/\/blogs2.abo.fi\/lepa\/wp-content\/uploads\/sites\/90\/2020\/05\/Et\u00e4n\u00e4-kuuleminen-Introluento-Julia-Korkman-1024x582.png 1024w, https:\/\/blogs2.abo.fi\/lepa\/wp-content\/uploads\/sites\/90\/2020\/05\/Et\u00e4n\u00e4-kuuleminen-Introluento-Julia-Korkman-624x355.png 624w\" sizes=\"auto, (max-width: 1293px) 100vw, 1293px\" \/><\/a><\/p>\n<h2><a href=\"https:\/\/aboakademi.zoom.us\/rec\/share\/uv17PfLT1mFIRaPQ5m3WGbMKMq76eaa823UYrKYPxRoW9f5hTlw7SLxxeIt6vyPm\" rel=\"noopener noreferrer\"><span style=\"color: #0563c1\">Et\u00e4n\u00e4 kuuleminen: Osa 1 Inhimillinen muisti ja todistajien kuuleminen, l\u00e4ht\u00f6kohtia<\/span><\/a><\/h2>\n<p><a href=\"https:\/\/aboakademi.zoom.us\/rec\/play\/vJAvI-_7-DI3T9KdtwSDBPB_W9S1LqKs1ycfqPoEz0y2ACEBNVKjYLYVYuYRFoY9mk9NxQC2XvvQvYPN?continueMode=true\"><img loading=\"lazy\" decoding=\"async\" class=\"alignnone wp-image-590 size-full\" src=\"http:\/\/blogs2.abo.fi\/lepa\/wp-content\/uploads\/sites\/90\/2020\/05\/Et\u00e4n\u00e4-kuuleminen-Osa-1-Inhimillinen-muisti.png\" alt=\"\" width=\"1422\" height=\"733\" srcset=\"https:\/\/blogs2.abo.fi\/lepa\/wp-content\/uploads\/sites\/90\/2020\/05\/Et\u00e4n\u00e4-kuuleminen-Osa-1-Inhimillinen-muisti.png 1422w, https:\/\/blogs2.abo.fi\/lepa\/wp-content\/uploads\/sites\/90\/2020\/05\/Et\u00e4n\u00e4-kuuleminen-Osa-1-Inhimillinen-muisti-300x155.png 300w, https:\/\/blogs2.abo.fi\/lepa\/wp-content\/uploads\/sites\/90\/2020\/05\/Et\u00e4n\u00e4-kuuleminen-Osa-1-Inhimillinen-muisti-768x396.png 768w, https:\/\/blogs2.abo.fi\/lepa\/wp-content\/uploads\/sites\/90\/2020\/05\/Et\u00e4n\u00e4-kuuleminen-Osa-1-Inhimillinen-muisti-1024x528.png 1024w, https:\/\/blogs2.abo.fi\/lepa\/wp-content\/uploads\/sites\/90\/2020\/05\/Et\u00e4n\u00e4-kuuleminen-Osa-1-Inhimillinen-muisti-624x322.png 624w\" sizes=\"auto, (max-width: 1422px) 100vw, 1422px\" \/><\/a><\/p>\n<h2><a href=\"https:\/\/aboakademi.zoom.us\/rec\/share\/4_VSIe2p02xIeK_8yh3bUbYmOMfbX6a8gCJPqKcLzxwqA99jfgtEIyMFX3gWS9vs\" rel=\"noopener noreferrer\"><span style=\"color: #0563c1\">Et\u00e4n\u00e4 kuuleminen: Osa 2 Paperille vai videolle?<\/span><\/a><\/h2>\n<p><a href=\"https:\/\/aboakademi.zoom.us\/rec\/play\/upZ4duCh_zs3S9fA4gSDV_QtW460ev-sgHBNq_IImkjjVXMBMFb1ZONGYONksfRkFagiDnFu3lC1cATo?continueMode=true\"><img loading=\"lazy\" decoding=\"async\" class=\"alignnone size-full wp-image-591\" src=\"http:\/\/blogs2.abo.fi\/lepa\/wp-content\/uploads\/sites\/90\/2020\/05\/Et\u00e4n\u00e4-kuuleminen-Osa-2-Paperille-vai-videolle.png\" alt=\"\" width=\"1421\" height=\"731\" srcset=\"https:\/\/blogs2.abo.fi\/lepa\/wp-content\/uploads\/sites\/90\/2020\/05\/Et\u00e4n\u00e4-kuuleminen-Osa-2-Paperille-vai-videolle.png 1421w, https:\/\/blogs2.abo.fi\/lepa\/wp-content\/uploads\/sites\/90\/2020\/05\/Et\u00e4n\u00e4-kuuleminen-Osa-2-Paperille-vai-videolle-300x154.png 300w, https:\/\/blogs2.abo.fi\/lepa\/wp-content\/uploads\/sites\/90\/2020\/05\/Et\u00e4n\u00e4-kuuleminen-Osa-2-Paperille-vai-videolle-768x395.png 768w, https:\/\/blogs2.abo.fi\/lepa\/wp-content\/uploads\/sites\/90\/2020\/05\/Et\u00e4n\u00e4-kuuleminen-Osa-2-Paperille-vai-videolle-1024x527.png 1024w, https:\/\/blogs2.abo.fi\/lepa\/wp-content\/uploads\/sites\/90\/2020\/05\/Et\u00e4n\u00e4-kuuleminen-Osa-2-Paperille-vai-videolle-624x321.png 624w\" sizes=\"auto, (max-width: 1421px) 100vw, 1421px\" \/><\/a><\/p>\n<h2><a href=\"https:\/\/aboakademi.zoom.us\/rec\/share\/u-8ofpjh-TxLec_mxEvDY7EBH4rJX6a81CAYqKEOyUurA7-0Xs4q3ettDzUzvL0r\" rel=\"noopener noreferrer\"><span style=\"color: #0563c1\">Et\u00e4n\u00e4 kuuleminen: Osa 3 Et\u00e4yhteyden kautta kuuleminen<\/span><\/a><\/h2>\n<p><a href=\"https:\/\/aboakademi.zoom.us\/rec\/share\/u-8ofpjh-TxLec_mxEvDY7EBH4rJX6a81CAYqKEOyUurA7-0Xs4q3ettDzUzvL0r\"><img loading=\"lazy\" decoding=\"async\" class=\"alignnone size-full wp-image-592\" src=\"http:\/\/blogs2.abo.fi\/lepa\/wp-content\/uploads\/sites\/90\/2020\/05\/Et\u00e4n\u00e4-kuuleminen-Osa-3-Et\u00e4yhteyden-kautta.png\" alt=\"\" width=\"1418\" height=\"731\" srcset=\"https:\/\/blogs2.abo.fi\/lepa\/wp-content\/uploads\/sites\/90\/2020\/05\/Et\u00e4n\u00e4-kuuleminen-Osa-3-Et\u00e4yhteyden-kautta.png 1418w, https:\/\/blogs2.abo.fi\/lepa\/wp-content\/uploads\/sites\/90\/2020\/05\/Et\u00e4n\u00e4-kuuleminen-Osa-3-Et\u00e4yhteyden-kautta-300x155.png 300w, https:\/\/blogs2.abo.fi\/lepa\/wp-content\/uploads\/sites\/90\/2020\/05\/Et\u00e4n\u00e4-kuuleminen-Osa-3-Et\u00e4yhteyden-kautta-768x396.png 768w, https:\/\/blogs2.abo.fi\/lepa\/wp-content\/uploads\/sites\/90\/2020\/05\/Et\u00e4n\u00e4-kuuleminen-Osa-3-Et\u00e4yhteyden-kautta-1024x528.png 1024w, https:\/\/blogs2.abo.fi\/lepa\/wp-content\/uploads\/sites\/90\/2020\/05\/Et\u00e4n\u00e4-kuuleminen-Osa-3-Et\u00e4yhteyden-kautta-624x322.png 624w\" sizes=\"auto, (max-width: 1418px) 100vw, 1418px\" \/><\/a><\/p>\n<p>&nbsp;<\/p>\n","protected":false},"excerpt":{"rendered":"<p>Videoidun kuulemisen ja et\u00e4yhteyden kautta tapahtuvan kuulemisen hy\u00f6dynt\u00e4minen oikeusprosessissa, oikeuspsykologinen n\u00e4k\u00f6kulma Koronatilanne on pakottanut oikeusj\u00e4rjestelm\u00e4\u00e4 \u2013 kuten muutakin ty\u00f6el\u00e4m\u00e4\u00e4 &#8211; nopeasti ottamaan k\u00e4ytt\u00f6\u00f6n et\u00e4ty\u00f6skentelyn eri muotoja aiempaa laajemmassa mittakaavassa. Asianosaisten kuuleminen videoyhteyden kautta toteutetaan nyt yh\u00e4 eneneviss\u00e4 m\u00e4\u00e4rin, ja t\u00e4st\u00e4 voimme itse asiassa oppia paljon hy\u00f6dyllist\u00e4 tulevaisuutta ajatellen, sill\u00e4 tutkimusten mukaan et\u00e4yhteyden kautta kuuleminen voi [&hellip;]<\/p>\n","protected":false},"author":406,"featured_media":0,"parent":0,"menu_order":0,"comment_status":"closed","ping_status":"closed","template":"","meta":{"footnotes":""},"class_list":["post-596","page","type-page","status-publish","hentry"],"_links":{"self":[{"href":"https:\/\/blogs2.abo.fi\/lepa\/wp-json\/wp\/v2\/pages\/596","targetHints":{"allow":["GET"]}}],"collection":[{"href":"https:\/\/blogs2.abo.fi\/lepa\/wp-json\/wp\/v2\/pages"}],"about":[{"href":"https:\/\/blogs2.abo.fi\/lepa\/wp-json\/wp\/v2\/types\/page"}],"author":[{"embeddable":true,"href":"https:\/\/blogs2.abo.fi\/lepa\/wp-json\/wp\/v2\/users\/406"}],"replies":[{"embeddable":true,"href":"https:\/\/blogs2.abo.fi\/lepa\/wp-json\/wp\/v2\/comments?post=596"}],"version-history":[{"count":2,"href":"https:\/\/blogs2.abo.fi\/lepa\/wp-json\/wp\/v2\/pages\/596\/revisions"}],"predecessor-version":[{"id":599,"href":"https:\/\/blogs2.abo.fi\/lepa\/wp-json\/wp\/v2\/pages\/596\/revisions\/599"}],"wp:attachment":[{"href":"https:\/\/blogs2.abo.fi\/lepa\/wp-json\/wp\/v2\/media?parent=596"}],"curies":[{"name":"wp","href":"https:\/\/api.w.org\/{rel}","templated":true}]}}