{"id":159,"date":"2018-05-24T12:22:15","date_gmt":"2018-05-24T10:22:15","guid":{"rendered":"http:\/\/blogs2.abo.fi\/lepa\/?page_id=159"},"modified":"2019-08-29T10:32:38","modified_gmt":"2019-08-29T08:32:38","slug":"specialiseringsutbildning","status":"publish","type":"page","link":"https:\/\/blogs2.abo.fi\/lepa\/legal-psychology-specialization-programme\/specialiseringsutbildning\/","title":{"rendered":"Specialiseringsutbildning i r\u00e4ttspsykologi"},"content":{"rendered":"<p style=\"font-weight: 400\">Den f\u00f6rsta\u00a0<strong>specialiseringsutbildningen i r\u00e4ttspsykologi<\/strong>\u00a0arrangeras i Finland \u00e5r 2017 \u2013 2019.<\/p>\n<p style=\"font-weight: 400\">R\u00e4ttspsykologin granskar hur psykologiska forskningsresultat och psykologisk kunskap kan till\u00e4mpas inom r\u00e4ttsliga processer och brottsutredningar. Specialiseringsutbildningen i r\u00e4ttspsykologi \u00e4r en tv\u00e5spr\u00e5kig utbildning som har planerats i samarbete med \u00e4mnesomr\u00e5dena psykologi och juridik samt representanter f\u00f6r yrkeslivet. \u00c5bo Akademi fungerar som koordinerande universitet f\u00f6r utbildningen. Till utbildningens samarbetsn\u00e4tverk h\u00f6r \u00e4mnesomr\u00e5dena i psykologi och\/eller juridik vid f\u00f6ljande universitet: Helsingfors universitet, Lapplands universitet, Tammerfors universitet, Universitetet i \u00d6stra Finland, \u00c5bo Akademi och \u00c5bo universitet.<\/p>\n<p style=\"font-weight: 400\">Kontakt:\u00a0<a style=\"font-style: inherit;font-weight: inherit\" href=\"mailto:rattspsykologi@abo.fi\">rattspsykologi@abo.fi<\/a><\/p>\n<p><iframe loading=\"lazy\"  id=\"_ytid_67078\"  width=\"625\" height=\"352\"  data-origwidth=\"625\" data-origheight=\"352\" src=\"https:\/\/www.youtube.com\/embed\/2-QIGm1Q6H4?enablejsapi=1&#038;autoplay=0&#038;cc_load_policy=0&#038;cc_lang_pref=&#038;iv_load_policy=1&#038;loop=0&#038;rel=1&#038;fs=1&#038;playsinline=0&#038;autohide=2&#038;theme=dark&#038;color=red&#038;controls=1&#038;disablekb=0&#038;\" class=\"__youtube_prefs__  epyt-is-override  no-lazyload\" title=\"YouTube player\"  allow=\"fullscreen; accelerometer; autoplay; clipboard-write; encrypted-media; gyroscope; picture-in-picture; web-share\" referrerpolicy=\"strict-origin-when-cross-origin\" allowfullscreen data-no-lazy=\"1\" data-skipgform_ajax_framebjll=\"\"><\/iframe><\/p>\n<h1 style=\"font-style: inherit;font-weight: inherit\">Utbildningens m\u00e5lgrupp och urvalskriterier<\/h1>\n<p style=\"font-style: inherit;font-weight: inherit\">Specialiseringsutbildningen i r\u00e4ttspsykologi \u00e4r m\u00e5ngdisciplin\u00e4r och riktar sig fr\u00e4mst till legitimerade psykologer och \u00f6vriga yrkesverksamma inom olika delar av r\u00e4ttsliga processer, t ex jurister, l\u00e4kare, socialarbetare och poliser (med underbef\u00e4ls- eller magistersexamen). Utbildningen \u00e4r i f\u00f6rsta hand avsedd f\u00f6r deltagare som redan har arbetserfarenhet, eftersom ett av de centrala arbetss\u00e4tten \u00e4r att bearbeta fenomen som deltagarna st\u00f6tt p\u00e5 i sitt arbete samt analysera och f\u00e5 \u00e5terkoppling p\u00e5 det egna arbetss\u00e4ttet.<\/p>\n<h1 style=\"font-style: inherit;font-weight: inherit\">Utbildningens m\u00e5ls\u00e4ttning och inneh\u00e5ll<\/h1>\n<p style=\"font-style: inherit;font-weight: inherit\">M\u00e5ls\u00e4ttningen f\u00f6r specialiseringsutbildningen i r\u00e4ttspsykologi \u00e4r att deltagarna ska beh\u00e4rska centrala r\u00e4ttspsykologiska tema och inneh\u00e5ll samt kunna till\u00e4mpa kunskapen aktivt inom det egna arbetet. Utbildningens m\u00e5ngdisciplin\u00e4ra karakt\u00e4r m\u00f6jligg\u00f6r ocks\u00e5 att deltagarna f\u00e5r \u00e5terkoppling p\u00e5 sitt arbete av deltagare med annan professionell bakgrund. Vidare f\u00e5r deltagarna i den gemensamma inl\u00e4rningsprocessen f\u00e5r en m\u00e5ngsidigare insyn i r\u00e4ttsprocessen och det egna arbetsf\u00e4ltet inom den. Deltagarnas skriftliga arbeten m\u00f6jligg\u00f6r samlandet av svensk- och finskspr\u00e5kig aktuell vetenskaplig kunskap inom de centrala r\u00e4ttspsykologiska \u00e4mnesomr\u00e5dena.<\/p>\n<p style=\"font-style: inherit;font-weight: inherit\">Tema som behandlas i utbildningen \u00e4r bl a den m\u00e4nskliga informationsprocesseringen, perception och minnets funktioner, beslutsfattningens psykologi, expertis och skrivande\/kritisk granskning av expertutl\u00e5tanden, bem\u00f6tande av vittnen i behov av s\u00e4rskilt skydd, h\u00f6rande av vittnen, m\u00e5ls\u00e4gande och misst\u00e4nkta i r\u00e4ttsprocesser, utf\u00f6randet av sinnesunders\u00f6kningar och farlighetsbed\u00f6mningar, orsaker till brottsligt beteende och faktorer kopplade till \u00e5terfallsbrottslighet samt hur man kan p\u00e5verka dessa, rehabilitering av brottsf\u00f6r\u00f6vare, brottets inverkan p\u00e5 brottsoffret,\u00a0inverkan av psykiska st\u00f6rningar p\u00e5 r\u00e4ttsprocessen, v\u00e5rdnadstvister och barns position i r\u00e4ttsprocesser, medling, samt r\u00e4ttspsykologiska fr\u00e5gor kopplade till k\u00e4nslor och motivation.<\/p>\n<p style=\"font-style: inherit;font-weight: inherit\">Utbildningens inneh\u00e5ll \u00e4r till centrala delar och inneh\u00e5ll gemensamt f\u00f6r alla, men i handledningar, grupparbeten och individuella uppgifter har deltagarna m\u00f6jlighet att fokusera p\u00e5 de f\u00f6r de egna arbetsuppgifterna centralaste fr\u00e5gorna.<\/p>\n<h1 style=\"font-weight: inherit\">Den f\u00f6rsta specialiseringsutbildningen (2019-2021)<\/h1>\n<p style=\"font-weight: 400\">Utbildningen inleds h\u00f6sten 2019 och forts\u00e4tter till v\u00e5ren 2021. Utbildningens omfattning \u00e4r 30 studiepo\u00e4ng och till den andra utbildningen har 36 studerande antagits . Priset f\u00f6r utbildningen \u00e4r 120\u20ac\/studiepo\u00e4ng, dvs. allt som allt 3600\u20ac.<\/p>\n<p style=\"font-weight: 400\">Utbildningen inbegriper ca 1 skolningsdag per m\u00e5nad, av vilka ungef\u00e4r h\u00e4lften \u00e4r arbete eller handledning i sm\u00e5grupper. I \u00f6vrigt sker studierna fr\u00e4mst som distansstudier. Skolningsdagarna halls i Helsingfors. Obligatorisk n\u00e4rvaro g\u00e4ller f\u00f6r dessa. Mellan skolningsdagarna halls handledning i sm\u00e5grupper (4-5 timmar per handledning). N\u00e4rvaro p\u00e5 plats vid dessa \u00e4r \u00f6nskv\u00e4rd, men inte obligatorisk. Med andra ord kan man vid behov delta i dessa ocks\u00e5 p\u00e5 distans.<\/p>\n<h3 style=\"font-weight: 400\"><strong>Datum f\u00f6r skolningsdagarna:<\/strong><\/h3>\n<p>Inledande seminarium\u00a0 \u00a0 \u00a0 \u00a0 \u00a0 \u00a0 \u00a0 \u00a0 \u00a0 \u00a0 \u00a0 \u00a0 \u00a0 \u00a0 \u00a0 \u00a0 \u00a0 \u00a0 \u00a0 \u00a0 \u00a0 \u00a0 29-30.8.2019<\/p>\n<p>KP 1\u00a0\u00a0\u00a0\u00a0\u00a0\u00a0\u00a0\u00a0\u00a0\u00a0\u00a0\u00a0\u00a0\u00a0\u00a0\u00a0\u00a0\u00a0\u00a0\u00a0\u00a0\u00a0\u00a0\u00a0\u00a0\u00a0\u00a0\u00a0\u00a0\u00a0\u00a0\u00a0\u00a0\u00a0\u00a0\u00a0\u00a0\u00a0\u00a0\u00a0\u00a0\u00a0\u00a0\u00a0\u00a0\u00a0\u00a0\u00a0\u00a0\u00a0\u00a0\u00a0\u00a0\u00a0\u00a0\u00a0\u00a0\u00a0\u00a0\u00a0\u00a0\u00a0\u00a0 \u00a0\u00a0\u00a0\u00a0\u00a0\u00a0\u00a0\u00a0\u00a0\u00a0\u00a0 11.10.2019<\/p>\n<p>KP 2\u00a0\u00a0\u00a0\u00a0\u00a0\u00a0\u00a0\u00a0\u00a0\u00a0\u00a0\u00a0\u00a0\u00a0\u00a0\u00a0\u00a0\u00a0\u00a0\u00a0\u00a0\u00a0\u00a0\u00a0\u00a0\u00a0\u00a0\u00a0\u00a0\u00a0\u00a0\u00a0\u00a0\u00a0\u00a0\u00a0\u00a0\u00a0\u00a0\u00a0\u00a0\u00a0\u00a0\u00a0\u00a0\u00a0\u00a0\u00a0\u00a0\u00a0\u00a0\u00a0\u00a0\u00a0\u00a0\u00a0\u00a0\u00a0\u00a0\u00a0\u00a0\u00a0\u00a0\u00a0\u00a0\u00a0\u00a0\u00a0\u00a0\u00a0\u00a0\u00a0\u00a0\u00a0\u00a0 10.1. 2020<\/p>\n<p>KP 3 och 4\u00a0 \u00a0 \u00a0 \u00a0 \u00a0 \u00a0 \u00a0 \u00a0 \u00a0 \u00a0 \u00a0 \u00a0 \u00a0 \u00a0 \u00a0 \u00a0 \u00a0 \u00a0 \u00a0 \u00a0 \u00a0 \u00a0 \u00a0 \u00a0 \u00a0 \u00a0 \u00a0 \u00a0 \u00a0 \u00a0 \u00a0 \u00a0 \u00a0 16-17.3.2020<\/p>\n<p>KP 5\u00a0 \u00a0 \u00a0 \u00a0 \u00a0 \u00a0 \u00a0 \u00a0 \u00a0 \u00a0 \u00a0 \u00a0 \u00a0 \u00a0 \u00a0 \u00a0 \u00a0 \u00a0 \u00a0 \u00a0 \u00a0 \u00a0 \u00a0 \u00a0 \u00a0 \u00a0 \u00a0 \u00a0 \u00a0 \u00a0 \u00a0 \u00a0 \u00a0 \u00a0 \u00a0 \u00a0 \u00a0 \u00a0 \u00a08.5.2020<\/p>\n<p>KP 6\u00a0 \u00a0 \u00a0 \u00a0 \u00a0 \u00a0 \u00a0 \u00a0 \u00a0 \u00a0 \u00a0 \u00a0 \u00a0 \u00a0 \u00a0 \u00a0 \u00a0 \u00a0 \u00a0 \u00a0 \u00a0 \u00a0 \u00a0 \u00a0 \u00a0 \u00a0 \u00a0 \u00a0 \u00a0 \u00a0 \u00a0 \u00a0 \u00a0 \u00a0 \u00a0 \u00a0 \u00a0 \u00a0 \u00a024.8.2020<\/p>\n<p>KP 7\u00a0 \u00a0 \u00a0 \u00a0 \u00a0 \u00a0 \u00a0 \u00a0 \u00a0 \u00a0 \u00a0 \u00a0 \u00a0 \u00a0 \u00a0 \u00a0 \u00a0 \u00a0 \u00a0 \u00a0 \u00a0 \u00a0 \u00a0 \u00a0 \u00a0 \u00a0 \u00a0 \u00a0 \u00a0 \u00a0 \u00a0 \u00a0 \u00a0 \u00a0 \u00a0 \u00a0 \u00a0 \u00a0 \u00a012.10.2020<\/p>\n<p>KP 8\u00a0 \u00a0 \u00a0 \u00a0 \u00a0 \u00a0 \u00a0 \u00a0 \u00a0 \u00a0 \u00a0 \u00a0 \u00a0 \u00a0 \u00a0 \u00a0 \u00a0 \u00a0 \u00a0 \u00a0 \u00a0 \u00a0 \u00a0 \u00a0 \u00a0 \u00a0 \u00a0 \u00a0 \u00a0 \u00a0 \u00a0 \u00a0 \u00a0 \u00a0 \u00a0 \u00a0 \u00a0 \u00a0 \u00a011.12.2020<\/p>\n<p>KP 9\u00a0 \u00a0 \u00a0 \u00a0 \u00a0 \u00a0 \u00a0 \u00a0 \u00a0 \u00a0 \u00a0 \u00a0 \u00a0 \u00a0 \u00a0 \u00a0 \u00a0 \u00a0 \u00a0 \u00a0 \u00a0 \u00a0 \u00a0 \u00a0 \u00a0 \u00a0 \u00a0 \u00a0 \u00a0 \u00a0 \u00a0 \u00a0 \u00a0 \u00a0 \u00a0 \u00a0 \u00a0 \u00a0 \u00a011.1.2021<\/p>\n<p>KP 10\u00a0 \u00a0 \u00a0 \u00a0 \u00a0 \u00a0 \u00a0 \u00a0 \u00a0 \u00a0 \u00a0 \u00a0 \u00a0 \u00a0 \u00a0 \u00a0 \u00a0 \u00a0 \u00a0 \u00a0 \u00a0 \u00a0 \u00a0 \u00a0 \u00a0 \u00a0 \u00a0 \u00a0 \u00a0 \u00a0 \u00a0 \u00a0 \u00a0 \u00a0 \u00a0 \u00a0 \u00a0 \u00a012.3.2021<\/p>\n<p>Avslutande seminarium\u00a0 \u00a0 \u00a0 \u00a0 \u00a0 \u00a0 \u00a0 \u00a0 \u00a0 \u00a0 \u00a0 \u00a0 \u00a0 \u00a0 \u00a0 \u00a0 \u00a0 \u00a0 \u00a0 \u00a0 \u00a0 \u00a013-14.5.2021<\/p>\n<h3>Handledning \u00a0(1 per grupp):<\/h3>\n<h4>Handledning 1\/8<\/h4>\n<p>Grupp 1: 7.11.2019<\/p>\n<p>Grupp 2: 8.11.2019<\/p>\n<p>Grupp 3: 14.11.2019<\/p>\n<p>Grupp 4: 20.11.2019<\/p>\n<p>Grupp 5: 21.11.2019<\/p>\n<p>Grupp 6: 22.11.2019<\/p>\n<p>&nbsp;<\/p>\n<h4>Handledning 2\/8<\/h4>\n<p>Grupp 1: 14.2.2020<\/p>\n<p>Grupp 2: 5.2.2020<\/p>\n<p>Grupp 3: 6.2.2020<\/p>\n<p>Grupp 4: 7.2.2020<\/p>\n<p>Grupp 5: 12.2.2020<\/p>\n<p>Grupp 6: 13.2.2020<\/p>\n<p>&nbsp;<\/p>\n<h4>Handledning 3\/8<\/h4>\n<p>Grupp 1: 23.4.2020<\/p>\n<p>Grupp 2: 24.4.2020<\/p>\n<p>Grupp 3: 15.4.2020<\/p>\n<p>Grupp 4: 16.4.2020<\/p>\n<p>Grupp 5: 17.4.2020<\/p>\n<p>Grupp 6: 22.4.2020<\/p>\n<p>&nbsp;<\/p>\n<h4>Handledning 4\/8<\/h4>\n<p>Grupp 1: 4.6.2020<\/p>\n<p>Grupp 2: 5.6.2020<\/p>\n<p>Grupp 3: 8.6.2020<\/p>\n<p>Grupp 4: 1.6.2020<\/p>\n<p>Grupp 5: 2.6.2020<\/p>\n<p>Grupp 6: 3.6.2020<\/p>\n<p>&nbsp;<\/p>\n<h4>Handledning 5\/8<\/h4>\n<p>Grupp 1: 23.9.2020<\/p>\n<p>Grupp 2: 24.9.2020<\/p>\n<p>Grupp 3: 25.9.2020<\/p>\n<p>Grupp 4: 28.9.2020<\/p>\n<p>Grupp 5: 21.9.2020<\/p>\n<p>Grupp 6: 22.9.2020<\/p>\n<p>&nbsp;<\/p>\n<h4>Handledning 6\/8<\/h4>\n<p>Grupp 1: 16.11.2020<\/p>\n<p>Grupp 2: 17.11.2020<\/p>\n<p>Grupp 3: 18.11.2020<\/p>\n<p>Grupp 4: 19.11.2020<\/p>\n<p>Grupp 5: 20.11.2020<\/p>\n<p>Grupp 6: 13.11.2020<\/p>\n<p>&nbsp;<\/p>\n<h4>Handledning 7\/8<\/h4>\n<p>Grupp 1: 4.2.2021<\/p>\n<p>Grupp 2: 5.2.2021<\/p>\n<p>Grupp 3: 11.2.2021<\/p>\n<p>Grupp 4: 12.2.2021<\/p>\n<p>Grupp 5: 18.2.2021<\/p>\n<p>Grupp 6: 19.2.2021<\/p>\n<p>&nbsp;<\/p>\n<h4>Handledning 8\/8<\/h4>\n<p>Grupp 1: 16.4.2021<\/p>\n<p>Grupp 2: 9.4.2021<\/p>\n<p>Grupp 3: 12.4.2021<\/p>\n<p>Grupp 4: 13.4.2021<\/p>\n<p>Grupp 5: 14.4.2021<\/p>\n<p>Grupp 6: 15.4.2021<\/p>\n","protected":false},"excerpt":{"rendered":"<p>Den f\u00f6rsta\u00a0specialiseringsutbildningen i r\u00e4ttspsykologi\u00a0arrangeras i Finland \u00e5r 2017 \u2013 2019. R\u00e4ttspsykologin granskar hur psykologiska forskningsresultat och psykologisk kunskap kan till\u00e4mpas inom r\u00e4ttsliga processer och brottsutredningar. Specialiseringsutbildningen i r\u00e4ttspsykologi \u00e4r en tv\u00e5spr\u00e5kig utbildning som har planerats i samarbete med \u00e4mnesomr\u00e5dena psykologi och juridik samt representanter f\u00f6r yrkeslivet. \u00c5bo Akademi fungerar som koordinerande universitet f\u00f6r utbildningen. Till [&hellip;]<\/p>\n","protected":false},"author":406,"featured_media":0,"parent":63,"menu_order":0,"comment_status":"closed","ping_status":"closed","template":"","meta":{"footnotes":""},"class_list":["post-159","page","type-page","status-publish","hentry"],"_links":{"self":[{"href":"https:\/\/blogs2.abo.fi\/lepa\/wp-json\/wp\/v2\/pages\/159","targetHints":{"allow":["GET"]}}],"collection":[{"href":"https:\/\/blogs2.abo.fi\/lepa\/wp-json\/wp\/v2\/pages"}],"about":[{"href":"https:\/\/blogs2.abo.fi\/lepa\/wp-json\/wp\/v2\/types\/page"}],"author":[{"embeddable":true,"href":"https:\/\/blogs2.abo.fi\/lepa\/wp-json\/wp\/v2\/users\/406"}],"replies":[{"embeddable":true,"href":"https:\/\/blogs2.abo.fi\/lepa\/wp-json\/wp\/v2\/comments?post=159"}],"version-history":[{"count":10,"href":"https:\/\/blogs2.abo.fi\/lepa\/wp-json\/wp\/v2\/pages\/159\/revisions"}],"predecessor-version":[{"id":560,"href":"https:\/\/blogs2.abo.fi\/lepa\/wp-json\/wp\/v2\/pages\/159\/revisions\/560"}],"up":[{"embeddable":true,"href":"https:\/\/blogs2.abo.fi\/lepa\/wp-json\/wp\/v2\/pages\/63"}],"wp:attachment":[{"href":"https:\/\/blogs2.abo.fi\/lepa\/wp-json\/wp\/v2\/media?parent=159"}],"curies":[{"name":"wp","href":"https:\/\/api.w.org\/{rel}","templated":true}]}}