{"id":927,"date":"2016-02-07T09:41:22","date_gmt":"2016-02-07T09:41:22","guid":{"rendered":"http:\/\/blogs2.abo.fi\/laslust\/?page_id=927"},"modified":"2018-06-09T17:38:06","modified_gmt":"2018-06-09T17:38:06","slug":"filmer-2016","status":"publish","type":"page","link":"https:\/\/blogs2.abo.fi\/laslust\/filmer-2016\/","title":{"rendered":"Filmer 2016-2018"},"content":{"rendered":"<p><strong>Filmer 2018:<br \/>\n<\/strong><em>Snabba Cash &#8211; Livet de luxe.<\/em> 2013<strong><br \/>\n<\/strong><em>Solsidan. 2017<br \/>\nFame. <\/em>2009<br \/>\n<em>Viikossa aikuiseksi. <\/em>2015<br \/>\n<em>The Constant Gardener <\/em><br \/>\n<em>Pride and Prejudice<\/em> 2005<br \/>\n<em>Falck: Blodsdiamanter<br \/>\nBeck 2015:<br \/>\nDet regnar alltid i Paris<br \/>\nParis.<br \/>\nJag har \u00e4lskar dig s\u00e5 l\u00e4nge.<br \/>\n<b>Das wei\u00dfe Band \u2013 Eine deutsche Kindergeschichte<\/b>.<\/em>2009<em><br \/>\nEtt \u00f6ga r\u00f6tt <\/em>(Hassan Kemiri)<em><br \/>\nTappajan n\u00e4k\u00f6inen mies <\/em>(Viktor K\u00e4rpp\u00e4)<em><br \/>\nMuren (Omar)<br \/>\nBoyhood. <\/em>2014<em><br \/>\n<\/em><\/p>\n<p><strong>Kortserier 2018:<\/strong><em><br \/>\nGrantchester <\/em>(s\u00e4spng x, 6 avsnitt)<br \/>\n<em>Unforgotten<\/em> (s\u00e4song 2, 3 avsnitt)<br \/>\n<em>Kekkonen <\/em>(10 avsnitt)<br \/>\n<em>Doktor Foster <\/em>(5 avsnitt)<em><br \/>\nBron <\/em>(sista 4. s\u00e4songen)<br \/>\n<em>Prime Suspect 1973 <\/em>(6 episoder)<br \/>\n<em>Karppi<br \/>\nMad Men<\/em> (s\u00e4song 3)<br \/>\n<em>Blank <\/em>(NRK, s\u00e4song 1, del 1-)<br \/>\n<em>Innan vi d\u00f6r <\/em>(del 1-)<\/p>\n<p><strong>Filmer 2017:<br \/>\n<\/strong><em>Churchill&#8217;s Secret.2016<\/em><br \/>\n<em>Hallonb\u00e5tsflyktingen<\/em><br \/>\n<em>Desert Flower.<\/em> 2009 (har l\u00e4st boken)<br \/>\n<em>Les Miserables<\/em><br \/>\n<em>Turist<\/em>. 2014 (Guldbagge f\u00f6r b\u00e4sta svenska film)<br \/>\n<em>The Wrestler<br \/>\n<\/em><em>Min s\u00e5 kallade pappa <\/em>(Sverige 2014)<br \/>\n<em>Cirkeln<\/em> (Sverige 2015, baserar sig p\u00e5 b\u00f6ckerna av Strandberg &amp; Bergmark Elvgren)<br \/>\n<em>Johan Falk: Tyst diplomati<\/em> (s\u00e4song 3, 2015)<br \/>\n<em>Columbus Circle<\/em> (2012)<em><br \/>\n<\/em>Baz Luhrmann: <em>Great Gatsby<\/em> (201<em>3)<br \/>\n<\/em>Edward Zwick: <em>The Last Samurai<\/em>. 2003<br \/>\nVicente Amorin: <em>Good.<\/em> 2008<br \/>\nPaul Verhoeven: <em>Black Box<\/em>. 2006.<br \/>\n<em>Luokkakokous. <\/em>2015<br \/>\nSpike Lee: <em>Miracle at St. Anna.<\/em> 2008<br \/>\n<em>Philomena<\/em>. 2013.<br \/>\n<em>Mission Impossible (4): Ghost Protocol. <\/em>2011<em><br \/>\nMission Impossible (5): Rogue Nation.<\/em> 2015<br \/>\nLasse Hallstr\u00f6m: <em>Dear John. <\/em>2010 (baserad p\u00e5\u00a0 bok av Nicholas Sparks)<br \/>\nSpike Lee: <em>Miracle at St. Anna<\/em>. 2012<br \/>\nAndreas Veiel:<em>Wer wenn nicht wir<\/em>. 2011<br \/>\nWoody Allen:<em> Bullets over Broadway.<\/em> 1994<br \/>\nHannu Kohakorpi: <em>P\u00e4\u00e4talo<\/em>. 2008<br \/>\nInari Niemi:<em> Kes\u00e4kaverit.<\/em> 2014<br \/>\nJonathan Levine: <em>50\/50.<\/em> 2011<br \/>\nAgatha Christie\/Miss Marple:<br \/>\n&#8211; <em>A Murder Full of Rye<\/em>. 2009<br \/>\n&#8211; <em>They Do it with Mirrors. <\/em>2009<br \/>\n&#8211; <em>Why Didn&#8217;t They Ask Evans. <\/em>2009<br \/>\n&#8211; <em>Murder Is Easy. <\/em>2009<br \/>\n&#8211; <em>The Pale Horse. <\/em>2010<br \/>\n<i><b>&#8211; The Mirror Crack&#8217;d from Side to Side<\/b><\/i>. 2011<br \/>\nOliver Dahan:<em> Grace of Monaco.<\/em> 2014<br \/>\nPeter Jackson: <em>The Hobbit: The Battle of the Five Armies.<\/em> 2014<br \/>\n<em>Henkesi edest\u00e4. <\/em>2014<br \/>\nKevin MacDonald:<em> The Last King of Scotland<\/em>. 2006<br \/>\nDean Parisot: <em>Red <\/em>(2010)<em><br \/>\n<\/em>Dean Parisot<em>: Red 2 <\/em>(2013)<br \/>\n<em>The Hunger Games 3: Mockingjay, part 1.<\/em> 2014<em><br \/>\nAvant l&#8217;hiver. <\/em> 2013<br \/>\n<em>I Give It a Year.<\/em>2013<br \/>\n<em>The Imitation Game <\/em>2014.<br \/>\n<em>Ok\u00e4nd soldat.<\/em> 2017<br \/>\n<em>Insurgent<\/em>. (del 2<em> i Divergent<\/em>-trilogin)<br \/>\n<em>F\u00e4ktaren<br \/>\nToiset tyt\u00f6t<br \/>\nChaasa.<br \/>\nInferno <\/em>(baserad p\u00e5 Dan Brown)<br \/>\n<em>Jack Reacher &#8211; Never Go Back<\/em><\/p>\n<p><em><strong>Kortserier 2017:<\/strong><\/em><br \/>\n<em>Skam<\/em> (s\u00e4song 1-4)<strong><br \/>\n<\/strong><em>Lola upp och ner<\/em> (6 delar)<br \/>\n<em>Tungvattnet <\/em>(6 delar)<br \/>\n<em>G\u00e5smamman, <\/em>s\u00e4song 1-2<em><br \/>\nPresidenttti<br \/>\n<\/em><em>Bonusfamiljen<br \/>\nRakkautta ja rimakauhua<br \/>\nKomissarie Gently, <\/em>s\u00e4song x-x<br \/>\n<em>Grantchester<\/em><br \/>\n<em>Maigret<\/em> (UK, 2 delar)<br \/>\n<em>Endeavour<\/em> (Unga Morse, 4 delar)<br \/>\n<em>Medici<\/em> (6 delar)<br \/>\n<em>Case <\/em>(Island)<br \/>\n<em>Victoria <\/em>(<em>8 delar)<br \/>\nMadame Secretary<br \/>\nPortkod 1321 <\/em>(s\u00e4song 1)<em><br \/>\nPortkod 1525 <\/em>(s\u00e4song 2)<em><br \/>\nUnga och lovande <\/em>(s\u00e4song 1: 6 delar<em>, <\/em>2: 6 delar)<br \/>\n<em>Sommarkollo <\/em>(Yle)<br \/>\n<em>Mad Men<\/em> (s\u00e4song 1, 13 avsnitt, s\u00e4song 2, 6 avsnitt)<br \/>\nBengt Lagerkvist:<em> G\u00f6sta Berlings saga.\u00a0<\/em>1986 (6 delar).<br \/>\n<em>The Halcyon Hotel<br \/>\nV\u00e5r tid \u00e4r nu.<br \/>\n<\/em><\/p>\n<p><strong>Filmer 2016:<br \/>\n<\/strong>Sam Mendes:<em> Spectre -James Bond<\/em>. 2015.(brittisk)<br \/>\nMatti Kinnunen: <em>Miss Farkku-Suom<\/em>i. 2011. (finsk)<br \/>\nPer Fly: <em>Monica Z<\/em>. 2013 (svensk)<br \/>\nAleksi Salmenper\u00e4: <em>Lapsia ja aikuisia<\/em>. 2004 (finsk)<br \/>\nJane Campion: <em>Bright Stars<\/em>. 2009 (<span class=\"st\">British-French-Australian, om John Keats)<br \/>\nDouglas Mackinnon: <em>The Abominable Bride &#8211; Sherlock Holmes speciall.<\/em> 2016 (brittisk)<br \/>\nSakari Kirjavainen:<em> Hiljaisuus.<\/em>2011 (finsk)<br \/>\n<em>Fast and Furious Five<\/em> (amerikansk)<br \/>\nRichard Linklater: <em>Before Midnight.<\/em>2013 (amerikansk)<br \/>\nPoirot-filmer:<br \/>\n<em>Murder on the Orient Express \u00a0\u00a0\u00a0 <\/em><br \/>\n<em>The Big Four<\/em><br \/>\n<em>Dead Man&#8217;s Folly \u00a0\u00a0 \u00a0<\/em><br \/>\n<em>The Labours of Hercules \u00a0\u00a0 \u00a0<\/em><br \/>\n<em>Curtain: Poirot&#8217;s Last Case<\/em><br \/>\nDavid O. Russell:<em> American Hustle.\u00a0 2013\u00a0<\/em>(amerikansk) (10 oscarsnomineringar, inga vinster)<br \/>\nJ.C. Chandor: <em>Margin Call<\/em>. 2011 (oscarnominerad f\u00f6r b\u00e4sta originalmanus)<br \/>\nTimo Koivusalo: <em>T\u00e4\u00e4ll\u00e4 Pohjant\u00e4hden alla II<\/em>. 2010<br \/>\nDome Karukoski: <em>Leijonasyd\u00e4n<\/em>. 2013 (flera Jussinomineringar; Jasper P\u00e4\u00e4kk\u00f6nen vann f\u00f6r b\u00e4sta manliga biroll)<br \/>\nTomas Alfredson efter manus av John Ajvide Lindqvist: <em>L\u00e5t den r\u00e4tte komma in.<\/em> 2008<br \/>\nAku Louhimies:<em> 8-pallo<\/em>. 2013 (nominerad till Jussi f\u00f6r b\u00e4sta film)<br \/>\n<em>Sebbe<\/em>.2010 (guldbagge f\u00f6r b\u00e4sta film 2011)<br \/>\nElmo Nuganen: <em>Nimet marmoritauluissa.<\/em> 2002<br \/>\nTaru M\u00e4kel\u00e4: <em>Mielet\u00f6n elokuu.<\/em> 2013<br \/>\nLone Scherfig: <em>An Education. <\/em>2009 (3 oscarsnomineringar, placerad i 1960-talets London, Nick Hornby var en av manuskripf\u00f6rfattarna, riktigt bra!)<br \/>\n<em>500 Days of Summer<\/em>. 2009<br \/>\n<em>Silver Linings Playbook<\/em>. 2012 (\u00e5tta Oscarsnomineringar, Jennifer Lawrence vann f\u00f6r b\u00e4sta kvinnliga huvudroll)<br \/>\nWoody Allen: <em>Blue Jasmin<\/em> 2013 (Kate Blanchett fick Oscar f\u00f6r b\u00e4sta kvinnliga huvudroll)<br \/>\n<em>Hitchcock<\/em>. 2012<br \/>\n<em>The Divergent. <\/em>2014 (baserat p\u00e5 Veronica Roths bok, f\u00f6rsta i serie)<br \/>\nDome Karukoski: <em>Mielens\u00e4pahoittaja. <\/em>2014 (Jussi f\u00f6r b\u00e4sta manliga huvudroll)<br \/>\nWoody Allen: <em>Small Time Crooks.<\/em> 2000<br \/>\nSteve McQueen: <em>12 Years a Slave.<\/em> 2013 (bl.a. Oscar f\u00f6r b\u00e4sta film)<br \/>\n<em>Asterix och vikingarna. <\/em>2006<br \/>\nm.fl.<br \/>\n<\/span><\/p>\n<p>&nbsp;<\/p>\n","protected":false},"excerpt":{"rendered":"<p>Filmer 2018: Snabba Cash &#8211; Livet de luxe. 2013 Solsidan. 2017 Fame. 2009 Viikossa aikuiseksi. 2015 The Constant Gardener Pride and Prejudice 2005 Falck: Blodsdiamanter Beck 2015: Det regnar alltid i Paris Paris. Jag har \u00e4lskar dig s\u00e5 l\u00e4nge. Das &hellip; <a href=\"https:\/\/blogs2.abo.fi\/laslust\/filmer-2016\/\">Forts\u00e4tt l\u00e4sa <span class=\"meta-nav\">&rarr;<\/span><\/a><\/p>\n","protected":false},"author":7,"featured_media":0,"parent":0,"menu_order":0,"comment_status":"closed","ping_status":"closed","template":"","meta":{"footnotes":""},"class_list":["post-927","page","type-page","status-publish","hentry"],"_links":{"self":[{"href":"https:\/\/blogs2.abo.fi\/laslust\/wp-json\/wp\/v2\/pages\/927","targetHints":{"allow":["GET"]}}],"collection":[{"href":"https:\/\/blogs2.abo.fi\/laslust\/wp-json\/wp\/v2\/pages"}],"about":[{"href":"https:\/\/blogs2.abo.fi\/laslust\/wp-json\/wp\/v2\/types\/page"}],"author":[{"embeddable":true,"href":"https:\/\/blogs2.abo.fi\/laslust\/wp-json\/wp\/v2\/users\/7"}],"replies":[{"embeddable":true,"href":"https:\/\/blogs2.abo.fi\/laslust\/wp-json\/wp\/v2\/comments?post=927"}],"version-history":[{"count":43,"href":"https:\/\/blogs2.abo.fi\/laslust\/wp-json\/wp\/v2\/pages\/927\/revisions"}],"predecessor-version":[{"id":2509,"href":"https:\/\/blogs2.abo.fi\/laslust\/wp-json\/wp\/v2\/pages\/927\/revisions\/2509"}],"wp:attachment":[{"href":"https:\/\/blogs2.abo.fi\/laslust\/wp-json\/wp\/v2\/media?parent=927"}],"curies":[{"name":"wp","href":"https:\/\/api.w.org\/{rel}","templated":true}]}}