{"id":68,"date":"2015-01-17T09:44:55","date_gmt":"2015-01-17T09:44:55","guid":{"rendered":"http:\/\/blogs2.abo.fi\/laslust\/?page_id=68"},"modified":"2023-02-24T19:58:48","modified_gmt":"2023-02-24T19:58:48","slug":"olasta-bocker-i-bokhyllan","status":"publish","type":"page","link":"https:\/\/blogs2.abo.fi\/laslust\/olasta-bocker-i-bokhyllan\/","title":{"rendered":"Ol\u00e4sta b\u00f6cker i bokhyllan"},"content":{"rendered":"<p>A<em><br \/>\n<\/em>Ali, Monica: <em>Brick Lane<\/em><\/p>\n<p>B<br \/>\nBlomqvist, Anni:<em> I n\u00f6d och lust<br \/>\n<\/em>Blomqvist, Anni: <em>Anna Beata 2<br \/>\n<\/em>Blomqvist, Anni: <em>Anna Beata<\/em> 3<br \/>\nBrookner, Anita: <em>The Bay of Angels<\/em><em><br \/>\n<\/em><\/p>\n<p>C<br \/>\nConradi Peter: <em>Kungligt<\/em><\/p>\n<p>D<br \/>\nDonaldson Julianne: Edenbrooke<br \/>\nDuMaurier, Daphne: <em>Kungens general<\/em><\/p>\n<p>F<br \/>\nFarah, Nura:<em> Aavikon tytt\u00e4ret<\/em><br \/>\nFogelstr\u00f6m, Per Anders: <em>Komikern<br \/>\n<\/em>Follett, Ken: <em>Nattv\u00e4ktarna<\/em><em><br \/>\n<\/em><\/p>\n<p>H<br \/>\n<span class=\"st\">Hayden, Torey:<em> Solrosskogen<br \/>\n<\/em><\/span>Hietamies, Laila:<em> Kukkivat kummut<br \/>\n<\/em>Hietamies, Laila:<em><span class=\"kirjaviite\" title=\"Kirjaviite\"><i>Lehmusten kaupunki<\/i><br \/>\n<\/span><\/em><\/p>\n<p>K<br \/>\nKivel\u00e4 Malin: <em>Annanstans<\/em><br \/>\nK\u00e4hk\u00f6nen, Sirpa: <em>Hietakehto<br \/>\n<\/em><\/p>\n<p>L<br \/>\nLind\u00e9n Zinaida: Valenciana<br \/>\nLugowskaja, Nina:<em> Jag vill leva<\/em><em><br \/>\n<\/em><\/p>\n<p>M<em><br \/>\n<\/em>MacEwan, Ian: <em>Nutshell<\/em><br \/>\nMacLaine, Shirley: <em>Mina lyckliga stj\u00e4rnor<br \/>\n<\/em>Mazarella, Merete: <em>Fredrika Charlotta f\u00f6dd Tengstr\u00f6m<br \/>\n<\/em>McCaig: <em>Rhett Butlers ber\u00e4ttelse<br \/>\n<\/em>Moyes, Jojo:<em>Arcadia<\/em><em><br \/>\n<\/em>Mustonen Enni:<em> N\u00e4kij\u00e4<br \/>\n<\/em>Mustonen Enni:<em> Ruokarouva<br \/>\n<\/em><\/p>\n<p>N<br \/>\nNyman, Peter:<em> Ankkalammikko<br \/>\n<\/em><\/p>\n<p>P<br \/>\nPancoul, Katherine:<em> Krokodilernas gula \u00f6gon<\/em><em><br \/>\n<\/em>Prest, Marcus: <em>Android<\/em><\/p>\n<p>R<br \/>\nRagde, Anna: <em>Arseniktornet<\/em><\/p>\n<p>S<br \/>\nShreve, Anita: XX<br \/>\nSmith, Zadie: <em>White Teeeth<br \/>\n<\/em><br \/>\nW<br \/>\nWalker, Alexander: <em>Vivien<\/em><\/p>\n<p><strong>Ljudb\u00f6cker:<br \/>\n<\/strong><\/p>\n<p>Adler-Olsen Jussi Hon tackade gudarna<br \/>\nAhl Mia Bus och godis<br \/>\nAhnhem Stefan Offer utan ansikte<br \/>\nCarter Chris B\u00f6deln<br \/>\nCoelho, Paulo Segraren st\u00e5r ensam<br \/>\nDickens Charles Pickwikc-klubbens efterl\u00e4mnade papper (3 cd)<br \/>\nEdenborg Carl-Michael Alkemistens dotter<br \/>\nFerry Bj\u00f6rn Ferry tales. Inte s\u00e5 f\u00f6rbannat tillr\u00e4ttalagt<br \/>\nGeorge Elisabeth Oanade konsekvenser<br \/>\nGuillou Jan Ordets makt och vanmakt<br \/>\nHellberg Bj\u00f6rn Skarpr\u00e4ttaren<br \/>\nHemingway Ernest Klockan kl\u00e4mtar f\u00f6r dig<br \/>\nHemingway Ernest Farv\u00e4l till vapnen<br \/>\nIshiguro Kazuo Begravd j\u00e4tte<br \/>\nJensen Jens Henrik Yxskeppet<br \/>\nJensen Jens Henrik Sp\u00f6kf\u00e5ngen<br \/>\nJokinen Seppo Vihan sukua<br \/>\nKing, Stephen Outsidern<br \/>\nKing, Stephen Piina<br \/>\nLaine Matti Pahojen miesten seura<br \/>\nLindell Unni Brudkistan<br \/>\nLittell Jonathan The Kindly Ones<br \/>\nMankell Henning Den orolige mannen<br \/>\nM\u00e5rtensson Bodil Beckm\u00f6rker<br \/>\nM\u00e5rtensson Bodil Kastanjetr\u00e4dets makt<br \/>\nPenny Louise Det vackra mysteriet<br \/>\nPenny Louise Ljuset tar sig in<br \/>\nRobinson, Peter N\u00e4r musiken tystnar<br \/>\nSteinbeck John Vredens druvor<br \/>\nValtonen Jussi He eiv\u00e4t tied\u00e4 mit\u00e4 tekev\u00e4t<br \/>\nZola Emile Damernas paradis<br \/>\nLapidus Jens Paradis City<\/p>\n","protected":false},"excerpt":{"rendered":"<p>A Ali, Monica: Brick Lane B Blomqvist, Anni: I n\u00f6d och lust Blomqvist, Anni: Anna Beata 2 Blomqvist, Anni: Anna Beata 3 Brookner, Anita: The Bay of Angels C Conradi Peter: Kungligt D Donaldson Julianne: Edenbrooke DuMaurier, Daphne: Kungens general &hellip; <a href=\"https:\/\/blogs2.abo.fi\/laslust\/olasta-bocker-i-bokhyllan\/\">Forts\u00e4tt l\u00e4sa <span class=\"meta-nav\">&rarr;<\/span><\/a><\/p>\n","protected":false},"author":7,"featured_media":0,"parent":0,"menu_order":0,"comment_status":"open","ping_status":"open","template":"","meta":{"footnotes":""},"class_list":["post-68","page","type-page","status-publish","hentry"],"_links":{"self":[{"href":"https:\/\/blogs2.abo.fi\/laslust\/wp-json\/wp\/v2\/pages\/68","targetHints":{"allow":["GET"]}}],"collection":[{"href":"https:\/\/blogs2.abo.fi\/laslust\/wp-json\/wp\/v2\/pages"}],"about":[{"href":"https:\/\/blogs2.abo.fi\/laslust\/wp-json\/wp\/v2\/types\/page"}],"author":[{"embeddable":true,"href":"https:\/\/blogs2.abo.fi\/laslust\/wp-json\/wp\/v2\/users\/7"}],"replies":[{"embeddable":true,"href":"https:\/\/blogs2.abo.fi\/laslust\/wp-json\/wp\/v2\/comments?post=68"}],"version-history":[{"count":125,"href":"https:\/\/blogs2.abo.fi\/laslust\/wp-json\/wp\/v2\/pages\/68\/revisions"}],"predecessor-version":[{"id":5193,"href":"https:\/\/blogs2.abo.fi\/laslust\/wp-json\/wp\/v2\/pages\/68\/revisions\/5193"}],"wp:attachment":[{"href":"https:\/\/blogs2.abo.fi\/laslust\/wp-json\/wp\/v2\/media?parent=68"}],"curies":[{"name":"wp","href":"https:\/\/api.w.org\/{rel}","templated":true}]}}