{"id":6723,"date":"2026-01-04T14:49:57","date_gmt":"2026-01-04T14:49:57","guid":{"rendered":"https:\/\/blogs2.abo.fi\/laslust\/?page_id=6723"},"modified":"2026-01-04T14:54:08","modified_gmt":"2026-01-04T14:54:08","slug":"last-lyssnat-2025","status":"publish","type":"page","link":"https:\/\/blogs2.abo.fi\/laslust\/last-lyssnat-2025\/","title":{"rendered":"L\u00e4st &amp; lyssnat 2025"},"content":{"rendered":"<p><strong>Ljudb\u00f6cker<\/strong><\/p>\n<table width=\"522\">\n<tbody>\n<tr>\n<td width=\"154\">Adolfsson Maria<\/td>\n<td width=\"244\">Tiga som muren<\/td>\n<td width=\"124\">deckare<\/td>\n<\/tr>\n<tr>\n<td>Andersson Lena<\/td>\n<td width=\"244\">M\u00e4n och kvinnor<\/td>\n<td width=\"124\">roman<\/td>\n<\/tr>\n<tr>\n<td>Antell Ann-Christin<\/td>\n<td width=\"244\">Valkea lilja<\/td>\n<td width=\"124\">historisk roman<\/td>\n<\/tr>\n<tr>\n<td>Appelqvist Kristina<\/td>\n<td width=\"244\">Den fj\u00e4rde pakten<\/td>\n<td width=\"124\">deckare<\/td>\n<\/tr>\n<tr>\n<td>Bertell Ann-Louise<\/td>\n<td width=\"244\">Skuggas<\/td>\n<td width=\"124\">historisk roman<\/td>\n<\/tr>\n<tr>\n<td>Bowen Kelly<\/td>\n<td width=\"244\">Den hemliga v\u00e5ningen<\/td>\n<td width=\"124\">historisk roman<\/td>\n<\/tr>\n<tr>\n<td>Brown Dan<\/td>\n<td width=\"244\">Den yttersta hemligheten<\/td>\n<td width=\"124\">triller<\/td>\n<\/tr>\n<tr>\n<td>Collins Karin<\/td>\n<td width=\"244\">D\u00e4r jag har mitt hj\u00e4rta k\u00e4r<\/td>\n<td width=\"124\">historisk roman<\/td>\n<\/tr>\n<tr>\n<td>Crasnianski Tania<\/td>\n<td width=\"244\">Nazisternas barn<\/td>\n<td width=\"124\">fakta<\/td>\n<\/tr>\n<tr>\n<td>Cullhed Elin<\/td>\n<td width=\"244\">Eufori<\/td>\n<td width=\"124\">roman<\/td>\n<\/tr>\n<tr>\n<td>Da Costa Melissa<\/td>\n<td width=\"244\">Toivoa versovat p\u00e4iv\u00e4t<\/td>\n<td width=\"124\">roman<\/td>\n<\/tr>\n<tr>\n<td>Erlandsson Karin<\/td>\n<td width=\"244\">Det bl\u00e5 garnet<\/td>\n<td width=\"124\">korta juttur<\/td>\n<\/tr>\n<tr>\n<td>Ernaux Annie<\/td>\n<td width=\"244\">Min far<\/td>\n<td width=\"124\">autofiktion<\/td>\n<\/tr>\n<tr>\n<td>Ernaux Annie<\/td>\n<td width=\"244\">Kvinnan<\/td>\n<td width=\"124\">autofiktion<\/td>\n<\/tr>\n<tr>\n<td>Ernoux Annie<\/td>\n<td width=\"244\">\u00c5ren<\/td>\n<td width=\"124\">biografi<\/td>\n<\/tr>\n<tr>\n<td>Ernst Linea Maja<\/td>\n<td width=\"244\">Bara till naveln<\/td>\n<td width=\"124\">roman<\/td>\n<\/tr>\n<tr>\n<td>Fellman Rosanna<\/td>\n<td width=\"244\">Det Jakobstad ingen vill ha<\/td>\n<td width=\"124\">korta juttur<\/td>\n<\/tr>\n<tr>\n<td>Garmus Bonnie<\/td>\n<td width=\"244\">Lektioner i kemi<\/td>\n<td width=\"124\">historisk roman<\/td>\n<\/tr>\n<tr>\n<td>Hadley Tessa<\/td>\n<td width=\"244\">Late in the Day<\/td>\n<td width=\"124\">roman<\/td>\n<\/tr>\n<tr>\n<td>Hannah Kristin<\/td>\n<td width=\"244\">The Women<\/td>\n<td width=\"124\">roman<\/td>\n<\/tr>\n<tr>\n<td>Harnesk Tina<\/td>\n<td width=\"244\">Folk som s\u00e5r i sn\u00f6<\/td>\n<td width=\"124\">roman<\/td>\n<\/tr>\n<tr>\n<td>Harrison Dick<\/td>\n<td width=\"244\">Fascismen<\/td>\n<td width=\"124\">fakta<\/td>\n<\/tr>\n<tr>\n<td>Herngren Moa<\/td>\n<td width=\"244\">Syskonfejden<\/td>\n<td width=\"124\">roman<\/td>\n<\/tr>\n<tr>\n<td>Herngren Moa<\/td>\n<td width=\"244\">Skilsm\u00e4ssan<\/td>\n<td width=\"124\">roman<\/td>\n<\/tr>\n<tr>\n<td>Hill Susan<\/td>\n<td width=\"244\">Kvinnan i svart<\/td>\n<td width=\"124\">roman<\/td>\n<\/tr>\n<tr>\n<td>Hjorth Vigdis<\/td>\n<td width=\"244\">Femton \u00e5r &#8211; den revolution\u00e4ra v\u00e5ren<\/td>\n<td width=\"124\">roman<\/td>\n<\/tr>\n<tr>\n<td>Holmgren Lotta<\/td>\n<td width=\"244\">Min mamma har bara s\u00e5 l\u00e4tt f\u00f6r att bli brun<\/td>\n<td width=\"124\">historisk roman<\/td>\n<\/tr>\n<tr>\n<td>Honkanen Niina<\/td>\n<td width=\"244\">Rakkaani Vladimir<\/td>\n<td width=\"124\">roman<\/td>\n<\/tr>\n<tr>\n<td>Jenkins Reid Taylor<\/td>\n<td width=\"244\">The Seven Husbands of Evelyn Hugo<\/td>\n<td width=\"124\">roman<\/td>\n<\/tr>\n<tr>\n<td>Joenpelto Eeva<\/td>\n<td width=\"244\">Tuomari Muller, hieno mies<\/td>\n<td width=\"124\">roman<\/td>\n<\/tr>\n<tr>\n<td>Jonasson Ragnar<\/td>\n<td width=\"244\">\u00d6n<\/td>\n<td width=\"124\">deckare<\/td>\n<\/tr>\n<tr>\n<td>Jonasson Ragnar<\/td>\n<td width=\"244\">M\u00f6rkret<\/td>\n<td width=\"124\">deckare<\/td>\n<\/tr>\n<tr>\n<td>J\u00e4rvinen Anna<\/td>\n<td width=\"244\">Dr\u00f6m natten till idag<\/td>\n<td width=\"124\">roman<\/td>\n<\/tr>\n<tr>\n<td>Kepler Lars<\/td>\n<td width=\"244\">Spindeln<\/td>\n<td width=\"124\">deckare<\/td>\n<\/tr>\n<tr>\n<td>Kepler Lars<\/td>\n<td width=\"244\">Lazarus<\/td>\n<td width=\"124\">deckare<\/td>\n<\/tr>\n<tr>\n<td>Kepler Lars<\/td>\n<td width=\"244\">S\u00f6mng\u00e5ngaren<\/td>\n<td width=\"124\">deckare<\/td>\n<\/tr>\n<tr>\n<td>Kjellsdotter Nilla<\/td>\n<td width=\"244\">Inte ditt barn<\/td>\n<td width=\"124\">deckare<\/td>\n<\/tr>\n<tr>\n<td>Kostedt Jenna<\/td>\n<td width=\"244\">Sinisiipasten saari<\/td>\n<td width=\"124\">historisk roman<\/td>\n<\/tr>\n<tr>\n<td>Kristof Agota<\/td>\n<td width=\"244\">Den stora skrivboken<\/td>\n<td width=\"124\">historisk roman<\/td>\n<\/tr>\n<tr>\n<td>Kvarnstr\u00f6m-Jones Ruth<\/td>\n<td width=\"244\">V\u00e4ninnorna p\u00e5 Nordiska Kompaniet<\/td>\n<td width=\"124\">historisk roman<\/td>\n<\/tr>\n<tr>\n<td>Lagercrantz David<\/td>\n<td width=\"244\">Memoria<\/td>\n<td width=\"124\">deckare<\/td>\n<\/tr>\n<tr>\n<td>Lagercrantz David<\/td>\n<td width=\"244\">Obscuritas<\/td>\n<td width=\"124\">deckare<\/td>\n<\/tr>\n<tr>\n<td>Lappalainen Tarja<\/td>\n<td width=\"244\">Salonkiel\u00e4m\u00e4\u00e4 &#8211; Aatelisrouva Elisabet J\u00e4rnefeltin ja Juhani Ahon rakkaustarina<\/td>\n<td width=\"124\">biografi<\/td>\n<\/tr>\n<tr>\n<td>Lehtolainen Leena<\/td>\n<td width=\"244\">Lumileopardin syd\u00e4n<\/td>\n<td width=\"124\">deckare<\/td>\n<\/tr>\n<tr>\n<td>Levengood Mark<\/td>\n<td width=\"244\">Rosor, min k\u00e4ra, bara rosor<\/td>\n<td width=\"124\">korta juttur<\/td>\n<\/tr>\n<tr>\n<td>Lidbeck Agnes<\/td>\n<td width=\"244\">F\u00f6rl\u00e5ten<\/td>\n<td width=\"124\">roman<\/td>\n<\/tr>\n<tr>\n<td>Linderborg \u00c5sa<\/td>\n<td width=\"244\">Tjabo, del 1<\/td>\n<td width=\"124\">biografi<\/td>\n<\/tr>\n<tr>\n<td>Linderborg \u00c5sa<\/td>\n<td width=\"244\">Tjabo 3 &#8211; Ers Majest\u00e4t<\/td>\n<td width=\"124\">biografi<\/td>\n<\/tr>\n<tr>\n<td>Lindqvist Herman<\/td>\n<td width=\"244\">Kungligt och m\u00e4nskligt: 200 \u00e5r med \u00e4tten Bernadotte<\/td>\n<td width=\"124\">biografi<\/td>\n<\/tr>\n<tr>\n<td>MacFadden Freida<\/td>\n<td width=\"244\">Hembitr\u00e4det<\/td>\n<td width=\"124\">triller<\/td>\n<\/tr>\n<tr>\n<td>Marin Sanna<\/td>\n<td width=\"244\">Toivo on tekoja<\/td>\n<td width=\"124\">biografi<\/td>\n<\/tr>\n<tr>\n<td>Mattsson Britt-Marie<\/td>\n<td width=\"244\">Kvinnorna byggde v\u00e4lf\u00e4rden<\/td>\n<td width=\"124\">fakta<\/td>\n<\/tr>\n<tr>\n<td>McFadden Freida<\/td>\n<td width=\"244\">The Boyfriend<\/td>\n<td width=\"124\">triller<\/td>\n<\/tr>\n<tr>\n<td>McFadden Freida &amp; Stoddard Kelly<\/td>\n<td width=\"244\">Baby City<\/td>\n<td width=\"124\">roman<\/td>\n<\/tr>\n<tr>\n<td>Mikkanen Raili<\/td>\n<td width=\"244\">Aurora &#8211; keisarinnan hovineito<\/td>\n<td width=\"124\">barn-ungdom historisk roman<\/td>\n<\/tr>\n<tr>\n<td>Moriarty Liane<\/td>\n<td width=\"244\">\u00c4pplet faller inte<\/td>\n<td width=\"124\">roman<\/td>\n<\/tr>\n<tr>\n<td>Moyes Jojo<\/td>\n<td width=\"244\">Mellan samma v\u00e4ggar<\/td>\n<td width=\"124\">feelgood-chic lit<\/td>\n<\/tr>\n<tr>\n<td>Moyes Jojo<\/td>\n<td width=\"244\">Andra kvinnors liv<\/td>\n<td width=\"124\">feelgood-chic lit<\/td>\n<\/tr>\n<tr>\n<td>Mustonen Enni<\/td>\n<td width=\"244\">Matriarkka<\/td>\n<td width=\"124\">historisk roman<\/td>\n<\/tr>\n<tr>\n<td>Mustonen Enni<\/td>\n<td width=\"244\">Kartanonrouva<\/td>\n<td width=\"124\">historisk roman<\/td>\n<\/tr>\n<tr>\n<td>Niinist\u00f6 Sauli<\/td>\n<td width=\"244\">Kaikki tiet turvaan<\/td>\n<td width=\"124\">biografi<\/td>\n<\/tr>\n<tr>\n<td>Ohlsson Kristina<\/td>\n<td width=\"244\">Nattankare<\/td>\n<td width=\"124\">deckare<\/td>\n<\/tr>\n<tr>\n<td>O&#8217;Leary Beth<\/td>\n<td width=\"244\">Sambo p\u00e5 f\u00f6rs\u00f6k<\/td>\n<td width=\"124\">feelgood-chic lit<\/td>\n<\/tr>\n<tr>\n<td>Olofssone B &amp; Edholm, R<\/td>\n<td width=\"244\">Svarta bj\u00f6rn<\/td>\n<td width=\"124\">historisk roman<\/td>\n<\/tr>\n<tr>\n<td>Parikka Altenstadt Johanna<\/td>\n<td width=\"244\">Operaatio Stela Polaris &#8211; Suuri suomalainen vakoilutarina<\/td>\n<td width=\"124\">fakta<\/td>\n<\/tr>\n<tr>\n<td>Parkkinen Leena<\/td>\n<td width=\"244\">Neiti Steinin keitt\u00e4j\u00e4t\u00e4r<\/td>\n<td width=\"124\">historisk roman<\/td>\n<\/tr>\n<tr>\n<td>Parrott Ursula<\/td>\n<td width=\"244\">Ex-Wife<\/td>\n<td width=\"124\">historisk roman<\/td>\n<\/tr>\n<tr>\n<td>Pratchett Ann<\/td>\n<td width=\"244\">The Dutch House<\/td>\n<td width=\"124\">historisk roman<\/td>\n<\/tr>\n<tr>\n<td>Quinn Kate &amp; Chang Jane<\/td>\n<td width=\"244\">Fenixkronan<\/td>\n<td width=\"124\">historisk roman<\/td>\n<\/tr>\n<tr>\n<td>Rimmer Kelly<\/td>\n<td width=\"244\">Den engelska agenten<\/td>\n<td width=\"124\">historisk roman<\/td>\n<\/tr>\n<tr>\n<td>Rooney Sally<\/td>\n<td width=\"244\">Intermezzo<\/td>\n<td width=\"124\">roman<\/td>\n<\/tr>\n<tr>\n<td>Rudberg Denise<\/td>\n<td width=\"244\">God Save the Queen<\/td>\n<td width=\"124\">deckare<\/td>\n<\/tr>\n<tr>\n<td>Rudberg Denise<\/td>\n<td width=\"244\">V\u00e5r sj\u00e4tte attach\u00e9<\/td>\n<td width=\"124\">historisk roman<\/td>\n<\/tr>\n<tr>\n<td>R\u00e4m\u00f6 Satu<\/td>\n<td width=\"244\">Tinna<\/td>\n<td width=\"124\">deckare<\/td>\n<\/tr>\n<tr>\n<td>Samuelsson Tony<\/td>\n<td width=\"244\">Kungen av Nostratien<\/td>\n<td width=\"124\">roman<\/td>\n<\/tr>\n<tr>\n<td>Sarenbrant Sofie<\/td>\n<td width=\"244\">F\u00f6ljeslagaren<\/td>\n<td width=\"124\">deckare<\/td>\n<\/tr>\n<tr>\n<td>Schulman Alex<\/td>\n<td width=\"244\">. 17 juni<\/td>\n<td width=\"124\">roman<\/td>\n<\/tr>\n<tr>\n<td>Seeck Max<\/td>\n<td width=\"244\">Merkitty<\/td>\n<td width=\"124\">deckare<\/td>\n<\/tr>\n<tr>\n<td>Shreve Anita<\/td>\n<td width=\"244\">All He Ever Wanted<\/td>\n<td width=\"124\">roman<\/td>\n<\/tr>\n<tr>\n<td>Skageg\u00e5rd Lars-\u00c5ke<\/td>\n<td width=\"244\">Folke: Den \u00f6mhj\u00e4rtade Bernadotte<\/td>\n<td width=\"124\">historisk roman<\/td>\n<\/tr>\n<tr>\n<td>Smirnoff Karin<\/td>\n<td width=\"244\">Lokattens klor<\/td>\n<td width=\"124\">deckare<\/td>\n<\/tr>\n<tr>\n<td>Smirnoff Karin<\/td>\n<td width=\"244\">Havs\u00f6rnens skrik<\/td>\n<td width=\"124\">deckare<\/td>\n<\/tr>\n<tr>\n<td>Stridsberg Sara<\/td>\n<td width=\"244\">Farv\u00e4l till Panic Beach<\/td>\n<td width=\"124\">roman<\/td>\n<\/tr>\n<tr>\n<td>Str\u00f6mberg Sara<\/td>\n<td width=\"244\">Skred<\/td>\n<td width=\"124\">deckare<\/td>\n<\/tr>\n<tr>\n<td>Sullivan Mark<\/td>\n<td width=\"244\">Under en brinnande himmel<\/td>\n<td width=\"124\">historisk roman<\/td>\n<\/tr>\n<tr>\n<td>Sundstr\u00f6m Lena &amp; Mickelsen Jens<\/td>\n<td width=\"244\">Fristaden<\/td>\n<td width=\"124\">deckare<\/td>\n<\/tr>\n<tr>\n<td>Tahvanainen Sanna<\/td>\n<td width=\"244\">K\u00f6rsb\u00e4r i sn\u00f6n<\/td>\n<td width=\"124\">roman<\/td>\n<\/tr>\n<tr>\n<td>Tuokko Kaisu<\/td>\n<td width=\"244\">Valhe<\/td>\n<td width=\"124\">deckare<\/td>\n<\/tr>\n<tr>\n<td>Tuokko Kaisu<\/td>\n<td width=\"244\">Yksin<\/td>\n<td width=\"124\">deckare<\/td>\n<\/tr>\n<tr>\n<td>Tuokko Kaisu<\/td>\n<td width=\"244\">Kosto<\/td>\n<td width=\"124\">deckare<\/td>\n<\/tr>\n<tr>\n<td>Tuure Leila<\/td>\n<td width=\"244\">Varjojen aika<\/td>\n<td width=\"124\">historisk roman<\/td>\n<\/tr>\n<tr>\n<td>Vaarla Suvi<\/td>\n<td width=\"244\">Westend<\/td>\n<td width=\"124\">roman<\/td>\n<\/tr>\n<tr>\n<td>Vallgren Carl-Johan<\/td>\n<td width=\"244\">Din tid kommer<\/td>\n<td width=\"124\">deckare<\/td>\n<\/tr>\n<tr>\n<td>Vaughan Sarah<\/td>\n<td width=\"244\">Reputation<\/td>\n<td width=\"124\">triller<\/td>\n<\/tr>\n<tr>\n<td>Vaughan Sarah<\/td>\n<td width=\"244\">Little Disasters<\/td>\n<td width=\"124\">triller<\/td>\n<\/tr>\n<tr>\n<td>Vaughan Sarah<\/td>\n<td width=\"244\">Anatomy of a Scandal<\/td>\n<td width=\"124\">triller<\/td>\n<\/tr>\n<tr>\n<td>von Kugelgen Michaela<\/td>\n<td width=\"244\">Sommaren p\u00e5 vilda Hilda<\/td>\n<td width=\"124\">feelgood-chic lit<\/td>\n<\/tr>\n<tr>\n<td>Widding Lars<\/td>\n<td width=\"244\">Eva Brauns f\u00f6rlorade liv<\/td>\n<td width=\"124\">biografi<\/td>\n<\/tr>\n<tr>\n<td>Widholm Katarina<\/td>\n<td width=\"244\">R\u00e4kna hj\u00e4rtslag<\/td>\n<td width=\"124\">historisk roman<\/td>\n<\/tr>\n<tr>\n<td>Wolff Lina<\/td>\n<td width=\"244\">Liken vi begravde<\/td>\n<td width=\"124\">roman<\/td>\n<\/tr>\n<\/tbody>\n<\/table>\n<p><strong>E-b\u00f6cker<\/strong><\/p>\n<table width=\"522\">\n<tbody>\n<tr>\n<td width=\"154\">Bengtsdotter Lina<\/td>\n<td width=\"244\">Beatrice<\/td>\n<td width=\"124\">deckare<\/td>\n<\/tr>\n<tr>\n<td>Bengtsdotter Lina<\/td>\n<td width=\"244\">Francesca<\/td>\n<td width=\"124\">deckare<\/td>\n<\/tr>\n<tr>\n<td>Bengtsdotter Lina<\/td>\n<td width=\"244\">Annabelle<\/td>\n<td width=\"124\">deckare<\/td>\n<\/tr>\n<tr>\n<td>Ekel\u00f6f Maja<\/td>\n<td width=\"244\">Rapport fr\u00e5n en skurhink<\/td>\n<td width=\"124\">biografi<\/td>\n<\/tr>\n<tr>\n<td>Jansson Anna<\/td>\n<td width=\"244\">R\u00e4dslans labyrint<\/td>\n<td width=\"124\">deckare<\/td>\n<\/tr>\n<tr>\n<td>Jansson Anna<\/td>\n<td width=\"244\">Till offer \u00e5t det ok\u00e4nda<\/td>\n<td width=\"124\">deckare<\/td>\n<\/tr>\n<tr>\n<td>Jungstedt Mari<\/td>\n<td width=\"244\">N\u00e4r stj\u00e4rnorna faller<\/td>\n<td width=\"124\">deckare<\/td>\n<\/tr>\n<tr>\n<td>Jungstedt Mari<\/td>\n<td width=\"244\">Andra sidan m\u00e5nen<\/td>\n<td width=\"124\">deckare<\/td>\n<\/tr>\n<tr>\n<td>Jungstedt Mari<\/td>\n<td width=\"244\">Innan molnen kommer<\/td>\n<td width=\"124\">deckare<\/td>\n<\/tr>\n<tr>\n<td>Rudberg Denise<\/td>\n<td width=\"244\">Killer Queen<\/td>\n<td width=\"124\">deckare<\/td>\n<\/tr>\n<tr>\n<td>Schulman Ninni<\/td>\n<td width=\"244\">N\u00e4tter utan gryning<\/td>\n<td width=\"124\">deckare<\/td>\n<\/tr>\n<tr>\n<td>Schulmann Ninni<\/td>\n<td width=\"244\">K\u00e4raste Lena<\/td>\n<td width=\"124\">deckare<\/td>\n<\/tr>\n<tr>\n<td>Sten Viveca<\/td>\n<td width=\"244\">Gr\u00e4ns\u00f6verskridaren<\/td>\n<td width=\"124\">deckare<\/td>\n<\/tr>\n<tr>\n<td>Str\u00f6mberg Ellen<\/td>\n<td width=\"244\">Vi ska ju bara cykla f\u00f6rbi<\/td>\n<td width=\"124\">roman<\/td>\n<\/tr>\n<tr>\n<td>Teir Philip<\/td>\n<td width=\"244\">Akta dig f\u00f6r att f\u00e4rdas alltf\u00f6r fort<\/td>\n<td width=\"124\">noveller<\/td>\n<\/tr>\n<tr>\n<td>\u00d6hman Peppe<\/td>\n<td width=\"244\">Livet &amp; USA<\/td>\n<td width=\"124\">biografi<\/td>\n<\/tr>\n<\/tbody>\n<\/table>\n<p><strong>Fysiska\/tryckta b\u00f6cker<\/strong><\/p>\n<table width=\"522\">\n<tbody>\n<tr>\n<td width=\"154\">Fichtelius Erich<\/td>\n<td width=\"244\">Historiska katter<\/td>\n<td width=\"124\">fakta<\/td>\n<\/tr>\n<tr>\n<td>Mazzarella Merete<\/td>\n<td width=\"244\">Skulle vi alla kunna samsas<\/td>\n<td width=\"124\">korta juttur<\/td>\n<\/tr>\n<tr>\n<td>Nilsson Malin &amp; Arvidsson Camilla<\/td>\n<td width=\"244\">Puuhaillaan pihalla<\/td>\n<td width=\"124\">inredning<\/td>\n<\/tr>\n<tr>\n<td>Sparre Anna<\/td>\n<td width=\"244\">Knektens dotter<\/td>\n<td width=\"124\">historisk roman<\/td>\n<\/tr>\n<tr>\n<td>Tikkanen Henrik<\/td>\n<td width=\"244\">Br\u00e4nd\u00f6v\u00e4gen 8, Br\u00e4nd\u00f6 tel. 35<\/td>\n<td width=\"124\">roman<\/td>\n<\/tr>\n<tr>\n<td>Tikkanen Henrik<\/td>\n<td width=\"244\">Mariegatan 26 Kronohagen<\/td>\n<td width=\"124\">roman<\/td>\n<\/tr>\n<tr>\n<td><\/td>\n<td width=\"244\"><\/td>\n<td width=\"124\"><\/td>\n<\/tr>\n<\/tbody>\n<\/table>\n<p><strong>H\u00f6rspel och audiodrama<\/strong><\/p>\n<table width=\"522\">\n<tbody>\n<tr>\n<td width=\"154\">Sarkola Milja<\/td>\n<td width=\"244\">Min psykiater<\/td>\n<td width=\"124\">h\u00f6rspel<\/td>\n<\/tr>\n<tr>\n<td><\/td>\n<td width=\"244\">Jussi Halla-aho &#8211; kylm\u00e4 peli<\/td>\n<td width=\"124\">audiodrama<\/td>\n<\/tr>\n<tr>\n<td><\/td>\n<td width=\"244\"><\/td>\n<td width=\"124\"><\/td>\n<\/tr>\n<\/tbody>\n<\/table>\n","protected":false},"excerpt":{"rendered":"<p>Ljudb\u00f6cker Adolfsson Maria Tiga som muren deckare Andersson Lena M\u00e4n och kvinnor roman Antell Ann-Christin Valkea lilja historisk roman Appelqvist Kristina Den fj\u00e4rde pakten deckare Bertell Ann-Louise Skuggas historisk roman Bowen Kelly Den hemliga v\u00e5ningen historisk roman Brown Dan Den &hellip; <a href=\"https:\/\/blogs2.abo.fi\/laslust\/last-lyssnat-2025\/\">Forts\u00e4tt l\u00e4sa <span class=\"meta-nav\">&rarr;<\/span><\/a><\/p>\n","protected":false},"author":7,"featured_media":0,"parent":0,"menu_order":0,"comment_status":"closed","ping_status":"closed","template":"","meta":{"footnotes":""},"class_list":["post-6723","page","type-page","status-publish","hentry"],"_links":{"self":[{"href":"https:\/\/blogs2.abo.fi\/laslust\/wp-json\/wp\/v2\/pages\/6723","targetHints":{"allow":["GET"]}}],"collection":[{"href":"https:\/\/blogs2.abo.fi\/laslust\/wp-json\/wp\/v2\/pages"}],"about":[{"href":"https:\/\/blogs2.abo.fi\/laslust\/wp-json\/wp\/v2\/types\/page"}],"author":[{"embeddable":true,"href":"https:\/\/blogs2.abo.fi\/laslust\/wp-json\/wp\/v2\/users\/7"}],"replies":[{"embeddable":true,"href":"https:\/\/blogs2.abo.fi\/laslust\/wp-json\/wp\/v2\/comments?post=6723"}],"version-history":[{"count":2,"href":"https:\/\/blogs2.abo.fi\/laslust\/wp-json\/wp\/v2\/pages\/6723\/revisions"}],"predecessor-version":[{"id":6726,"href":"https:\/\/blogs2.abo.fi\/laslust\/wp-json\/wp\/v2\/pages\/6723\/revisions\/6726"}],"wp:attachment":[{"href":"https:\/\/blogs2.abo.fi\/laslust\/wp-json\/wp\/v2\/media?parent=6723"}],"curies":[{"name":"wp","href":"https:\/\/api.w.org\/{rel}","templated":true}]}}