{"id":6277,"date":"2025-01-04T20:40:02","date_gmt":"2025-01-04T20:40:02","guid":{"rendered":"https:\/\/blogs2.abo.fi\/laslust\/?page_id=6277"},"modified":"2025-01-05T09:26:59","modified_gmt":"2025-01-05T09:26:59","slug":"last-lyssnat-2024","status":"publish","type":"page","link":"https:\/\/blogs2.abo.fi\/laslust\/last-lyssnat-2024\/","title":{"rendered":"L\u00e4st &amp; lyssnat 2024"},"content":{"rendered":"<table width=\"518\">\n<tbody>\n<tr>\n<td width=\"139\"><strong>Ljudb\u00f6cker<\/strong><\/td>\n<td width=\"210\"><\/td>\n<td width=\"106\"><\/td>\n<td width=\"63\"><\/td>\n<\/tr>\n<tr>\n<td>Adolfsson Maria<\/td>\n<td width=\"210\">N\u00f6dv\u00e4ndigt ont<\/td>\n<td width=\"106\">deckare<\/td>\n<td>svenska<\/td>\n<\/tr>\n<tr>\n<td>Adolfsson Maria<\/td>\n<td width=\"210\">Fallvind<\/td>\n<td width=\"106\">deckare<\/td>\n<td>svenska<\/td>\n<\/tr>\n<tr>\n<td>Adolfsson Maria<\/td>\n<td width=\"210\">Spring eller d\u00f6<\/td>\n<td width=\"106\">deckare<\/td>\n<td>svenska<\/td>\n<\/tr>\n<tr>\n<td>Alakoski Susanna<\/td>\n<td width=\"210\">Dotterdottern<\/td>\n<td width=\"106\">historisk roman<\/td>\n<td>svenska<\/td>\n<\/tr>\n<tr>\n<td>Antell Ann-Christin<\/td>\n<td width=\"210\">Loviisan joulu<\/td>\n<td width=\"106\">historisk roman<\/td>\n<td>finska<\/td>\n<\/tr>\n<tr>\n<td>Antell Ann-Christin<\/td>\n<td width=\"210\">Joulu \u00d6rndahlin ruukissa<\/td>\n<td width=\"106\">historisk roman<\/td>\n<td>finska<\/td>\n<\/tr>\n<tr>\n<td>Appelqvist Kristina<\/td>\n<td width=\"210\">L\u00f6gnaren i skafferiet<\/td>\n<td width=\"106\">feelgood-chic lit<\/td>\n<td>svenska<\/td>\n<\/tr>\n<tr>\n<td>Appelqvist Kristina<\/td>\n<td width=\"210\">Den svarta l\u00f6paren<\/td>\n<td width=\"106\">deckare<\/td>\n<td>svenska<\/td>\n<\/tr>\n<tr>\n<td>Austen Paul<\/td>\n<td width=\"210\">Oracle Night<\/td>\n<td width=\"106\">roman<\/td>\n<td>engelska<\/td>\n<\/tr>\n<tr>\n<td>Balle Solvej<\/td>\n<td width=\"210\">Om utr\u00e4kning av omf\u00e5ng 1<\/td>\n<td width=\"106\">roman<\/td>\n<td>svenska<\/td>\n<\/tr>\n<tr>\n<td>Beckman \u00c5sa<\/td>\n<td width=\"210\">Kulturbarn: att v\u00e4xa upp i skuggan av en f\u00f6rfattare<\/td>\n<td width=\"106\">biografi<\/td>\n<td>svenska<\/td>\n<\/tr>\n<tr>\n<td>Diaz Herman<\/td>\n<td width=\"210\">Trust<\/td>\n<td width=\"106\">historisk roman<\/td>\n<td>engelska<\/td>\n<\/tr>\n<tr>\n<td>Ernestam Maria<\/td>\n<td width=\"210\">Tjuvlyssnaren<\/td>\n<td width=\"106\">roman<\/td>\n<td>svenska<\/td>\n<\/tr>\n<tr>\n<td>Fagerlund Jenny<\/td>\n<td width=\"210\">Den sista adventskalendern<\/td>\n<td width=\"106\">feelgood-chic lit<\/td>\n<td>svenska<\/td>\n<\/tr>\n<tr>\n<td>Forsblom Sabine<\/td>\n<td width=\"210\">Maskrosguden<\/td>\n<td width=\"106\">historisk roman<\/td>\n<td>svenska<\/td>\n<\/tr>\n<tr>\n<td>Frantz Eva<\/td>\n<td width=\"210\">S\u00e5 d\u00f6r du n\u00f6jdare<\/td>\n<td width=\"106\">deckare<\/td>\n<td>svenska<\/td>\n<\/tr>\n<tr>\n<td>Frid Johanna<\/td>\n<td width=\"210\">Nora eller Brinn Oslo Brinn<\/td>\n<td width=\"106\">roman<\/td>\n<td>svenska<\/td>\n<\/tr>\n<tr>\n<td>Gaynor Hazel<\/td>\n<td width=\"210\">Den sista livb\u00e5ten<\/td>\n<td width=\"106\">verklighetsbaserad historisk roman<\/td>\n<td>svenska<\/td>\n<\/tr>\n<tr>\n<td>Grundvall Maria<\/td>\n<td width=\"210\">Sanningen om Ester<\/td>\n<td width=\"106\">roman<\/td>\n<td>svenska<\/td>\n<\/tr>\n<tr>\n<td>Grundvall Maria<\/td>\n<td width=\"210\">Enh\u00f6rningen<\/td>\n<td width=\"106\">roman<\/td>\n<td>svenska<\/td>\n<\/tr>\n<tr>\n<td>Gustavson &amp; Ventus<\/td>\n<td width=\"210\">Ingen lek under ytan<\/td>\n<td width=\"106\">deckare<\/td>\n<td>svenska<\/td>\n<\/tr>\n<tr>\n<td>Hansson Ulrika<\/td>\n<td width=\"210\">Det \u00e4r inte synd om Edna Svartsj\u00f6<\/td>\n<td width=\"106\">historisk roman<\/td>\n<td>svenska<\/td>\n<\/tr>\n<tr>\n<td>Harrison Dick<\/td>\n<td width=\"210\">Franska revolutionen<\/td>\n<td width=\"106\">fakta (historia)<\/td>\n<td>svenska<\/td>\n<\/tr>\n<tr>\n<td>Hicks Pamela<\/td>\n<td width=\"210\">The Daughter of Empire: My Life as a Mountbatten<\/td>\n<td width=\"106\">biografi<\/td>\n<td>engelska<\/td>\n<\/tr>\n<tr>\n<td>Hiidensalo Virpi<\/td>\n<td width=\"210\">Suruttomat<\/td>\n<td width=\"106\">verklighetsbaserad historisk roman<\/td>\n<td>finska<\/td>\n<\/tr>\n<tr>\n<td>Holmstr\u00f6m Johanna<\/td>\n<td width=\"210\">Vargens unge<\/td>\n<td width=\"106\">sp\u00e4nning<\/td>\n<td>svenska<\/td>\n<\/tr>\n<tr>\n<td>H\u00e4meen-Anttila Virpi<\/td>\n<td width=\"210\">My\u00f6h\u00e4inen kev\u00e4t<\/td>\n<td width=\"106\">historisk roman<\/td>\n<td>finska<\/td>\n<\/tr>\n<tr>\n<td>H\u00e4meen-Anttila Virpi<\/td>\n<td width=\"210\">Sarastus<\/td>\n<td width=\"106\">historisk roman<\/td>\n<td>finska<\/td>\n<\/tr>\n<tr>\n<td>H\u00e4meen-Anttila Virpi<\/td>\n<td width=\"210\">Tiergartenin teurastaja<\/td>\n<td width=\"106\">historisk deckare<\/td>\n<td>finska<\/td>\n<\/tr>\n<tr>\n<td>H\u00e4meen-Anttila Virpi<\/td>\n<td width=\"210\">Kuka kuolleista palaa<\/td>\n<td width=\"106\">historisk deckare<\/td>\n<td>finska<\/td>\n<\/tr>\n<tr>\n<td>H\u00e4meen-Anttila Virpi<\/td>\n<td width=\"210\">K\u00e4\u00e4rmeitten kes\u00e4<\/td>\n<td width=\"106\">historisk deckare<\/td>\n<td>finska<\/td>\n<\/tr>\n<tr>\n<td>Idle Faysa m.fl.<\/td>\n<td width=\"210\">Ett ord f\u00f6r blod<\/td>\n<td width=\"106\">biografi<\/td>\n<td>svenska<\/td>\n<\/tr>\n<tr>\n<td>Indridason Arnaldur<\/td>\n<td width=\"210\">Det tyska huset<\/td>\n<td width=\"106\">historisk deckare<\/td>\n<td>svenska<\/td>\n<\/tr>\n<tr>\n<td>Jaatinen Satu<\/td>\n<td width=\"210\">Suomen kungiattaret<\/td>\n<td width=\"106\">fakta (historia)<\/td>\n<td>finska<\/td>\n<\/tr>\n<tr>\n<td>Jenoff Pam<\/td>\n<td width=\"210\">Koodinimi Safiiri<\/td>\n<td width=\"106\">historisk roman<\/td>\n<td>finska<\/td>\n<\/tr>\n<tr>\n<td>Johns Ana<\/td>\n<td width=\"210\">Kvinnan i den vita kimonon<\/td>\n<td width=\"106\">roman<\/td>\n<td>svenska<\/td>\n<\/tr>\n<tr>\n<td>Johnson Robert<\/td>\n<td width=\"210\">Catherine, the Princess of Wales. The Biography<\/td>\n<td width=\"106\">biografi<\/td>\n<td>engelska<\/td>\n<\/tr>\n<tr>\n<td>Johnson Thella<\/td>\n<td width=\"210\">Rauha<\/td>\n<td width=\"106\">roman<\/td>\n<td>finska<\/td>\n<\/tr>\n<tr>\n<td>Jungstedt Mari<\/td>\n<td width=\"210\">Den sista utposten<\/td>\n<td width=\"106\">deckare<\/td>\n<td>svenska<\/td>\n<\/tr>\n<tr>\n<td>Kallio Katja<\/td>\n<td width=\"210\">T\u00e4m\u00e4 l\u00e4pin\u00e4kyv\u00e4 syd\u00e4n<\/td>\n<td width=\"106\">historisk roman<\/td>\n<td>finska<\/td>\n<\/tr>\n<tr>\n<td>Kang Han<\/td>\n<td width=\"210\">Vegetaristi<\/td>\n<td width=\"106\">roman<\/td>\n<td>finska<\/td>\n<\/tr>\n<tr>\n<td>Keegan Claire<\/td>\n<td width=\"210\">N\u00e4m\u00e4 pienet asiat<\/td>\n<td width=\"106\">roman<\/td>\n<td>finska<\/td>\n<\/tr>\n<tr>\n<td>Kettu Katja<\/td>\n<td width=\"210\">Er\u00e4\u00e4n kissan tutkimuksia<\/td>\n<td width=\"106\">historisk roman<\/td>\n<td>finska<\/td>\n<\/tr>\n<tr>\n<td>Kinnunen Tommi<\/td>\n<td width=\"210\">Kaarna<\/td>\n<td width=\"106\">historisk roman<\/td>\n<td>finska<\/td>\n<\/tr>\n<tr>\n<td>Kjellsdotter Nilla<\/td>\n<td width=\"210\">Tills natten \u00e4r slut<\/td>\n<td width=\"106\">deckare<\/td>\n<td>svenska<\/td>\n<\/tr>\n<tr>\n<td>Korkea-aho Kaj<\/td>\n<td width=\"210\">Hur man m\u00f6ter en mamma<\/td>\n<td width=\"106\">biografi<\/td>\n<td>svenska<\/td>\n<\/tr>\n<tr>\n<td>Kortelainen Anna<\/td>\n<td width=\"210\">Tulirinta<\/td>\n<td width=\"106\">verklighetsbaserad historisk roman<\/td>\n<td>finska<\/td>\n<\/tr>\n<tr>\n<td>Kvarnstr\u00f6m-Jones Ruth<\/td>\n<td width=\"210\">De fenomenala fruntimren p\u00e5 Grand Hotel<\/td>\n<td width=\"106\">historisk roman<\/td>\n<td>svenska<\/td>\n<\/tr>\n<tr>\n<td>K\u00e4hk\u00f6nen Sirpa<\/td>\n<td width=\"210\">36 uurnaa<\/td>\n<td width=\"106\">biografi<\/td>\n<td>finska<\/td>\n<\/tr>\n<tr>\n<td>K\u00f6ng\u00e4s Heidi<\/td>\n<td width=\"210\">Mirjam<\/td>\n<td width=\"106\">historisk roman<\/td>\n<td>finska<\/td>\n<\/tr>\n<tr>\n<td>Labuskes Barbara<\/td>\n<td width=\"210\">De f\u00f6rbjudna b\u00f6ckernas bibliotekarie<\/td>\n<td width=\"106\">historisk roman<\/td>\n<td>svenska<\/td>\n<\/tr>\n<tr>\n<td>Laestadius Larsson Anna<\/td>\n<td width=\"210\">T\u00f6rnrosens triumf<\/td>\n<td width=\"106\">historisk roman<\/td>\n<td>svenska<\/td>\n<\/tr>\n<tr>\n<td>Lankinen &amp; Sifo<\/td>\n<td width=\"210\">Maire &#8211; H\u00e4nen majesteettinsa palveluksessa<\/td>\n<td width=\"106\">biografi<\/td>\n<td>finska<\/td>\n<\/tr>\n<tr>\n<td>Leaning Barbara<\/td>\n<td width=\"210\">Jaqueline Bouvier Kennedy Onassis<\/td>\n<td width=\"106\">biografi<\/td>\n<td>engelska<\/td>\n<\/tr>\n<tr>\n<td>L\u00e4ckberg Camilla<\/td>\n<td width=\"210\">Dr\u00f6mmar av brons<\/td>\n<td width=\"106\">sp\u00e4nning<\/td>\n<td>svenska<\/td>\n<\/tr>\n<tr>\n<td>Mattsson Sed<\/td>\n<td width=\"210\">Delad stad<\/td>\n<td width=\"106\">historisk roman<\/td>\n<td>svenska<\/td>\n<\/tr>\n<tr>\n<td>Mikkanen Raili<\/td>\n<td width=\"210\">Teatteriin! Ida Aalbergin nuoruus<\/td>\n<td width=\"106\">barn &amp; ungdom<\/td>\n<td>finska<\/td>\n<\/tr>\n<tr>\n<td width=\"139\">Moriarty Lianne<\/td>\n<td width=\"210\">Three Wishes<\/td>\n<td width=\"106\">roman<\/td>\n<td width=\"63\">engelska<\/td>\n<\/tr>\n<tr>\n<td>Morton Kate<\/td>\n<td width=\"210\">Hemkomsten<\/td>\n<td width=\"106\">roman<\/td>\n<td>svenska<\/td>\n<\/tr>\n<tr>\n<td>Moyes Jojo<\/td>\n<td width=\"210\">Det skyddande regnet<\/td>\n<td width=\"106\">roman<\/td>\n<td>svenska<\/td>\n<\/tr>\n<tr>\n<td>M\u00e4enp\u00e4\u00e4 Heli<\/td>\n<td width=\"210\">Arvon kissa &#8211; suomalaisten rescue-kissojen tarinoita<\/td>\n<td width=\"106\">fakta<\/td>\n<td>finska<\/td>\n<\/tr>\n<tr>\n<td>M\u00e4ki Merja<\/td>\n<td width=\"210\">Ennen lintuja<\/td>\n<td width=\"106\">historisk roman<\/td>\n<td>finska<\/td>\n<\/tr>\n<tr>\n<td>Nicholls David<\/td>\n<td width=\"210\">You Are Here<\/td>\n<td width=\"106\">roman<\/td>\n<td>engelska<\/td>\n<\/tr>\n<tr>\n<td>Olsson Simon &amp; Larsson Carl T.<\/td>\n<td width=\"210\">Flyktlina Sverige<\/td>\n<td width=\"106\">fakta (historia)<\/td>\n<td>svenska<\/td>\n<\/tr>\n<tr>\n<td>Olsson Vibeke<\/td>\n<td width=\"210\">Ulrike och kriget<\/td>\n<td width=\"106\">barn &amp; ungdom<\/td>\n<td>svenska<\/td>\n<\/tr>\n<tr>\n<td>Oranen Raija<\/td>\n<td width=\"210\">Iso<\/td>\n<td width=\"106\">verklighetsbaserad historisk roman<\/td>\n<td>finska<\/td>\n<\/tr>\n<tr>\n<td>Orange Tommy<\/td>\n<td width=\"210\">Ei en\u00e4\u00e4 mit\u00e4\u00e4n<\/td>\n<td width=\"106\">roman<\/td>\n<td>finska<\/td>\n<\/tr>\n<tr>\n<td>Pascalidou Alexandra<\/td>\n<td width=\"210\">Bortom mammas gata<\/td>\n<td width=\"106\">biografi<\/td>\n<td>svenska<\/td>\n<\/tr>\n<tr>\n<td>Pulkkinen Riikka<\/td>\n<td width=\"210\">Paras mahdollinen maailma<\/td>\n<td width=\"106\">roman<\/td>\n<td>finska<\/td>\n<\/tr>\n<tr>\n<td>Quinn Kate<\/td>\n<td width=\"210\">The Briar Club<\/td>\n<td width=\"106\">historisk roman<\/td>\n<td>engelska<\/td>\n<\/tr>\n<tr>\n<td>Rahikainen Agneta<\/td>\n<td width=\"210\">Edit S\u00f6dergran &#8211; El\u00e4m\u00e4<\/td>\n<td width=\"106\">biografi<\/td>\n<td>finska<\/td>\n<\/tr>\n<tr>\n<td>Remes Matti<\/td>\n<td width=\"210\">Tappotanssi<\/td>\n<td width=\"106\">deckare<\/td>\n<td>finska<\/td>\n<\/tr>\n<tr>\n<td>Richman Alyson<\/td>\n<td width=\"210\">Timmar av sammet<\/td>\n<td width=\"106\">historisk roman<\/td>\n<td>svenska<\/td>\n<\/tr>\n<tr>\n<td>Riley Lucinda<\/td>\n<td width=\"210\">The Shadow Sister<\/td>\n<td width=\"106\">roman<\/td>\n<td>engelska<\/td>\n<\/tr>\n<tr>\n<td>Rimmer Kelly<\/td>\n<td width=\"210\">Den tyska hustrun<\/td>\n<td width=\"106\">historisk roman<\/td>\n<td>svenska<\/td>\n<\/tr>\n<tr>\n<td>Rosman Ann<\/td>\n<td width=\"210\">Marvatten<\/td>\n<td width=\"106\">deckare<\/td>\n<td>svenska<\/td>\n<\/tr>\n<tr>\n<td>Rosman Ann<\/td>\n<td width=\"210\">Havskatten<\/td>\n<td width=\"106\">deckare<\/td>\n<td>svenska<\/td>\n<\/tr>\n<tr>\n<td>R\u00e4m\u00f6 Satu<\/td>\n<td width=\"210\">Rakel<\/td>\n<td width=\"106\">deckare<\/td>\n<td>finska<\/td>\n<\/tr>\n<tr>\n<td>R\u00e4m\u00f6 Satu<\/td>\n<td width=\"210\">Jakob<\/td>\n<td width=\"106\">deckare<\/td>\n<td>finska<\/td>\n<\/tr>\n<tr>\n<td>Sandberg Kristina<\/td>\n<td width=\"210\">S\u00f6rja f\u00f6r de sina<\/td>\n<td width=\"106\">historisk roman<\/td>\n<td>svenska<\/td>\n<\/tr>\n<tr>\n<td>Sarenbrant Sofie<\/td>\n<td width=\"210\">Munkavle<\/td>\n<td width=\"106\">biografi<\/td>\n<td>svenska<\/td>\n<\/tr>\n<tr>\n<td>Schulman Ninni<\/td>\n<td width=\"210\">Som vi lekte<\/td>\n<td width=\"106\">deckare<\/td>\n<td>svenska<\/td>\n<\/tr>\n<tr>\n<td>Sigudadottir Yrsa<\/td>\n<td width=\"210\">Straffet<\/td>\n<td width=\"106\">deckare<\/td>\n<td>svenska<\/td>\n<\/tr>\n<tr>\n<td>Sigudadottir Yrsa<\/td>\n<td width=\"210\">Arvet<\/td>\n<td width=\"106\">deckare<\/td>\n<td>svenska<\/td>\n<\/tr>\n<tr>\n<td>Skalietska Yeva<\/td>\n<td width=\"210\">Du vet inte vas krig \u00e4r: en ukrainsk flickas dagbok<\/td>\n<td width=\"106\">barn &amp; ungdom<\/td>\n<td>svenska<\/td>\n<\/tr>\n<tr>\n<td>Steen Viveca<\/td>\n<td width=\"210\">Ben\u00e5daren<\/td>\n<td width=\"106\">deckare<\/td>\n<td>svenska<\/td>\n<\/tr>\n<tr>\n<td>Sund Lars<\/td>\n<td width=\"210\">En morgontr\u00f6tt f\u00e5gelsk\u00e5dares \u00e5r &#8211; fr\u00e5n tallbit till talltita<\/td>\n<td width=\"106\">biografi<\/td>\n<td>svenska<\/td>\n<\/tr>\n<tr>\n<td>Teir Philip<\/td>\n<td width=\"210\">Eftermiddag i augusti<\/td>\n<td width=\"106\">roman<\/td>\n<td>svenska<\/td>\n<\/tr>\n<tr>\n<td>Thunberg Anders<\/td>\n<td width=\"210\">Karina Lannby &#8211; Hemlig agent under andra v\u00e4rldskriget<\/td>\n<td width=\"106\">fakta (historia)<\/td>\n<td>svenska<\/td>\n<\/tr>\n<tr>\n<td>Tuominen Pirjo<\/td>\n<td width=\"210\">Maan n\u00e4lk\u00e4<\/td>\n<td width=\"106\">historisk roman<\/td>\n<td>finska<\/td>\n<\/tr>\n<tr>\n<td>Tuominen Pirjo<\/td>\n<td width=\"210\">Kultavainiot<\/td>\n<td width=\"106\">historisk roman<\/td>\n<td>finska<\/td>\n<\/tr>\n<tr>\n<td>Tuominen Pirjo<\/td>\n<td width=\"210\">Sillat yli joen<\/td>\n<td width=\"106\">historisk roman<\/td>\n<td>finska<\/td>\n<\/tr>\n<tr>\n<td>Tuominen Pirjo<\/td>\n<td width=\"210\">Itkev\u00e4t syv\u00e4t vedet<\/td>\n<td width=\"106\">historisk roman<\/td>\n<td>finska<\/td>\n<\/tr>\n<tr>\n<td>Tuominen Pirjo<\/td>\n<td width=\"210\">Hyv\u00e4stit vinttikamareille<\/td>\n<td width=\"106\">historisk roman<\/td>\n<td>finska<\/td>\n<\/tr>\n<tr>\n<td>Turpeinen Irene<\/td>\n<td width=\"210\">Elolliset<\/td>\n<td width=\"106\">historisk roman<\/td>\n<td>finska<\/td>\n<\/tr>\n<tr>\n<td>Tuure Leila<\/td>\n<td width=\"210\">Yksin\u00e4iset ajassa<\/td>\n<td width=\"106\">historisk roman<\/td>\n<td>finska<\/td>\n<\/tr>\n<tr>\n<td>Tuure Leila<\/td>\n<td width=\"210\">El\u00e4m\u00e4 kerassaan<\/td>\n<td width=\"106\">historisk roman<\/td>\n<td>finska<\/td>\n<\/tr>\n<tr>\n<td>Tuure Leila<\/td>\n<td width=\"210\">Tuulentuojat<\/td>\n<td width=\"106\">historisk roman<\/td>\n<td>finska<\/td>\n<\/tr>\n<tr>\n<td>Tyler Anne<\/td>\n<td width=\"210\">Kellotanssi<\/td>\n<td width=\"106\">historisk roman<\/td>\n<td>finska<\/td>\n<\/tr>\n<tr>\n<td>Tyler Anne<\/td>\n<td width=\"210\">Palmikko<\/td>\n<td width=\"106\">roman<\/td>\n<td>finska<\/td>\n<\/tr>\n<tr>\n<td>Tyler Anne<\/td>\n<td width=\"210\">Honung och \u00e4ttika &#8211; s\u00e5 tuktas en argbigga<\/td>\n<td width=\"106\">roman<\/td>\n<td>svenska<\/td>\n<\/tr>\n<tr>\n<td>Visser Jeroen<\/td>\n<td width=\"210\">Pohjois-Korea ei koskaan pyyd\u00e4 anteeksi<\/td>\n<td width=\"106\">fakta (historia)<\/td>\n<td>finska<\/td>\n<\/tr>\n<tr>\n<td>Vuorikoski Salla<\/td>\n<td width=\"210\">Sanna Marin. Poikkeuksellinen p\u00e4\u00e4ministeri<\/td>\n<td width=\"106\">biografi<\/td>\n<td>finska<\/td>\n<\/tr>\n<tr>\n<td>Wennstam Katarina<\/td>\n<td width=\"210\">D\u00f6da kvinnor f\u00f6rl\u00e5ter inte<\/td>\n<td width=\"106\">historisk deckare<\/td>\n<td>svenska<\/td>\n<\/tr>\n<tr>\n<td>Williams Pip<\/td>\n<td width=\"210\">Bokbindaren i Oxford<\/td>\n<td width=\"106\">historisk roman<\/td>\n<td>svenska<\/td>\n<\/tr>\n<tr>\n<td>Winman Sarah<\/td>\n<td width=\"210\">Konsten att leva<\/td>\n<td width=\"106\">roman<\/td>\n<td>svenska<\/td>\n<\/tr>\n<tr>\n<td>W\u00e4re Lena<\/td>\n<td width=\"210\">Testamentet<\/td>\n<td width=\"106\">roman<\/td>\n<td>svenska<\/td>\n<\/tr>\n<tr>\n<td>\u00c5hman Axel<\/td>\n<td width=\"210\">Smugglarens skatt<\/td>\n<td width=\"106\">barn &amp; ungdom<\/td>\n<td>svenska<\/td>\n<\/tr>\n<tr>\n<td>\u00c5man Annika<\/td>\n<td width=\"210\">Utbryterskan<\/td>\n<td width=\"106\">historisk roman<\/td>\n<td>svenska<\/td>\n<\/tr>\n<tr>\n<td>\u00c5man Annika<\/td>\n<td width=\"210\">Lump\u00e4nglar<\/td>\n<td width=\"106\">historisk roman<\/td>\n<td>svenska<\/td>\n<\/tr>\n<tr>\n<td><strong>E-b\u00f6cker<\/strong><\/td>\n<td width=\"210\"><\/td>\n<td width=\"106\"><\/td>\n<td><\/td>\n<\/tr>\n<tr>\n<td>Adolfsson Maria<\/td>\n<td width=\"210\">Mellan dj\u00e4vulen och havet<\/td>\n<td width=\"106\">deckare<\/td>\n<td>svenska<\/td>\n<\/tr>\n<tr>\n<td>Antell Ann-Christin<\/td>\n<td width=\"210\">Joulu Falken linnassa<\/td>\n<td width=\"106\">historisk roman<\/td>\n<td>finska<\/td>\n<\/tr>\n<tr>\n<td>Gylling Matilda<\/td>\n<td width=\"210\">Hundra dagar hemma<\/td>\n<td width=\"106\">barn &amp; ungdom<\/td>\n<td>svenska<\/td>\n<\/tr>\n<tr>\n<td>Jansson Anna<\/td>\n<td width=\"210\">D\u00f6dens snabba vingar<\/td>\n<td width=\"106\">deckare<\/td>\n<td>svenska<\/td>\n<\/tr>\n<tr>\n<td>Jansson Anna<\/td>\n<td width=\"210\">Vinterm\u00e5ne<\/td>\n<td width=\"106\">deckare<\/td>\n<td>svenska<\/td>\n<\/tr>\n<tr>\n<td>Kivel\u00e4 Anneli<\/td>\n<td width=\"210\">Katajam\u00e4ki riemuitsee<\/td>\n<td width=\"106\">feelgood-chic lit<\/td>\n<td>finska<\/td>\n<\/tr>\n<tr>\n<td>Mostr\u00f6m Jonas<\/td>\n<td width=\"210\">En sista \u00f6nskan<\/td>\n<td width=\"106\">deckare<\/td>\n<td>svenska<\/td>\n<\/tr>\n<tr>\n<td>Mostr\u00f6m Jonas<\/td>\n<td width=\"210\">Skuggorna ruva<\/td>\n<td width=\"106\">deckare<\/td>\n<td>svenska<\/td>\n<\/tr>\n<tr>\n<td>Ohlsson Kristina<\/td>\n<td width=\"210\">Skuggl\u00e4ge<\/td>\n<td width=\"106\">deckare<\/td>\n<td>svenska<\/td>\n<\/tr>\n<tr>\n<td>Ohlsson Kristina<\/td>\n<td width=\"210\">Isbrytare<\/td>\n<td width=\"106\">deckare<\/td>\n<td>svenska<\/td>\n<\/tr>\n<tr>\n<td>Ohlsson Kristina<\/td>\n<td width=\"210\">Stormvakt<\/td>\n<td width=\"106\">deckare<\/td>\n<td>svenska<\/td>\n<\/tr>\n<tr>\n<td>Rudberg Denise<\/td>\n<td width=\"210\">Femte kollusionen<\/td>\n<td width=\"106\">historisk roman<\/td>\n<td>svenska<\/td>\n<\/tr>\n<tr>\n<td>Rudberg Denise<\/td>\n<td width=\"210\">Tv\u00e5 g\u00e5nger \u00e4r en vana<\/td>\n<td width=\"106\">deckare<\/td>\n<td>svenska<\/td>\n<\/tr>\n<tr>\n<td>Rudberg Denise<\/td>\n<td width=\"210\">Dancing Queen<\/td>\n<td width=\"106\">roman<\/td>\n<td>svenska<\/td>\n<\/tr>\n<tr>\n<td>Sarenbrant &amp; Bergfelt<\/td>\n<td width=\"210\">L\u00e5ngfredagen<\/td>\n<td width=\"106\">deckare<\/td>\n<td>svenska<\/td>\n<\/tr>\n<tr>\n<td>Sarenbrant &amp; Bergfelt<\/td>\n<td width=\"210\">F\u00f6delsedagen<\/td>\n<td width=\"106\">sp\u00e4nning<\/td>\n<td>svenska<\/td>\n<\/tr>\n<tr>\n<td>Sarenbrant Sofie<\/td>\n<td width=\"210\">Parasiten<\/td>\n<td width=\"106\">deckare<\/td>\n<td>svenska<\/td>\n<\/tr>\n<tr>\n<td>Steen Viveca<\/td>\n<td width=\"210\">Vilseledaren<\/td>\n<td width=\"106\">deckare<\/td>\n<td>svenska<\/td>\n<\/tr>\n<tr>\n<td><strong>Tryckta b\u00f6cker<\/strong><\/td>\n<td width=\"210\"><\/td>\n<td width=\"106\"><\/td>\n<td><\/td>\n<\/tr>\n<tr>\n<td>Esselstr\u00f6m &amp; Jussila<\/td>\n<td width=\"210\">Lee \u00e5tervinner och inreder &#8211; inspiration, tips och beskrivningar<\/td>\n<td width=\"106\">inredning<\/td>\n<td>svenska<\/td>\n<\/tr>\n<tr>\n<td>Frantz Eva<\/td>\n<td width=\"210\">Nattens drottning<\/td>\n<td width=\"106\">barn &amp; ungdom<\/td>\n<td>svenska<\/td>\n<\/tr>\n<tr>\n<td>Mazzarella Merete<\/td>\n<td width=\"210\">Den f\u00f6rsiktiga resen\u00e4ren<\/td>\n<td width=\"106\">biografi<\/td>\n<td>svenska<\/td>\n<\/tr>\n<tr>\n<td>Pascal Francine<\/td>\n<td width=\"210\">Tvillingarna: Sommarl\u00e4gret<\/td>\n<td width=\"106\">barn &amp; ungdom<\/td>\n<td>svenska<\/td>\n<\/tr>\n<tr>\n<td>S\u00f6dergran Edit<\/td>\n<td width=\"210\">V\u00e4rlden \u00e4r min<\/td>\n<td width=\"106\">poesi<\/td>\n<td>svenska<\/td>\n<\/tr>\n<tr>\n<td>Teir Philip<\/td>\n<td width=\"210\">J &amp; B. Scener ur ett sken\u00e4ktenskap<\/td>\n<td width=\"106\">biografi<\/td>\n<td>svenska<\/td>\n<\/tr>\n<tr>\n<td>Tikkanen M\u00e4rta<\/td>\n<td width=\"210\">Personliga angel\u00e4genheter<\/td>\n<td width=\"106\">autofiktion<\/td>\n<td>svenska<\/td>\n<\/tr>\n<tr>\n<td>Vik Merri<\/td>\n<td width=\"210\">Ja, se, Lotta!<\/td>\n<td width=\"106\">barn &amp; ungdom<\/td>\n<td>svenska<\/td>\n<\/tr>\n<tr>\n<td>West\u00f6 Kjell<\/td>\n<td width=\"210\">Skymning 41<\/td>\n<td width=\"106\">historisk roman<\/td>\n<td>svenska<\/td>\n<\/tr>\n<tr>\n<td><strong>Ljuddrama<\/strong><\/td>\n<td width=\"210\"><\/td>\n<td width=\"106\"><\/td>\n<td><\/td>\n<\/tr>\n<tr>\n<td>Tutschaninoff Maria<\/td>\n<td width=\"210\">N\u00f6dhamn<\/td>\n<td width=\"106\">barn &amp; ungdom<\/td>\n<td>svenska<\/td>\n<\/tr>\n<tr>\n<td><\/td>\n<td width=\"210\">Sanna Marin &#8211; miljoonat seuraa<\/td>\n<td width=\"106\">verklighetsbaserad<\/td>\n<td>finska<\/td>\n<\/tr>\n<\/tbody>\n<\/table>\n","protected":false},"excerpt":{"rendered":"<p>Ljudb\u00f6cker Adolfsson Maria N\u00f6dv\u00e4ndigt ont deckare svenska Adolfsson Maria Fallvind deckare svenska Adolfsson Maria Spring eller d\u00f6 deckare svenska Alakoski Susanna Dotterdottern historisk roman svenska Antell Ann-Christin Loviisan joulu historisk roman finska Antell Ann-Christin Joulu \u00d6rndahlin ruukissa historisk roman finska &hellip; <a href=\"https:\/\/blogs2.abo.fi\/laslust\/last-lyssnat-2024\/\">Forts\u00e4tt l\u00e4sa <span class=\"meta-nav\">&rarr;<\/span><\/a><\/p>\n","protected":false},"author":7,"featured_media":0,"parent":0,"menu_order":0,"comment_status":"closed","ping_status":"closed","template":"","meta":{"footnotes":""},"class_list":["post-6277","page","type-page","status-publish","hentry"],"_links":{"self":[{"href":"https:\/\/blogs2.abo.fi\/laslust\/wp-json\/wp\/v2\/pages\/6277","targetHints":{"allow":["GET"]}}],"collection":[{"href":"https:\/\/blogs2.abo.fi\/laslust\/wp-json\/wp\/v2\/pages"}],"about":[{"href":"https:\/\/blogs2.abo.fi\/laslust\/wp-json\/wp\/v2\/types\/page"}],"author":[{"embeddable":true,"href":"https:\/\/blogs2.abo.fi\/laslust\/wp-json\/wp\/v2\/users\/7"}],"replies":[{"embeddable":true,"href":"https:\/\/blogs2.abo.fi\/laslust\/wp-json\/wp\/v2\/comments?post=6277"}],"version-history":[{"count":4,"href":"https:\/\/blogs2.abo.fi\/laslust\/wp-json\/wp\/v2\/pages\/6277\/revisions"}],"predecessor-version":[{"id":6286,"href":"https:\/\/blogs2.abo.fi\/laslust\/wp-json\/wp\/v2\/pages\/6277\/revisions\/6286"}],"wp:attachment":[{"href":"https:\/\/blogs2.abo.fi\/laslust\/wp-json\/wp\/v2\/media?parent=6277"}],"curies":[{"name":"wp","href":"https:\/\/api.w.org\/{rel}","templated":true}]}}