{"id":5749,"date":"2024-01-01T18:29:00","date_gmt":"2024-01-01T18:29:00","guid":{"rendered":"https:\/\/blogs2.abo.fi\/laslust\/?page_id=5749"},"modified":"2024-01-01T18:29:00","modified_gmt":"2024-01-01T18:29:00","slug":"last-och-lyssnat-2023","status":"publish","type":"page","link":"https:\/\/blogs2.abo.fi\/laslust\/last-och-lyssnat-2023\/","title":{"rendered":"L\u00e4st och lyssnat 2023"},"content":{"rendered":"<table width=\"623\">\n<tbody>\n<tr>\n<td width=\"154\"><strong>E-b\u00f6cker<\/strong><\/td>\n<td width=\"244\"><\/td>\n<td width=\"124\"><\/td>\n<td width=\"101\"><\/td>\n<\/tr>\n<tr>\n<td>Appelqvist Kristina<\/td>\n<td width=\"244\">Flickan framf\u00f6r muren<\/td>\n<td>deckare<\/td>\n<td>svenska<\/td>\n<\/tr>\n<tr>\n<td>Frantz Eva<\/td>\n<td width=\"244\">Hemligheten i Helmersbruk<\/td>\n<td>ungdomsroman<\/td>\n<td>svenska<\/td>\n<\/tr>\n<tr>\n<td>Jansson Anna<\/td>\n<td width=\"244\">Onda dr\u00f6mmar<\/td>\n<td>deckare<\/td>\n<td>svenska<\/td>\n<\/tr>\n<tr>\n<td>Jansson Anna<\/td>\n<td width=\"244\">Galgbergets v\u00e4ktare<\/td>\n<td>deckare<\/td>\n<td>svenska<\/td>\n<\/tr>\n<tr>\n<td>Jansson Anna<\/td>\n<td width=\"244\">D\u00f6dslistan<\/td>\n<td>deckare<\/td>\n<td>svenska<\/td>\n<\/tr>\n<tr>\n<td>Jansson Anna<\/td>\n<td width=\"244\">Mitt hj\u00e4rta \u00e4r ditt<\/td>\n<td>deckare<\/td>\n<td>svenska<\/td>\n<\/tr>\n<tr>\n<td>Jansson Anna<\/td>\n<td width=\"244\">D\u00f6den alltid sann<\/td>\n<td>deckare<\/td>\n<td>svenska<\/td>\n<\/tr>\n<tr>\n<td>Jungstedt Mari<\/td>\n<td width=\"244\">Det slutna rummet<\/td>\n<td>deckare<\/td>\n<td>svenska<\/td>\n<\/tr>\n<tr>\n<td>Kjellsdotter Nilla<\/td>\n<td width=\"244\">Flickan i Stenparken<\/td>\n<td>deckare<\/td>\n<td>svenska<\/td>\n<\/tr>\n<tr>\n<td>Larsson \u00c5sa<\/td>\n<td width=\"244\">F\u00e4dernas missg\u00e4rningar<\/td>\n<td>deckare<\/td>\n<td>svenska<\/td>\n<\/tr>\n<tr>\n<td>Marklund Liza<\/td>\n<td width=\"244\">Stormberget<\/td>\n<td>deckare<\/td>\n<td>svenska<\/td>\n<\/tr>\n<tr>\n<td>Mo Johanna<\/td>\n<td width=\"244\">Natts\u00e5ngaren<\/td>\n<td>deckare<\/td>\n<td>svenska<\/td>\n<\/tr>\n<tr>\n<td>Rudberg Denise<\/td>\n<td width=\"244\">De f\u00f6rsta tolv<\/td>\n<td>deckare<\/td>\n<td>svenska<\/td>\n<\/tr>\n<tr>\n<td>Rudberg Denise<\/td>\n<td width=\"244\">Elva \u00e4nkors man<\/td>\n<td>deckare<\/td>\n<td>svenska<\/td>\n<\/tr>\n<tr>\n<td>Rudberg Denise<\/td>\n<td width=\"244\">Bara tre kan leka s\u00e5<\/td>\n<td>deckare<\/td>\n<td>svenska<\/td>\n<\/tr>\n<tr>\n<td>Sarenbrant Sofie<\/td>\n<td width=\"244\">Sj\u00e4lsfr\u00e4nde<\/td>\n<td>deckare<\/td>\n<td>svenska<\/td>\n<\/tr>\n<tr>\n<td>Sarenbrant Sofie<\/td>\n<td width=\"244\">Skydds\u00e4ngeln<\/td>\n<td>deckare<\/td>\n<td>svenska<\/td>\n<\/tr>\n<tr>\n<td>Schulman Alex<\/td>\n<td width=\"244\">Malma station<\/td>\n<td>roman<\/td>\n<td>svenska<\/td>\n<\/tr>\n<tr>\n<td>Sten Viveca<\/td>\n<td width=\"244\">Botg\u00f6raren<\/td>\n<td>deckare<\/td>\n<td>svenska<\/td>\n<\/tr>\n<tr>\n<td>Sten Viveca<\/td>\n<td width=\"244\">Dalskuggan<\/td>\n<td>deckare<\/td>\n<td>svenska<\/td>\n<\/tr>\n<tr>\n<td>Wingate Linda<\/td>\n<td width=\"244\">De saknade v\u00e4nnernas bok<\/td>\n<td>historiska roman<\/td>\n<td>svenska<\/td>\n<\/tr>\n<\/tbody>\n<\/table>\n<table width=\"623\">\n<tbody>\n<tr>\n<td width=\"154\"><strong>Tryckta b\u00f6cker<\/strong><\/td>\n<td width=\"244\"><\/td>\n<td width=\"124\"><\/td>\n<td width=\"101\"><\/td>\n<\/tr>\n<tr>\n<td>Albuhawa Susan<\/td>\n<td width=\"244\">Morgon i Jenin<\/td>\n<td>historiska roman<\/td>\n<td>svenska<\/td>\n<\/tr>\n<tr>\n<td>Blomqvist Anni<\/td>\n<td width=\"244\">Havet finns inte mer<\/td>\n<td>biografi<\/td>\n<td>svenska<\/td>\n<\/tr>\n<tr>\n<td>Conradi Peter<\/td>\n<td width=\"244\">Kungligt<\/td>\n<td>fakta<\/td>\n<td>svenska<\/td>\n<\/tr>\n<tr>\n<td>Donaldson Julianne<\/td>\n<td width=\"244\">Edenbrooke<\/td>\n<td>chick lit<\/td>\n<td>engelska<\/td>\n<\/tr>\n<tr>\n<td>Fogelstr\u00f6m Per Anders<\/td>\n<td width=\"244\">Besittarna<\/td>\n<td>historiska roman<\/td>\n<td>svenska<\/td>\n<\/tr>\n<tr>\n<td>Fogelstr\u00f6m Per Anders<\/td>\n<td width=\"244\">Er\u00f6vrarn<\/td>\n<td>historiska roman<\/td>\n<td>svenska<\/td>\n<\/tr>\n<tr>\n<td>Follett Ken<\/td>\n<td width=\"244\">Nattv\u00e4ktarna<\/td>\n<td>historiska roman<\/td>\n<td>svenska<\/td>\n<\/tr>\n<tr>\n<td>Gabrielsson Otto<\/td>\n<td width=\"244\">Vildhavre<\/td>\n<td>biografi<\/td>\n<td>svenska<\/td>\n<\/tr>\n<tr>\n<td>Kivel\u00e4 Malin<\/td>\n<td width=\"244\">Annanstans<\/td>\n<td>roman<\/td>\n<td>svenska<\/td>\n<\/tr>\n<tr>\n<td>Laakso Leena-Kaisa<\/td>\n<td width=\"244\">Puutalotarinoita<\/td>\n<td>inredning-tr\u00e4dg\u00e5rd<\/td>\n<td>finska<\/td>\n<\/tr>\n<tr>\n<td>Lind\u00e9n Zinaida<\/td>\n<td width=\"244\">Valenciana<\/td>\n<td>noveller<\/td>\n<td>svenska<\/td>\n<\/tr>\n<tr>\n<td>McCourt Frank<\/td>\n<td width=\"244\">Magistern\/Teacher<\/td>\n<td>biografi<\/td>\n<td>engelska<\/td>\n<\/tr>\n<tr>\n<td>Moyes Jojo<\/td>\n<td width=\"244\">Moln \u00f6ver Arcadia<\/td>\n<td>chick lit<\/td>\n<td>svenska<\/td>\n<\/tr>\n<tr>\n<td>Mustonen Enni<\/td>\n<td width=\"244\">Martan tarina<\/td>\n<td>historiska roman<\/td>\n<td>finska<\/td>\n<\/tr>\n<tr>\n<td>Prest Markus<\/td>\n<td width=\"244\">Android<\/td>\n<td>scifi<\/td>\n<td>svenska<\/td>\n<\/tr>\n<tr>\n<td>Teir Philip<\/td>\n<td width=\"244\">Jungfrustigen<\/td>\n<td>autifiktion<\/td>\n<td>svenska<\/td>\n<\/tr>\n<tr>\n<td>Tikkanen M\u00e4rta<\/td>\n<td width=\"244\">R\u00f6dluvan<\/td>\n<td>roman<\/td>\n<td>svenska<\/td>\n<\/tr>\n<tr>\n<td>Torvalds Sofia<\/td>\n<td width=\"244\">Bliv du hos mig<\/td>\n<td>biografi<\/td>\n<td>svenska<\/td>\n<\/tr>\n<tr>\n<td>West\u00f6 Kjell &amp; M\u00e5rten<\/td>\n<td width=\"244\">\u00c5ren<\/td>\n<td>korta juttun<\/td>\n<td>svenska<\/td>\n<\/tr>\n<\/tbody>\n<\/table>\n<table width=\"623\">\n<tbody>\n<tr>\n<td width=\"154\"><strong>Ljudb\u00f6cker<\/strong><\/td>\n<td width=\"244\"><\/td>\n<td width=\"124\"><\/td>\n<td width=\"101\"><\/td>\n<\/tr>\n<tr>\n<td>Ahndoril Alex<\/td>\n<td width=\"244\">Jag kommer att hitta nyckeln<\/td>\n<td>deckare<\/td>\n<td>svenska<\/td>\n<\/tr>\n<tr>\n<td>Albuhawa Susan<\/td>\n<td width=\"244\">Morgon i Jenin<\/td>\n<td>historiska roman<\/td>\n<td>svenska<\/td>\n<\/tr>\n<tr>\n<td>Ali Monica<\/td>\n<td width=\"244\">Brick Lane<\/td>\n<td>roman<\/td>\n<td>engelska<\/td>\n<\/tr>\n<tr>\n<td>Alsterdal Tove<\/td>\n<td width=\"244\">Djuphamn<\/td>\n<td>deckare<\/td>\n<td>svenska<\/td>\n<\/tr>\n<tr>\n<td>Antell Ann-Christin<\/td>\n<td width=\"244\">Puuvillatehtaan kilpailija<\/td>\n<td>historiska roman<\/td>\n<td>finska<\/td>\n<\/tr>\n<tr>\n<td>Antell Ann-Christin<\/td>\n<td width=\"244\">Puuvillatehtaan perij\u00e4<\/td>\n<td>historiska roman<\/td>\n<td>finska<\/td>\n<\/tr>\n<tr>\n<td>Antell Ann-Christin<\/td>\n<td width=\"244\">Puuvillatehtaan varjossa<\/td>\n<td>historiska roman<\/td>\n<td>finska<\/td>\n<\/tr>\n<tr>\n<td>Backa Alfred<\/td>\n<td width=\"244\">\u00d6verlevnadshandbok f\u00f6r finlandssvenskar<\/td>\n<td>korta juttun<\/td>\n<td>svenska<\/td>\n<\/tr>\n<tr>\n<td>Bergfekt Carina<\/td>\n<td width=\"244\">Tre dagar hos Ku Klux Klan<\/td>\n<td>fakta<\/td>\n<td>svenska<\/td>\n<\/tr>\n<tr>\n<td>Bowen Kelly<\/td>\n<td width=\"244\">Den \u00f6vergivna tr\u00e4dg\u00e5rden<\/td>\n<td>historiska roman<\/td>\n<td>svenska<\/td>\n<\/tr>\n<tr>\n<td>Christie Agatha<\/td>\n<td width=\"244\">The Murder at the Vicarage<\/td>\n<td>deckare<\/td>\n<td>engelska<\/td>\n<\/tr>\n<tr>\n<td>Collins Karin<\/td>\n<td width=\"244\">Hos dig min l\u00e4ngtan \u00e4r f\u00f6rt\u00f6jd<\/td>\n<td>historiska roman<\/td>\n<td>svenska<\/td>\n<\/tr>\n<tr>\n<td>Collins Karin<\/td>\n<td width=\"244\">Snart har sommarn blommat ut<\/td>\n<td>historiska roman<\/td>\n<td>svenska<\/td>\n<\/tr>\n<tr>\n<td>Crawford Michael<\/td>\n<td width=\"244\">Den dansande ryssen<\/td>\n<td>roman<\/td>\n<td>svenska<\/td>\n<\/tr>\n<tr>\n<td>Donner J\u00f6rn och Rafael<\/td>\n<td width=\"244\">Innan du f\u00f6rsvinner<\/td>\n<td>autifiktion<\/td>\n<td>svenska<\/td>\n<\/tr>\n<tr>\n<td>Druart Ruth<\/td>\n<td width=\"244\">Hetki ennen l\u00e4ht\u00f6\u00e4<\/td>\n<td>historiska roman<\/td>\n<td>finska<\/td>\n<\/tr>\n<tr>\n<td>Ebervall &amp; Samuelsson<\/td>\n<td width=\"244\">Bombmannens testamente<\/td>\n<td>verklighetsbaserad<\/td>\n<td>svenska<\/td>\n<\/tr>\n<tr>\n<td>Ebervall &amp; Samuelsson<\/td>\n<td width=\"244\">IB som i inh\u00e4mtning Birger<\/td>\n<td>verklighetsbaserad<\/td>\n<td>svenska<\/td>\n<\/tr>\n<tr>\n<td>Ernau Annie<\/td>\n<td width=\"244\">En flickas memoarer<\/td>\n<td>biografi<\/td>\n<td>svenska<\/td>\n<\/tr>\n<tr>\n<td>Farah Nura<\/td>\n<td width=\"244\">Aavikon tytt\u00e4ret<\/td>\n<td>roman<\/td>\n<td>finska<\/td>\n<\/tr>\n<tr>\n<td>Follett Ken<\/td>\n<td width=\"244\">Night over Water<\/td>\n<td>historiska roman<\/td>\n<td>engelska<\/td>\n<\/tr>\n<tr>\n<td>Fosse Jon<\/td>\n<td width=\"244\">Hundmanuskripten<\/td>\n<td>noveller<\/td>\n<td>svenska<\/td>\n<\/tr>\n<tr>\n<td>Frantz Eva<\/td>\n<td width=\"244\">Ungen min f\u00e5r du aldrig<\/td>\n<td>deckare<\/td>\n<td>svenska<\/td>\n<\/tr>\n<tr>\n<td>Grundvall Maria<\/td>\n<td width=\"244\">Sommardr\u00f6mmen<\/td>\n<td>chick lit<\/td>\n<td>svenska<\/td>\n<\/tr>\n<tr>\n<td>Guillou Jan<\/td>\n<td width=\"244\">Eventuellt upps\u00e5t<\/td>\n<td>triller<\/td>\n<td>svenska<\/td>\n<\/tr>\n<tr>\n<td>Guillou Jan<\/td>\n<td width=\"244\">Den som d\u00f6dade helvetets \u00e4nglar<\/td>\n<td>triller<\/td>\n<td>svenska<\/td>\n<\/tr>\n<tr>\n<td>Gustafsson-Flinck Annika<\/td>\n<td width=\"244\">Det g\u00e4ller att \u00f6verleva<\/td>\n<td>deckare<\/td>\n<td>svenska<\/td>\n<\/tr>\n<tr>\n<td>Hansson Ulrika<\/td>\n<td width=\"244\">Jaktlaget<\/td>\n<td>roman<\/td>\n<td>svenska<\/td>\n<\/tr>\n<tr>\n<td>Haukio Jenni<\/td>\n<td width=\"244\">Sinun t\u00e4htesi t\u00e4\u00e4ll\u00e4<\/td>\n<td>biografi<\/td>\n<td>finska<\/td>\n<\/tr>\n<tr>\n<td>Hirvisaari Laila<\/td>\n<td width=\"244\">Kallis kotimaa<\/td>\n<td>historiska roman<\/td>\n<td>finska<\/td>\n<\/tr>\n<tr>\n<td>Hirvisaari Laila<\/td>\n<td width=\"244\">Siell\u00e4 jossakin<\/td>\n<td>historiska roman<\/td>\n<td>finska<\/td>\n<\/tr>\n<tr>\n<td>Hirvisaari Laila<\/td>\n<td width=\"244\">Syksyksi kotiin<\/td>\n<td>historiska roman<\/td>\n<td>finska<\/td>\n<\/tr>\n<tr>\n<td>Hirvisaari Laila<\/td>\n<td width=\"244\">Kukkivat kummut<\/td>\n<td>historiska roman<\/td>\n<td>finska<\/td>\n<\/tr>\n<tr>\n<td>Hirvisaari Laila<\/td>\n<td width=\"244\">Unohduksen lumet<\/td>\n<td>historiska roman<\/td>\n<td>finska<\/td>\n<\/tr>\n<tr>\n<td>Hirvisaari Laila<\/td>\n<td width=\"244\">Lehmusten kaupunki<\/td>\n<td>historiska roman<\/td>\n<td>finska<\/td>\n<\/tr>\n<tr>\n<td>H\u00e4llsten Annika<\/td>\n<td width=\"244\">Anna-Maja Henriksson &#8211; Makten och \u00e4rligheten<\/td>\n<td>biografi<\/td>\n<td>svenska<\/td>\n<\/tr>\n<tr>\n<td>Jaatinen Satu<\/td>\n<td width=\"244\">Puoli valtakunta<\/td>\n<td>fakta<\/td>\n<td>finska<\/td>\n<\/tr>\n<tr>\n<td>Jansson Anna<\/td>\n<td width=\"244\">Dotter saknad<\/td>\n<td>deckare<\/td>\n<td>svenska<\/td>\n<\/tr>\n<tr>\n<td>Jefferies Dina<\/td>\n<td width=\"244\">Krigets d\u00f6ttrar<\/td>\n<td>historiska roman<\/td>\n<td>svenska<\/td>\n<\/tr>\n<tr>\n<td>Jenner Natalie<\/td>\n<td width=\"244\">Bloomsburyn naiset<\/td>\n<td>historiska roman<\/td>\n<td>finska<\/td>\n<\/tr>\n<tr>\n<td>Jenoff Pamela<\/td>\n<td width=\"244\">Cirkusflickan<\/td>\n<td>historiska roman<\/td>\n<td>svenska<\/td>\n<\/tr>\n<tr>\n<td>Kanto Anneli<\/td>\n<td width=\"244\">Veriruusut<\/td>\n<td>historiska roman<\/td>\n<td>finska<\/td>\n<\/tr>\n<tr>\n<td>Kaufman George<\/td>\n<td width=\"244\">S\u00f6mmerskan fr\u00e5n Paris<\/td>\n<td>historiska roman<\/td>\n<td>svenska<\/td>\n<\/tr>\n<tr>\n<td>Kincaid Jamaica<\/td>\n<td width=\"244\">Lucy<\/td>\n<td>autifiktion<\/td>\n<td>finska<\/td>\n<\/tr>\n<tr>\n<td>Kjellsdotter Nilla<\/td>\n<td width=\"244\">Himmelsg\u00e5rden<\/td>\n<td>deckare<\/td>\n<td>svenska<\/td>\n<\/tr>\n<tr>\n<td>Kortelainen Anna<\/td>\n<td width=\"244\">Virgini\u00e9<\/td>\n<td>biografi<\/td>\n<td>finska<\/td>\n<\/tr>\n<tr>\n<td>Kostet Jenna<\/td>\n<td width=\"244\">Kuuden Katariinan j\u00e4ljill\u00e4<\/td>\n<td>fakta<\/td>\n<td>finska<\/td>\n<\/tr>\n<tr>\n<td>Kyr\u00f6 Tuomas<\/td>\n<td width=\"244\">Kerj\u00e4l\u00e4inen ja j\u00e4nis<\/td>\n<td>roman<\/td>\n<td>finska<\/td>\n<\/tr>\n<tr>\n<td>K\u00e4hk\u00f6nen Sirpa<\/td>\n<td width=\"244\">Tankkien kes\u00e4<\/td>\n<td>historiska roman<\/td>\n<td>finska<\/td>\n<\/tr>\n<tr>\n<td>K\u00e4hk\u00f6nen Sirpa<\/td>\n<td width=\"244\">Hietakehto<\/td>\n<td>historiska roman<\/td>\n<td>finska<\/td>\n<\/tr>\n<tr>\n<td>Lander Leena<\/td>\n<td width=\"244\">K\u00e4sky<\/td>\n<td>historiska roman<\/td>\n<td>finska<\/td>\n<\/tr>\n<tr>\n<td>Lawhon Ariel<\/td>\n<td width=\"244\">Koodinimi H\u00e9l\u00e8ne<\/td>\n<td>verklighetsbaserad<\/td>\n<td>finska<\/td>\n<\/tr>\n<tr>\n<td>Lehtolainen Leena<\/td>\n<td width=\"244\">Pime\u00e4n risteys<\/td>\n<td>deckare<\/td>\n<td>finska<\/td>\n<\/tr>\n<tr>\n<td>Liljegren Bengt<\/td>\n<td width=\"244\">Winston Churchill 1939-65 (del 2)<\/td>\n<td>biografi<\/td>\n<td>svenska<\/td>\n<\/tr>\n<tr>\n<td>Liljegren Bengt<\/td>\n<td width=\"244\">Winston Churchill 1878-1939(del 1)<\/td>\n<td>biografi<\/td>\n<td>svenska<\/td>\n<\/tr>\n<tr>\n<td>Liukkunen Miki<\/td>\n<td width=\"244\">Lapset auringon alla<\/td>\n<td>roman<\/td>\n<td>finska<\/td>\n<\/tr>\n<tr>\n<td>Lundberg Ulla-Lena<\/td>\n<td width=\"244\">Stora v\u00e4rlden<\/td>\n<td>historiska roman<\/td>\n<td>svenska<\/td>\n<\/tr>\n<tr>\n<td>Lyons Annie<\/td>\n<td width=\"244\">The Air Raid Book Club<\/td>\n<td>historiska roman<\/td>\n<td>engelska<\/td>\n<\/tr>\n<tr>\n<td>L\u00e4ckberg Camilla<\/td>\n<td width=\"244\">G\u00f6kungen<\/td>\n<td>deckare<\/td>\n<td>svenska<\/td>\n<\/tr>\n<tr>\n<td>Marklund Liza<\/td>\n<td width=\"244\">Kallmyren<\/td>\n<td>deckare<\/td>\n<td>svenska<\/td>\n<\/tr>\n<tr>\n<td>Mazzarella Merete<\/td>\n<td width=\"244\">Den violetta timmen<\/td>\n<td>biografi<\/td>\n<td>svenska<\/td>\n<\/tr>\n<tr>\n<td>McCourt Frank<\/td>\n<td width=\"244\">Magistern\/Teacher<\/td>\n<td>biografi<\/td>\n<td>engelska<\/td>\n<\/tr>\n<tr>\n<td>McEwan Ian<\/td>\n<td width=\"244\">P\u00e4hkin\u00e4kuori<\/td>\n<td>roman<\/td>\n<td>finska<\/td>\n<\/tr>\n<tr>\n<td>McQuiston Casey<\/td>\n<td width=\"244\">R\u00f6tt, vitt och kungligt bl\u00e5tt<\/td>\n<td>chick lit<\/td>\n<td>svenska<\/td>\n<\/tr>\n<tr>\n<td>Meinander Henrik<\/td>\n<td width=\"244\">Finlands historia<\/td>\n<td>fakta<\/td>\n<td>svenska<\/td>\n<\/tr>\n<tr>\n<td>Monteil Claudine<\/td>\n<td width=\"244\">Marie Curie ja tytt\u00e4ret<\/td>\n<td>biografi<\/td>\n<td>finska<\/td>\n<\/tr>\n<tr>\n<td>Moriarty Liane<\/td>\n<td width=\"244\">Din stora k\u00e4rlek<\/td>\n<td>chick lit<\/td>\n<td>svenska<\/td>\n<\/tr>\n<tr>\n<td>Morton Andrew<\/td>\n<td width=\"244\">Elisabet &amp; Margaret &#8211; Windsorin siskojen yksityinen maailma<\/td>\n<td>biografi<\/td>\n<td>finska<\/td>\n<\/tr>\n<tr>\n<td>Mustonen Enni<\/td>\n<td width=\"244\">Unikkoja ikkunassa<\/td>\n<td>historiska roman<\/td>\n<td>finska<\/td>\n<\/tr>\n<tr>\n<td>Mustonen Enni<\/td>\n<td width=\"244\">Ruiskukkaseppele<\/td>\n<td>historiska roman<\/td>\n<td>finska<\/td>\n<\/tr>\n<tr>\n<td>Mustonen Enni<\/td>\n<td width=\"244\">Veripisara ikkunalla<\/td>\n<td>historiska roman<\/td>\n<td>finska<\/td>\n<\/tr>\n<tr>\n<td>Mustonen Enni<\/td>\n<td width=\"244\">Tekij\u00e4<\/td>\n<td>historiska roman<\/td>\n<td>finska<\/td>\n<\/tr>\n<tr>\n<td>Mustonen Enni<\/td>\n<td width=\"244\">N\u00e4kij\u00e4<\/td>\n<td>historiska roman<\/td>\n<td>finska<\/td>\n<\/tr>\n<tr>\n<td>Mustonen Enni<\/td>\n<td width=\"244\">Sotaleski<\/td>\n<td>historiska roman<\/td>\n<td>finska<\/td>\n<\/tr>\n<tr>\n<td>Mustonen Enni<\/td>\n<td width=\"244\">Ruokarouvan tyt\u00e4r<\/td>\n<td>historiska roman<\/td>\n<td>finska<\/td>\n<\/tr>\n<tr>\n<td>Mustonen Enni<\/td>\n<td width=\"244\">Ruokarouva<\/td>\n<td>historiska roman<\/td>\n<td>finska<\/td>\n<\/tr>\n<tr>\n<td>Mustonen Enni<\/td>\n<td width=\"244\">Em\u00e4nn\u00f6itsij\u00e4<\/td>\n<td>historiska roman<\/td>\n<td>finska<\/td>\n<\/tr>\n<tr>\n<td>Nousiainen Miika<\/td>\n<td width=\"244\">Juurihoiti<\/td>\n<td>roman<\/td>\n<td>finska<\/td>\n<\/tr>\n<tr>\n<td>Nuotio Eppu<\/td>\n<td width=\"244\">Hopeamedaljonki<\/td>\n<td>deckare<\/td>\n<td>finska<\/td>\n<\/tr>\n<tr>\n<td>Nuotio Eppu<\/td>\n<td width=\"244\">Leinikkimekko<\/td>\n<td>deckare<\/td>\n<td>finska<\/td>\n<\/tr>\n<tr>\n<td>Nuotio Eppu ja Soininen Pirkko<\/td>\n<td width=\"244\">Sakset tyynyn alla<\/td>\n<td>deckare<\/td>\n<td>finska<\/td>\n<\/tr>\n<tr>\n<td>Nuotio Eppu ja Soininen Pirkko<\/td>\n<td width=\"244\">Nainen parvekkeella<\/td>\n<td>deckare<\/td>\n<td>finska<\/td>\n<\/tr>\n<tr>\n<td>Oranen Raija<\/td>\n<td width=\"244\">Ackt\u00e9<\/td>\n<td>verklighetsbaserad<\/td>\n<td>finska<\/td>\n<\/tr>\n<tr>\n<td>Pancol Katherine<\/td>\n<td width=\"244\">Krokotiilin keltaiset silm\u00e4t<\/td>\n<td>roman<\/td>\n<td>finska<\/td>\n<\/tr>\n<tr>\n<td>Pilgaard Stine<\/td>\n<td width=\"244\">Meter i sekunden<\/td>\n<td>roman<\/td>\n<td>svenska<\/td>\n<\/tr>\n<tr>\n<td>Porras Kirsti<\/td>\n<td width=\"244\">Laiva huusi y\u00f6ss\u00e4<\/td>\n<td>deckare<\/td>\n<td>finska<\/td>\n<\/tr>\n<tr>\n<td>Ragde Anna B.<\/td>\n<td width=\"244\">Arseniktornet<\/td>\n<td>historiska roman<\/td>\n<td>svenska<\/td>\n<\/tr>\n<tr>\n<td>Richman Alyson<\/td>\n<td width=\"244\">En f\u00f6rlorad k\u00e4rlek<\/td>\n<td>historiska roman<\/td>\n<td>svenska<\/td>\n<\/tr>\n<tr>\n<td>Riley Lucinda<\/td>\n<td width=\"244\">Storm Sister<\/td>\n<td>roman<\/td>\n<td>engelska<\/td>\n<\/tr>\n<tr>\n<td>Riley Lucinda<\/td>\n<td width=\"244\">The Seven Sisters<\/td>\n<td>roman<\/td>\n<td>engelska<\/td>\n<\/tr>\n<tr>\n<td>Rintala Heli<\/td>\n<td width=\"244\">Liian ihmeellinen maailma?<\/td>\n<td>fakta<\/td>\n<td>finska<\/td>\n<\/tr>\n<tr>\n<td>Rooney Sally<\/td>\n<td width=\"244\">Vackra v\u00e4rld, var \u00e4r du<\/td>\n<td>roman<\/td>\n<td>svenska<\/td>\n<\/tr>\n<tr>\n<td>Rudberg Denise<\/td>\n<td width=\"244\">Den fj\u00e4rde doktrinen<\/td>\n<td>historiska roman<\/td>\n<td>svenska<\/td>\n<\/tr>\n<tr>\n<td>R\u00e4m\u00f6 Satu<\/td>\n<td width=\"244\">Rosa &amp; Bj\u00f6rk<\/td>\n<td>deckare<\/td>\n<td>finska<\/td>\n<\/tr>\n<tr>\n<td>R\u00e4m\u00f6 Satu<\/td>\n<td width=\"244\">Hildur<\/td>\n<td>deckare<\/td>\n<td>finska<\/td>\n<\/tr>\n<tr>\n<td>Sandberg Kristina<\/td>\n<td width=\"244\">Att f\u00f6da ett barn<\/td>\n<td>historiska roman<\/td>\n<td>svenska<\/td>\n<\/tr>\n<tr>\n<td>Schreck Hanna-Reetta<\/td>\n<td width=\"244\">Min\u00e4 maalaan kuin jumala<\/td>\n<td>biografi<\/td>\n<td>finska<\/td>\n<\/tr>\n<tr>\n<td>Schreck Hanna-Reetta<\/td>\n<td width=\"244\">S\u00e4ken\u00f6iv\u00e4t ja oikkukkaat<\/td>\n<td>biografi<\/td>\n<td>finska<\/td>\n<\/tr>\n<tr>\n<td>Schulman Alex<\/td>\n<td width=\"244\">Malma station<\/td>\n<td>roman<\/td>\n<td>svenska<\/td>\n<\/tr>\n<tr>\n<td>Silmani Leila<\/td>\n<td width=\"244\">De andras land<\/td>\n<td>roman<\/td>\n<td>svenska<\/td>\n<\/tr>\n<tr>\n<td>Sir\u00e9n Ulla<\/td>\n<td width=\"244\">Hilma, punalesken tarina<\/td>\n<td>fakta<\/td>\n<td>finska<\/td>\n<\/tr>\n<tr>\n<td>Smith Zadie<\/td>\n<td width=\"244\">Valkoiset hampaat<\/td>\n<td>roman<\/td>\n<td>finska<\/td>\n<\/tr>\n<tr>\n<td>Soininen Pirkko<\/td>\n<td width=\"244\">Ellen<\/td>\n<td>verklighetsbaserad<\/td>\n<td>finska<\/td>\n<\/tr>\n<tr>\n<td>Statovci Pajtim<\/td>\n<td width=\"244\">Bolla<\/td>\n<td>roman<\/td>\n<td>finska<\/td>\n<\/tr>\n<tr>\n<td>Str\u00f6mberg Sara<\/td>\n<td width=\"244\">Sly<\/td>\n<td>deckare<\/td>\n<td>svenska<\/td>\n<\/tr>\n<tr>\n<td>Tahvanainen Sanna<\/td>\n<td width=\"244\">Vad g\u00f6r fj\u00e4rilar n\u00e4r det regnar?<\/td>\n<td>roman<\/td>\n<td>svenska<\/td>\n<\/tr>\n<tr>\n<td>Telk\u00e4nranta Helena<\/td>\n<td width=\"244\">Millaista on olla kissa<\/td>\n<td>fakta<\/td>\n<td>finska<\/td>\n<\/tr>\n<tr>\n<td>Tervo Kati<\/td>\n<td width=\"244\">Iltalauluja<\/td>\n<td>roman<\/td>\n<td>finska<\/td>\n<\/tr>\n<tr>\n<td>Towles Amor<\/td>\n<td width=\"244\">Artighetsreglerna<\/td>\n<td>historiska roman<\/td>\n<td>svenska<\/td>\n<\/tr>\n<tr>\n<td>Tuominen Pirjo<\/td>\n<td width=\"244\">Puutalokaupungin naiset<\/td>\n<td>historiska roman<\/td>\n<td>finska<\/td>\n<\/tr>\n<tr>\n<td>Tutschaninoff Maria<\/td>\n<td width=\"244\">Arvejord<\/td>\n<td>historiska roman<\/td>\n<td>svenska<\/td>\n<\/tr>\n<tr>\n<td>Utrio Kaari<\/td>\n<td width=\"244\">Oppinut neiti<\/td>\n<td>historiska roman<\/td>\n<td>finska<\/td>\n<\/tr>\n<tr>\n<td>Vainikainen Tuula<\/td>\n<td width=\"244\">Kuninkaallisia naisia. El\u00e4m\u00e4\u00e4 aikamme hoveissa<\/td>\n<td>biografi<\/td>\n<td>finska<\/td>\n<\/tr>\n<tr>\n<td>Vainio-Kurtakko Maria<\/td>\n<td width=\"244\">Sovelias liitto<\/td>\n<td>biografi<\/td>\n<td>finska<\/td>\n<\/tr>\n<tr>\n<td>Valima Inka &amp; Mannila Taika<\/td>\n<td width=\"244\">Bimbofikaatio<\/td>\n<td>korta juttun<\/td>\n<td>finska<\/td>\n<\/tr>\n<tr>\n<td>Valkama Meri<\/td>\n<td width=\"244\">Sinun, Margot<\/td>\n<td>roman<\/td>\n<td>finska<\/td>\n<\/tr>\n<tr>\n<td>van den Brink Nina<\/td>\n<td width=\"244\">&#8221;Jag har torkat nog m\u00e5nga golv&#8221;<\/td>\n<td>biografi<\/td>\n<td>svenska<\/td>\n<\/tr>\n<tr>\n<td width=\"154\">Ventus Simon och Gustavson Christina<\/td>\n<td width=\"244\">Den som offrar sig<\/td>\n<td>deckare<\/td>\n<td>svenska<\/td>\n<\/tr>\n<tr>\n<td>Vihinen Antti<\/td>\n<td width=\"244\">Sininen enkeli<\/td>\n<td>deckare<\/td>\n<td>finska<\/td>\n<\/tr>\n<tr>\n<td>Wahlberg Karin<\/td>\n<td width=\"244\">L\u00e4tta ditt hj\u00e4rta<\/td>\n<td>historiska roman<\/td>\n<td>svenska<\/td>\n<\/tr>\n<tr>\n<td>Wahlberg Karin<\/td>\n<td width=\"244\">Livet g\u00e5r vidare<\/td>\n<td>historiska roman<\/td>\n<td>svenska<\/td>\n<\/tr>\n<tr>\n<td>Walden Andrew<\/td>\n<td width=\"244\">J\u00e4vla karlar<\/td>\n<td>roman<\/td>\n<td>svenska<\/td>\n<\/tr>\n<tr>\n<td>Wennstam Katarina<\/td>\n<td width=\"244\">Skuggorna<\/td>\n<td>deckare<\/td>\n<td>svenska<\/td>\n<\/tr>\n<tr>\n<td>Wickholm Julia<\/td>\n<td width=\"244\">Kom hit<\/td>\n<td>ungdomsroman<\/td>\n<td>svenska<\/td>\n<\/tr>\n<tr>\n<td>Williams Pip<\/td>\n<td width=\"244\">De f\u00f6rlorade ordens bok<\/td>\n<td>verklighetsbaserad<\/td>\n<td>svenska<\/td>\n<\/tr>\n<tr>\n<td>Wingate Linda<\/td>\n<td width=\"244\">De saknade v\u00e4nnernas bok<\/td>\n<td>historiska roman<\/td>\n<td>svenska<\/td>\n<\/tr>\n<tr>\n<td>\u00c5hman Axel<\/td>\n<td width=\"244\">Eldsj\u00e4l<\/td>\n<td>roman<\/td>\n<td>svenska<\/td>\n<\/tr>\n<tr>\n<td>\u00c5sbrink Elizabeth<\/td>\n<td width=\"244\">Och i Wienerwald st\u00e5r tr\u00e4den kvar<\/td>\n<td>biografi<\/td>\n<td>svenska<\/td>\n<\/tr>\n<\/tbody>\n<\/table>\n","protected":false},"excerpt":{"rendered":"<p>E-b\u00f6cker Appelqvist Kristina Flickan framf\u00f6r muren deckare svenska Frantz Eva Hemligheten i Helmersbruk ungdomsroman svenska Jansson Anna Onda dr\u00f6mmar deckare svenska Jansson Anna Galgbergets v\u00e4ktare deckare svenska Jansson Anna D\u00f6dslistan deckare svenska Jansson Anna Mitt hj\u00e4rta \u00e4r ditt deckare svenska &hellip; <a href=\"https:\/\/blogs2.abo.fi\/laslust\/last-och-lyssnat-2023\/\">Forts\u00e4tt l\u00e4sa <span class=\"meta-nav\">&rarr;<\/span><\/a><\/p>\n","protected":false},"author":7,"featured_media":0,"parent":0,"menu_order":0,"comment_status":"closed","ping_status":"closed","template":"","meta":{"footnotes":""},"class_list":["post-5749","page","type-page","status-publish","hentry"],"_links":{"self":[{"href":"https:\/\/blogs2.abo.fi\/laslust\/wp-json\/wp\/v2\/pages\/5749","targetHints":{"allow":["GET"]}}],"collection":[{"href":"https:\/\/blogs2.abo.fi\/laslust\/wp-json\/wp\/v2\/pages"}],"about":[{"href":"https:\/\/blogs2.abo.fi\/laslust\/wp-json\/wp\/v2\/types\/page"}],"author":[{"embeddable":true,"href":"https:\/\/blogs2.abo.fi\/laslust\/wp-json\/wp\/v2\/users\/7"}],"replies":[{"embeddable":true,"href":"https:\/\/blogs2.abo.fi\/laslust\/wp-json\/wp\/v2\/comments?post=5749"}],"version-history":[{"count":1,"href":"https:\/\/blogs2.abo.fi\/laslust\/wp-json\/wp\/v2\/pages\/5749\/revisions"}],"predecessor-version":[{"id":5750,"href":"https:\/\/blogs2.abo.fi\/laslust\/wp-json\/wp\/v2\/pages\/5749\/revisions\/5750"}],"wp:attachment":[{"href":"https:\/\/blogs2.abo.fi\/laslust\/wp-json\/wp\/v2\/media?parent=5749"}],"curies":[{"name":"wp","href":"https:\/\/api.w.org\/{rel}","templated":true}]}}