{"id":5115,"date":"2023-01-01T16:34:23","date_gmt":"2023-01-01T16:34:23","guid":{"rendered":"https:\/\/blogs2.abo.fi\/laslust\/?page_id=5115"},"modified":"2023-01-01T16:35:07","modified_gmt":"2023-01-01T16:35:07","slug":"last-2022","status":"publish","type":"page","link":"https:\/\/blogs2.abo.fi\/laslust\/last-2022\/","title":{"rendered":"L\u00e4st &#038; lyssnat 2022"},"content":{"rendered":"<table width=\"623\">\n<tbody>\n<tr>\n<td width=\"154\"><strong>Ljudbok<\/strong><\/td>\n<td width=\"244\"><\/td>\n<td width=\"124\"><\/td>\n<td width=\"101\"><\/td>\n<\/tr>\n<tr>\n<td>Adler-Olsen Jussi<\/td>\n<td width=\"244\">Hon tackade gudarna<\/td>\n<td>deckare<\/td>\n<td>svenska<\/td>\n<\/tr>\n<tr>\n<td>Ahlander Dag Sebastian<\/td>\n<td width=\"244\">Gustaf Mannerheim<\/td>\n<td>fakta<\/td>\n<td>svenska<\/td>\n<\/tr>\n<tr>\n<td>Alsterdahl Tove<\/td>\n<td width=\"244\">Slukh\u00e5l<\/td>\n<td>deckare<\/td>\n<td>svenska<\/td>\n<\/tr>\n<tr>\n<td>Alsterdahl Tove<\/td>\n<td width=\"244\">Rotv\u00e4lta<\/td>\n<td>deckare<\/td>\n<td>svenska<\/td>\n<\/tr>\n<tr>\n<td>Appelqvist Kristina<\/td>\n<td width=\"244\">Kl\u00e4nning f\u00f6r korta kvinnor<\/td>\n<td>deckare<\/td>\n<td>svenska<\/td>\n<\/tr>\n<tr>\n<td>Arikawa Hiro<\/td>\n<td width=\"244\">En katts resedagbok<\/td>\n<td>roman<\/td>\n<td>svenska<\/td>\n<\/tr>\n<tr>\n<td>Atkinson Kate<\/td>\n<td width=\"244\">Ei viel\u00e4k\u00e4\u00e4n hyvi\u00e4 uutisia<\/td>\n<td>deckare<\/td>\n<td>finska<\/td>\n<\/tr>\n<tr>\n<td>Atkinson Kate<\/td>\n<td width=\"244\">Ihan tavallisena p\u00e4iv\u00e4n\u00e4<\/td>\n<td>deckare<\/td>\n<td>finska<\/td>\n<\/tr>\n<tr>\n<td>Backman Elina<\/td>\n<td width=\"244\">N\u00e4r kungen d\u00f6r<\/td>\n<td>deckare<\/td>\n<td>svenska<\/td>\n<\/tr>\n<tr>\n<td>Batra David<\/td>\n<td width=\"244\">Det h\u00e4r var ju tr\u00e5kigt. \u00c4nnu en bok av David Batra<\/td>\n<td>korta juttun<\/td>\n<td>svenska<\/td>\n<\/tr>\n<tr>\n<td>Bergstr\u00f6m Carin<\/td>\n<td width=\"244\">Sofia. En drottnings liv<\/td>\n<td>biografi<\/td>\n<td>svenska<\/td>\n<\/tr>\n<tr>\n<td>Bertell Ann-Luise<\/td>\n<td width=\"244\">Gl\u00f6m bort din saknad<\/td>\n<td>historisk roman<\/td>\n<td>svenska<\/td>\n<\/tr>\n<tr>\n<td>Bertell Ann-Luise<\/td>\n<td width=\"244\">V\u00e4nd om min l\u00e4ngtan<\/td>\n<td>historisk roman<\/td>\n<td>svenska<\/td>\n<\/tr>\n<tr>\n<td>Bertell Ann-Luise<\/td>\n<td width=\"244\">Heiman<\/td>\n<td>historisk roman<\/td>\n<td>svenska<\/td>\n<\/tr>\n<tr>\n<td>Bostr\u00f6m Knausg\u00e5rd<\/td>\n<td width=\"244\">V\u00e4lkommen till Amerika<\/td>\n<td>roman<\/td>\n<td>svenska<\/td>\n<\/tr>\n<tr>\n<td>Brunk Holmqvist Karin<\/td>\n<td width=\"244\">Kyss Karlsson i nacken<\/td>\n<td>feelgood<\/td>\n<td>svenska<\/td>\n<\/tr>\n<tr>\n<td>Burton Jessie<\/td>\n<td width=\"244\">Musan<\/td>\n<td>roman<\/td>\n<td>svenska<\/td>\n<\/tr>\n<tr>\n<td>Buxton Charlotta<\/td>\n<td width=\"244\">Landet som \u00e4ter sig sj\u00e4lv. Att leva med Brexit<\/td>\n<td>fakta<\/td>\n<td>svenska<\/td>\n<\/tr>\n<tr>\n<td>Collins Karin<\/td>\n<td width=\"244\">Flickan p\u00e5 udden<\/td>\n<td>deckare<\/td>\n<td>svenska<\/td>\n<\/tr>\n<tr>\n<td>Collins Karin<\/td>\n<td width=\"244\">N\u00e4ra till natten<\/td>\n<td>deckare<\/td>\n<td>svenska<\/td>\n<\/tr>\n<tr>\n<td>Collins Karin<\/td>\n<td width=\"244\">Under isen<\/td>\n<td>deckare<\/td>\n<td>svenska<\/td>\n<\/tr>\n<tr>\n<td>Ditlevsen Tove<\/td>\n<td width=\"244\">Nuoruus<\/td>\n<td>autofiktion<\/td>\n<td>finska<\/td>\n<\/tr>\n<tr>\n<td>Druart Ruth<\/td>\n<td width=\"244\">Viimeinen y\u00f6 Pariisissa<\/td>\n<td>historisk roman<\/td>\n<td>finska<\/td>\n<\/tr>\n<tr>\n<td>Ebervall Lena &amp; Samuelsson Per E<\/td>\n<td width=\"244\">M\u00f6rdaren i follhemmet<\/td>\n<td>autofiktion<\/td>\n<td>svenska<\/td>\n<\/tr>\n<tr>\n<td>Erlandsson Karin<\/td>\n<td width=\"244\">Minkriket<\/td>\n<td>roman<\/td>\n<td>svenska<\/td>\n<\/tr>\n<tr>\n<td>Erlandsson Karin<\/td>\n<td width=\"244\">Hem<\/td>\n<td>roman<\/td>\n<td>svenska<\/td>\n<\/tr>\n<tr>\n<td>Franz Eva<\/td>\n<td width=\"244\">F\u00f6r han var redan d\u00f6d<\/td>\n<td>deckare<\/td>\n<td>svenska<\/td>\n<\/tr>\n<tr>\n<td>F\u00e4gerskj\u00f6ld Kristin<\/td>\n<td width=\"244\">Svara vingar<\/td>\n<td>historisk roman<\/td>\n<td>svenska<\/td>\n<\/tr>\n<tr>\n<td>Gardell Jonas<\/td>\n<td width=\"244\">Ett lyckligare \u00e5r<\/td>\n<td>autofiktion<\/td>\n<td>svenska<\/td>\n<\/tr>\n<tr>\n<td>Goldring Suzanne<\/td>\n<td width=\"244\">Den brinnande \u00f6n<\/td>\n<td>roman<\/td>\n<td>svenska<\/td>\n<\/tr>\n<tr>\n<td>Gornick Vivian<\/td>\n<td width=\"244\">Starka band<\/td>\n<td>biografi<\/td>\n<td>svenska<\/td>\n<\/tr>\n<tr>\n<td>Grafon Sue<\/td>\n<td width=\"244\">A kuin alibi<\/td>\n<td>deckare<\/td>\n<td>finska<\/td>\n<\/tr>\n<tr>\n<td>Graham Lily<\/td>\n<td width=\"244\">Flykten fr\u00e5n Hamburg<\/td>\n<td>historisk roman<\/td>\n<td>svenska<\/td>\n<\/tr>\n<tr>\n<td>Graham Lily<\/td>\n<td width=\"244\">Hemligheten i Paris<\/td>\n<td>historisk roman<\/td>\n<td>svenska<\/td>\n<\/tr>\n<tr>\n<td>Gustafsson-Flink, Annika<\/td>\n<td width=\"244\">Det l\u00f6nar sig att tiga<\/td>\n<td>deckare<\/td>\n<td>svenska<\/td>\n<\/tr>\n<tr>\n<td>Gustafsson-Flink, Annika<\/td>\n<td width=\"244\">Det kallas att leva<\/td>\n<td>deckare<\/td>\n<td>svenska<\/td>\n<\/tr>\n<tr>\n<td>Hall Kelly Martha<\/td>\n<td width=\"244\">Ryska dockor<\/td>\n<td>historisk roman<\/td>\n<td>svenska<\/td>\n<\/tr>\n<tr>\n<td>Hall Kelly Martha<\/td>\n<td width=\"244\">Sk\u00f6nhetens v\u00e4g<\/td>\n<td>historisk roman<\/td>\n<td>svenska<\/td>\n<\/tr>\n<tr>\n<td>Hancock Anne Mette<\/td>\n<td width=\"244\">Likblomman<\/td>\n<td>deckare<\/td>\n<td>svenska<\/td>\n<\/tr>\n<tr>\n<td>Harmel Kristin<\/td>\n<td width=\"244\">De bortgl\u00f6mda namnens bok<\/td>\n<td>historisk roman<\/td>\n<td>svenska<\/td>\n<\/tr>\n<tr>\n<td>Higgins Clark Mary<\/td>\n<td width=\"244\">Portr\u00e4tt av ondskan<\/td>\n<td>deckare<\/td>\n<td>svenska<\/td>\n<\/tr>\n<tr>\n<td>Holmstr\u00f6m Johanna<\/td>\n<td width=\"244\">Sj\u00e4larnas \u00f6<\/td>\n<td>historisk roman<\/td>\n<td>svenska<\/td>\n<\/tr>\n<tr>\n<td>Holt Anne<\/td>\n<td width=\"244\">En grav f\u00f6r tv\u00e5<\/td>\n<td>deckare<\/td>\n<td>svenska<\/td>\n<\/tr>\n<tr>\n<td>Hubara Koko<\/td>\n<td width=\"244\">Bechi<\/td>\n<td>roman<\/td>\n<td>svenska<\/td>\n<\/tr>\n<tr>\n<td>Immonen Helena<\/td>\n<td width=\"244\">Operaatio Punainen kettu<\/td>\n<td>triller<\/td>\n<td>finska<\/td>\n<\/tr>\n<tr>\n<td>Ishikawa Masaji<\/td>\n<td width=\"244\">Flykten fr\u00e5n Nordkorea<\/td>\n<td>biografi<\/td>\n<td>svenska<\/td>\n<\/tr>\n<tr>\n<td>Jansson Tomas<\/td>\n<td width=\"244\">Linda<\/td>\n<td>roman<\/td>\n<td>svenska<\/td>\n<\/tr>\n<tr>\n<td>Jansson Tove<\/td>\n<td width=\"244\">Rent spel<\/td>\n<td>autofiktion<\/td>\n<td>svenska<\/td>\n<\/tr>\n<tr>\n<td>Jenoff Pam<\/td>\n<td width=\"244\">Paris f\u00f6rsvunna d\u00f6ttrar<\/td>\n<td>historisk roman<\/td>\n<td>svenska<\/td>\n<\/tr>\n<tr>\n<td>John David &amp; Lee Hyeonseo<\/td>\n<td width=\"244\">Flickan med sju liv<\/td>\n<td>biografi<\/td>\n<td>svenska<\/td>\n<\/tr>\n<tr>\n<td>Jokinen Pauli<\/td>\n<td width=\"244\">Turun murhahistoria<\/td>\n<td>fakta<\/td>\n<td>finska<\/td>\n<\/tr>\n<tr>\n<td>Jokinen Seppo<\/td>\n<td width=\"244\">Vihan sukua<\/td>\n<td>deckare<\/td>\n<td>finska<\/td>\n<\/tr>\n<tr>\n<td>J\u00f6back Peter<\/td>\n<td width=\"244\">Att b\u00e4ra sig sj\u00e4lv<\/td>\n<td>biografi<\/td>\n<td>svenska<\/td>\n<\/tr>\n<tr>\n<td>Kape &amp; Jaska<\/td>\n<td width=\"244\">Mestarin otteessa. Miten ruokaa oikeastaan kokataan<\/td>\n<td>kokbok<\/td>\n<td>finska<\/td>\n<\/tr>\n<tr>\n<td>Karlsson Petter &amp; Wegerup Jennifer<\/td>\n<td width=\"244\">Zlatan \u00e4r Zlatan<\/td>\n<td>biografi<\/td>\n<td>svenska<\/td>\n<\/tr>\n<tr>\n<td>Kjellsdotter Nilla<\/td>\n<td width=\"244\">I r\u00e4ttvisans blod<\/td>\n<td>deckare<\/td>\n<td>svenska<\/td>\n<\/tr>\n<tr>\n<td>Korkea-aho Kaj<\/td>\n<td width=\"244\">R\u00f6da rummet<\/td>\n<td>roman<\/td>\n<td>svenska<\/td>\n<\/tr>\n<tr>\n<td>Korkman Julia<\/td>\n<td width=\"244\">Minnets makt<\/td>\n<td>fakta<\/td>\n<td>svenska<\/td>\n<\/tr>\n<tr>\n<td>Korppi-Tommola Aura<\/td>\n<td width=\"244\">Alli Paasikivi &#8211; Eturivin taustavaikuttaja<\/td>\n<td>biografi<\/td>\n<td>finska<\/td>\n<\/tr>\n<tr>\n<td>K\u00e4hk\u00f6nen Sirpa<\/td>\n<td width=\"244\">En v\u00e5r av is och eld<\/td>\n<td>historisk roman<\/td>\n<td>svenska<\/td>\n<\/tr>\n<tr>\n<td>K\u00e4hk\u00f6nen Sirpa<\/td>\n<td width=\"244\">J\u00e4rnn\u00e4tter<\/td>\n<td>historisk roman<\/td>\n<td>svenska<\/td>\n<\/tr>\n<tr>\n<td>K\u00e4rnborg Ulrika<\/td>\n<td width=\"244\">Lejonburen<\/td>\n<td>historisk roman<\/td>\n<td>svenska<\/td>\n<\/tr>\n<tr>\n<td>Laestadius Larsson Anna<\/td>\n<td width=\"244\">R\u00e4fvhonan<\/td>\n<td>historisk roman<\/td>\n<td>svenska<\/td>\n<\/tr>\n<tr>\n<td>Liljegren Bengt<\/td>\n<td width=\"244\">John F. Kennedy<\/td>\n<td>biografi<\/td>\n<td>svenska<\/td>\n<\/tr>\n<tr>\n<td>Lindell Unni<\/td>\n<td width=\"244\">Brudkistan<\/td>\n<td>deckare<\/td>\n<td>svenska<\/td>\n<\/tr>\n<tr>\n<td>Lindqvist Herman<\/td>\n<td width=\"244\">Erik &#8211; Nordens h\u00e4rskare och sj\u00f6r\u00f6varkung<\/td>\n<td>fakta<\/td>\n<td>svenska<\/td>\n<\/tr>\n<tr>\n<td>Lond\u00e9n Magnus<\/td>\n<td width=\"244\">No change<\/td>\n<td>roman<\/td>\n<td>svenska<\/td>\n<\/tr>\n<tr>\n<td>Lundberg Ulla-Lena<\/td>\n<td width=\"244\">Lyser och l\u00e5gar<\/td>\n<td>historisk roman<\/td>\n<td>svenska<\/td>\n<\/tr>\n<tr>\n<td>Manner Max<\/td>\n<td width=\"244\">72 h<\/td>\n<td>deckare<\/td>\n<td>finska<\/td>\n<\/tr>\n<tr>\n<td>Manner Max<\/td>\n<td width=\"244\">Revanssi<\/td>\n<td>deckare<\/td>\n<td>finska<\/td>\n<\/tr>\n<tr>\n<td>Manner Max<\/td>\n<td width=\"244\">K 18<\/td>\n<td>deckare<\/td>\n<td>finska<\/td>\n<\/tr>\n<tr>\n<td>Marklund Liza<\/td>\n<td width=\"244\">Polcirkeln<\/td>\n<td>deckare<\/td>\n<td>svenska<\/td>\n<\/tr>\n<tr>\n<td>Mazzarella Merete<\/td>\n<td width=\"244\">Fr\u00e5n h\u00f6st till h\u00f6st. Dagbok fr\u00e5n \u00e5ret d\u00e5 allting f\u00f6r\u00e4ndrades<\/td>\n<td>biografi<\/td>\n<td>svenska<\/td>\n<\/tr>\n<tr>\n<td>Merriman Helena<\/td>\n<td width=\"244\">Tunnel 29<\/td>\n<td>fakta<\/td>\n<td>svenska<\/td>\n<\/tr>\n<tr>\n<td>Moshfegh Ottessa<\/td>\n<td width=\"244\">Ett \u00e5r av vila och avslappning<\/td>\n<td>roman<\/td>\n<td>svenska<\/td>\n<\/tr>\n<tr>\n<td>Mozes Kor, Eva &amp; Rojany Buccieri, Lisa<\/td>\n<td width=\"244\">Auschwitzin kaksoset<\/td>\n<td>fakta<\/td>\n<td>finska<\/td>\n<\/tr>\n<tr>\n<td>Nesbo Jo<\/td>\n<td width=\"244\">Kungariket<\/td>\n<td>deckare<\/td>\n<td>svenska<\/td>\n<\/tr>\n<tr>\n<td>Nesser H\u00e5kan<\/td>\n<td width=\"244\">Schack under vulkanen<\/td>\n<td>deckare<\/td>\n<td>svenska<\/td>\n<\/tr>\n<tr>\n<td>O&#8217;Connell J.P.<\/td>\n<td width=\"244\">Hotel Portofino<\/td>\n<td>roman<\/td>\n<td>svenska<\/td>\n<\/tr>\n<tr>\n<td>Penny Louise<\/td>\n<td width=\"244\">Hur ljuset tar sig in<\/td>\n<td>deckare<\/td>\n<td>svenska<\/td>\n<\/tr>\n<tr>\n<td>Poltava Anni<\/td>\n<td width=\"244\">Otan sinut, \u00e4k\u00e4pussi<\/td>\n<td>roman<\/td>\n<td>finska<\/td>\n<\/tr>\n<tr>\n<td>Porss Ana<\/td>\n<td width=\"244\">En kvinnas straff<\/td>\n<td>historisk roman<\/td>\n<td>svenska<\/td>\n<\/tr>\n<tr>\n<td>Quinn Kate<\/td>\n<td width=\"244\">J\u00e4garinnan<\/td>\n<td>historisk roman<\/td>\n<td>svenska<\/td>\n<\/tr>\n<tr>\n<td>Quinn Kate<\/td>\n<td width=\"244\">Roskoden<\/td>\n<td>historisk roman<\/td>\n<td>svenska<\/td>\n<\/tr>\n<tr>\n<td>Quinn Kate<\/td>\n<td width=\"244\">Kodnamn Alice<\/td>\n<td>historisk roman<\/td>\n<td>svenska<\/td>\n<\/tr>\n<tr>\n<td>Rauma Iida<\/td>\n<td width=\"244\">H\u00e4vitys. Tapauskertomus<\/td>\n<td>autofiktion<\/td>\n<td>finska<\/td>\n<\/tr>\n<tr>\n<td>Rimmer Kelly<\/td>\n<td width=\"244\">De som \u00f6verlevde<\/td>\n<td>fakta<\/td>\n<td>svenska<\/td>\n<\/tr>\n<tr>\n<td>Rimmer Kelly<\/td>\n<td width=\"244\">Vad hj\u00e4rtat aldrig gl\u00f6mmer<\/td>\n<td>historisk roman<\/td>\n<td>svenska<\/td>\n<\/tr>\n<tr>\n<td>Rushton Colin<\/td>\n<td width=\"244\">Auschwitzin sabot\u00f6\u00f6ri<\/td>\n<td>historisk roman<\/td>\n<td>finska<\/td>\n<\/tr>\n<tr>\n<td>R\u00f6nnbacka Christian<\/td>\n<td width=\"244\">Rurik &#8211; Lakeuden legenda<\/td>\n<td>korta juttun<\/td>\n<td>finska<\/td>\n<\/tr>\n<tr>\n<td>Sandstr\u00f6m Peter<\/td>\n<td width=\"244\">Transparente Blanche<\/td>\n<td>roman<\/td>\n<td>svenska<\/td>\n<\/tr>\n<tr>\n<td>Sarenbrant Sofie<\/td>\n<td width=\"244\">Mytomanen<\/td>\n<td>deckare<\/td>\n<td>svenska<\/td>\n<\/tr>\n<tr>\n<td>Sarenbrant Sofie<\/td>\n<td width=\"244\">Syndabocken<\/td>\n<td>deckare<\/td>\n<td>svenska<\/td>\n<\/tr>\n<tr>\n<td>Sarenbrant Sofie<\/td>\n<td width=\"244\">Visning p\u00e5g\u00e5r<\/td>\n<td>deckare<\/td>\n<td>svenska<\/td>\n<\/tr>\n<tr>\n<td>Schulman Alex &amp; Eklund Sigge<\/td>\n<td width=\"244\">RUM &#8211; En roadtrip genom psyket<\/td>\n<td>korta juttun<\/td>\n<td>svenska<\/td>\n<\/tr>\n<tr>\n<td>Seeck Max<\/td>\n<td width=\"244\">Ondskans n\u00e4tverk<\/td>\n<td>deckare<\/td>\n<td>svenska<\/td>\n<\/tr>\n<tr>\n<td>Sennerteg Niclas &amp; Berglund Tobias<\/td>\n<td width=\"244\">Finska inb\u00f6rdeskriget del 1<\/td>\n<td>fakta<\/td>\n<td>svenska<\/td>\n<\/tr>\n<tr>\n<td>Silvola Sakari<\/td>\n<td width=\"244\">Nukkumatin kylm\u00e4 sota<\/td>\n<td>fakta<\/td>\n<td>finska<\/td>\n<\/tr>\n<tr>\n<td>Str\u00f6mberg Ellen<\/td>\n<td width=\"244\">Jaga vatten<\/td>\n<td>ungdomsroman<\/td>\n<td>svenska<\/td>\n<\/tr>\n<tr>\n<td>Sullivan Rosemay<\/td>\n<td width=\"244\">S\u00e5 f\u00f6rr\u00e5ddes Anne Frank &#8211; en cold case utredning<\/td>\n<td>fakta<\/td>\n<td>svenska<\/td>\n<\/tr>\n<tr>\n<td>Sund Lars<\/td>\n<td width=\"244\">Natten \u00e4r \u00e4nnu ung<\/td>\n<td>roman<\/td>\n<td>svenska<\/td>\n<\/tr>\n<tr>\n<td>Tahvanainen Sanna<\/td>\n<td width=\"244\">Den lilla svarta<\/td>\n<td>historisk roman<\/td>\n<td>svenska<\/td>\n<\/tr>\n<tr>\n<td>Taivassalo Hannele Mikaela<\/td>\n<td width=\"244\">I slutet borde jag d\u00f6<\/td>\n<td>roman<\/td>\n<td>svenska<\/td>\n<\/tr>\n<tr>\n<td>Tegenberg Falkendalen Karin<\/td>\n<td width=\"244\">Sveriges drottningar. I blickf\u00e5nget fr\u00e5n Vasatiden till idag<\/td>\n<td>fakta<\/td>\n<td>svenska<\/td>\n<\/tr>\n<tr>\n<td>Thor Annika<\/td>\n<td width=\"244\">N\u00e4ckrosdammen<\/td>\n<td>historisk roman<\/td>\n<td>svenska<\/td>\n<\/tr>\n<tr>\n<td>Tropper Jonathan<\/td>\n<td width=\"244\">Boken om Joe<\/td>\n<td>roman<\/td>\n<td>svenska<\/td>\n<\/tr>\n<tr>\n<td>Tropper Jonathan<\/td>\n<td width=\"244\">Plan B<\/td>\n<td>roman<\/td>\n<td>svenska<\/td>\n<\/tr>\n<tr>\n<td>Tuominen Pirjo<\/td>\n<td width=\"244\">Hiljaiset huvimajat<\/td>\n<td>historisk roman<\/td>\n<td>finska<\/td>\n<\/tr>\n<tr>\n<td>Vihinen Antti<\/td>\n<td width=\"244\">Punainen prinsessa<\/td>\n<td>deckare<\/td>\n<td>finska<\/td>\n<\/tr>\n<tr>\n<td>Wahlroos Bj\u00f6rn<\/td>\n<td width=\"244\">Fr\u00e5n barrikaderna till bankv\u00e4rlden<\/td>\n<td>biografi<\/td>\n<td>svenska<\/td>\n<\/tr>\n<tr>\n<td>Wetterholm Clas G\u00f6ran<\/td>\n<td width=\"244\">Svenskarna p\u00e5 Titanic<\/td>\n<td>fakta<\/td>\n<td>svenska<\/td>\n<\/tr>\n<tr>\n<td>\u00c5hman Owetx Eli<\/td>\n<td width=\"244\">Hemma hos Bettan<\/td>\n<td>feelgood<\/td>\n<td>svenska<\/td>\n<\/tr>\n<tr>\n<td>\u00c5man Axel<\/td>\n<td width=\"244\">Klein<\/td>\n<td>noveller<\/td>\n<td>svenska<\/td>\n<\/tr>\n<tr>\n<td><strong>Pappersformat<\/strong><\/td>\n<td width=\"244\"><\/td>\n<td><\/td>\n<td><\/td>\n<\/tr>\n<tr>\n<td>Carnarvon Fiona<\/td>\n<td width=\"244\">Lady Catherine och verklighetens Downton Abbey<\/td>\n<td>biografi<\/td>\n<td>svenska<\/td>\n<\/tr>\n<tr>\n<td>Cedervall Marianne<\/td>\n<td width=\"244\">L\u00e5t det som varit vila<\/td>\n<td>feelgood deckare<\/td>\n<td>svenska<\/td>\n<\/tr>\n<tr>\n<td>Lond\u00e9n Magnus<\/td>\n<td width=\"244\">No change<\/td>\n<td>roman<\/td>\n<td>svenska<\/td>\n<\/tr>\n<tr>\n<td>Kinsella Sophie<\/td>\n<td width=\"244\">Shopaholic to the Rescue<\/td>\n<td>feelgood<\/td>\n<td>engelska<\/td>\n<\/tr>\n<tr>\n<td>Moyes Jojo<\/td>\n<td width=\"244\">Brudskeppet<\/td>\n<td>historisk roman<\/td>\n<td>svenska<\/td>\n<\/tr>\n<tr>\n<td>Mustonen Enni<\/td>\n<td width=\"244\">Pukija<\/td>\n<td>historisk roman<\/td>\n<td>finska<\/td>\n<\/tr>\n<tr>\n<td>Rudberg Denise<\/td>\n<td width=\"244\">P\u00e5 sex meters djup<\/td>\n<td>deckare<\/td>\n<td>svenska<\/td>\n<\/tr>\n<tr>\n<td>Rudberg Denise<\/td>\n<td width=\"244\">N\u00e4r klockan sl\u00e5r fem<\/td>\n<td>deckare<\/td>\n<td>svenska<\/td>\n<\/tr>\n<tr>\n<td>Shreve Anita<\/td>\n<td width=\"244\">Ljus \u00f6ver sn\u00f6n<\/td>\n<td>roman<\/td>\n<td>svenska<\/td>\n<\/tr>\n<tr>\n<td><strong>E-bok<\/strong><\/td>\n<td width=\"244\"><\/td>\n<td><\/td>\n<td><\/td>\n<\/tr>\n<tr>\n<td>Cedervall Marianne<\/td>\n<td width=\"244\">L\u00e5t det som varit vila<\/td>\n<td>feelgood deckare<\/td>\n<td>svenska<\/td>\n<\/tr>\n<tr>\n<td>Edgren Ald\u00e9n Rebecca<\/td>\n<td width=\"244\">Och blomstren d\u00f6<\/td>\n<td>deckare<\/td>\n<td>svenska<\/td>\n<\/tr>\n<tr>\n<td>Edgren Ald\u00e9n Rebecca<\/td>\n<td width=\"244\">Svarta segel<\/td>\n<td>deckare<\/td>\n<td>svenska<\/td>\n<\/tr>\n<tr>\n<td>Jansson Anna<\/td>\n<td width=\"244\">Kvinnan p\u00e5 b\u00e4nken<\/td>\n<td>deckare<\/td>\n<td>svenska<\/td>\n<\/tr>\n<tr>\n<td>Jansson Anna<\/td>\n<td width=\"244\">R\u00e4dslans f\u00e5ngar<\/td>\n<td>deckare<\/td>\n<td>svenska<\/td>\n<\/tr>\n<tr>\n<td>Jansson Anna<\/td>\n<td width=\"244\">Skymningens barfotabarn<\/td>\n<td>deckare<\/td>\n<td>svenska<\/td>\n<\/tr>\n<tr>\n<td>Osman Richard<\/td>\n<td width=\"244\">Torsdagsmordklubben<\/td>\n<td>deckare<\/td>\n<td>svenska<\/td>\n<\/tr>\n<tr>\n<td>Pakkanen Outi<\/td>\n<td width=\"244\">Helmimies<\/td>\n<td>deckare<\/td>\n<td>finska<\/td>\n<\/tr>\n<tr>\n<td>Rudberg Denise<\/td>\n<td width=\"244\">En tredje man<\/td>\n<td>historisk roman<\/td>\n<td>svenska<\/td>\n<\/tr>\n<tr>\n<td>Rudberg Denise<\/td>\n<td width=\"244\">P\u00e5 sex meters djup<\/td>\n<td>deckare<\/td>\n<td>svenska<\/td>\n<\/tr>\n<tr>\n<td>Rudberg Denise<\/td>\n<td width=\"244\">N\u00e4r klockan sl\u00e5r fem<\/td>\n<td>deckare<\/td>\n<td>svenska<\/td>\n<\/tr>\n<\/tbody>\n<\/table>\n<p>&nbsp;<\/p>\n","protected":false},"excerpt":{"rendered":"<p>Ljudbok Adler-Olsen Jussi Hon tackade gudarna deckare svenska Ahlander Dag Sebastian Gustaf Mannerheim fakta svenska Alsterdahl Tove Slukh\u00e5l deckare svenska Alsterdahl Tove Rotv\u00e4lta deckare svenska Appelqvist Kristina Kl\u00e4nning f\u00f6r korta kvinnor deckare svenska Arikawa Hiro En katts resedagbok roman svenska &hellip; <a href=\"https:\/\/blogs2.abo.fi\/laslust\/last-2022\/\">Forts\u00e4tt l\u00e4sa <span class=\"meta-nav\">&rarr;<\/span><\/a><\/p>\n","protected":false},"author":7,"featured_media":0,"parent":0,"menu_order":0,"comment_status":"closed","ping_status":"closed","template":"","meta":{"footnotes":""},"class_list":["post-5115","page","type-page","status-publish","hentry"],"_links":{"self":[{"href":"https:\/\/blogs2.abo.fi\/laslust\/wp-json\/wp\/v2\/pages\/5115","targetHints":{"allow":["GET"]}}],"collection":[{"href":"https:\/\/blogs2.abo.fi\/laslust\/wp-json\/wp\/v2\/pages"}],"about":[{"href":"https:\/\/blogs2.abo.fi\/laslust\/wp-json\/wp\/v2\/types\/page"}],"author":[{"embeddable":true,"href":"https:\/\/blogs2.abo.fi\/laslust\/wp-json\/wp\/v2\/users\/7"}],"replies":[{"embeddable":true,"href":"https:\/\/blogs2.abo.fi\/laslust\/wp-json\/wp\/v2\/comments?post=5115"}],"version-history":[{"count":2,"href":"https:\/\/blogs2.abo.fi\/laslust\/wp-json\/wp\/v2\/pages\/5115\/revisions"}],"predecessor-version":[{"id":5117,"href":"https:\/\/blogs2.abo.fi\/laslust\/wp-json\/wp\/v2\/pages\/5115\/revisions\/5117"}],"wp:attachment":[{"href":"https:\/\/blogs2.abo.fi\/laslust\/wp-json\/wp\/v2\/media?parent=5115"}],"curies":[{"name":"wp","href":"https:\/\/api.w.org\/{rel}","templated":true}]}}