{"id":4034,"date":"2021-01-06T14:54:42","date_gmt":"2021-01-06T14:54:42","guid":{"rendered":"http:\/\/blogs2.abo.fi\/laslust\/?page_id=4034"},"modified":"2021-01-06T15:15:04","modified_gmt":"2021-01-06T15:15:04","slug":"last-2020","status":"publish","type":"page","link":"https:\/\/blogs2.abo.fi\/laslust\/last-2020\/","title":{"rendered":"L\u00e4st &#038; lyssnat 2020"},"content":{"rendered":"<table width=\"619\">\n<tbody>\n<tr>\n<td width=\"167\"><strong>Ljudb\u00f6cker<\/strong><\/td>\n<td width=\"220\"><\/td>\n<td width=\"116\"><\/td>\n<td width=\"52\"><\/td>\n<td width=\"64\"><\/td>\n<\/tr>\n<tr>\n<td>Aciman Andr\u00e9<\/td>\n<td width=\"220\">Etsi minut<\/td>\n<td>roman<\/td>\n<td>2019<\/td>\n<td>finska<\/td>\n<\/tr>\n<tr>\n<td>Adolfsson Maria<\/td>\n<td width=\"220\">Stormvarning<\/td>\n<td>deckare\/triller<\/td>\n<td>2019<\/td>\n<td>svenska<\/td>\n<\/tr>\n<tr>\n<td>Adolfsson Maria<\/td>\n<td width=\"220\">Felsteg<\/td>\n<td>deckare\/triller<\/td>\n<td>2018<\/td>\n<td>svenska<\/td>\n<\/tr>\n<tr>\n<td>Ahnhem Stefan<\/td>\n<td width=\"220\">Motiv X<\/td>\n<td>deckare\/triller<\/td>\n<td>2019<\/td>\n<td>svenska<\/td>\n<\/tr>\n<tr>\n<td>Alakoski Susanna<\/td>\n<td width=\"220\">Bomulls\u00e4ngeln<\/td>\n<td>historisk roman<\/td>\n<td>2020<\/td>\n<td>svenska<\/td>\n<\/tr>\n<tr>\n<td>Appelqvist Kristina<\/td>\n<td width=\"220\">En giftig skandal<\/td>\n<td>deckare\/triller<\/td>\n<td>2020<\/td>\n<td>svenska<\/td>\n<\/tr>\n<tr>\n<td>Archet Jeffrey<\/td>\n<td width=\"220\">Dr\u00f6mmen om Everest<\/td>\n<td>historisk roman<\/td>\n<td>2009<\/td>\n<td>svenska<\/td>\n<\/tr>\n<tr>\n<td>Attwood Margaret<\/td>\n<td width=\"220\">Alice Grace<\/td>\n<td>verklighetsbaserad roman<\/td>\n<td>2013<\/td>\n<td>engelska<\/td>\n<\/tr>\n<tr>\n<td>Attwood Margaret<\/td>\n<td width=\"220\">The Testaments<\/td>\n<td>roman<\/td>\n<td>2019<\/td>\n<td>engelska<\/td>\n<\/tr>\n<tr>\n<td>Barbery Muriel<\/td>\n<td width=\"220\">Smaken<\/td>\n<td>roman<\/td>\n<td>2011<\/td>\n<td>svenska<\/td>\n<\/tr>\n<tr>\n<td>Bengts Marie<\/td>\n<td width=\"220\">D\u00f6den kl\u00e4r i Domino<\/td>\n<td>historisk deckare<\/td>\n<td>2019<\/td>\n<td>svenska<\/td>\n<\/tr>\n<tr>\n<td>Bernstein Harry<\/td>\n<td width=\"220\">Dr\u00f6mmmen<\/td>\n<td>biografi<\/td>\n<td>2008<\/td>\n<td>svenska<\/td>\n<\/tr>\n<tr>\n<td>Bieberstein Bettin<\/td>\n<td width=\"220\">Tiger\u00f6ga<\/td>\n<td>deckare\/triller<\/td>\n<td>2019<\/td>\n<td>svenska<\/td>\n<\/tr>\n<tr>\n<td>Bj\u00f6rk Samuel<\/td>\n<td width=\"220\">Det h\u00e4ngen en \u00e4ngel ensam i skogen<\/td>\n<td>deckare\/triller<\/td>\n<td>2014<\/td>\n<td>svenska<\/td>\n<\/tr>\n<tr>\n<td>Bremmer Fatima<\/td>\n<td width=\"220\">Ett j\u00e4vla solsken. En biografi om Ester Blenda Nordstr\u00f6m<\/td>\n<td>biografi<\/td>\n<td>2017<\/td>\n<td>svenska<\/td>\n<\/tr>\n<tr>\n<td>Brunner Leopold<\/td>\n<td width=\"220\">Den ofrivillige soldaten. En \u00f6sterrikare i Hitlers arm\u00e9<\/td>\n<td>biografi<\/td>\n<td>2012<\/td>\n<td>svenska<\/td>\n<\/tr>\n<tr>\n<td>Cedervall Marianne<\/td>\n<td width=\"220\">Dit solen aldrig n\u00e5r<\/td>\n<td>deckare\/triller<\/td>\n<td>2017<\/td>\n<td>svenska<\/td>\n<\/tr>\n<tr>\n<td>Cedervall Marianne<\/td>\n<td width=\"220\">Som daggen stilla kysst<\/td>\n<td>deckare\/triller<\/td>\n<td>2018<\/td>\n<td>svenska<\/td>\n<\/tr>\n<tr>\n<td>Charlton Karen<\/td>\n<td width=\"220\">The Heiress of Linn Hagh<\/td>\n<td>historisk deckare<\/td>\n<td>2015<\/td>\n<td>engelska<\/td>\n<\/tr>\n<tr>\n<td>Christie Agatha<\/td>\n<td width=\"220\">Och s\u00e5 var det bara en<\/td>\n<td>deckare\/triller<\/td>\n<td>1939<\/td>\n<td>svenska<\/td>\n<\/tr>\n<tr>\n<td>Christie Agatha<\/td>\n<td width=\"220\">4.50 fr\u00e5n Paddington<\/td>\n<td>deckare\/triller<\/td>\n<td>1957<\/td>\n<td>svenska<\/td>\n<\/tr>\n<tr>\n<td>Combuchen Sigrid<\/td>\n<td width=\"220\">Sidonie and Nathalie<\/td>\n<td>historisk roman<\/td>\n<td>2017<\/td>\n<td>svenska<\/td>\n<\/tr>\n<tr>\n<td>Davidsson Camilla<\/td>\n<td width=\"220\">I fikontr\u00e4dets skugga<\/td>\n<td>chiclit\/feelgood<\/td>\n<td>2019<\/td>\n<td>svenska<\/td>\n<\/tr>\n<tr>\n<td>Delacourt Gr\u00e9goire<\/td>\n<td width=\"220\">allt jag \u00f6nskar mig<\/td>\n<td>roman<\/td>\n<td>2012<\/td>\n<td>svenska<\/td>\n<\/tr>\n<tr>\n<td>Dillon Lucy<\/td>\n<td width=\"220\">Dr\u00f6mmen runt h\u00f6rnet<\/td>\n<td>chiclit\/feelgood<\/td>\n<td>2018<\/td>\n<td>svenska<\/td>\n<\/tr>\n<tr>\n<td>Ekblad Stina<\/td>\n<td width=\"220\">H\u00e4r brusar str\u00f6mmen f\u00f6rbi<\/td>\n<td>biografi<\/td>\n<td>2020<\/td>\n<td>svenska<\/td>\n<\/tr>\n<tr>\n<td>Engholm Elisabeth<\/td>\n<td width=\"220\">Personskada<\/td>\n<td>deckare\/triller<\/td>\n<td>2005<\/td>\n<td>svenska<\/td>\n<\/tr>\n<tr>\n<td>Engman Pascal<\/td>\n<td width=\"220\">R\u00e5ttkungen<\/td>\n<td>deckare\/triller<\/td>\n<td>2019<\/td>\n<td>svenska<\/td>\n<\/tr>\n<tr>\n<td>Eriksson Christina<\/td>\n<td width=\"220\">Din v\u00e4n Forsete<\/td>\n<td>deckare\/triller<\/td>\n<td>2018<\/td>\n<td>svenska<\/td>\n<\/tr>\n<tr>\n<td>Erlandsson Karin<\/td>\n<td width=\"220\">Missd\u00e5d<\/td>\n<td>deckare\/triller<\/td>\n<td>2018<\/td>\n<td>svenska<\/td>\n<\/tr>\n<tr>\n<td>Fallada Hans<\/td>\n<td width=\"220\">Hur ska det g\u00e5 f\u00f6r Pinnebergs?<\/td>\n<td>historisk roman<\/td>\n<td>1932<\/td>\n<td>svenska<\/td>\n<\/tr>\n<tr>\n<td>Ferrante Elena<\/td>\n<td width=\"220\">Tytt\u00e4ren varjo<\/td>\n<td>roman<\/td>\n<td>2006<\/td>\n<td>finska<\/td>\n<\/tr>\n<tr>\n<td>Flatland Helga<\/td>\n<td width=\"220\">En modern familj<\/td>\n<td>roman<\/td>\n<td>2018<\/td>\n<td>svenska<\/td>\n<\/tr>\n<tr>\n<td>Fors Mats<\/td>\n<td width=\"220\">Natt \u00f6ver Oslo<\/td>\n<td>verklighetsbaserad roman<\/td>\n<td>2017<\/td>\n<td>svenska<\/td>\n<\/tr>\n<tr>\n<td>Griffiths Elly<\/td>\n<td width=\"220\">Fr\u00e4mlingen<\/td>\n<td>deckare\/triller<\/td>\n<td>2018<\/td>\n<td>svenska<\/td>\n<\/tr>\n<tr>\n<td>Guillou Jan<\/td>\n<td width=\"220\">Den andra d\u00f6dssynden<\/td>\n<td>historisk roman<\/td>\n<td>2019<\/td>\n<td>svenska<\/td>\n<\/tr>\n<tr>\n<td>Gustavsdotter Maria<\/td>\n<td width=\"220\">\u00c4nkan<\/td>\n<td>historisk roman<\/td>\n<td>2017<\/td>\n<td>svenska<\/td>\n<\/tr>\n<tr>\n<td>Hamberg Emma<\/td>\n<td width=\"220\">Resten av allt \u00e4r v\u00e5rt<\/td>\n<td>autofiktion<\/td>\n<td>2020<\/td>\n<td>svenska<\/td>\n<\/tr>\n<tr>\n<td>Handke Peter<\/td>\n<td width=\"220\">Ber\u00e4ttelse om ett liv<\/td>\n<td>roman<\/td>\n<td>1974<\/td>\n<td>svenska<\/td>\n<\/tr>\n<tr>\n<td>Hellberg Bj\u00f6rn<\/td>\n<td width=\"220\">Den flerfaldige m\u00f6rdaren<\/td>\n<td>deckare\/triller<\/td>\n<td>2011<\/td>\n<td>svenska<\/td>\n<\/tr>\n<tr>\n<td>Hemingway Ernest<\/td>\n<td width=\"220\">Att ha och inte ha<\/td>\n<td>roman<\/td>\n<td>1937<\/td>\n<td>svenska<\/td>\n<\/tr>\n<tr>\n<td>Hermanson Marie<\/td>\n<td width=\"220\">Svampkungens son<\/td>\n<td>roman<\/td>\n<td>2007<\/td>\n<td>svenska<\/td>\n<\/tr>\n<tr>\n<td>Hirdman Yvonne<\/td>\n<td width=\"220\">Den r\u00f6da grevinnan<\/td>\n<td>biografi<\/td>\n<td>2010<\/td>\n<td>svenska<\/td>\n<\/tr>\n<tr>\n<td>Hirvonen Elina<\/td>\n<td width=\"220\">Punainen myrsky<\/td>\n<td>roman<\/td>\n<td>2019<\/td>\n<td>finska<\/td>\n<\/tr>\n<tr>\n<td>Hjorth Vigdis<\/td>\n<td width=\"220\">L\u00e4rarinnans s\u00e5ng<\/td>\n<td>roman<\/td>\n<td>2020<\/td>\n<td>svenska<\/td>\n<\/tr>\n<tr>\n<td>Hoeg Peter<\/td>\n<td width=\"220\">Sinun silmiesi kautta<\/td>\n<td>roman<\/td>\n<td>2018<\/td>\n<td>finska<\/td>\n<\/tr>\n<tr>\n<td>Honeyman Gail<\/td>\n<td width=\"220\">Eleanorille kuuluu ihan hyv\u00e4\u00e4<\/td>\n<td>chiclit\/feelgood<\/td>\n<td>2017<\/td>\n<td>finska<\/td>\n<\/tr>\n<tr>\n<td>Iggulden Conn<\/td>\n<td width=\"220\">Rosornas krig &#8211; Ravenspur<\/td>\n<td>historisk roman<\/td>\n<td>2018<\/td>\n<td>svenska<\/td>\n<\/tr>\n<tr>\n<td>Irwing John<\/td>\n<td width=\"220\">Avenue of Mysteries<\/td>\n<td>roman<\/td>\n<td>2017<\/td>\n<td>engelska<\/td>\n<\/tr>\n<tr>\n<td>Janouch Katarina<\/td>\n<td width=\"220\">Vapendragerskan<\/td>\n<td>deckare\/triller<\/td>\n<td>2017<\/td>\n<td>svenska<\/td>\n<\/tr>\n<tr>\n<td>Jokinen Seppo<\/td>\n<td width=\"220\">Hervantalainen<\/td>\n<td>deckare\/triller<\/td>\n<td>2012<\/td>\n<td>finska<\/td>\n<\/tr>\n<tr>\n<td>Kamp\u00e5s Ingrid<\/td>\n<td width=\"220\">Skuggor av hat<\/td>\n<td>deckare\/triller<\/td>\n<td>2017<\/td>\n<td>svenska<\/td>\n<\/tr>\n<tr>\n<td>Karolina Anna<\/td>\n<td width=\"220\">Sjusiffrigt<\/td>\n<td>deckare\/triller<\/td>\n<td>2017<\/td>\n<td>svenska<\/td>\n<\/tr>\n<tr>\n<td>Kilpi Eeva<\/td>\n<td width=\"220\">Punainen muistikirja<\/td>\n<td>biografi<\/td>\n<td>2019<\/td>\n<td>finska<\/td>\n<\/tr>\n<tr>\n<td>Kinnunen Tommi<\/td>\n<td width=\"220\">Ei kertonut katuvansa<\/td>\n<td>historisk roman<\/td>\n<td>2020<\/td>\n<td>finska<\/td>\n<\/tr>\n<tr>\n<td>Kyr\u00f6 Tuomas<\/td>\n<td width=\"220\">Mielens\u00e4pahoittaja maailmalla<\/td>\n<td>h\u00f6rspel<\/td>\n<td>2018<\/td>\n<td>finska<\/td>\n<\/tr>\n<tr>\n<td>Kyr\u00f6 Tuomas<\/td>\n<td width=\"220\">Mielens\u00e4pahoittaja Eskorttia etsim\u00e4ss\u00e4<\/td>\n<td><\/td>\n<td>2019<\/td>\n<td>finska<\/td>\n<\/tr>\n<tr>\n<td>Laine Matti<\/td>\n<td width=\"220\">Merkitty mies<\/td>\n<td>deckare\/triller<\/td>\n<td>2014<\/td>\n<td>finska<\/td>\n<\/tr>\n<tr>\n<td>Lehtolainen Leena<\/td>\n<td width=\"220\">J\u00e4lkikaiku<\/td>\n<td>deckare\/triller<\/td>\n<td>2020<\/td>\n<td>finska<\/td>\n<\/tr>\n<tr>\n<td>Lehtolainen Leena<\/td>\n<td width=\"220\">Tappajan tytt\u00f6yst\u00e4v\u00e4 ja muita rikoksia<\/td>\n<td>deckare\/triller<\/td>\n<td>2018<\/td>\n<td>finska<\/td>\n<\/tr>\n<tr>\n<td>Lehtolainen Leena<\/td>\n<td width=\"220\">Valopatto<\/td>\n<td>deckare\/triller<\/td>\n<td>2019<\/td>\n<td>finska<\/td>\n<\/tr>\n<tr>\n<td>Lindell Unni<\/td>\n<td width=\"220\">Ormb\u00e4raren<\/td>\n<td>deckare\/triller<\/td>\n<td>1999<\/td>\n<td>svenska<\/td>\n<\/tr>\n<tr>\n<td>Lindqvist Herman<\/td>\n<td width=\"220\">Bernadottre &#8211; f\u00f6r Sverige hela tiden<\/td>\n<td>historia<\/td>\n<td>2018<\/td>\n<td>svenska<\/td>\n<\/tr>\n<tr>\n<td>Lumikero, Kari<\/td>\n<td width=\"220\">Uutismies<\/td>\n<td>biografi<\/td>\n<td>2019<\/td>\n<td>finska<\/td>\n<\/tr>\n<tr>\n<td>Lunde Maja<\/td>\n<td width=\"220\">Bl\u00e5<\/td>\n<td>roman<\/td>\n<td>2020<\/td>\n<td>svenska<\/td>\n<\/tr>\n<tr>\n<td>L\u00e4ckberg Camilla<\/td>\n<td width=\"220\">Vingar av silver<\/td>\n<td>deckare\/triller<\/td>\n<td>2020<\/td>\n<td>svenska<\/td>\n<\/tr>\n<tr>\n<td>May Peter<\/td>\n<td width=\"220\">Coffin Road<\/td>\n<td>deckare\/triller<\/td>\n<td>2017<\/td>\n<td>svenska<\/td>\n<\/tr>\n<tr>\n<td>M\u00e4ki Reijo<\/td>\n<td width=\"220\">Uhkapelimerkki<\/td>\n<td>deckare\/triller<\/td>\n<td>2007<\/td>\n<td>finska<\/td>\n<\/tr>\n<tr>\n<td>M\u00f6ller Connie<\/td>\n<td width=\"220\">Bes\u00f6karen<\/td>\n<td>deckare\/triller<\/td>\n<td>2019<\/td>\n<td>svenska<\/td>\n<\/tr>\n<tr>\n<td>M\u00f6ller Connie<\/td>\n<td width=\"220\">Lifterskan<\/td>\n<td>deckare\/triller<\/td>\n<td>2018<\/td>\n<td>svenska<\/td>\n<\/tr>\n<tr>\n<td>Nemert Elisabeth<\/td>\n<td width=\"220\">Bl\u00e5 l\u00e4ngtan<\/td>\n<td>historisk roman<\/td>\n<td>2018<\/td>\n<td>svenska<\/td>\n<\/tr>\n<tr>\n<td>Nesb\u00f6 Jo<\/td>\n<td width=\"220\">Macbeth<\/td>\n<td>deckare\/triller<\/td>\n<td>2018<\/td>\n<td>svenska<\/td>\n<\/tr>\n<tr>\n<td>Nesser H\u00e5kan<\/td>\n<td width=\"220\">Halvm\u00f6rdaren<\/td>\n<td>roman<\/td>\n<td>2019<\/td>\n<td>svenska<\/td>\n<\/tr>\n<tr>\n<td>Oehland Eeva<\/td>\n<td width=\"220\">Elossa &#8211; Er\u00e4\u00e4n perheen historia<\/td>\n<td>autofiktion<\/td>\n<td>2019<\/td>\n<td>finska<\/td>\n<\/tr>\n<tr>\n<td>Palacio R.J<\/td>\n<td width=\"220\">Wonder<\/td>\n<td>barn&amp;ungdom<\/td>\n<td>2017<\/td>\n<td>engelska<\/td>\n<\/tr>\n<tr>\n<td>Penny Louise<\/td>\n<td width=\"220\">Ett ohyggligt avsl\u00f6jande<\/td>\n<td>deckare\/triller<\/td>\n<td>2016<\/td>\n<td>svenska<\/td>\n<\/tr>\n<tr>\n<td>Robinson Peter<\/td>\n<td width=\"220\">Many Rivers to Cross<\/td>\n<td>deckare\/triller<\/td>\n<td>2019<\/td>\n<td>engelska<\/td>\n<\/tr>\n<tr>\n<td>Rudberg Denise<\/td>\n<td width=\"220\">De sju som s\u00e5g<\/td>\n<td>deckare\/triller<\/td>\n<td>2017<\/td>\n<td>svenska<\/td>\n<\/tr>\n<tr>\n<td>Rudberg Denise<\/td>\n<td width=\"220\">Mellan fyra \u00f6gon<\/td>\n<td>deckare\/triller<\/td>\n<td>2014<\/td>\n<td>svenska<\/td>\n<\/tr>\n<tr>\n<td>Sandberg Timo<\/td>\n<td width=\"220\">Kalmankokko<\/td>\n<td>deckare\/triller<\/td>\n<td>2011<\/td>\n<td>finska<\/td>\n<\/tr>\n<tr>\n<td>Sarenbrant Sofie<\/td>\n<td width=\"220\">Skamvr\u00e5n<\/td>\n<td>deckare\/triller<\/td>\n<td>2019<\/td>\n<td>svenska<\/td>\n<\/tr>\n<tr>\n<td>Schulman Ninni<\/td>\n<td width=\"220\">N\u00e4r alla klockor stannat<\/td>\n<td>deckare\/triller<\/td>\n<td>2019<\/td>\n<td>svenska<\/td>\n<\/tr>\n<tr>\n<td>Seeck Max<\/td>\n<td width=\"220\">Hammurabin enkelit<\/td>\n<td>deckare\/triller<\/td>\n<td>2016<\/td>\n<td>finska<\/td>\n<\/tr>\n<tr>\n<td>Seeck Max<\/td>\n<td width=\"220\">Uskollinen lukija<\/td>\n<td>deckare\/triller<\/td>\n<td>2019<\/td>\n<td>finska<\/td>\n<\/tr>\n<tr>\n<td>Sigurdsdotter, Yrsa<\/td>\n<td width=\"220\">Eldnatt<\/td>\n<td>deckare\/triller<\/td>\n<td>2012<\/td>\n<td>svenska<\/td>\n<\/tr>\n<tr>\n<td>Sirshendu Mukhopadhyaya<\/td>\n<td width=\"220\">\u00c4nkan som v\u00e4grade d\u00f6<\/td>\n<td>roman<\/td>\n<td>1993<\/td>\n<td>svenska<\/td>\n<\/tr>\n<tr>\n<td>Smith Patti<\/td>\n<td width=\"220\">Just kids<\/td>\n<td>biografi<\/td>\n<td>2010<\/td>\n<td>svenska<\/td>\n<\/tr>\n<tr>\n<td>Smith Zadie<\/td>\n<td width=\"220\">Om sk\u00f6nhet<\/td>\n<td>roman<\/td>\n<td>2005<\/td>\n<td>svenska<\/td>\n<\/tr>\n<tr>\n<td>Steen Viveca<\/td>\n<td width=\"220\">I hemlighet begravd<\/td>\n<td>deckare\/triller<\/td>\n<td>2019<\/td>\n<td>svenska<\/td>\n<\/tr>\n<tr>\n<td>Stein Jesper<\/td>\n<td width=\"220\">Solo<\/td>\n<td>deckare\/triller<\/td>\n<td>2018<\/td>\n<td>svenska<\/td>\n<\/tr>\n<tr>\n<td>Strout Elisabeth<\/td>\n<td width=\"220\">Olive Kitteridge<\/td>\n<td>roman<\/td>\n<td>2008<\/td>\n<td>finska<\/td>\n<\/tr>\n<tr>\n<td>Temple Peter<\/td>\n<td width=\"220\">Truth<\/td>\n<td>deckare\/triller<\/td>\n<td>2010<\/td>\n<td>engelska<\/td>\n<\/tr>\n<tr>\n<td>Tokarczuk Olga<\/td>\n<td width=\"220\">L\u00f6parna<\/td>\n<td>roman<\/td>\n<td>2007<\/td>\n<td>svenska<\/td>\n<\/tr>\n<tr>\n<td>Tuominen Pirjo<\/td>\n<td width=\"220\">Vallasrouva<\/td>\n<td>historisk roman<\/td>\n<td>2020<\/td>\n<td>finska<\/td>\n<\/tr>\n<tr>\n<td>Utrio Kaari<\/td>\n<td width=\"220\">Vehkalahden neidot<\/td>\n<td>historisk roman<\/td>\n<td>1971<\/td>\n<td>finska<\/td>\n<\/tr>\n<tr>\n<td>Vallgren C-J\/Lucifer<\/td>\n<td width=\"220\">Skuggpojken<\/td>\n<td>deckare\/triller<\/td>\n<td>2013<\/td>\n<td>svenska<\/td>\n<\/tr>\n<tr>\n<td>Vasantola Satu<\/td>\n<td width=\"220\">En palaa takaisin koskaan, luulen<\/td>\n<td>roman<\/td>\n<td>2019<\/td>\n<td>finska<\/td>\n<\/tr>\n<tr>\n<td>Vuori Kristiina<\/td>\n<td width=\"220\">Elinan surma<\/td>\n<td>historisk roman<\/td>\n<td>2018<\/td>\n<td>finska<\/td>\n<\/tr>\n<tr>\n<td>Vuori Kristiina<\/td>\n<td width=\"220\">Viipurin valtiatar<\/td>\n<td>historisk roman<\/td>\n<td>2019<\/td>\n<td>finska<\/td>\n<\/tr>\n<tr>\n<td>Webb Katherine<\/td>\n<td width=\"220\">Sp\u00e5ren efter dig<\/td>\n<td>historisk deckare<\/td>\n<td>2019<\/td>\n<td>svenska<\/td>\n<\/tr>\n<tr>\n<td>\u00d6stergren Klas<\/td>\n<td width=\"220\">Den sista cigaretten<\/td>\n<td>roman<\/td>\n<td>2009<\/td>\n<td>svenska<\/td>\n<\/tr>\n<tr>\n<td colspan=\"2\"><strong>Tryckta b\u00f6cker (och vissa ocks\u00e5 som e-b\u00f6cker)<\/strong><\/td>\n<td><\/td>\n<td><\/td>\n<td><\/td>\n<\/tr>\n<tr>\n<td>Bruun Staffan<\/td>\n<td width=\"220\">Bergsr\u00e5det som inte ville betala skatt<\/td>\n<td>roman<\/td>\n<td>2017<\/td>\n<td>svenska<\/td>\n<\/tr>\n<tr>\n<td>B\u00e4ck Tomas<\/td>\n<td width=\"220\">Tomppis Memes<\/td>\n<td><\/td>\n<td>2019<\/td>\n<td>svenska<\/td>\n<\/tr>\n<tr>\n<td>Crawford Mikael<\/td>\n<td width=\"220\">Drick Br\u00f6der<\/td>\n<td>roman<\/td>\n<td>2019<\/td>\n<td>svenska<\/td>\n<\/tr>\n<tr>\n<td>Crawford Mikael<\/td>\n<td width=\"220\">En liten bok om n\u00e4stan ingenting<\/td>\n<td>roman<\/td>\n<td>2017<\/td>\n<td>svenska<\/td>\n<\/tr>\n<tr>\n<td>Ebervall &amp; Samuelsson<\/td>\n<td width=\"220\">Florence Stephens f\u00f6rlorade v\u00e4rld<\/td>\n<td>verklighetsbaserad roman<\/td>\n<td>2016<\/td>\n<td>svenska<\/td>\n<\/tr>\n<tr>\n<td>Fellowes Julian<\/td>\n<td width=\"220\">Belgravia<\/td>\n<td>historisk roman<\/td>\n<td>2016<\/td>\n<td>engelska<\/td>\n<\/tr>\n<tr>\n<td>Frantz Eva<\/td>\n<td width=\"220\">Bl\u00e5 villan<\/td>\n<td>deckare\/triller<\/td>\n<td>2017<\/td>\n<td>svenska<\/td>\n<\/tr>\n<tr>\n<td>Frantz Eva<\/td>\n<td width=\"220\">Sommaron<\/td>\n<td>deckare\/triller<\/td>\n<td>2016<\/td>\n<td>svenska<\/td>\n<\/tr>\n<tr>\n<td>Greene Graham<\/td>\n<td width=\"220\">The Tenth Man<\/td>\n<td>historisk roman<\/td>\n<td>1944<\/td>\n<td>engelska<\/td>\n<\/tr>\n<tr>\n<td>Hirvonen Tuula<\/td>\n<td width=\"220\">Finnepigen<\/td>\n<td>biografi<\/td>\n<td>2007<\/td>\n<td>svenska<\/td>\n<\/tr>\n<tr>\n<td>Holopainen Liisa<\/td>\n<td width=\"220\">Ailia-Kaarina och fosterlandet<\/td>\n<td>biografi<\/td>\n<td>2012<\/td>\n<td>svenska<\/td>\n<\/tr>\n<tr>\n<td>Kallentoft &amp; Lutterman<\/td>\n<td width=\"220\">Heroine<\/td>\n<td>deckare\/triller<\/td>\n<td>2017<\/td>\n<td>svenska<\/td>\n<\/tr>\n<tr>\n<td>Kat de Otto<\/td>\n<td width=\"220\">Julia<\/td>\n<td>roman<\/td>\n<td>2008<\/td>\n<td>svenska<\/td>\n<\/tr>\n<tr>\n<td>Koivisto &amp; Westerholm<\/td>\n<td width=\"220\">Ker\u00e4ilij\u00e4n aarteet: Suomalaisia lasimaljakoita<\/td>\n<td>inredning\/loppis\/tr\u00e4dg\u00e5rd<\/td>\n<td>2011<\/td>\n<td>finska<\/td>\n<\/tr>\n<tr>\n<td>Lipasti Roope<\/td>\n<td width=\"220\">Ruotsinlaiva<\/td>\n<td>roman<\/td>\n<td>2017<\/td>\n<td>finska<\/td>\n<\/tr>\n<tr>\n<td>Mattsson Britt-Marie<\/td>\n<td width=\"220\">N\u00e4r kriget kom till lyckhem<\/td>\n<td>autofiktion<\/td>\n<td>2014<\/td>\n<td>svenska<\/td>\n<\/tr>\n<tr>\n<td>Mazzarella Merete<\/td>\n<td width=\"220\">November<\/td>\n<td>noveller\/korta ber\u00e4ttelser<\/td>\n<td>2004<\/td>\n<td>svenska<\/td>\n<\/tr>\n<tr>\n<td>McEwan Ian<\/td>\n<td width=\"220\">P\u00e5 Chesil Beach<\/td>\n<td>roman<\/td>\n<td>2007<\/td>\n<td>svenska<\/td>\n<\/tr>\n<tr>\n<td>Morton Kate<\/td>\n<td width=\"220\">Dimmornas lek<\/td>\n<td>roman<\/td>\n<td>2006<\/td>\n<td>svenska<\/td>\n<\/tr>\n<tr>\n<td>Mostr\u00f6m Jonas<\/td>\n<td width=\"220\">Dominod\u00f6den<\/td>\n<td>deckare\/triller<\/td>\n<td>2015<\/td>\n<td>svenska<\/td>\n<\/tr>\n<tr>\n<td>Moyes Jojo<\/td>\n<td width=\"220\">Toner i natten<\/td>\n<td>chiclit\/feelgood<\/td>\n<td>2008<\/td>\n<td>svenska<\/td>\n<\/tr>\n<tr>\n<td>Moyes Jojo<\/td>\n<td width=\"220\">Paris for One and Other Stories<\/td>\n<td>chiclit\/feelgood<\/td>\n<td>2015<\/td>\n<td>engelska<\/td>\n<\/tr>\n<tr>\n<td>Moyes Jojo<\/td>\n<td width=\"220\">En andra chans<\/td>\n<td>chiclit\/feelgood<\/td>\n<td>2018<\/td>\n<td>svenska<\/td>\n<\/tr>\n<tr>\n<td>Moyes Jojo<\/td>\n<td width=\"220\">The Giver of Stars<\/td>\n<td>historisk roman<\/td>\n<td>2019<\/td>\n<td>engelska<\/td>\n<\/tr>\n<tr>\n<td>Persson Giolito Malin<\/td>\n<td width=\"220\">Dubbla slag<\/td>\n<td>roman<\/td>\n<td>2008<\/td>\n<td>svenska<\/td>\n<\/tr>\n<tr>\n<td>Sarenbrant Sofie<\/td>\n<td width=\"220\">Vila i frid<\/td>\n<td>deckare\/triller<\/td>\n<td>2012<\/td>\n<td>svenska<\/td>\n<\/tr>\n<tr>\n<td>Schepp Emelie<\/td>\n<td width=\"220\">Vita sp\u00e5r<\/td>\n<td>deckare\/triller<\/td>\n<td>2015<\/td>\n<td>svenska<\/td>\n<\/tr>\n<tr>\n<td>Schwarze Erika<\/td>\n<td width=\"220\">Kodnamn Onkel<\/td>\n<td>biografi<\/td>\n<td>1993<\/td>\n<td>svenska<\/td>\n<\/tr>\n<tr>\n<td>Seeberger Astrid<\/td>\n<td width=\"220\">N\u00e4sta \u00e5r i Berlin<\/td>\n<td>verklighetsbaserad roman<\/td>\n<td>2015<\/td>\n<td>svenska<\/td>\n<\/tr>\n<tr>\n<td>Shreve Anita<\/td>\n<td width=\"220\">Sj\u00f6glas<\/td>\n<td>roman<\/td>\n<td>2002<\/td>\n<td>svenska<\/td>\n<\/tr>\n<tr>\n<td>Shreve Anita<\/td>\n<td width=\"220\">The Stars Are Fire<\/td>\n<td>historisk roman<\/td>\n<td>2017<\/td>\n<td>engelska<\/td>\n<\/tr>\n<tr>\n<td>Stenbacka Bj\u00f6rn (red)<\/td>\n<td width=\"220\">Carl Gustaf Mannerheim. Spjuvern som blev Marskalken av Finland<\/td>\n<td>korta anekdoter<\/td>\n<td>2017<\/td>\n<td>svenska<\/td>\n<\/tr>\n<tr>\n<td>Swan Anni<\/td>\n<td width=\"220\">Tottisalmen perillinen<\/td>\n<td>barn&amp;ungdom<\/td>\n<td>1941<\/td>\n<td>finska<\/td>\n<\/tr>\n<tr>\n<td>Tuominen Pirjo<\/td>\n<td width=\"220\">Naistenvalssi<\/td>\n<td>historisk roman<\/td>\n<td>2009<\/td>\n<td>finska<\/td>\n<\/tr>\n<tr>\n<td>Vik Merri<\/td>\n<td width=\"220\">Det \u00e4r Lotta, f\u00f6rst\u00e5s!<\/td>\n<td>barn&amp;ungdom<\/td>\n<td>1958<\/td>\n<td>svenska<\/td>\n<\/tr>\n<tr>\n<td>West\u00f6 &amp; Itkonen<\/td>\n<td width=\"220\">7 + 7<\/td>\n<td>brevv\u00e4xling<\/td>\n<td>2019<\/td>\n<td>svenska<\/td>\n<\/tr>\n<tr>\n<td>West\u00f6 Kjell<\/td>\n<td width=\"220\">Tritonus<\/td>\n<td>roman<\/td>\n<td>2020<\/td>\n<td>svenska<\/td>\n<\/tr>\n<tr>\n<td><\/td>\n<td width=\"220\">\u00c4lskade hem<\/td>\n<td>inredning\/loppis\/tr\u00e4dg\u00e5rd<\/td>\n<td>2007<\/td>\n<td>svenska<\/td>\n<\/tr>\n<\/tbody>\n<\/table>\n","protected":false},"excerpt":{"rendered":"<p>Ljudb\u00f6cker Aciman Andr\u00e9 Etsi minut roman 2019 finska Adolfsson Maria Stormvarning deckare\/triller 2019 svenska Adolfsson Maria Felsteg deckare\/triller 2018 svenska Ahnhem Stefan Motiv X deckare\/triller 2019 svenska Alakoski Susanna Bomulls\u00e4ngeln historisk roman 2020 svenska Appelqvist Kristina En giftig skandal deckare\/triller &hellip; <a href=\"https:\/\/blogs2.abo.fi\/laslust\/last-2020\/\">Forts\u00e4tt l\u00e4sa <span class=\"meta-nav\">&rarr;<\/span><\/a><\/p>\n","protected":false},"author":7,"featured_media":0,"parent":0,"menu_order":0,"comment_status":"closed","ping_status":"closed","template":"","meta":{"footnotes":""},"class_list":["post-4034","page","type-page","status-publish","hentry"],"_links":{"self":[{"href":"https:\/\/blogs2.abo.fi\/laslust\/wp-json\/wp\/v2\/pages\/4034","targetHints":{"allow":["GET"]}}],"collection":[{"href":"https:\/\/blogs2.abo.fi\/laslust\/wp-json\/wp\/v2\/pages"}],"about":[{"href":"https:\/\/blogs2.abo.fi\/laslust\/wp-json\/wp\/v2\/types\/page"}],"author":[{"embeddable":true,"href":"https:\/\/blogs2.abo.fi\/laslust\/wp-json\/wp\/v2\/users\/7"}],"replies":[{"embeddable":true,"href":"https:\/\/blogs2.abo.fi\/laslust\/wp-json\/wp\/v2\/comments?post=4034"}],"version-history":[{"count":5,"href":"https:\/\/blogs2.abo.fi\/laslust\/wp-json\/wp\/v2\/pages\/4034\/revisions"}],"predecessor-version":[{"id":4072,"href":"https:\/\/blogs2.abo.fi\/laslust\/wp-json\/wp\/v2\/pages\/4034\/revisions\/4072"}],"wp:attachment":[{"href":"https:\/\/blogs2.abo.fi\/laslust\/wp-json\/wp\/v2\/media?parent=4034"}],"curies":[{"name":"wp","href":"https:\/\/api.w.org\/{rel}","templated":true}]}}