{"id":3488,"date":"2020-01-31T21:15:51","date_gmt":"2020-01-31T21:15:51","guid":{"rendered":"http:\/\/blogs2.abo.fi\/laslust\/?page_id=3488"},"modified":"2020-01-31T21:18:19","modified_gmt":"2020-01-31T21:18:19","slug":"last-2019","status":"publish","type":"page","link":"https:\/\/blogs2.abo.fi\/laslust\/last-2019\/","title":{"rendered":"L\u00e4st och lyssnat 2019"},"content":{"rendered":"<table width=\"533\">\n<tbody>\n<tr>\n<td width=\"113\"><strong>Tryckta b\u00f6cker<\/strong><\/td>\n<td width=\"141\"><\/td>\n<td width=\"151\"><\/td>\n<td width=\"64\"><\/td>\n<td width=\"64\"><\/td>\n<\/tr>\n<tr>\n<td><\/td>\n<td><\/td>\n<td><\/td>\n<td><\/td>\n<td><\/td>\n<\/tr>\n<tr>\n<td>Ahern Cecilia<\/td>\n<td>A Place Called Here<\/td>\n<td>chiclit<\/td>\n<td>2006<\/td>\n<td>engelska<\/td>\n<\/tr>\n<tr>\n<td>Bruun Staffan<\/td>\n<td>Mitt liv p\u00e5 Hbl<\/td>\n<td>biografi<\/td>\n<td>2018<\/td>\n<td>svenska<\/td>\n<\/tr>\n<tr>\n<td>Eklund Riko<\/td>\n<td>Flickan skall uppleva historia<\/td>\n<td>biografi<\/td>\n<td>2018<\/td>\n<td>svenska<\/td>\n<\/tr>\n<tr>\n<td>Franck Mia<\/td>\n<td>Bombtr\u00e4dg\u00e5rden<\/td>\n<td>historisk roman<\/td>\n<td>2018<\/td>\n<td>svenska<\/td>\n<\/tr>\n<tr>\n<td>Gavalda Anna<\/td>\n<td>Livet vi dr\u00f6mde om<\/td>\n<td>roman<\/td>\n<td>2014<\/td>\n<td>svenska<\/td>\n<\/tr>\n<tr>\n<td>Hotakainen Kari<\/td>\n<td>Den ok\u00e4nde Kimi R\u00e4ikk\u00f6nen<\/td>\n<td>biografi<\/td>\n<td>2018<\/td>\n<td>finska<\/td>\n<\/tr>\n<tr>\n<td>Keyes Marian<\/td>\n<td>Familjen Walsh A-\u00d6<\/td>\n<td>korta juttun<\/td>\n<td>2013<\/td>\n<td>svenska<\/td>\n<\/tr>\n<tr>\n<td>Kunnas Mauri<\/td>\n<td>Koiram\u00e4en Suomen historia<\/td>\n<td>barnbok, tecknad<\/td>\n<td>2017<\/td>\n<td>finska<\/td>\n<\/tr>\n<tr>\n<td>Lampenius Linda<\/td>\n<td>Linda<\/td>\n<td>biografi<\/td>\n<td>2003<\/td>\n<td>svenska<\/td>\n<\/tr>\n<tr>\n<td>Liksom Rosa<\/td>\n<td>Everstinna<\/td>\n<td>historisk roman<\/td>\n<td>2017<\/td>\n<td>finska<\/td>\n<\/tr>\n<tr>\n<td>Lindqvist Herman<\/td>\n<td>Bl\u00e5 tummen &#8211; med prinsessornas hopkok<\/td>\n<td>k\u00e5serier<\/td>\n<td>2008<\/td>\n<td>svenska<\/td>\n<\/tr>\n<tr>\n<td>Magntorn, Ida<\/td>\n<td>Fr\u00e5n loppis till salong<\/td>\n<td>inredning-mat-loppis<\/td>\n<td>2012<\/td>\n<td>svenska<\/td>\n<\/tr>\n<tr>\n<td>Monk Kidd Sue<\/td>\n<td>Honungbiets hemliga liv<\/td>\n<td>roman<\/td>\n<td>2002<\/td>\n<td>svenska<\/td>\n<\/tr>\n<tr>\n<td>Morton Kate<\/td>\n<td>Den gl\u00f6mda tr\u00e4dg\u00e5rden<\/td>\n<td>historisk roman<\/td>\n<td>2008<\/td>\n<td>svenska<\/td>\n<\/tr>\n<tr>\n<td>Niemi Mikael<\/td>\n<td>Koka bj\u00f6rn<\/td>\n<td>historisk roman<\/td>\n<td>2017<\/td>\n<td>svenska<\/td>\n<\/tr>\n<tr>\n<td>Olsson Linda<\/td>\n<td>I skymningen sjunger koltrasten<\/td>\n<td>roman<\/td>\n<td>2014<\/td>\n<td>svenska<\/td>\n<\/tr>\n<tr>\n<td>Olsson Vibeke<\/td>\n<td>Amerikauret<\/td>\n<td>historisk roman\/ungdomsbok<\/td>\n<td>2013<\/td>\n<td>svenska<\/td>\n<\/tr>\n<tr>\n<td>Pakkanen Outi<\/td>\n<td>Marius<\/td>\n<td>deckare<\/td>\n<td>2014<\/td>\n<td>finska<\/td>\n<\/tr>\n<tr>\n<td>Pakkanen Outi<\/td>\n<td>Katso naamion taa<\/td>\n<td>deckare<\/td>\n<td>1987<\/td>\n<td>finska<\/td>\n<\/tr>\n<tr>\n<td>Rosman Ann<\/td>\n<td>Fyrm\u00e4starens dotter<\/td>\n<td>deckare<\/td>\n<td>2009<\/td>\n<td>svenska<\/td>\n<\/tr>\n<tr>\n<td>Sarenbrant Sofie<\/td>\n<td>Vecka 36<\/td>\n<td>deckare<\/td>\n<td>2010<\/td>\n<td>svenska<\/td>\n<\/tr>\n<tr>\n<td>Sarenbrant Sofie<\/td>\n<td>I st\u00e4llet f\u00f6r dig<\/td>\n<td>deckare<\/td>\n<td>2011<\/td>\n<td>svenska<\/td>\n<\/tr>\n<tr>\n<td>Sarenbrant Sofie<\/td>\n<td>Avdelning 73<\/td>\n<td>deckare<\/td>\n<td>2015<\/td>\n<td>svenska<\/td>\n<\/tr>\n<tr>\n<td>Schulman Axel<\/td>\n<td>Gl\u00f6m mig<\/td>\n<td>biografi<\/td>\n<td>2017<\/td>\n<td>svenska<\/td>\n<\/tr>\n<tr>\n<td>Tutschaninoff Maria<\/td>\n<td>Naondel<\/td>\n<td>fantasy<\/td>\n<td>2016<\/td>\n<td>svenska<\/td>\n<\/tr>\n<tr>\n<td>Worth Jennifer<\/td>\n<td>Barnmorskan i East End 2<\/td>\n<td>biografi<\/td>\n<td>2005<\/td>\n<td>svenska<\/td>\n<\/tr>\n<tr>\n<td><strong>E-b\u00f6cker<\/strong><\/td>\n<td><\/td>\n<td><\/td>\n<td><\/td>\n<td><\/td>\n<\/tr>\n<tr>\n<td><\/td>\n<td><\/td>\n<td><\/td>\n<td><\/td>\n<td><\/td>\n<\/tr>\n<tr>\n<td>Westover Tara<\/td>\n<td>Allt jag f\u00e5tt l\u00e4rar mig<\/td>\n<td>biografi<\/td>\n<td>2018<\/td>\n<td>svenska<\/td>\n<\/tr>\n<tr>\n<td>Morton Kate<\/td>\n<td>Den gl\u00f6mda tr\u00e4dg\u00e5rden<\/td>\n<td>historisk roman<\/td>\n<td>2008<\/td>\n<td>svenska<\/td>\n<\/tr>\n<tr>\n<td>Sarenbrant Sofie<\/td>\n<td>Avdelning 73<\/td>\n<td>deckare<\/td>\n<td>2015<\/td>\n<td>svenska<\/td>\n<\/tr>\n<tr>\n<td><strong>Ljudb\u00f6cker<\/strong><\/td>\n<td><\/td>\n<td><\/td>\n<td><\/td>\n<td><\/td>\n<\/tr>\n<tr>\n<td><\/td>\n<td><\/td>\n<td><\/td>\n<td><\/td>\n<td><\/td>\n<\/tr>\n<tr>\n<td>Aciman Andr\u00e9<\/td>\n<td>Kutsu minua nimell\u00e4si<\/td>\n<td>roman<\/td>\n<td>2007<\/td>\n<td>finska<\/td>\n<\/tr>\n<tr>\n<td>Ahlstedt Mats<\/td>\n<td>N\u00e4r inget annat \u00e5terst\u00e5r<\/td>\n<td>deckare<\/td>\n<td>2016<\/td>\n<td>svenska<\/td>\n<\/tr>\n<tr>\n<td>Alfredsson Karin<\/td>\n<td>Sista f\u00e4rjan fr\u00e5n Ystad<\/td>\n<td>sp\u00e4nning<\/td>\n<td>2019<\/td>\n<td>svenska<\/td>\n<\/tr>\n<tr>\n<td>Appelqvist Kristina<\/td>\n<td>Liv i \u00f6verfl\u00f6d<\/td>\n<td>deckare<\/td>\n<td>2011<\/td>\n<td>svenska<\/td>\n<\/tr>\n<tr>\n<td>Appelqvist Kristina<\/td>\n<td>Smultron, br\u00f6llop och d\u00f6den<\/td>\n<td>deckare<\/td>\n<td>2016<\/td>\n<td>svenska<\/td>\n<\/tr>\n<tr>\n<td>Attwood Margaret<\/td>\n<td>Handmaid&#8217;s Tale<\/td>\n<td>dystopi<\/td>\n<td>1985<\/td>\n<td>engelska<\/td>\n<\/tr>\n<tr>\n<td>Backman Fredrik<\/td>\n<td>Folk med \u00e5ngest<\/td>\n<td>feelgood<\/td>\n<td>2019<\/td>\n<td>svenska<\/td>\n<\/tr>\n<tr>\n<td>Bauer Belinda<\/td>\n<td>M\u00f6rk jord<\/td>\n<td>deckare<\/td>\n<td>2009<\/td>\n<td>svenska<\/td>\n<\/tr>\n<tr>\n<td>Bergstrand Mikael<\/td>\n<td>Den sorgl\u00f6se hemsamariten<\/td>\n<td>feelgood<\/td>\n<td>2017<\/td>\n<td>svenska<\/td>\n<\/tr>\n<tr>\n<td>Binchy Maeve<\/td>\n<td>The Chestnut Street<\/td>\n<td>chiclit\/noveller<\/td>\n<td>2014<\/td>\n<td>engelska<\/td>\n<\/tr>\n<tr>\n<td>Boije af Genn\u00e4s Louise<\/td>\n<td>Blodlokan<\/td>\n<td>triller<\/td>\n<td>2018<\/td>\n<td>svenska<\/td>\n<\/tr>\n<tr>\n<td>Bonelli \u00c5sa<\/td>\n<td>Stanna innan du g\u00e5r<\/td>\n<td>feelgood<\/td>\n<td>2015<\/td>\n<td>svenska<\/td>\n<\/tr>\n<tr>\n<td>Boyd Hilary<\/td>\n<td>A Most Desirable Marriage<\/td>\n<td>roman<\/td>\n<td>2014<\/td>\n<td>engelska<\/td>\n<\/tr>\n<tr>\n<td>Brunk Holmqvist Karin<\/td>\n<td>Damen med bysten<\/td>\n<td>feelgood<\/td>\n<td>2019<\/td>\n<td>svenska<\/td>\n<\/tr>\n<tr>\n<td>Brunk Holmqvist Karin<\/td>\n<td>Potensgivarna<\/td>\n<td>feelgood<\/td>\n<td>2007<\/td>\n<td>svenska<\/td>\n<\/tr>\n<tr>\n<td>Brunk Holmqvist Karin<\/td>\n<td>Tango i tabernaklet<\/td>\n<td>feelgood<\/td>\n<td>2018<\/td>\n<td>svenska<\/td>\n<\/tr>\n<tr>\n<td>Canth Minna<\/td>\n<td>Salakari<\/td>\n<td>novell<\/td>\n<td>1887<\/td>\n<td>finska<\/td>\n<\/tr>\n<tr>\n<td>Carlsson Christoffer<\/td>\n<td>J\u00e4rtecken<\/td>\n<td>deckare<\/td>\n<td>2019<\/td>\n<td>svenska<\/td>\n<\/tr>\n<tr>\n<td>Clinton Bill &amp; Patterson James<\/td>\n<td>Presidenten \u00e4r f\u00f6rsvunnen<\/td>\n<td>triller<\/td>\n<td>2018<\/td>\n<td>svenska<\/td>\n<\/tr>\n<tr>\n<td>Dahl Arne<\/td>\n<td>Mittvatten<\/td>\n<td>sp\u00e4nning\/deckare<\/td>\n<td>2018<\/td>\n<td>svenska<\/td>\n<\/tr>\n<tr>\n<td>Dahl Arne<\/td>\n<td>Inland<\/td>\n<td>sp\u00e4nning\/deckare<\/td>\n<td>2017<\/td>\n<td>svenska<\/td>\n<\/tr>\n<tr>\n<td>Ebervall Lena &amp; Samuelson Per E.<\/td>\n<td>Domardansen<\/td>\n<td>verklighetsbaserad<\/td>\n<td>2018<\/td>\n<td>svenska<\/td>\n<\/tr>\n<tr>\n<td>Egan Jennifer<\/td>\n<td>A Visit from the Goon Squad<\/td>\n<td>roman<\/td>\n<td>2010<\/td>\n<td>engelska<\/td>\n<\/tr>\n<tr>\n<td>Ekdahl Niklas<\/td>\n<td>I d\u00f6den dina m\u00e4n<\/td>\n<td>deckare<\/td>\n<td>2009<\/td>\n<td>svenska<\/td>\n<\/tr>\n<tr>\n<td>Ekman Kerstin<\/td>\n<td>Mordets praktik<\/td>\n<td>roman<\/td>\n<td>2009<\/td>\n<td>svenska<\/td>\n<\/tr>\n<tr>\n<td>Eriksson Erik<\/td>\n<td>Det brinnande havet<\/td>\n<td>historisk roman<\/td>\n<td>2008<\/td>\n<td>svenska<\/td>\n<\/tr>\n<tr>\n<td>Ferrante Elena<\/td>\n<td>Kadonneen lapsen tarina (del 4)<\/td>\n<td>historisk roman<\/td>\n<td>2014<\/td>\n<td>finska<\/td>\n<\/tr>\n<tr>\n<td>Frantz Eva<\/td>\n<td>Den \u00e5ttonde t\u00e4rnan<\/td>\n<td>deckare<\/td>\n<td>2018<\/td>\n<td>svenska<\/td>\n<\/tr>\n<tr>\n<td>From Peter<\/td>\n<td>Katastrofen vid Poltava<\/td>\n<td>historisk fakta<\/td>\n<td>2007<\/td>\n<td>svenska<\/td>\n<\/tr>\n<tr>\n<td>Golden Arthur<\/td>\n<td>En geishas memoarer<\/td>\n<td>verklighetsbaserad<\/td>\n<td>2005<\/td>\n<td>svenska<\/td>\n<\/tr>\n<tr>\n<td>Grebe Camilla<\/td>\n<td>Dvala<\/td>\n<td>deckare<\/td>\n<td>2019<\/td>\n<td>svenska<\/td>\n<\/tr>\n<tr>\n<td>Guillou Jan<\/td>\n<td>De som dr\u00f6mmer dr\u00f6mmar sover aldrig (del 8)<\/td>\n<td>historisk roman<\/td>\n<td>2018<\/td>\n<td>svenska<\/td>\n<\/tr>\n<tr>\n<td>Gustavsdotter Maria<\/td>\n<td>En sekund \u00e4r jag evig<\/td>\n<td>historisk roman<\/td>\n<td>2018<\/td>\n<td>svenska<\/td>\n<\/tr>\n<tr>\n<td>Gustavsdotter Maria<\/td>\n<td>Hustrun<\/td>\n<td>historisk roman<\/td>\n<td>2009<\/td>\n<td>svenska<\/td>\n<\/tr>\n<tr>\n<td>Gustavsdotter Maria<\/td>\n<td>Dottern<\/td>\n<td>historisk roman<\/td>\n<td>2013<\/td>\n<td>svenska<\/td>\n<\/tr>\n<tr>\n<td>Hellberg \u00c5sa<\/td>\n<td>Sonjas andra chans<\/td>\n<td>chiclit<\/td>\n<td>2017<\/td>\n<td>svenska<\/td>\n<\/tr>\n<tr>\n<td>Hermanson Marie<\/td>\n<td>Den stora utst\u00e4llningen<\/td>\n<td>historisk roman<\/td>\n<td>2018<\/td>\n<td>svenska<\/td>\n<\/tr>\n<tr>\n<td>Hjorth Vigdis<\/td>\n<td>Arv och milj\u00f6<\/td>\n<td>verklighetsbaserad<\/td>\n<td>2018<\/td>\n<td>svenska<\/td>\n<\/tr>\n<tr>\n<td>Hjulstr\u00f6m Carina<\/td>\n<td>Lust och l\u00e4ngtan<\/td>\n<td>feelgood<\/td>\n<td>2017<\/td>\n<td>svenska<\/td>\n<\/tr>\n<tr>\n<td>Horster Hans-Ulrich<\/td>\n<td>Barn 312<\/td>\n<td>roman<\/td>\n<td>1955<\/td>\n<td>svenska<\/td>\n<\/tr>\n<tr>\n<td>H\u00e4rk\u00f6nen Anna-Leena<\/td>\n<td>Ihana n\u00e4h\u00e4 ja muita kirjoituksia<\/td>\n<td>korta juttun<\/td>\n<td>2015<\/td>\n<td>finska<\/td>\n<\/tr>\n<tr>\n<td>Ingelman-Sundberg Catharina<\/td>\n<td>Krutgummor p\u00e5 krigsstigen<\/td>\n<td>feelgood<\/td>\n<td>2018<\/td>\n<td>svenska<\/td>\n<\/tr>\n<tr>\n<td>Ishiguro Kazuo<\/td>\n<td>Bleknande berg<\/td>\n<td>roman<\/td>\n<td>1982<\/td>\n<td>svenska<\/td>\n<\/tr>\n<tr>\n<td>James Evan<\/td>\n<td>Cheer up, Mr Widdicombie<\/td>\n<td>roman<\/td>\n<td>2019<\/td>\n<td>engelska<\/td>\n<\/tr>\n<tr>\n<td>Jokinen Seppo<\/td>\n<td>Ajomies<\/td>\n<td>deckare<\/td>\n<td>2011<\/td>\n<td>finska<\/td>\n<\/tr>\n<tr>\n<td>Jokinen Seppo<\/td>\n<td>R\u00e4\u00e4t\u00e4l\u00f6ity ratkaisu<\/td>\n<td>deckare<\/td>\n<td>2010<\/td>\n<td>finska<\/td>\n<\/tr>\n<tr>\n<td>Joyce James<\/td>\n<td>Dublinbor<\/td>\n<td>roman<\/td>\n<td>1914<\/td>\n<td>svenska<\/td>\n<\/tr>\n<tr>\n<td>Jungstedt Mari<\/td>\n<td>Jag ser dig<\/td>\n<td>deckare<\/td>\n<td>2019<\/td>\n<td>svenska<\/td>\n<\/tr>\n<tr>\n<td>Kettu Katja<\/td>\n<td>Rose on poissa<\/td>\n<td>roman<\/td>\n<td>2018<\/td>\n<td>finska<\/td>\n<\/tr>\n<tr>\n<td>Kinnunen Tommi<\/td>\n<td>Pintti<\/td>\n<td>historisk roman<\/td>\n<td>2018<\/td>\n<td>finska<\/td>\n<\/tr>\n<tr>\n<td>Kivel\u00e4 Anneli<\/td>\n<td>Tasaista tahtia Katajam\u00e4ell\u00e4<\/td>\n<td>feelgood<\/td>\n<td>2019<\/td>\n<td>finska<\/td>\n<\/tr>\n<tr>\n<td>Kivel\u00e4 Anneli<\/td>\n<td>Kasvukipuja Kivim\u00e4ell\u00e4<\/td>\n<td>feelgood<\/td>\n<td>2018<\/td>\n<td>finska<\/td>\n<\/tr>\n<tr>\n<td>Klingberg Ewa<\/td>\n<td>Blott en begravning<\/td>\n<td>feelgood<\/td>\n<td>2019<\/td>\n<td>svenska<\/td>\n<\/tr>\n<tr>\n<td>Korhola Eija-Riitta<\/td>\n<td>Kuolemaa nopeampi<\/td>\n<td>biografi<\/td>\n<td>2019<\/td>\n<td>finska<\/td>\n<\/tr>\n<tr>\n<td>Kyr\u00f6 Tuomas<\/td>\n<td>Mielens\u00e4pahoittajan hiihtokirja<\/td>\n<td>korta juttun<\/td>\n<td>2016<\/td>\n<td>finska<\/td>\n<\/tr>\n<tr>\n<td>Kyr\u00f6 Tuomas<\/td>\n<td>Ennen kaikki oli paremmin, Mielens\u00e4pahoittaja<\/td>\n<td>korta juttun<\/td>\n<td>2018<\/td>\n<td>finska<\/td>\n<\/tr>\n<tr>\n<td>K\u00e4rnborg Ulrika<\/td>\n<td>Saturnus tecken<\/td>\n<td>historisk roman<\/td>\n<td>2016<\/td>\n<td>svenska<\/td>\n<\/tr>\n<tr>\n<td>Laaksonen Heli<\/td>\n<td>Aurinko. Porkkana.Vesi<\/td>\n<td>poesi<\/td>\n<td>2019<\/td>\n<td>finska<\/td>\n<\/tr>\n<tr>\n<td>Laestadius Larsson Anna<\/td>\n<td>Barnbruden<\/td>\n<td>historisk roman<\/td>\n<td>2013<\/td>\n<td>svenska<\/td>\n<\/tr>\n<tr>\n<td>Laestadius Larsson Anna<\/td>\n<td>Hilma<\/td>\n<td>verklighetsbaserad<\/td>\n<td>2017<\/td>\n<td>svenska<\/td>\n<\/tr>\n<tr>\n<td>Lehane Dennis<\/td>\n<td>En drink f\u00f6re kriget<\/td>\n<td>deckare<\/td>\n<td>1994<\/td>\n<td>svenska<\/td>\n<\/tr>\n<tr>\n<td>Lehtolainen Leena<\/td>\n<td>V\u00e4\u00e4r\u00e4n j\u00e4ljill\u00e4<\/td>\n<td>deckare<\/td>\n<td>2008<\/td>\n<td>finska<\/td>\n<\/tr>\n<tr>\n<td>Lennon Eeva<\/td>\n<td>Eeva Lennon, Lontoo<\/td>\n<td>biografi<\/td>\n<td>2018<\/td>\n<td>finska<\/td>\n<\/tr>\n<tr>\n<td>Lindqvist Herman<\/td>\n<td>Tacka katten f\u00f6r det<\/td>\n<td>korta juttun<\/td>\n<td>2002<\/td>\n<td>svenska<\/td>\n<\/tr>\n<tr>\n<td>Ljunghill Pontus<\/td>\n<td>Lyktt\u00e4ndaren<\/td>\n<td>historisk deckare<\/td>\n<td>2016<\/td>\n<td>svenska<\/td>\n<\/tr>\n<tr>\n<td>Lynch Jennifer<\/td>\n<td>The Secret Diary of Laura Palmer<\/td>\n<td>roman<\/td>\n<td>1990<\/td>\n<td>engelska<\/td>\n<\/tr>\n<tr>\n<td>L\u00e4ckberg Camilla<\/td>\n<td>En bur av guld<\/td>\n<td>deckare<\/td>\n<td>2019<\/td>\n<td>svenska<\/td>\n<\/tr>\n<tr>\n<td>Magnusson G\u00f6ran<\/td>\n<td>Storbondens pipa<\/td>\n<td>roman<\/td>\n<td>2018<\/td>\n<td>svenska<\/td>\n<\/tr>\n<tr>\n<td>Malmquist Tom<\/td>\n<td>All den luft som omger oss<\/td>\n<td>verklighetsbaserad<\/td>\n<td>2019<\/td>\n<td>svenska<\/td>\n<\/tr>\n<tr>\n<td>McEwan Ian<\/td>\n<td>Machines Like me<\/td>\n<td>roman<\/td>\n<td>2019<\/td>\n<td>engelska<\/td>\n<\/tr>\n<tr>\n<td>Moriarty Liane<\/td>\n<td>Nio fr\u00e4mlingar<\/td>\n<td>roman\/chic lit<\/td>\n<td>2018<\/td>\n<td>svenska<\/td>\n<\/tr>\n<tr>\n<td>Morton Kate<\/td>\n<td>The Clockmaker&#8217;s Daughter<\/td>\n<td>historisk roman<\/td>\n<td>2018<\/td>\n<td>engelska<\/td>\n<\/tr>\n<tr>\n<td>Morton Kate<\/td>\n<td>Huset vid sj\u00f6n<\/td>\n<td>historisk roman<\/td>\n<td>2015<\/td>\n<td>svenska<\/td>\n<\/tr>\n<tr>\n<td>Moyes Jojo<\/td>\n<td>Arvet efter dig<\/td>\n<td>chiclit<\/td>\n<td>2015<\/td>\n<td>svenska<\/td>\n<\/tr>\n<tr>\n<td>M\u00e4ki Reijo<\/td>\n<td>Valkoven\u00e4l\u00e4inen<\/td>\n<td>deckare<\/td>\n<td>2009<\/td>\n<td>finska<\/td>\n<\/tr>\n<tr>\n<td>Nemert Elisabeth<\/td>\n<td>R\u00f6d m\u00e5ne<\/td>\n<td>historisk roman<\/td>\n<td>2013<\/td>\n<td>svenska<\/td>\n<\/tr>\n<tr>\n<td>Nesb\u00f6 Jo<\/td>\n<td>Kniv<\/td>\n<td>deckare<\/td>\n<td>2019<\/td>\n<td>svenska<\/td>\n<\/tr>\n<tr>\n<td>Obama Michelle<\/td>\n<td>Min historia<\/td>\n<td>biografi<\/td>\n<td>2018<\/td>\n<td>svenska<\/td>\n<\/tr>\n<tr>\n<td>Ohlsson Kristina<\/td>\n<td>Henrys hemlighet<\/td>\n<td>deckare<\/td>\n<td>2019<\/td>\n<td>svenska<\/td>\n<\/tr>\n<tr>\n<td>Olsson Linda<\/td>\n<td>Sonat till Mirjam<\/td>\n<td>roman<\/td>\n<td>2008<\/td>\n<td>svenska<\/td>\n<\/tr>\n<tr>\n<td>Omar Sara<\/td>\n<td>D\u00f6dstv\u00e4tterskan<\/td>\n<td>interkulturell kommunikation, roman<\/td>\n<td>2018<\/td>\n<td>svenska<\/td>\n<\/tr>\n<tr>\n<td>Persbrandt Mikael<\/td>\n<td>S\u00e5 som jag minns det<\/td>\n<td>biografi<\/td>\n<td>2017<\/td>\n<td>svenska<\/td>\n<\/tr>\n<tr>\n<td>Persson Leif GW<\/td>\n<td>Kan man d\u00f6 tv\u00e5 g\u00e5nger?<\/td>\n<td>deckare<\/td>\n<td>2016<\/td>\n<td>svenska<\/td>\n<\/tr>\n<tr>\n<td>Quinn Rachel<\/td>\n<td>An Ocean Between Us<\/td>\n<td>historisk roman<\/td>\n<td>2018<\/td>\n<td>engelska<\/td>\n<\/tr>\n<tr>\n<td>Robinson Peter<\/td>\n<td>Ur askan i elden<\/td>\n<td>deckare<\/td>\n<td>1987<\/td>\n<td>svenska<\/td>\n<\/tr>\n<tr>\n<td>Rosman Ann<\/td>\n<td>Mercurium<\/td>\n<td>deckare<\/td>\n<td>2012<\/td>\n<td>svenska<\/td>\n<\/tr>\n<tr>\n<td>Rosman Ann<\/td>\n<td>Sj\u00e4lakistan<\/td>\n<td>deckare<\/td>\n<td>2011<\/td>\n<td>svenska<\/td>\n<\/tr>\n<tr>\n<td>Rudberg Denise<\/td>\n<td>Det f\u00f6rsta chiffret<\/td>\n<td>historisk roman<\/td>\n<td>2019<\/td>\n<td>svenska<\/td>\n<\/tr>\n<tr>\n<td>Rudberg Denise<\/td>\n<td>\u00c5tta steg bakom<\/td>\n<td>deckare<\/td>\n<td>2018<\/td>\n<td>svenska<\/td>\n<\/tr>\n<tr>\n<td>Ryd\u00e9n Daniel<\/td>\n<td>55 historiska g\u00e5tor och mysterier<\/td>\n<td>fakta<\/td>\n<td>2019<\/td>\n<td>svenska<\/td>\n<\/tr>\n<tr>\n<td>Sandberg Timo<\/td>\n<td>Tilinteko<\/td>\n<td>historisk deckare<\/td>\n<td>2018<\/td>\n<td>finska<\/td>\n<\/tr>\n<tr>\n<td>Sarenbrant Sofie<\/td>\n<td>Andra andningen<\/td>\n<td>deckare<\/td>\n<td>2013<\/td>\n<td>svenska<\/td>\n<\/tr>\n<tr>\n<td>Schepp Emelie<\/td>\n<td>Brode Jakob<\/td>\n<td>deckare<\/td>\n<td>2019<\/td>\n<td>svenska<\/td>\n<\/tr>\n<tr>\n<td>Schulman Axel<\/td>\n<td>Br\u00e4nn alla mina brev<\/td>\n<td>roman, biografi<\/td>\n<td>2018<\/td>\n<td>svenska<\/td>\n<\/tr>\n<tr>\n<td>Seeck Max<\/td>\n<td>Haadeksen kutsu<\/td>\n<td>triller<\/td>\n<td>2018<\/td>\n<td>finska<\/td>\n<\/tr>\n<tr>\n<td>Snellman Anja<\/td>\n<td>Kaikkien toiveiden kyl\u00e4<\/td>\n<td>roman<\/td>\n<td>2018<\/td>\n<td>finska<\/td>\n<\/tr>\n<tr>\n<td>Sund Lars<\/td>\n<td>D\u00e4r musiken tystnade<\/td>\n<td>roman<\/td>\n<td>2018<\/td>\n<td>svenska<\/td>\n<\/tr>\n<tr>\n<td>S\u00f6derqvist Cathy Catarina<\/td>\n<td>Fingal Olsson och hans s\u00e4llsamma katt<\/td>\n<td>feelgood<\/td>\n<td>2017<\/td>\n<td>svenska<\/td>\n<\/tr>\n<tr>\n<td>Theorin Johan<\/td>\n<td>Sankta Psyko<\/td>\n<td>triller<\/td>\n<td>2011<\/td>\n<td>svenska<\/td>\n<\/tr>\n<tr>\n<td>Tuominen Pirjo<\/td>\n<td>Opettajatar<\/td>\n<td>historisk roman<\/td>\n<td>2019<\/td>\n<td>finska<\/td>\n<\/tr>\n<tr>\n<td>Waltari Mika<\/td>\n<td>Kuka murhasi Rouva Skroofin<\/td>\n<td>deckare<\/td>\n<td>1939<\/td>\n<td>finska<\/td>\n<\/tr>\n<tr>\n<td>Vanhatalo Pauliina<\/td>\n<td>Tuulesta temmattu el\u00e4m\u00e4<\/td>\n<td>roman<\/td>\n<td>2019<\/td>\n<td>finska<\/td>\n<\/tr>\n<tr>\n<td>Wollin Malin<\/td>\n<td>Till min dotter<\/td>\n<td>roman<\/td>\n<td>2016<\/td>\n<td>svenska<\/td>\n<\/tr>\n<\/tbody>\n<\/table>\n","protected":false},"excerpt":{"rendered":"<p>Tryckta b\u00f6cker Ahern Cecilia A Place Called Here chiclit 2006 engelska Bruun Staffan Mitt liv p\u00e5 Hbl biografi 2018 svenska Eklund Riko Flickan skall uppleva historia biografi 2018 svenska Franck Mia Bombtr\u00e4dg\u00e5rden historisk roman 2018 svenska Gavalda Anna Livet vi &hellip; <a href=\"https:\/\/blogs2.abo.fi\/laslust\/last-2019\/\">Forts\u00e4tt l\u00e4sa <span class=\"meta-nav\">&rarr;<\/span><\/a><\/p>\n","protected":false},"author":7,"featured_media":0,"parent":0,"menu_order":0,"comment_status":"closed","ping_status":"closed","template":"","meta":{"footnotes":""},"class_list":["post-3488","page","type-page","status-publish","hentry"],"_links":{"self":[{"href":"https:\/\/blogs2.abo.fi\/laslust\/wp-json\/wp\/v2\/pages\/3488","targetHints":{"allow":["GET"]}}],"collection":[{"href":"https:\/\/blogs2.abo.fi\/laslust\/wp-json\/wp\/v2\/pages"}],"about":[{"href":"https:\/\/blogs2.abo.fi\/laslust\/wp-json\/wp\/v2\/types\/page"}],"author":[{"embeddable":true,"href":"https:\/\/blogs2.abo.fi\/laslust\/wp-json\/wp\/v2\/users\/7"}],"replies":[{"embeddable":true,"href":"https:\/\/blogs2.abo.fi\/laslust\/wp-json\/wp\/v2\/comments?post=3488"}],"version-history":[{"count":4,"href":"https:\/\/blogs2.abo.fi\/laslust\/wp-json\/wp\/v2\/pages\/3488\/revisions"}],"predecessor-version":[{"id":3492,"href":"https:\/\/blogs2.abo.fi\/laslust\/wp-json\/wp\/v2\/pages\/3488\/revisions\/3492"}],"wp:attachment":[{"href":"https:\/\/blogs2.abo.fi\/laslust\/wp-json\/wp\/v2\/media?parent=3488"}],"curies":[{"name":"wp","href":"https:\/\/api.w.org\/{rel}","templated":true}]}}