{"id":2890,"date":"2019-01-12T19:15:34","date_gmt":"2019-01-12T19:15:34","guid":{"rendered":"http:\/\/blogs2.abo.fi\/laslust\/?page_id=2890"},"modified":"2019-05-04T19:13:25","modified_gmt":"2019-05-04T19:13:25","slug":"filmer-och-serier-2018","status":"publish","type":"page","link":"https:\/\/blogs2.abo.fi\/laslust\/filmer-och-serier-2018\/","title":{"rendered":"Filmer och serier 2019"},"content":{"rendered":"<p><em>Jackie <\/em>(2016)<br \/>\n<em>Carol <\/em>(2015)<br \/>\n<em>Still Alice <\/em>(2014)<br \/>\n<em>The Rewrite<br \/>\nArmoton maa <\/em>(2017)<br \/>\n<em>Sully: Miracle on the Hudson<\/em> (2016)<br \/>\n<em>\u00c4kkil\u00e4ht\u00f6 <\/em>(2016)<em><br \/>\nKorso<\/em> (2014)<\/p>\n<p><span style=\"text-decoration: underline;\">Serier<\/span><br \/>\nBerlin Babylon (tysk)<br \/>\nSommaren vid Balaton (tysk)<br \/>\nTuntematon sotilas (finsk)<br \/>\nFr\u00f6ken Frimans krig, s\u00e4song 4 (svensk)<br \/>\nEn natt (norsk)<br \/>\nMad Men, s\u00e4song 5<br \/>\nGame of Thrones , s\u00e4song 7<br \/>\nDe dagar som blommorna blommar (3 avsnitt)<br \/>\nOljefonden<br \/>\nDoggeyville<br \/>\nHeimebane s\u00e4song 2<\/p>\n","protected":false},"excerpt":{"rendered":"<p>Jackie (2016) Carol (2015) Still Alice (2014) The Rewrite Armoton maa (2017) Sully: Miracle on the Hudson (2016) \u00c4kkil\u00e4ht\u00f6 (2016) Korso (2014) Serier Berlin Babylon (tysk) Sommaren vid Balaton (tysk) Tuntematon sotilas (finsk) Fr\u00f6ken Frimans krig, s\u00e4song 4 (svensk) En &hellip; <a href=\"https:\/\/blogs2.abo.fi\/laslust\/filmer-och-serier-2018\/\">Forts\u00e4tt l\u00e4sa <span class=\"meta-nav\">&rarr;<\/span><\/a><\/p>\n","protected":false},"author":7,"featured_media":0,"parent":0,"menu_order":0,"comment_status":"closed","ping_status":"closed","template":"","meta":{"footnotes":""},"class_list":["post-2890","page","type-page","status-publish","hentry"],"_links":{"self":[{"href":"https:\/\/blogs2.abo.fi\/laslust\/wp-json\/wp\/v2\/pages\/2890","targetHints":{"allow":["GET"]}}],"collection":[{"href":"https:\/\/blogs2.abo.fi\/laslust\/wp-json\/wp\/v2\/pages"}],"about":[{"href":"https:\/\/blogs2.abo.fi\/laslust\/wp-json\/wp\/v2\/types\/page"}],"author":[{"embeddable":true,"href":"https:\/\/blogs2.abo.fi\/laslust\/wp-json\/wp\/v2\/users\/7"}],"replies":[{"embeddable":true,"href":"https:\/\/blogs2.abo.fi\/laslust\/wp-json\/wp\/v2\/comments?post=2890"}],"version-history":[{"count":6,"href":"https:\/\/blogs2.abo.fi\/laslust\/wp-json\/wp\/v2\/pages\/2890\/revisions"}],"predecessor-version":[{"id":3028,"href":"https:\/\/blogs2.abo.fi\/laslust\/wp-json\/wp\/v2\/pages\/2890\/revisions\/3028"}],"wp:attachment":[{"href":"https:\/\/blogs2.abo.fi\/laslust\/wp-json\/wp\/v2\/media?parent=2890"}],"curies":[{"name":"wp","href":"https:\/\/api.w.org\/{rel}","templated":true}]}}