{"id":2212,"date":"2018-01-02T20:31:41","date_gmt":"2018-01-02T20:31:41","guid":{"rendered":"http:\/\/blogs2.abo.fi\/laslust\/?page_id=2212"},"modified":"2018-01-02T20:32:29","modified_gmt":"2018-01-02T20:32:29","slug":"last-2017","status":"publish","type":"page","link":"https:\/\/blogs2.abo.fi\/laslust\/last-2017\/","title":{"rendered":"L\u00e4st &#038; lyssnat 2017"},"content":{"rendered":"<table width=\"486\">\n<tbody>\n<tr>\n<td width=\"138\"><strong>H\u00f6rb\u00f6cker 2017<\/strong><\/td>\n<td width=\"159\"><\/td>\n<td width=\"84\"><\/td>\n<td width=\"35\"><\/td>\n<td width=\"70\"><\/td>\n<\/tr>\n<tr>\n<td width=\"138\">Adler-Olsen, Jussi<\/td>\n<td width=\"159\">Washingtondekretet<\/td>\n<td width=\"84\">triller<\/td>\n<td>2006<\/td>\n<td>svenska<\/td>\n<\/tr>\n<tr>\n<td width=\"138\">\u00c5hman Owetz, Eli<\/td>\n<td width=\"159\">Flickorna i speceriaff\u00e4ren<\/td>\n<td width=\"84\">chick lit\/feelgood<\/td>\n<td>2014<\/td>\n<td>svenska<\/td>\n<\/tr>\n<tr>\n<td width=\"138\">Ahnhen, Stefan<\/td>\n<td width=\"159\">Arton grader minus<\/td>\n<td width=\"84\">deckare<\/td>\n<td>2016<\/td>\n<td>svenska<\/td>\n<\/tr>\n<tr>\n<td width=\"138\">Alsterdal, Tove<\/td>\n<td width=\"159\">L\u00e5t mig ta din hand<\/td>\n<td width=\"84\">roman<\/td>\n<td>2014<\/td>\n<td>svenska<\/td>\n<\/tr>\n<tr>\n<td width=\"138\">Arnald, Jan<\/td>\n<td width=\"159\">Intimus<\/td>\n<td width=\"84\">roman<\/td>\n<td>2010<\/td>\n<td>svenska<\/td>\n<\/tr>\n<tr>\n<td width=\"138\">Backman, Fredrik<\/td>\n<td width=\"159\">Och varje morgon blir v\u00e4gen hem l\u00e4ngre och l\u00e4ngre<\/td>\n<td width=\"84\">roman<\/td>\n<td>2017<\/td>\n<td>svenska<\/td>\n<\/tr>\n<tr>\n<td width=\"138\">Backman, Fredrik<\/td>\n<td width=\"159\">Bj\u00f6rnstad<\/td>\n<td width=\"84\">roman<\/td>\n<td>2016<\/td>\n<td>svenska<\/td>\n<\/tr>\n<tr>\n<td width=\"138\">Bj\u00f6rkelid, Anders<\/td>\n<td width=\"159\">Ondvinter<\/td>\n<td width=\"84\">fantasy &#8211;\u00a0 vampyr<\/td>\n<td>2009<\/td>\n<td>svenska<\/td>\n<\/tr>\n<tr>\n<td width=\"138\">Brunk Holmqvist, Karin<\/td>\n<td width=\"159\">Rosa elefanter<\/td>\n<td width=\"84\">chick lit\/feelgood<\/td>\n<td>2010<\/td>\n<td>svenska<\/td>\n<\/tr>\n<tr>\n<td width=\"138\">Cleeves, Anne<\/td>\n<td width=\"159\">Svart som natten<\/td>\n<td width=\"84\">deckare<\/td>\n<td>2007<\/td>\n<td>svenska<\/td>\n<\/tr>\n<tr>\n<td width=\"138\">Coelho Ahndroil, Alexandra<\/td>\n<td width=\"159\">Birgitta och Katarina<\/td>\n<td width=\"84\">historisk roman<\/td>\n<td>2006<\/td>\n<td>svenska<\/td>\n<\/tr>\n<tr>\n<td width=\"138\">Cornwell, Patricia<\/td>\n<td width=\"159\">The Scarpetta Factor<\/td>\n<td width=\"84\">deckare<\/td>\n<td>2009<\/td>\n<td>engelska<\/td>\n<\/tr>\n<tr>\n<td width=\"138\">Cornwell, Patricia<\/td>\n<td width=\"159\">Scarpetta<\/td>\n<td width=\"84\">deckare<\/td>\n<td>2008<\/td>\n<td>engelska<\/td>\n<\/tr>\n<tr>\n<td width=\"138\">Ekholm, Kai<\/td>\n<td width=\"159\">T\u00e4htisilm\u00e4<\/td>\n<td width=\"84\">deckare<\/td>\n<td>2016<\/td>\n<td>finska<\/td>\n<\/tr>\n<tr>\n<td width=\"138\">Faulks, Sebastian<\/td>\n<td width=\"159\">Charlotte Gray<\/td>\n<td width=\"84\">historisk roman<\/td>\n<td>1999<\/td>\n<td>engelska<\/td>\n<\/tr>\n<tr>\n<td width=\"138\">Ferrante, Elena<\/td>\n<td width=\"159\">Loistava yst\u00e4v\u00e4ni<\/td>\n<td width=\"84\">roman<\/td>\n<td>2011<\/td>\n<td>finska<\/td>\n<\/tr>\n<tr>\n<td width=\"138\">Fielding, Helen<\/td>\n<td width=\"159\">Bridget Jones&#8217;s Baby. The Diaries<\/td>\n<td width=\"84\">chick lit\/feelgood<\/td>\n<td>2016<\/td>\n<td>engelska<\/td>\n<\/tr>\n<tr>\n<td width=\"138\">Frazier, Charles<\/td>\n<td width=\"159\">Nightwoods<\/td>\n<td width=\"84\">roman<\/td>\n<td>2012<\/td>\n<td>engelska<\/td>\n<\/tr>\n<tr>\n<td width=\"138\">Fredriksson, Anna<\/td>\n<td width=\"159\">Avsedsfesten<\/td>\n<td width=\"84\">roman<\/td>\n<td>2016<\/td>\n<td>svenska<\/td>\n<\/tr>\n<tr>\n<td width=\"138\">Garcia &amp; Stohl<\/td>\n<td width=\"159\">Beatiful Creatures Book 1<\/td>\n<td width=\"84\">fantasy &#8211;\u00a0 vampyr<\/td>\n<td>2009<\/td>\n<td>engelska<\/td>\n<\/tr>\n<tr>\n<td width=\"138\">Guillou, Jan<\/td>\n<td width=\"159\">\u00c4kta amerikanska jeans<\/td>\n<td width=\"84\">historisk roman<\/td>\n<td>2016<\/td>\n<td>svenska<\/td>\n<\/tr>\n<tr>\n<td width=\"138\">Haaland, Annette<\/td>\n<td width=\"159\">Pastor Viveka och hundra\u00e5rsjubil\u00e9et<\/td>\n<td width=\"84\">chick lit\/feelgood<\/td>\n<td>2016<\/td>\n<td>svenska<\/td>\n<\/tr>\n<tr>\n<td width=\"138\">Harrison, Dick<\/td>\n<td width=\"159\">Illd\u00e5d<\/td>\n<td width=\"84\">historisk roman<\/td>\n<td>2012<\/td>\n<td>svenska<\/td>\n<\/tr>\n<tr>\n<td width=\"138\">Hawkins, Paula<\/td>\n<td width=\"159\">The Girl on the Train<\/td>\n<td width=\"84\">deckare<\/td>\n<td>2015<\/td>\n<td>engelska<\/td>\n<\/tr>\n<tr>\n<td width=\"138\">Hensher, Philip<\/td>\n<td width=\"159\">King of the Badgers<\/td>\n<td width=\"84\">roman<\/td>\n<td>2011<\/td>\n<td>engelska<\/td>\n<\/tr>\n<tr>\n<td width=\"138\">Hirvisaari, Laila<\/td>\n<td width=\"159\">Hiljaisuus<\/td>\n<td width=\"84\">historisk roman<\/td>\n<td>2016<\/td>\n<td>finska<\/td>\n<\/tr>\n<tr>\n<td width=\"138\">Hjorth &amp; Rosenfeldt<\/td>\n<td width=\"159\">De underk\u00e4nda<\/td>\n<td width=\"84\">deckare<\/td>\n<td>2015<\/td>\n<td>svenska<\/td>\n<\/tr>\n<tr>\n<td width=\"138\">Holland, James<\/td>\n<td width=\"159\">F\u00f6rtvivlans timme: Jack Tanner i Frankrike 1940<\/td>\n<td width=\"84\">historisk roman<\/td>\n<td>2010<\/td>\n<td>svenska<\/td>\n<\/tr>\n<tr>\n<td width=\"138\">Holm, Grete-Lise<\/td>\n<td width=\"159\">\u00d6-morden<\/td>\n<td width=\"84\">deckare<\/td>\n<td>2004<\/td>\n<td>svenska<\/td>\n<\/tr>\n<tr>\n<td width=\"138\">Hornby, Nick<\/td>\n<td width=\"159\">Fallh\u00f6jd<\/td>\n<td width=\"84\">roman<\/td>\n<td>2005<\/td>\n<td>svenska<\/td>\n<\/tr>\n<tr>\n<td width=\"138\">Irwing, John<\/td>\n<td width=\"159\">Den fj\u00e4rde handen<\/td>\n<td width=\"84\">roman<\/td>\n<td>2001<\/td>\n<td>svenska<\/td>\n<\/tr>\n<tr>\n<td width=\"138\">Jallai, Anders<\/td>\n<td width=\"159\">Natoagenten<\/td>\n<td width=\"84\">deckare<\/td>\n<td>2012<\/td>\n<td>svenska<\/td>\n<\/tr>\n<tr>\n<td width=\"138\">Jansson, Anna<\/td>\n<td width=\"159\">Det du inte vet<\/td>\n<td width=\"84\">deckare<\/td>\n<td>2017<\/td>\n<td>svenska<\/td>\n<\/tr>\n<tr>\n<td width=\"138\">Jansson, Anna<\/td>\n<td width=\"159\">Sv\u00e4rm\u00f6drar utan gr\u00e4nser<\/td>\n<td width=\"84\">chick lit\/feelgood<\/td>\n<td>2016<\/td>\n<td>svenska<\/td>\n<\/tr>\n<tr>\n<td width=\"138\">Katajavuori, Riina<\/td>\n<td width=\"159\">Wenla M\u00e4nnist\u00f6<\/td>\n<td width=\"84\">roman<\/td>\n<td>2014<\/td>\n<td>finska<\/td>\n<\/tr>\n<tr>\n<td width=\"138\">Kepler, Lars<\/td>\n<td width=\"159\">Kaninj\u00e4garen<\/td>\n<td width=\"84\">deckare<\/td>\n<td>2016<\/td>\n<td>svenska<\/td>\n<\/tr>\n<tr>\n<td width=\"138\">Keyes, Marian<\/td>\n<td width=\"159\">En f\u00f6rtjusande man<\/td>\n<td width=\"84\">chick lit\/feelgood<\/td>\n<td>2008<\/td>\n<td>svenska<\/td>\n<\/tr>\n<tr>\n<td width=\"138\">Keyes, Marian<\/td>\n<td width=\"159\">Hemligheten p\u00e5 Mercy Close<\/td>\n<td width=\"84\">chick lit\/feelgood<\/td>\n<td>2012<\/td>\n<td>svenska<\/td>\n<\/tr>\n<tr>\n<td width=\"138\">Kilpi, Eeva<\/td>\n<td width=\"159\">V\u00e4lirauha, ik\u00e4v\u00f6innin aika<\/td>\n<td width=\"84\">biografi<\/td>\n<td>1991<\/td>\n<td>finska<\/td>\n<\/tr>\n<tr>\n<td width=\"138\">L\u00e4ckberg, Camilla<\/td>\n<td width=\"159\">H\u00e4xan<\/td>\n<td width=\"84\">deckare<\/td>\n<td>2017<\/td>\n<td>svenska<\/td>\n<\/tr>\n<tr>\n<td width=\"138\">Lehtolainen, Leena<\/td>\n<td width=\"159\">Tiikerinsilm\u00e4<\/td>\n<td width=\"84\">deckare<\/td>\n<td>2016<\/td>\n<td>finska<\/td>\n<\/tr>\n<tr>\n<td width=\"138\">Levy, Deborah<\/td>\n<td width=\"159\">Swimming Home<\/td>\n<td width=\"84\">roman<\/td>\n<td>2011<\/td>\n<td>engelska<\/td>\n<\/tr>\n<tr>\n<td width=\"138\">Lindqvist, Herman<\/td>\n<td width=\"159\">De vilda Vasarna<\/td>\n<td width=\"84\">fakta<\/td>\n<td>2016<\/td>\n<td>svenska<\/td>\n<\/tr>\n<tr>\n<td width=\"138\">Lindqvist, Herman<\/td>\n<td width=\"159\">Napoleon<\/td>\n<td width=\"84\">biografi<\/td>\n<td>2004<\/td>\n<td>svenska<\/td>\n<\/tr>\n<tr>\n<td width=\"138\">Lindstr\u00f6m, Fredrik<\/td>\n<td width=\"159\">Vad g\u00f6r alla superok\u00e4nda m\u00e4nniskor hela dagarna?<\/td>\n<td width=\"84\">korta juttun<\/td>\n<td>2012<\/td>\n<td>svenska<\/td>\n<\/tr>\n<tr>\n<td width=\"138\">Linna, V\u00e4in\u00f6<\/td>\n<td width=\"159\">T\u00e4\u00e4ll\u00e4 Pohjant\u00e4hden alla<\/td>\n<td width=\"84\">historisk roman<\/td>\n<td>1959<\/td>\n<td>finska<\/td>\n<\/tr>\n<tr>\n<td width=\"138\">Ljungstedt, Mari<\/td>\n<td width=\"159\">Det f\u00f6rlovade landet<\/td>\n<td width=\"84\">deckare<\/td>\n<td>2017<\/td>\n<td>svenska<\/td>\n<\/tr>\n<tr>\n<td width=\"138\">Lundberg Kristian<\/td>\n<td width=\"159\">En hemstad: ber\u00e4ttelsen om att f\u00e4rdas i klassm\u00f6rkret<\/td>\n<td width=\"84\">biografi<\/td>\n<td>2013<\/td>\n<td>svenska<\/td>\n<\/tr>\n<tr>\n<td width=\"138\">Lundell, Ulf<\/td>\n<td width=\"159\">Jack<\/td>\n<td width=\"84\">roman<\/td>\n<td>1976<\/td>\n<td>svenska<\/td>\n<\/tr>\n<tr>\n<td width=\"138\">M\u00e4ki, Reijo<\/td>\n<td width=\"159\">Hot dog<\/td>\n<td width=\"84\">deckare<\/td>\n<td>2016<\/td>\n<td>finska<\/td>\n<\/tr>\n<tr>\n<td width=\"138\">Mantel, Hilary<\/td>\n<td width=\"159\">Wolf Hall<\/td>\n<td width=\"84\">historisk roman<\/td>\n<td>2009<\/td>\n<td>engelska<\/td>\n<\/tr>\n<tr>\n<td width=\"138\">McMillan, Terry<\/td>\n<td width=\"159\">Getting to Happy<\/td>\n<td width=\"84\">roman<\/td>\n<td>2010<\/td>\n<td>engelska<\/td>\n<\/tr>\n<tr>\n<td width=\"138\">Moriarty, Liane<\/td>\n<td width=\"159\">Big Little Lies<\/td>\n<td width=\"84\">chick lit\/feelgood<\/td>\n<td>2014<\/td>\n<td>engelska<\/td>\n<\/tr>\n<tr>\n<td width=\"138\">Mostr\u00f6m, Jonas<\/td>\n<td width=\"159\">Midnattsflickor<\/td>\n<td width=\"84\">deckare<\/td>\n<td>2016<\/td>\n<td>svenska<\/td>\n<\/tr>\n<tr>\n<td width=\"138\">Naseh, Negar<\/td>\n<td width=\"159\">De f\u00f6rdrivna<\/td>\n<td width=\"84\">roman<\/td>\n<td>2016<\/td>\n<td>svenska<\/td>\n<\/tr>\n<tr>\n<td width=\"138\">Nopola, Sinikka<\/td>\n<td width=\"159\">Onko teill\u00e4 t\u00e4mm\u00f6ist\u00e4<\/td>\n<td width=\"84\">korta juttun<\/td>\n<td>2017<\/td>\n<td>finska<\/td>\n<\/tr>\n<tr>\n<td width=\"138\">Nousiainen, Inka<\/td>\n<td width=\"159\">Kirkkaat p\u00e4iv\u00e4 ja ilta<\/td>\n<td width=\"84\">historisk roman<\/td>\n<td>2013<\/td>\n<td>finska<\/td>\n<\/tr>\n<tr>\n<td width=\"138\">Persson, Johan &amp; Schibbye, Martin<\/td>\n<td width=\"159\">438 dagar<\/td>\n<td width=\"84\">biografi<\/td>\n<td>2013<\/td>\n<td>svenska<\/td>\n<\/tr>\n<tr>\n<td width=\"138\">Reichs, Kathy<\/td>\n<td width=\"159\">Bones Never Lie<\/td>\n<td width=\"84\">deckare<\/td>\n<td>2014<\/td>\n<td>engelska<\/td>\n<\/tr>\n<tr>\n<td width=\"138\">Rendell, Ruth<\/td>\n<td width=\"159\">No Man&#8217;s Nightingale<\/td>\n<td width=\"84\">deckare<\/td>\n<td>2013<\/td>\n<td>engelska<\/td>\n<\/tr>\n<tr>\n<td width=\"138\">Rendell, Ruth<\/td>\n<td width=\"159\">Tigerlilly&#8217;s Orchids<\/td>\n<td width=\"84\">roman<\/td>\n<td>2010<\/td>\n<td>engelska<\/td>\n<\/tr>\n<tr>\n<td width=\"138\">Roberts, Nora<\/td>\n<td width=\"159\">Pojkv\u00e4nnen<\/td>\n<td width=\"84\">chic lit\/feelgood<\/td>\n<td>2014<\/td>\n<td>svenska<\/td>\n<\/tr>\n<tr>\n<td width=\"138\">Roberts, Nora<\/td>\n<td width=\"159\">V\u00e4rdshuset<\/td>\n<td width=\"84\">chick lit\/feelgood<\/td>\n<td>2013<\/td>\n<td>svenska<\/td>\n<\/tr>\n<tr>\n<td width=\"138\">Roslund &amp; Hellstr\u00f6m<\/td>\n<td width=\"159\">Edvards Finnigans uppr\u00e4ttelse<\/td>\n<td width=\"84\">roman<\/td>\n<td>2007<\/td>\n<td>svenska<\/td>\n<\/tr>\n<tr>\n<td width=\"138\">Sarenbrandt, Sofia<\/td>\n<td width=\"159\">Tiggaren<\/td>\n<td width=\"84\">deckare<\/td>\n<td>2016<\/td>\n<td>svenska<\/td>\n<\/tr>\n<tr>\n<td width=\"138\">Sendker, Jan-Philipp<\/td>\n<td width=\"159\">Viskande skuggor<\/td>\n<td width=\"84\">deckare<\/td>\n<td>2017<\/td>\n<td>svenska<\/td>\n<\/tr>\n<tr>\n<td width=\"138\">Sj\u00f6gren, Christer<\/td>\n<td width=\"159\">F\u00e5r jag lov att ber\u00e4tta? Kramgoa minnen fr\u00e5n Christers garage<\/td>\n<td width=\"84\">biografi<\/td>\n<td>2016<\/td>\n<td>svenska<\/td>\n<\/tr>\n<tr>\n<td width=\"138\">Sparks, Nicholas<\/td>\n<td width=\"159\">The Rescue<\/td>\n<td width=\"84\">roman<\/td>\n<td>2000<\/td>\n<td>engelska<\/td>\n<\/tr>\n<tr>\n<td width=\"138\">Strindberg, August<\/td>\n<td width=\"159\">Giftas<\/td>\n<td width=\"84\">roman<\/td>\n<td>1884<\/td>\n<td>svenska<\/td>\n<\/tr>\n<tr>\n<td width=\"138\">Tamas, Gellert<\/td>\n<td width=\"159\">Lasermannen: en ber\u00e4ttelse om Sverige<\/td>\n<td width=\"84\">biografi<\/td>\n<td>2002<\/td>\n<td>svenska<\/td>\n<\/tr>\n<tr>\n<td width=\"138\">Tamminen, Petri<\/td>\n<td width=\"159\">Enon opetukset<\/td>\n<td width=\"84\">roman<\/td>\n<td>2007<\/td>\n<td>finska<\/td>\n<\/tr>\n<tr>\n<td width=\"138\">Thunberg, Karin<\/td>\n<td width=\"159\">En dag ska jag ber\u00e4tta om mamma<\/td>\n<td width=\"84\">roman<\/td>\n<td>2008<\/td>\n<td>svenska<\/td>\n<\/tr>\n<tr>\n<td width=\"138\">Tuominen, Pirjo<\/td>\n<td width=\"159\">Tulen v\u00e4ri punainen<\/td>\n<td width=\"84\">historisk roman<\/td>\n<td>2017<\/td>\n<td>finska<\/td>\n<\/tr>\n<tr>\n<td width=\"138\">Ullman, Linn<\/td>\n<td width=\"159\">De oroliga<\/td>\n<td width=\"84\">roman &#8211; biografi<\/td>\n<td>2016<\/td>\n<td>svenska<\/td>\n<\/tr>\n<tr>\n<td width=\"138\">Vallgren, Carl-Johan<\/td>\n<td width=\"159\">Kunzelmann &amp; Kunzelmann<\/td>\n<td width=\"84\">roman<\/td>\n<td>2009<\/td>\n<td>svenska<\/td>\n<\/tr>\n<tr>\n<td width=\"138\">Wallentin, Jan<\/td>\n<td width=\"159\">Strindbergs stj\u00e4rna<\/td>\n<td width=\"84\">roman<\/td>\n<td>2010<\/td>\n<td>svenska<\/td>\n<\/tr>\n<tr>\n<td width=\"138\">Waltari, Mika<\/td>\n<td width=\"159\">Sinuhe<\/td>\n<td width=\"84\">historisk roman<\/td>\n<td><\/td>\n<td>finska<\/td>\n<\/tr>\n<tr>\n<td width=\"138\">Weiner, Jennifer<\/td>\n<td width=\"159\">Fly Away Home<\/td>\n<td width=\"84\">chick lit\/feelgood<\/td>\n<td>2004<\/td>\n<td>engelska<\/td>\n<\/tr>\n<tr>\n<td width=\"138\">Weisberger, Laureen<\/td>\n<td width=\"159\">Last Night at Chateau Marmont<\/td>\n<td width=\"84\">chick lit\/feelgood<\/td>\n<td>2010<\/td>\n<td>engelska<\/td>\n<\/tr>\n<tr>\n<td width=\"138\">Winspear, Jacqueline<\/td>\n<td width=\"159\">Among the Mad<\/td>\n<td width=\"84\">deckare<\/td>\n<td>2009<\/td>\n<td>engelska<\/td>\n<\/tr>\n<tr>\n<td width=\"138\">Winspear, Jacqueline<\/td>\n<td width=\"159\">Maisie Dobbs<\/td>\n<td width=\"84\">deckare<\/td>\n<td>2003<\/td>\n<td>svenska<\/td>\n<\/tr>\n<tr>\n<td width=\"138\">Wolitzer, Hilma<\/td>\n<td width=\"159\">An Available Man<\/td>\n<td width=\"84\">historisk roman<\/td>\n<td>2010<\/td>\n<td>engelska<\/td>\n<\/tr>\n<tr>\n<td width=\"138\"><strong>Tryckta b\u00f6cker 2017<\/strong><\/td>\n<td width=\"159\"><\/td>\n<td width=\"84\"><\/td>\n<td><\/td>\n<td><\/td>\n<\/tr>\n<tr>\n<td width=\"138\">Ala-Harja, Riikka<\/td>\n<td width=\"159\">Maihinnousu<\/td>\n<td width=\"84\">roman<\/td>\n<td>2012<\/td>\n<td>finska<\/td>\n<\/tr>\n<tr>\n<td width=\"138\">Brody, Frances<\/td>\n<td width=\"159\">Murder in the Afternoon<\/td>\n<td width=\"84\">deckare<\/td>\n<td>2012<\/td>\n<td>engelska<\/td>\n<\/tr>\n<tr>\n<td width=\"138\">Bulgakov, Michail<\/td>\n<td width=\"159\">Heart of a Dog<\/td>\n<td width=\"84\">roman<\/td>\n<td>1925<\/td>\n<td>engelska<\/td>\n<\/tr>\n<tr>\n<td width=\"138\">Flynn, Gillian<\/td>\n<td width=\"159\">Vassa f\u00f6rem\u00e5l<\/td>\n<td width=\"84\">deckare<\/td>\n<td>2007<\/td>\n<td>svenska<\/td>\n<\/tr>\n<tr>\n<td width=\"138\">Fogelstr\u00f6m, Per Anders<\/td>\n<td width=\"159\">Hem, till sist<\/td>\n<td width=\"84\">biografi<\/td>\n<td>1993<\/td>\n<td>svenska<\/td>\n<\/tr>\n<tr>\n<td width=\"138\">Forsstr\u00f6m, Ted<\/td>\n<td width=\"159\">Teds sista ord<\/td>\n<td width=\"84\">korta juttun<\/td>\n<td>2017<\/td>\n<td>svenska<\/td>\n<\/tr>\n<tr>\n<td width=\"138\">Fridolin, Gustav<\/td>\n<td width=\"159\">Morfar skrev inga memoarer<\/td>\n<td width=\"84\">verklighetsbaserad<\/td>\n<td>2013<\/td>\n<td>svenska<\/td>\n<\/tr>\n<tr>\n<td width=\"138\">Gardell, Jonas<\/td>\n<td width=\"159\">Frestelsernas berg<\/td>\n<td width=\"84\">roman<\/td>\n<td>1995<\/td>\n<td>svenska<\/td>\n<\/tr>\n<tr>\n<td width=\"138\">Gardell, Jonas<\/td>\n<td width=\"159\">En komikers uppv\u00e4xt<\/td>\n<td width=\"84\">roman<\/td>\n<td>1992<\/td>\n<td>svenska<\/td>\n<\/tr>\n<tr>\n<td width=\"138\">Haag, Martina<\/td>\n<td width=\"159\">Det \u00e4r n\u00e5got som inte st\u00e4mmer<\/td>\n<td width=\"84\">roman<\/td>\n<td>2015<\/td>\n<td>svenska<\/td>\n<\/tr>\n<tr>\n<td width=\"138\">Haddas, Esma<\/td>\n<td width=\"159\">Tarundia<\/td>\n<td width=\"84\">fantasy-vampyr<\/td>\n<td>2017<\/td>\n<td>finska<\/td>\n<\/tr>\n<tr>\n<td width=\"138\">Hagen, Cecilia<\/td>\n<td width=\"159\">St\u00e4ndigt fr\u00e5gvis<\/td>\n<td width=\"84\">korta juttun<\/td>\n<td>2016<\/td>\n<td>svenska<\/td>\n<\/tr>\n<tr>\n<td width=\"138\">Hakalahti, Niina<\/td>\n<td width=\"159\">Hengenahdistusta<\/td>\n<td width=\"84\">roman<\/td>\n<td>2009<\/td>\n<td>finska<\/td>\n<\/tr>\n<tr>\n<td width=\"138\">Halla-aho, Sanna &amp; J\u00e4rvi Martti<\/td>\n<td width=\"159\">L\u00f6yt\u00f6!<\/td>\n<td width=\"84\">inredning<\/td>\n<td>2013<\/td>\n<td>finska<\/td>\n<\/tr>\n<tr>\n<td width=\"138\">Harbison, Beth<\/td>\n<td width=\"159\">Anonyma sko\u00e4lskares klubb<\/td>\n<td width=\"84\">chick lit\/feelgood<\/td>\n<td>2010<\/td>\n<td>svenska<\/td>\n<\/tr>\n<tr>\n<td width=\"138\">Harkki, Anu<\/td>\n<td width=\"159\">Viritetty<\/td>\n<td width=\"84\">inredning<\/td>\n<td>2007<\/td>\n<td>finska<\/td>\n<\/tr>\n<tr>\n<td width=\"138\">H\u00e4rk\u00f6nen, Anna-Leena<\/td>\n<td width=\"159\">Takana puhumisen taito<\/td>\n<td width=\"84\">korta juttun<\/td>\n<td>2014<\/td>\n<td>finska<\/td>\n<\/tr>\n<tr>\n<td width=\"138\">Hayden, Torey<\/td>\n<td width=\"159\">Ghost Girl<\/td>\n<td width=\"84\">verklighetsbaserad<\/td>\n<td>1991<\/td>\n<td>engelska<\/td>\n<\/tr>\n<tr>\n<td width=\"138\">Hiekkapelto, Kati<\/td>\n<td width=\"159\">Suojattomat<\/td>\n<td width=\"84\">deckare<\/td>\n<td>2014<\/td>\n<td>finska<\/td>\n<\/tr>\n<tr>\n<td width=\"138\">Hjulstr\u00f6m, Carin<\/td>\n<td width=\"159\">Finns inte p\u00e5 kartan<\/td>\n<td width=\"84\">chick lit\/feelgood<\/td>\n<td>2009<\/td>\n<td>svenska<\/td>\n<\/tr>\n<tr>\n<td width=\"138\">Holton, Patricia<\/td>\n<td width=\"159\">Mother Without a Mask: A Westerner&#8217;s Story of Her Arab Family<\/td>\n<td width=\"84\">biografi<\/td>\n<td>2004<\/td>\n<td>engelska<\/td>\n<\/tr>\n<tr>\n<td width=\"138\">Karlsson, Jonas<\/td>\n<td width=\"159\">Jag \u00e4r en tjuv<\/td>\n<td width=\"84\">roman<\/td>\n<td>2015<\/td>\n<td>svenska<\/td>\n<\/tr>\n<tr>\n<td width=\"138\">Kivel\u00e4, Anneli<\/td>\n<td width=\"159\">K\u00f6ydenvetoa Katajam\u00e4ell\u00e4<\/td>\n<td width=\"84\">chick lit\/feelgood<\/td>\n<td>2012<\/td>\n<td>finska<\/td>\n<\/tr>\n<tr>\n<td width=\"138\">Kivel\u00e4, Anneli<\/td>\n<td width=\"159\">Katajam\u00e4ki yll\u00e4ttyy<\/td>\n<td width=\"84\">chick lit\/feelgood<\/td>\n<td>2011<\/td>\n<td>finska<\/td>\n<\/tr>\n<tr>\n<td width=\"138\">Koljonen, Johanna &amp; Ekstr\u00f6m, Anders<\/td>\n<td width=\"159\">Fr\u00e4mling: en bok om Carola<\/td>\n<td width=\"84\">biografi<\/td>\n<td>2012<\/td>\n<td>svenska<\/td>\n<\/tr>\n<tr>\n<td width=\"138\">Korventka &amp; Forsstr\u00f6m<\/td>\n<td width=\"159\">Kutsuvat kortit<\/td>\n<td width=\"84\">pyssel<\/td>\n<td><\/td>\n<td>finska<\/td>\n<\/tr>\n<tr>\n<td width=\"138\">Kum, Eunsum<\/td>\n<td width=\"159\">Nordkorea: nio \u00e5r p\u00e5 flykt fr\u00e5n helvetet<\/td>\n<td width=\"84\">biografi<\/td>\n<td>2015<\/td>\n<td>svenska<\/td>\n<\/tr>\n<tr>\n<td width=\"138\">Lang, Maria<\/td>\n<td width=\"159\">De r\u00f6da kattorna<\/td>\n<td width=\"84\">deckare<\/td>\n<td>1965<\/td>\n<td>svenska<\/td>\n<\/tr>\n<tr>\n<td width=\"138\">Lidstr\u00f6m, Clara<\/td>\n<td width=\"159\">UnderbaraClara. Vintagepimp och hemmafix<\/td>\n<td width=\"84\">inredning<\/td>\n<td>2012<\/td>\n<td>svenska<\/td>\n<\/tr>\n<tr>\n<td width=\"138\">L\u00f6fving, Stellan &amp; Stark, David<\/td>\n<td width=\"159\">\u00c4rtor suger snaps<\/td>\n<td width=\"84\">korta juttun<\/td>\n<td>2015<\/td>\n<td>svenska<\/td>\n<\/tr>\n<tr>\n<td width=\"138\">Milne, A.A<\/td>\n<td width=\"159\">The World of Christopher Robin<\/td>\n<td width=\"84\">barn- och ungdoms-roman<\/td>\n<td width=\"35\">1924 &amp; 1927<\/td>\n<td>engelska<\/td>\n<\/tr>\n<tr>\n<td width=\"138\">Moriarty, Liane<\/td>\n<td width=\"159\">Andras v\u00e4nner<\/td>\n<td width=\"84\">chick lit\/feelgood<\/td>\n<td>2017<\/td>\n<td>svenska<\/td>\n<\/tr>\n<tr>\n<td width=\"138\">Mostr\u00f6m, Jonas<\/td>\n<td width=\"159\">Evig eld<\/td>\n<td width=\"84\">deckare<\/td>\n<td>2012<\/td>\n<td>svenska<\/td>\n<\/tr>\n<tr>\n<td width=\"138\">Newport, Jerry&amp; Mary<\/td>\n<td width=\"159\">Mozart och valen<\/td>\n<td width=\"84\">biografi<\/td>\n<td>2005<\/td>\n<td>svenska<\/td>\n<\/tr>\n<tr>\n<td width=\"138\">Njugood, Ali &amp; Minoui, Delphine<\/td>\n<td width=\"159\">I Am Nujood, Age 10 and Divorced<\/td>\n<td width=\"84\">biografi<\/td>\n<td>2010<\/td>\n<td>engelska<\/td>\n<\/tr>\n<tr>\n<td width=\"138\">Olsson, Linda<\/td>\n<td width=\"159\">Nu vill jag sjunga dig milda s\u00e5nger<\/td>\n<td width=\"84\">roman<\/td>\n<td>2006<\/td>\n<td>svenska<\/td>\n<\/tr>\n<tr>\n<td width=\"138\">Olsson, Linda<\/td>\n<td width=\"159\">En syster i mitt hus<\/td>\n<td width=\"84\">roman<\/td>\n<td>2016<\/td>\n<td>svenska<\/td>\n<\/tr>\n<tr>\n<td width=\"138\">Otsuka, Julie<\/td>\n<td width=\"159\">Vi kom \u00f6ver havet<\/td>\n<td width=\"84\">biografi<\/td>\n<td>2011<\/td>\n<td>svenska<\/td>\n<\/tr>\n<tr>\n<td width=\"138\">Roth, Veronica<\/td>\n<td width=\"159\">Insurgent<\/td>\n<td width=\"84\">fantasy &#8211;\u00a0 vampyr<\/td>\n<td>2012<\/td>\n<td>engelska<\/td>\n<\/tr>\n<tr>\n<td width=\"138\">Rudberg, Denise och Rehnberg, Hugo<\/td>\n<td width=\"159\">En tillf\u00e4llig l\u00f6sning<\/td>\n<td width=\"84\">chick lit\/feelgood<\/td>\n<td>2015<\/td>\n<td>svenska<\/td>\n<\/tr>\n<tr>\n<td width=\"138\">Samartin, Cecilia<\/td>\n<td width=\"159\">Senor Peregrino<\/td>\n<td width=\"84\">roman<\/td>\n<td>2008<\/td>\n<td>svenska<\/td>\n<\/tr>\n<tr>\n<td width=\"138\">Sandbacka, Carola<\/td>\n<td width=\"159\">Under kriget<\/td>\n<td width=\"84\">historisk roman<\/td>\n<td>2011<\/td>\n<td>svenska<\/td>\n<\/tr>\n<tr>\n<td width=\"138\">Sandstr\u00f6m, Peter<\/td>\n<td width=\"159\">Laudatur<\/td>\n<td width=\"84\">roman<\/td>\n<td>2016<\/td>\n<td>svenska<\/td>\n<\/tr>\n<tr>\n<td width=\"138\">Sk\u00e4ringer, Mia<\/td>\n<td width=\"159\">Dyngk\u00e5t och hur helig som helst<\/td>\n<td width=\"84\">korta juttun<\/td>\n<td>2009<\/td>\n<td>svenska<\/td>\n<\/tr>\n<tr>\n<td width=\"138\">Str\u00f6mberg, Mikaela<\/td>\n<td width=\"159\">Sophie<\/td>\n<td width=\"84\">verklighetsbaserad<\/td>\n<td>2015<\/td>\n<td>svenska<\/td>\n<\/tr>\n<tr>\n<td width=\"138\">Sundqvist, Christel<\/td>\n<td width=\"159\">Om n\u00e5got skulle h\u00e4nda<\/td>\n<td width=\"84\">roman<\/td>\n<td>2011<\/td>\n<td>svenska<\/td>\n<\/tr>\n<tr>\n<td width=\"138\">Tyler, Anne<\/td>\n<td width=\"159\">Back When We Were Grownups<\/td>\n<td width=\"84\">roman<\/td>\n<td>2001<\/td>\n<td>engelska<\/td>\n<\/tr>\n<tr>\n<td width=\"138\">Utrio, Kaari<\/td>\n<td width=\"159\">Rakas Henrietta<\/td>\n<td width=\"84\">historisk roman<\/td>\n<td>1978<\/td>\n<td>finska<\/td>\n<\/tr>\n<tr>\n<td width=\"138\">Voors, Barbara<\/td>\n<td width=\"159\">Akvarium<\/td>\n<td width=\"84\">roman<\/td>\n<td>1991<\/td>\n<td>svenska<\/td>\n<\/tr>\n<tr>\n<td width=\"138\">Weiner, Jennifer<\/td>\n<td width=\"159\">who do you love<\/td>\n<td width=\"84\">chick lit\/feelgood<\/td>\n<td>2015<\/td>\n<td>engelska<\/td>\n<\/tr>\n<tr>\n<td width=\"138\">Will\u00e9n, Linnea<\/td>\n<td width=\"159\">Barfota \u00e4nglar<\/td>\n<td width=\"84\">biografi<\/td>\n<td>2010<\/td>\n<td>svenska<\/td>\n<\/tr>\n<\/tbody>\n<\/table>\n","protected":false},"excerpt":{"rendered":"<p>H\u00f6rb\u00f6cker 2017 Adler-Olsen, Jussi Washingtondekretet triller 2006 svenska \u00c5hman Owetz, Eli Flickorna i speceriaff\u00e4ren chick lit\/feelgood 2014 svenska Ahnhen, Stefan Arton grader minus deckare 2016 svenska Alsterdal, Tove L\u00e5t mig ta din hand roman 2014 svenska Arnald, Jan Intimus roman &hellip; <a href=\"https:\/\/blogs2.abo.fi\/laslust\/last-2017\/\">Forts\u00e4tt l\u00e4sa <span class=\"meta-nav\">&rarr;<\/span><\/a><\/p>\n","protected":false},"author":7,"featured_media":0,"parent":0,"menu_order":0,"comment_status":"closed","ping_status":"closed","template":"","meta":{"footnotes":""},"class_list":["post-2212","page","type-page","status-publish","hentry"],"_links":{"self":[{"href":"https:\/\/blogs2.abo.fi\/laslust\/wp-json\/wp\/v2\/pages\/2212","targetHints":{"allow":["GET"]}}],"collection":[{"href":"https:\/\/blogs2.abo.fi\/laslust\/wp-json\/wp\/v2\/pages"}],"about":[{"href":"https:\/\/blogs2.abo.fi\/laslust\/wp-json\/wp\/v2\/types\/page"}],"author":[{"embeddable":true,"href":"https:\/\/blogs2.abo.fi\/laslust\/wp-json\/wp\/v2\/users\/7"}],"replies":[{"embeddable":true,"href":"https:\/\/blogs2.abo.fi\/laslust\/wp-json\/wp\/v2\/comments?post=2212"}],"version-history":[{"count":3,"href":"https:\/\/blogs2.abo.fi\/laslust\/wp-json\/wp\/v2\/pages\/2212\/revisions"}],"predecessor-version":[{"id":2215,"href":"https:\/\/blogs2.abo.fi\/laslust\/wp-json\/wp\/v2\/pages\/2212\/revisions\/2215"}],"wp:attachment":[{"href":"https:\/\/blogs2.abo.fi\/laslust\/wp-json\/wp\/v2\/media?parent=2212"}],"curies":[{"name":"wp","href":"https:\/\/api.w.org\/{rel}","templated":true}]}}