{"id":2,"date":"2018-01-25T09:27:15","date_gmt":"2018-01-25T09:27:15","guid":{"rendered":"http:\/\/blogs2.abo.fi\/kursmaterial\/?page_id=2"},"modified":"2019-06-19T10:26:19","modified_gmt":"2019-06-19T08:26:19","slug":"sample-page","status":"publish","type":"page","link":"https:\/\/blogs2.abo.fi\/kursmaterial\/","title":{"rendered":""},"content":{"rendered":"<p><img loading=\"lazy\" decoding=\"async\" class=\"alignnone size-full wp-image-14\" src=\"http:\/\/blogs2.abo.fi\/kursmaterial\/wp-content\/uploads\/sites\/81\/2018\/01\/cropped-CLL-logo-10-webb.jpg\" alt=\"\" width=\"240\" height=\"108\" \/><\/p>\n<p>H\u00e4r hittar du l\u00e4nkar till kursmaterialet fr\u00e5n de kurser du deltagit i.<\/p>\n<p>Kontakta utbildningsplanerare Nancy Pettersson, fornamn.efternamn@abo.fi om du har fr\u00e5gor!<\/p>\n<p>Kurser:<\/p>\n<p>1. <a href=\"http:\/\/blogs2.abo.fi\/kursmaterial\/effektiv-informationssokning-och-korrekt-anvandning-av-information\/\">Effektiv informationss\u00f6kning och korrekt anv\u00e4ndning av information<\/a><\/p>\n<p>2. <a href=\"http:\/\/blogs2.abo.fi\/kursmaterial\/programmering-och-making\/\">Programmering och making<\/a><\/p>\n<p>&nbsp;<\/p>\n","protected":false},"excerpt":{"rendered":"<p>H\u00e4r hittar du l\u00e4nkar till kursmaterialet fr\u00e5n de kurser du deltagit i. Kontakta utbildningsplanerare Nancy Pettersson, fornamn.efternamn@abo.fi om du har fr\u00e5gor! Kurser: 1. Effektiv informationss\u00f6kning och korrekt anv\u00e4ndning av information 2. Programmering och making &nbsp;<\/p>\n","protected":false},"author":91,"featured_media":0,"parent":0,"menu_order":0,"comment_status":"closed","ping_status":"open","template":"","meta":{"footnotes":""},"class_list":["post-2","page","type-page","status-publish","hentry"],"_links":{"self":[{"href":"https:\/\/blogs2.abo.fi\/kursmaterial\/wp-json\/wp\/v2\/pages\/2","targetHints":{"allow":["GET"]}}],"collection":[{"href":"https:\/\/blogs2.abo.fi\/kursmaterial\/wp-json\/wp\/v2\/pages"}],"about":[{"href":"https:\/\/blogs2.abo.fi\/kursmaterial\/wp-json\/wp\/v2\/types\/page"}],"author":[{"embeddable":true,"href":"https:\/\/blogs2.abo.fi\/kursmaterial\/wp-json\/wp\/v2\/users\/91"}],"replies":[{"embeddable":true,"href":"https:\/\/blogs2.abo.fi\/kursmaterial\/wp-json\/wp\/v2\/comments?post=2"}],"version-history":[{"count":18,"href":"https:\/\/blogs2.abo.fi\/kursmaterial\/wp-json\/wp\/v2\/pages\/2\/revisions"}],"predecessor-version":[{"id":80,"href":"https:\/\/blogs2.abo.fi\/kursmaterial\/wp-json\/wp\/v2\/pages\/2\/revisions\/80"}],"wp:attachment":[{"href":"https:\/\/blogs2.abo.fi\/kursmaterial\/wp-json\/wp\/v2\/media?parent=2"}],"curies":[{"name":"wp","href":"https:\/\/api.w.org\/{rel}","templated":true}]}}