{"id":17,"date":"2018-01-25T11:55:05","date_gmt":"2018-01-25T09:55:05","guid":{"rendered":"http:\/\/blogs2.abo.fi\/kursmaterial\/?page_id=17"},"modified":"2018-09-19T14:23:34","modified_gmt":"2018-09-19T12:23:34","slug":"effektiv-informationssokning-och-korrekt-anvandning-av-information","status":"publish","type":"page","link":"https:\/\/blogs2.abo.fi\/kursmaterial\/effektiv-informationssokning-och-korrekt-anvandning-av-information\/","title":{"rendered":"Effektiv informationss\u00f6kning och korrekt anv\u00e4ndning av information"},"content":{"rendered":"<p><strong>Effektiv infomationss\u00f6kning<\/strong><\/p>\n<p>1. F\u00f6rel\u00e4sningsunderlag (PP)<br \/>\n<a href=\"http:\/\/blogs2.abo.fi\/kursmaterial\/wp-content\/uploads\/sites\/81\/2018\/02\/Effektiv-informationss\u00f6kning-och-korrekt-anv\u00e4ndning-av-information.pdf\">Effektiv informationss\u00f6kning och korrekt anv\u00e4ndning av information<\/a><\/p>\n<p>2. \u00d6vningar <a href=\"http:\/\/blogs2.abo.fi\/kursmaterial\/wp-content\/uploads\/sites\/81\/2018\/02\/l\u00e4rarfortbildning_informationss\u00f6kning_uppgifter-1.pdf\"><br \/>\n<\/a><a href=\"http:\/\/blogs2.abo.fi\/kursmaterial\/wp-content\/uploads\/sites\/81\/2018\/09\/l\u00e4rarfortbildning_informationss\u00f6kning_uppgifter.pdf\">l\u00e4rarfortbildning_informationss\u00f6kning_uppgifter<\/a><\/p>\n<p>&#8221;facit&#8221;<\/p>\n<p><a href=\"http:\/\/blogs2.abo.fi\/kursmaterial\/wp-content\/uploads\/sites\/81\/2018\/09\/l\u00e4rarfortbildning_informationss\u00f6kning_uppgifter_facit.pdf\">l\u00e4rarfortbildning_informationss\u00f6kning_uppgifter_facit<\/a><\/p>\n<h4>Kursutv\u00e4rdering: Esbo 26.9 <a href=\"https:\/\/survey.abo.fi\/lomakkeet\/10402\/lomake.html\">https:\/\/survey.abo.fi\/lomakkeet\/10402\/lomake.html<\/a><\/h4>\n","protected":false},"excerpt":{"rendered":"<p>Effektiv infomationss\u00f6kning 1. F\u00f6rel\u00e4sningsunderlag (PP) Effektiv informationss\u00f6kning och korrekt anv\u00e4ndning av information 2. \u00d6vningar l\u00e4rarfortbildning_informationss\u00f6kning_uppgifter &#8221;facit&#8221; l\u00e4rarfortbildning_informationss\u00f6kning_uppgifter_facit Kursutv\u00e4rdering: Esbo 26.9 https:\/\/survey.abo.fi\/lomakkeet\/10402\/lomake.html<\/p>\n","protected":false},"author":91,"featured_media":45,"parent":0,"menu_order":0,"comment_status":"closed","ping_status":"closed","template":"","meta":{"footnotes":""},"class_list":["post-17","page","type-page","status-publish","has-post-thumbnail","hentry"],"_links":{"self":[{"href":"https:\/\/blogs2.abo.fi\/kursmaterial\/wp-json\/wp\/v2\/pages\/17","targetHints":{"allow":["GET"]}}],"collection":[{"href":"https:\/\/blogs2.abo.fi\/kursmaterial\/wp-json\/wp\/v2\/pages"}],"about":[{"href":"https:\/\/blogs2.abo.fi\/kursmaterial\/wp-json\/wp\/v2\/types\/page"}],"author":[{"embeddable":true,"href":"https:\/\/blogs2.abo.fi\/kursmaterial\/wp-json\/wp\/v2\/users\/91"}],"replies":[{"embeddable":true,"href":"https:\/\/blogs2.abo.fi\/kursmaterial\/wp-json\/wp\/v2\/comments?post=17"}],"version-history":[{"count":12,"href":"https:\/\/blogs2.abo.fi\/kursmaterial\/wp-json\/wp\/v2\/pages\/17\/revisions"}],"predecessor-version":[{"id":69,"href":"https:\/\/blogs2.abo.fi\/kursmaterial\/wp-json\/wp\/v2\/pages\/17\/revisions\/69"}],"wp:featuredmedia":[{"embeddable":true,"href":"https:\/\/blogs2.abo.fi\/kursmaterial\/wp-json\/wp\/v2\/media\/45"}],"wp:attachment":[{"href":"https:\/\/blogs2.abo.fi\/kursmaterial\/wp-json\/wp\/v2\/media?parent=17"}],"curies":[{"name":"wp","href":"https:\/\/api.w.org\/{rel}","templated":true}]}}