{"id":206,"date":"2018-04-16T10:00:23","date_gmt":"2018-04-16T10:00:23","guid":{"rendered":"http:\/\/blogs2.abo.fi\/kommunicerandekonsumtion\/?page_id=206"},"modified":"2021-01-04T10:17:31","modified_gmt":"2021-01-04T10:17:31","slug":"publikationer","status":"publish","type":"page","link":"https:\/\/blogs2.abo.fi\/kommunicerandekonsumtion\/publikationer\/","title":{"rendered":"Publikationer"},"content":{"rendered":"<p><strong>Artiklar i vetenskapliga tidskrifter och antologier<\/strong><\/p>\n<p>Johanna Wassholm &amp; Anna Sundelin, &#8217;<a href=\"https:\/\/www.tandfonline.com\/doi\/full\/10.1080\/2373518X.2020.1859927?src=\">Gendered encounters in mobile trade: human hair as a commodity in the Nordics, 1870\u20131914<\/a>&#8217;. <em>History of Retailing and Consumption<\/em> 6, 2020:2.<\/p>\n<p>Eija Stark, &#8217;Stories on the food-begging Roma: Boundary making in the Finnish peasant homes&#8217;. Ra\u00fal Matta, Charles-\u00c9douar Suremain &amp; Chantal Crenn (red.): <i>Food Identities at Home and on the Move: Explorations at the Intersection of Food, Belonging and Dwelling<\/i>. 2020, London: Routledge.<\/p>\n<p>Johanna Wassholm, &#8217;<a href=\"https:\/\/journal.fi\/store\/article\/view\/83460\">Tatar Pedlars in the Grand Duchy of Finland in the Late Nineteenth Century<\/a>&#8217;. <em>Studia Orientalia Electronica<\/em> 8, 2020:2. 8\u201324.<\/p>\n<p>Eija Stark, Kati Mikkola &amp; Pia Olsson, &#8217;Minority Cultures and the Making of Cultural Heritage Archives in Finland&#8217;. <i>Ethnologia Europeae<\/i>\u00a049 (1): 58\u201373.\u00a0<a id=\"LPlnk282008\" class=\"x_OWAAutoLink\" href=\"https:\/\/doi.org\/10.16995\/ee.818\" target=\"_blank\" rel=\"noopener noreferrer\">https:\/\/doi.org\/10.16995\/ee.818<\/a><\/p>\n<p><span lang=\"EN-US\">Eija Stark, &#8217;A Farewell to Involuntary Mobility: Narratives on Homeownership in Mid20th-Century Finland&#8217;. <\/span><i>Journal of Finnish Studies<\/i> 22, 2019:1\u20132. 119\u2013136.<\/p>\n<p>Eija Stark. \u201dSuullinen kulttuuri ja kirjallinen aineisto. Katsaus folkloristiikan historialliseen itseymm\u00e4rrykseen\u201d. Niina H\u00e4m\u00e4l\u00e4inen &amp; Hanna Karhu &amp; Silja Vuorikuru (toim.), <i>Suullisen ja kirjallisen yhteydet folkloristiikassa ja kirjallisuudentutkimuksessa <\/i>(Helsinki: SKS 2019).<\/p>\n<p>Johanna Wassholm, &#8217;Liikkuva kauppa ja kulttuurien kohtaaminen. Tataarien kulku- ja markkinakauppa Suomessa vuosina 1870\u20131920&#8217;. Marko Lamberg, Ulla Piela, Hanna Snellman (red.), <a href=\"https:\/\/sks.kauppakv.fi\/sivu\/tuote\/?id=2284441\"><em>Satunnaisesti Suomessa<\/em><\/a>.\u00a0Kalevalaseuran vuosikirja 97 (Helsinki 2018).<\/p>\n<p>Anna Sundelin, &#8217;Kulkukauppiaiden myyntitavaroiden vastaanotto Suomessa vuosina 1880\u20131920&#8217;. Marko Lamberg, Ulla Piela, Hanna Snellman (red.), <a href=\"https:\/\/sks.kauppakv.fi\/sivu\/tuote\/?id=2284441\"><em>Satunnaisesti Suomessa<\/em><\/a>.\u00a0Kalevalaseuran vuosikirja 97 (Helsinki 2018).<\/p>\n<p>Johanna Wassholm, &#8217;Liikkuva kauppa ja kulttuurien kohtaaminen. Tataarien kulku- ja markkinakauppa Suomessa vuosina 1870\u20131920&#8217;. Marko Lamberg, Ulla Piela, Hanna Snellman (red.), <a href=\"https:\/\/sks.kauppakv.fi\/sivu\/tuote\/?id=2284441\"><em>Satunnaisesti Suomessa<\/em><\/a>.\u00a0Kalevalaseuran vuosikirja 97 (Helsinki 2018).<\/p>\n<p>Ann-Catrin \u00d6stman, <a href=\"https:\/\/journal.fi\/htf\/article\/view\/69246\">&#8217;Knubbmorin, Handels-Maj och Mamsell Bygden\u00a0\u2013 tidiga lanthandlerskor i etnologiskt fr\u00e5gelistmaterial<\/a>&#8217;.\u00a0<em>Historisk Tidskrift f\u00f6r Finland<\/em> 2018:2. 295\u2013323.<\/p>\n<p>Jutta Ahlbeck, &#8217;<a href=\"https:\/\/journal.fi\/htf\/article\/view\/69798\">Tingens paria. Romers g\u00e5rdfarihandel och artefakters betydelse under f\u00f6rsta h\u00e4lften av 1900-talet<\/a>&#8217;.\u00a0<em>Historisk Tidskrift f\u00f6r Finland<\/em> 2018:2. 262\u2013294.<\/p>\n<p>Johanna Wassholm &amp; Anna Sundelin, &#8217;&#8221;<a href=\"https:\/\/journal.fi\/htf\/article\/view\/69247\">Det h\u00e4nger p\u00e5 ett h\u00e5r&#8221;. Praktiker, moral och varufl\u00f6den i handeln med m\u00e4nniskoh\u00e5r i Finland 1870\u20131900<\/a>&#8217;. <em>Historisk Tidskrift f\u00f6r Finland<\/em> 2018:2. 231\u2013261.<\/p>\n<p>Hanna Lindberg, &#8217;&#8221;<a href=\"https:\/\/journal.fi\/htf\/article\/view\/69230\">I h\u00e4nderna p\u00e5 arkangeliter, judar och andra schackrare&#8221;. Debatten om g\u00e5rdfarihandel p\u00e5 Finlands lantdag 1877\u20131878<\/a>&#8217;. <em>Historisk Tidskrift f\u00f6r Finland<\/em> 2018:2. 205\u2013230.<\/p>\n<p>Johanna Wassholm &amp; Anna Sundelin, &#8217;<a href=\"https:\/\/journal.fi\/htf\/article\/view\/74542\">Sm\u00e5skalig handel p\u00e5 glidande skalor. F\u00f6rs\u00f6rjning och konsumtion i Finland 1800\u20131940<\/a>&#8217;. <em>Historisk Tidskrift f\u00f6r Finland<\/em> 2018:2. 191\u2013204.<\/p>\n<p>Eija Stark, &#8217;Cultural Intimacy and Othering through Narrative Culture: Folktales about the Finnish Roma&#8217;. <span lang=\"EN-US\"><em>Narrative Culture<\/em> 5, 2018:1. 70\u201394.<\/span><\/p>\n<p>Johanna Wassholm &amp; Anna Sundelin, \u2018<a href=\"https:\/\/www.tandfonline.com\/eprint\/JrjIvP2dWFNM7v7IVzty\/full\">Emotions, trading practices and communication in\u00a0transnational itinerant trade: encounters between \u2018Rucksack Russians\u2019 and their customers\u00a0in the late nineteenth- and early twentieth-century Finland<\/a>\u2019. <em>Scandinavian Economic\u00a0History Review\u00a0<\/em>2018:2.<\/p>\n<p>Johanna Wassholm, \u2019<a href=\"https:\/\/journal.fi\/htf\/article\/view\/70363?acceptCookies=1\">Handel i marginalen. Lokalsamh\u00e4llet och judisk sm\u00e5handel i \u00c5bo kring sekelskiftet 1900<\/a>\u2019. <em>Historisk Tidskrift f\u00f6r Finland<\/em> 2017:4. 589\u2013617.<\/p>\n<p>Hanna Lindberg &amp; Ann-Catrin \u00d6stman, &#8217;F\u00f6rs\u00e4ljning och f\u00f6rs\u00f6rjning i marginalen \u2013 ett tv\u00e4rvetenskapligt projekt om g\u00e5rdfarihandel och sm\u00e5handel i 1800-talets Finland&#8217;. Jonas Ahlskog &amp; Mio Lindman (red.), <em>Rum f\u00f6r eftertanke<\/em>. <em>En antologi om att utmana det invanda. <\/em>\u00c5bo 2017<em>.\u00a0<\/em>143\u2013162.<\/p>\n<p>Hanna Lindberg &amp; Johanna Wassholm, \u2019Handel med fr\u00e4mlingar. Kulturm\u00f6ten, konsumtion och r\u00f6rlig handel i Finland 1840\u20131940\u2019. <em>Arbetarhistoria<\/em> 2017:3\u20134. 61\u201363.<\/p>\n<p>Eija Stark, &#8217;The politics of folklore, the policy of collecting it. Majority folklore on the Roma in early 20th century Finland&#8217;. <em>EthnoAnthropoZoom: Journal<\/em><i> of the Institute of Ethnology and Anthropology <\/i>15, 2016. 150\u2212176.<\/p>\n<p><strong>Kolumner och ess\u00e4er<\/strong><\/p>\n<p>Johanna Wassholm, \u2019<a href=\"https:\/\/news.abounderrattelser.fi\/konflikten-mellan-fasta-och-rorliga-forsaljare-var-aktuell-redan-under-forra-sekelskiftet\/?fbclid=IwAR0YKr_RmOrAoDL8V2CmHv85srYB8hRRg1znIL2Pzzt_2jw2ARt2T484cdA\">Kampen om platsen\u2019<\/a>. <em>\u00c5bo Underr\u00e4ttelser<\/em> 2.6.2020.<\/p>\n<p>Johanna Wassholm, \u2019Mullvadar och andra spioner\u2019. <em>\u00c5bo Underr\u00e4ttelser<\/em> 5.5.2020.<\/p>\n<p>Johanna Wassholm, &#8217;<a href=\"https:\/\/news.abounderrattelser.fi\/den-hotfulla-rorligheten\/?fbclid=IwAR2oozwhtj7W1eu2EXF2Xv4Z3VmMFO7yLagzVToLQJWd0Qf3O636IqYFp1g\">Den hotfulla r\u00f6rligheten<\/a>&#8217;. <em>\u00c5bo Underr\u00e4ttelser<\/em> 10.3.2020.<\/p>\n<p>Johanna Wassholm, &#8217;<a href=\"https:\/\/news.abounderrattelser.fi\/hotad-plats\/\">Hotad plats<\/a>&#8217;. <em>\u00c5bo Underr\u00e4ttelser<\/em> 11.2.2020.<\/p>\n<p>Anna Sundelin &amp; Johanna Wassholm, &#8217;<a href=\"http:\/\/www.tidskriftenikaros.fi\/wp-content\/uploads\/2020\/01\/ikaros-3_19_Mellan-F%C3%A5f%C3%A4ngt-sl%C3%B6seri-eller-aktiva-konsumtionsval.pdf?fbclid=IwAR2Y7HIL3Ku7uEpHCowtiDFLGsXa3ve-ancr3SGlF9RRyuresynyq36iAf0\">F\u00e5f\u00e4ngt sl\u00f6seri eller aktiva konsumtionsval<\/a>?&#8217;\u00a0 <em>Ikaros. Tidskrift om m\u00e4nniskan och vetenskapen<\/em> 2019:3. 20\u201322.<\/p>\n<p>Johanna Wassholm, &#8217;<a href=\"https:\/\/news.abounderrattelser.fi\/lost-folk-i-torghornen-i-marknadsvimlet-kunde-aboborna-mota-handelsman-fran-fjarran-regioner\/\">L\u00f6st folk i torgh\u00f6rnet<\/a>&#8217;. <em>\u00c5bo Underr\u00e4ttelser<\/em> 5.3.2019.<\/p>\n<p>Ann-Catrin \u00d6stman, &#8217;<a href=\"https:\/\/www.hbl.fi\/artikel\/flera-folk-pa-plan\/\">Flera folk p\u00e5 plan, f\u00f6rr och nu<\/a>&#8217;.\u00a0<em>Hufvudstadsbladet<\/em> 29.12.2018.<\/p>\n<p>Johanna Wassholm, &#8217;<a href=\"http:\/\/news.abounderrattelser.fi\/en-fran-inio-berattar-att-man-begav-sig-till-houtskar-for-att-traffa-folk-eller-hora-en-god-predikant-medan-ungdomens-intresse-lag-i-att-spana-in-potentiella-akta-halfter\/\">Livat p\u00e5 kyrkbacken<\/a>&#8217;. <em>\u00c5bo Underr\u00e4ttelser<\/em> 27.11.2018.<\/p>\n<p>Ann-Catrin \u00d6stman, &#8217;<a href=\"https:\/\/www.hbl.fi\/artikel\/mjolk-i-plast-om-vardighet-och-konsumtion\/?fbclid=IwAR2ID8lfTB7eykpFxhipB_cI0ffkMPMwX7F7ECeseNRnZuF7N30ZnNNz8Zk\">Mj\u00f6lk i plast &#8211; om konsumtion och v\u00e4rdighet<\/a>&#8217;. <em>Hufvudstadsbladet<\/em> 20.10.2018.<\/p>\n<p>Johanna Wassholm, &#8217;<a href=\"http:\/\/news.abounderrattelser.fi\/handelsman-med-rotter-i-ryssland-var-vanliga-bekantskaper-pa-handelsplatserna-da-finland-var-ryskt-storfurstendome\/\">Handelsjargong<\/a>&#8217;. <em>\u00c5bo Underr\u00e4ttelser<\/em> 2.10.2018<\/p>\n<p>Ann-Catrin \u00d6stman, &#8217;<a href=\"https:\/\/www.hbl.fi\/artikel\/blavita-bar\/\">Bl\u00e5vita b\u00e4r<\/a>&#8217;. <em>Hufvudstadsbladet<\/em> 15.9.2018<\/p>\n<p>Johanna Wassholm, &#8217;Narinkhandel&#8217;.\u00a0<em>\u00c5bo Underr\u00e4ttelser<\/em> 30.1.2018<\/p>\n<p>Ann-Catrin \u00d6stman, &#8217;<a href=\"https:\/\/www.hbl.fi\/artikel\/olets-moralekonomi\/\">\u00d6lets moralekonomi<\/a>&#8217;. <em>Hufvudstadsbladet<\/em> 11.1.2018<\/p>\n<p>Johanna Wassholm &amp; Ann-Catrin \u00d6stman, \u2019<a href=\"http:\/\/www.tidskriftenikaros.fi\/wp-content\/uploads\/2017\/09\/%C3%B6stman.pdf\">Skillnader skapades i m\u00f6ten p\u00e5 marknaden<\/a>&#8217;. <em>Ikaros. Tidskrift om m\u00e4nniskan och vetenskapen<\/em> 2017:2. 22\u201325.<\/p>\n<p>Johanna Wassholm, &#8217;H\u00e5rhets f\u00f6rr och nu&#8217;.\u00a0<em>\u00c5bo Underr\u00e4ttelser<\/em> 19.10.2017.<\/p>\n<p>Ann-Catrin \u00d6stman: &#8217;<a href=\"https:\/\/www.hbl.fi\/artikel\/pa-salutorgen-och-pa-tratorgen\/\">P\u00e5 salutorgen och p\u00e5 tr\u00e4torgen<\/a>&#8217;. <em>Hufuvdstadsbladet<\/em> 24.8.2017.<\/p>\n<p style=\"text-align: left\">Ann-Catrin \u00d6stman, &#8217;F\u00f6rpassade&#8217;.\u00a0<em>Hufvudstadsbladet<\/em> 14.6.2017.<\/p>\n<p style=\"text-align: left\">Ann-Catrin \u00d6stman, &#8217;<a href=\"https:\/\/www.hbl.fi\/artikel\/ocksa-en-sida-av-medaljen\/\">Ocks\u00e5 en sida av medaljen<\/a>&#8217;.\u00a0<em>Hufvudstadsbladet<\/em> 10.5.2017.<\/p>\n<p>Johanna Wassholm, \u2019Handel och hatprat\u2019. <em>\u00c5bo Underr\u00e4ttelser<\/em> 12.1.2017.<\/p>\n<p>Johanna Wassholm, \u2019Med marknaden kom koleran\u2019. <em>\u00c5bo Underr\u00e4ttelser<\/em> 20.10.2016.<\/p>\n<p>Ann-Catrin \u00d6stman, &#8217;<a href=\"https:\/\/www.hbl.fi\/artikel\/husrum-och-anstandighet\/\">Husrum och anst\u00e4ndighet<\/a>&#8217;.\u00a0<em>Hufvudstadsbladet <\/em>31.8.2016.<\/p>\n<p>Johanna Wassholm, \u2019Utvisad!\u2019. <em>\u00c5bo Underr\u00e4ttelser<\/em> 25.8.2016.<\/p>\n<p>Johanna Wassholm, \u2019H\u00e4r m\u00f6tte jag \u00d6sterlandet\u2019. <em>\u00c5bo Underr\u00e4ttelser<\/em> 7.4.2016.<\/p>\n<p>Ann-Catrin \u00d6stman, &#8217;<a href=\"https:\/\/www.hbl.fi\/artikel\/radslor-i-rorelse\/\">R\u00e4dslor i r\u00f6relse<\/a>&#8217;.\u00a0<em>Hufvudstadsbladet\u00a0<\/em>9.3.2016.<\/p>\n<p>Ann-Catrin \u00d6stman, &#8217;<a href=\"https:\/\/www.hbl.fi\/artikel\/de-forsvarslosa-ett-stycke-vardagshistoria-2\/\">De f\u00f6rsvarsl\u00f6sa &#8211; ett stycke vardagshistoria<\/a>&#8217;. <em>Hufvudstadsbladet<\/em> 3.2.2016.<\/p>\n<p><strong>Recensioner<\/strong><\/p>\n<p><span lang=\"EN-US\">Eija Stark, &#8217;Incidental Ethnic Encounters&#8217; <\/span>[Recension av Marko Lamberg, Ulla Piela &amp; Hanna Snellman (red.): Satunnaisesti Suomessa. Helsinki\u00a0<span lang=\"EN-US\">2018].\u00a0<i>Ethnologia Scandinavica<\/i> 49, 2019. 251.<\/span><\/p>\n<p>Johanna Wassholm, &#8217;M\u00e5ngbottnat och nyanserat om kvinnors tidigmoderna f\u00f6rs\u00f6rjning&#8217; [Recension av Christine Bladh,\u00a0<i>Hennes snilles styrka. Kvinnliga grosshandlare i Stockholm och \u00c5bo 1750\u20131820<\/i>. Huddinge 2018 och Sofia Ling, <i>Konsten att f\u00f6rs\u00f6rja sig. Kvinnors arbete i Stockholm 1650\u20131750<\/i>. Stockholm 2016]. <em>Historisk Tidskrift f\u00f6r Finland<\/em> 104, 2019:2. 285\u2013286.<\/p>\n<p>Hanna Lindberg, \u2019L\u00f6sdriveriets och f\u00f6rsvarsl\u00f6shetens praktiker i 1830-talets V\u00e4stmanland?\u2019 [Recension av\u00a0 Theresa Johnsson, <em>V\u00e5rt fredliga samh\u00e4lle. \u2019L\u00f6sdriveri\u2019 och f\u00f6rsvarsl\u00f6shet i Sverige under\u00a01830-talet<\/em>. Uppsala 2016]. <em>Historisk Tidskrift f\u00f6r Finland<\/em> 101 (2016:4). 464\u2013466.<\/p>\n<p>Eija Stark &amp; Kati Mikkola, &#8217;Pohjoismaiden kulttuurit, historiat ja yhteiskunnat pohjoisamerikkalaisittain&#8217; [Konferensrapport: Scandinavian Studies Conference annual Meeting (SASS), 3\u20135.5.2018, UCLA]. <i>Elore <\/i>25, 2018:2.\u00a0 <a id=\"LPlnk692010\" href=\"https:\/\/doi.org\/10.30666\/elore.77324\" target=\"_blank\" rel=\"noopener noreferrer\">https:\/\/doi.org\/10.30666\/elore.77324<\/a><\/p>\n<p>Johanna Wassholm, &#8217;Standardverk om de finska romerna i svensk \u00f6vers\u00e4ttning&#8217; [Recension av Panu Pulma (red.), <em>De finska romernas historia fr\u00e5n svenska tiden till 2000-talet<\/em>. SSLF 800. Helsingfors 2015]. <em>Finsk Tidskrift<\/em> 2016:7\u20138. 106\u2013109.<\/p>\n<p>Eija Stark, &#8217;Kaale-identiteetin ytimess\u00e4&#8217; [Recension av Kai \u00c5berg, <em>These Songs Tell about Our Life, You See. Music, Identity and Gender in Finnish Romani Music<\/em>. Frankfurt am Main 2015]. <i>Elore<\/i> 23, 2016:2. <a id=\"LPlnk167610\" class=\"x_OWAAutoLink\" href=\"https:\/\/doi.org\/10.30666\/elore.79274\" target=\"_blank\" rel=\"noopener noreferrer\">https:\/\/doi.org\/10.30666\/elore.79274<\/a><\/p>\n","protected":false},"excerpt":{"rendered":"<p>Artiklar i vetenskapliga tidskrifter och antologier Johanna Wassholm &amp; Anna Sundelin, &#8217;Gendered encounters in mobile trade: human hair as a commodity in the Nordics, 1870\u20131914&#8217;. History of Retailing and Consumption 6, 2020:2. Eija Stark, &#8217;Stories on the food-begging Roma: Boundary &hellip; <a href=\"https:\/\/blogs2.abo.fi\/kommunicerandekonsumtion\/publikationer\/\">Forts\u00e4tt l\u00e4sa <span class=\"meta-nav\">&rarr;<\/span><\/a><\/p>\n","protected":false},"author":324,"featured_media":0,"parent":0,"menu_order":0,"comment_status":"closed","ping_status":"closed","template":"","meta":{"footnotes":""},"class_list":["post-206","page","type-page","status-publish","hentry"],"_links":{"self":[{"href":"https:\/\/blogs2.abo.fi\/kommunicerandekonsumtion\/wp-json\/wp\/v2\/pages\/206","targetHints":{"allow":["GET"]}}],"collection":[{"href":"https:\/\/blogs2.abo.fi\/kommunicerandekonsumtion\/wp-json\/wp\/v2\/pages"}],"about":[{"href":"https:\/\/blogs2.abo.fi\/kommunicerandekonsumtion\/wp-json\/wp\/v2\/types\/page"}],"author":[{"embeddable":true,"href":"https:\/\/blogs2.abo.fi\/kommunicerandekonsumtion\/wp-json\/wp\/v2\/users\/324"}],"replies":[{"embeddable":true,"href":"https:\/\/blogs2.abo.fi\/kommunicerandekonsumtion\/wp-json\/wp\/v2\/comments?post=206"}],"version-history":[{"count":45,"href":"https:\/\/blogs2.abo.fi\/kommunicerandekonsumtion\/wp-json\/wp\/v2\/pages\/206\/revisions"}],"predecessor-version":[{"id":514,"href":"https:\/\/blogs2.abo.fi\/kommunicerandekonsumtion\/wp-json\/wp\/v2\/pages\/206\/revisions\/514"}],"wp:attachment":[{"href":"https:\/\/blogs2.abo.fi\/kommunicerandekonsumtion\/wp-json\/wp\/v2\/media?parent=206"}],"curies":[{"name":"wp","href":"https:\/\/api.w.org\/{rel}","templated":true}]}}