{"id":11,"date":"2017-02-15T14:38:53","date_gmt":"2017-02-15T14:38:53","guid":{"rendered":"http:\/\/blogs2.abo.fi\/kommunicerandekonsumtion\/?page_id=11"},"modified":"2017-02-15T14:38:53","modified_gmt":"2017-02-15T14:38:53","slug":"projektbeskrivning","status":"publish","type":"page","link":"https:\/\/blogs2.abo.fi\/kommunicerandekonsumtion\/projektbeskrivning\/","title":{"rendered":"Projektbeskrivning"},"content":{"rendered":"<p>Projektet Kommunicerande konsumtion studerar den \u00f6kande konsumtionens kulturella, sociala och samh\u00e4lleliga betydelse och s\u00e4tter speciellt fokus p\u00e5 relationerna mellan spr\u00e5kliga och etniska grupper i 1800-talets och det tidiga 1900-talets Finland. Samtidigt \u00e5sk\u00e5dligg\u00f6rs hur globala skeenden och f\u00f6reteelser p\u00e5verkade det svenska i Finland.<\/p>\n","protected":false},"excerpt":{"rendered":"<p>Projektet Kommunicerande konsumtion studerar den \u00f6kande konsumtionens kulturella, sociala och samh\u00e4lleliga betydelse och s\u00e4tter speciellt fokus p\u00e5 relationerna mellan spr\u00e5kliga och etniska grupper i 1800-talets och det tidiga 1900-talets Finland. Samtidigt \u00e5sk\u00e5dligg\u00f6rs hur globala skeenden och f\u00f6reteelser p\u00e5verkade det svenska &hellip; <a href=\"https:\/\/blogs2.abo.fi\/kommunicerandekonsumtion\/projektbeskrivning\/\">Forts\u00e4tt l\u00e4sa <span class=\"meta-nav\">&rarr;<\/span><\/a><\/p>\n","protected":false},"author":324,"featured_media":0,"parent":0,"menu_order":0,"comment_status":"closed","ping_status":"closed","template":"","meta":{"footnotes":""},"class_list":["post-11","page","type-page","status-publish","hentry"],"_links":{"self":[{"href":"https:\/\/blogs2.abo.fi\/kommunicerandekonsumtion\/wp-json\/wp\/v2\/pages\/11","targetHints":{"allow":["GET"]}}],"collection":[{"href":"https:\/\/blogs2.abo.fi\/kommunicerandekonsumtion\/wp-json\/wp\/v2\/pages"}],"about":[{"href":"https:\/\/blogs2.abo.fi\/kommunicerandekonsumtion\/wp-json\/wp\/v2\/types\/page"}],"author":[{"embeddable":true,"href":"https:\/\/blogs2.abo.fi\/kommunicerandekonsumtion\/wp-json\/wp\/v2\/users\/324"}],"replies":[{"embeddable":true,"href":"https:\/\/blogs2.abo.fi\/kommunicerandekonsumtion\/wp-json\/wp\/v2\/comments?post=11"}],"version-history":[{"count":1,"href":"https:\/\/blogs2.abo.fi\/kommunicerandekonsumtion\/wp-json\/wp\/v2\/pages\/11\/revisions"}],"predecessor-version":[{"id":12,"href":"https:\/\/blogs2.abo.fi\/kommunicerandekonsumtion\/wp-json\/wp\/v2\/pages\/11\/revisions\/12"}],"wp:attachment":[{"href":"https:\/\/blogs2.abo.fi\/kommunicerandekonsumtion\/wp-json\/wp\/v2\/media?parent=11"}],"curies":[{"name":"wp","href":"https:\/\/api.w.org\/{rel}","templated":true}]}}