{"id":20,"date":"2023-10-05T05:33:53","date_gmt":"2023-10-05T05:33:53","guid":{"rendered":"https:\/\/blogs2.abo.fi\/intakt\/?page_id=20"},"modified":"2023-10-05T05:56:49","modified_gmt":"2023-10-05T05:56:49","slug":"kontakt","status":"publish","type":"page","link":"https:\/\/blogs2.abo.fi\/intakt\/kontakt\/","title":{"rendered":"Kontakt"},"content":{"rendered":"<p>Projektet leds av Daniel Ventus som \u00e4r doktor i psykologi och jobbar som forskare vid Experience Lab vid \u00c5bo Akademi i Vasa. Ifall du har fr\u00e5gor, kommentarer eller av n\u00e5gon annan orsak vill kontakta honom \u00e4r det b\u00e4sta att mejla (<a href=\"mailto:daniel.ventus@abo.fi\">daniel.ventus@abo.fi<\/a>) eller ringa +358 505235613.<\/p>\n","protected":false},"excerpt":{"rendered":"<p>Projektet leds av Daniel Ventus som \u00e4r doktor i psykologi och jobbar som forskare vid Experience Lab vid \u00c5bo Akademi i Vasa. Ifall du har fr\u00e5gor, kommentarer eller av n\u00e5gon annan orsak vill kontakta honom \u00e4r det b\u00e4sta att mejla (daniel.ventus@abo.fi) eller ringa +358 505235613.<\/p>\n","protected":false},"author":824,"featured_media":0,"parent":0,"menu_order":3,"comment_status":"closed","ping_status":"closed","template":"","meta":{"footnotes":""},"class_list":["post-20","page","type-page","status-publish","hentry"],"_links":{"self":[{"href":"https:\/\/blogs2.abo.fi\/intakt\/wp-json\/wp\/v2\/pages\/20","targetHints":{"allow":["GET"]}}],"collection":[{"href":"https:\/\/blogs2.abo.fi\/intakt\/wp-json\/wp\/v2\/pages"}],"about":[{"href":"https:\/\/blogs2.abo.fi\/intakt\/wp-json\/wp\/v2\/types\/page"}],"author":[{"embeddable":true,"href":"https:\/\/blogs2.abo.fi\/intakt\/wp-json\/wp\/v2\/users\/824"}],"replies":[{"embeddable":true,"href":"https:\/\/blogs2.abo.fi\/intakt\/wp-json\/wp\/v2\/comments?post=20"}],"version-history":[{"count":3,"href":"https:\/\/blogs2.abo.fi\/intakt\/wp-json\/wp\/v2\/pages\/20\/revisions"}],"predecessor-version":[{"id":35,"href":"https:\/\/blogs2.abo.fi\/intakt\/wp-json\/wp\/v2\/pages\/20\/revisions\/35"}],"wp:attachment":[{"href":"https:\/\/blogs2.abo.fi\/intakt\/wp-json\/wp\/v2\/media?parent=20"}],"curies":[{"name":"wp","href":"https:\/\/api.w.org\/{rel}","templated":true}]}}