{"id":179,"date":"2024-10-25T11:30:16","date_gmt":"2024-10-25T11:30:16","guid":{"rendered":"https:\/\/blogs2.abo.fi\/intakt\/?page_id=179"},"modified":"2025-09-24T05:42:18","modified_gmt":"2025-09-24T05:42:18","slug":"workshop","status":"publish","type":"page","link":"https:\/\/blogs2.abo.fi\/intakt\/","title":{"rendered":"Workshop"},"content":{"rendered":"<p data-ccp-props=\"{&quot;335551550&quot;:1,&quot;335551620&quot;:1,&quot;335559683&quot;:0,&quot;335559685&quot;:0,&quot;335559731&quot;:0,&quot;335559737&quot;:0,&quot;335562764&quot;:2,&quot;335562765&quot;:1,&quot;335562766&quot;:4,&quot;335562767&quot;:0,&quot;335562768&quot;:4,&quot;335562769&quot;:0}\"><span data-usefontface=\"true\" data-contrast=\"none\">Vi s\u00f6ker just nu h\u00f6gskolestuderande som vill delta i en <\/span><span data-usefontface=\"true\" data-contrast=\"none\">anv\u00e4ndarstudie d\u00e4r vi testar en pappersprototyp av en ny <\/span><span data-usefontface=\"true\" data-contrast=\"none\">app<\/span><span data-usefontface=\"true\" data-contrast=\"none\"> som ska hj\u00e4lpa studenter att s\u00e4tta upp m\u00e5l, planera sin <\/span><span data-usefontface=\"true\" data-contrast=\"none\">tid och motverka <\/span><span data-usefontface=\"true\" data-contrast=\"none\">prokrastinering<\/span><span data-usefontface=\"true\" data-contrast=\"none\">.<\/span>\u200b<\/p>\n<p data-ccp-props=\"{&quot;335551550&quot;:1,&quot;335551620&quot;:1,&quot;335559683&quot;:0,&quot;335559685&quot;:0,&quot;335559731&quot;:0,&quot;335559737&quot;:0,&quot;335562764&quot;:2,&quot;335562765&quot;:1,&quot;335562766&quot;:4,&quot;335562767&quot;:0,&quot;335562768&quot;:4,&quot;335562769&quot;:0}\">\u200b<b><span data-usefontface=\"true\" data-contrast=\"none\">Vad handlar studien om?<\/span><\/b>\u200b<\/p>\n<p data-ccp-props=\"{&quot;335551550&quot;:1,&quot;335551620&quot;:1,&quot;335559683&quot;:0,&quot;335559685&quot;:0,&quot;335559731&quot;:0,&quot;335559737&quot;:0,&quot;335562764&quot;:2,&quot;335562765&quot;:1,&quot;335562766&quot;:4,&quot;335562767&quot;:0,&quot;335562768&quot;:4,&quot;335562769&quot;:0}\"><span data-usefontface=\"true\" data-contrast=\"none\">Vi har utvecklat en f\u00f6rsta version (p\u00e5 papper!) av en <\/span><span data-usefontface=\"true\" data-contrast=\"none\">app<\/span><span data-usefontface=\"true\" data-contrast=\"none\"> som <\/span><span data-usefontface=\"true\" data-contrast=\"none\">ska st\u00f6tta studerande i att ta kontroll \u00f6ver sina studier och <\/span><span data-usefontface=\"true\" data-contrast=\"none\">minska uppskjutande. Nu vill vi veta vad du tycker \u2013 vad <\/span><span data-usefontface=\"true\" data-contrast=\"none\">fungerar, vad saknas, och hur kan vi g\u00f6ra <\/span><span data-usefontface=\"true\" data-contrast=\"none\">appen<\/span><span data-usefontface=\"true\" data-contrast=\"none\"> \u00e4nnu b\u00e4ttre?<\/span>\u200b<\/p>\n<p data-ccp-props=\"{&quot;335551550&quot;:1,&quot;335551620&quot;:1,&quot;335559683&quot;:0,&quot;335559685&quot;:0,&quot;335559731&quot;:0,&quot;335559737&quot;:0,&quot;335562764&quot;:2,&quot;335562765&quot;:1,&quot;335562766&quot;:4,&quot;335562767&quot;:0,&quot;335562768&quot;:4,&quot;335562769&quot;:0}\">\u200b<b><span data-usefontface=\"true\" data-contrast=\"none\">Vad inneb\u00e4r det att delta?<\/span><\/b>\u200b<\/p>\n<ul>\n<li data-charcodes=\"8226\" data-font=\"Arial,Sans-Serif\" data-buautonum=\"8\" data-margin=\"450\" data-aria-posinset=\"1\" data-aria-level=\"1\"><span data-usefontface=\"true\" data-contrast=\"none\">Du deltar i en workshop (ca 45\u201360 minuter) d\u00e4r du f\u00e5r <\/span><span data-usefontface=\"true\" data-contrast=\"none\">testa prototypen och ge feedback.<\/span>\u200b<\/li>\n<li data-charcodes=\"8226\" data-font=\"Arial,Sans-Serif\" data-buautonum=\"8\" data-margin=\"450\" data-aria-posinset=\"2\" data-aria-level=\"1\"><span data-usefontface=\"true\" data-contrast=\"none\">Ingen f\u00f6rberedelse kr\u00e4vs \u2013 bara dina tankar och <\/span><span data-usefontface=\"true\" data-contrast=\"none\">erfarenheter som student!<\/span>\u200b<\/li>\n<\/ul>\n<p data-ccp-props=\"{&quot;335551550&quot;:1,&quot;335551620&quot;:1,&quot;335559683&quot;:0,&quot;335559685&quot;:0,&quot;335559731&quot;:0,&quot;335559737&quot;:0,&quot;335562764&quot;:2,&quot;335562765&quot;:1,&quot;335562766&quot;:4,&quot;335562767&quot;:0,&quot;335562768&quot;:4,&quot;335562769&quot;:0}\"><b><span data-usefontface=\"true\" data-contrast=\"none\">Som tack f\u00f6r din medverkan f\u00e5r du ett presentkort v\u00e4rt <\/span><\/b><b><span data-usefontface=\"true\" data-contrast=\"none\">25\u20ac till S-gruppen.<\/span><\/b>\u200b<\/p>\n<p data-ccp-props=\"{&quot;335551550&quot;:1,&quot;335551620&quot;:1,&quot;335559683&quot;:0,&quot;335559685&quot;:0,&quot;335559731&quot;:0,&quot;335559737&quot;:0,&quot;335562764&quot;:2,&quot;335562765&quot;:1,&quot;335562766&quot;:4,&quot;335562767&quot;:0,&quot;335562768&quot;:4,&quot;335562769&quot;:0}\">\u200b<b><span data-usefontface=\"true\" data-contrast=\"none\">N\u00e4r och var?<\/span><\/b>\u200b<\/p>\n<p data-ccp-props=\"{&quot;335551550&quot;:1,&quot;335551620&quot;:1,&quot;335559683&quot;:0,&quot;335559685&quot;:0,&quot;335559731&quot;:0,&quot;335559737&quot;:0,&quot;335562764&quot;:2,&quot;335562765&quot;:1,&quot;335562766&quot;:4,&quot;335562767&quot;:0,&quot;335562768&quot;:4,&quot;335562769&quot;:0}\"><span data-usefontface=\"true\" data-contrast=\"none\">Tisdag 7.10.2025 kl. 15:00, 16:00 eller 17:00. <\/span>\u200bAntingen p\u00e5 plats i Academill i Vasa eller online.<\/p>\n<p data-ccp-props=\"{&quot;335551550&quot;:1,&quot;335551620&quot;:1,&quot;335559683&quot;:0,&quot;335559685&quot;:0,&quot;335559731&quot;:0,&quot;335559737&quot;:0,&quot;335562764&quot;:2,&quot;335562765&quot;:1,&quot;335562766&quot;:4,&quot;335562767&quot;:0,&quot;335562768&quot;:4,&quot;335562769&quot;:0}\">\u200b<b><span data-usefontface=\"true\" data-contrast=\"none\">Intresserad?<\/span><\/b>\u200b<\/p>\n<p data-ccp-props=\"{&quot;335551550&quot;:1,&quot;335551620&quot;:1,&quot;335559683&quot;:0,&quot;335559685&quot;:0,&quot;335559731&quot;:0,&quot;335559737&quot;:0,&quot;335562764&quot;:2,&quot;335562765&quot;:1,&quot;335562766&quot;:4,&quot;335562767&quot;:0,&quot;335562768&quot;:4,&quot;335562769&quot;:0}\"><span data-usefontface=\"true\" data-contrast=\"none\">Anm\u00e4l dig p\u00e5 genom att <a href=\"https:\/\/forms.office.com\/pages\/responsepage.aspx?id=DQbGlX7E_0m9cCfepJPyQZ2EOIT6t0pKktkJ_sAR4qdUNk1NWUlHRDFWRUxIRlk3QzNFQVhSNjczRy4u&amp;route=shorturl\">trycka p\u00e5 den h\u00e4r l\u00e4nken <\/a><\/span><span data-usefontface=\"true\" data-contrast=\"none\">eller genom att skicka e-post<\/span>\u200b <span data-usefontface=\"true\" data-contrast=\"none\">meddelande till <\/span><a href=\"mailto:daniel.ventus@abo.fi\" data-hyperlinktype=\"0\"><span data-usefontface=\"true\" data-contrast=\"none\">daniel.ventus@abo.fi<\/span><\/a><span data-usefontface=\"true\" data-contrast=\"none\"> eller <\/span><a href=\"mailto:anette.bengs@abo.fi\" data-hyperlinktype=\"0\"><span data-usefontface=\"true\" data-contrast=\"none\">anette.bengs@abo.fi<\/span><\/a><span data-usefontface=\"true\" data-contrast=\"none\">. <\/span>\u200b<\/p>\n","protected":false},"excerpt":{"rendered":"<p>Vi s\u00f6ker just nu h\u00f6gskolestuderande som vill delta i en anv\u00e4ndarstudie d\u00e4r vi testar en pappersprototyp av en ny app som ska hj\u00e4lpa studenter att s\u00e4tta upp m\u00e5l, planera sin tid och motverka prokrastinering.\u200b \u200bVad handlar studien om?\u200b Vi har utvecklat en f\u00f6rsta version (p\u00e5 papper!) av en app som ska st\u00f6tta studerande i att &hellip; <a href=\"https:\/\/blogs2.abo.fi\/intakt\/\" class=\"more-link\">Forts\u00e4tt l\u00e4sa<span class=\"screen-reader-text\"> \u201dWorkshop\u201d<\/span><\/a><\/p>\n","protected":false},"author":824,"featured_media":0,"parent":0,"menu_order":0,"comment_status":"closed","ping_status":"closed","template":"","meta":{"footnotes":""},"class_list":["post-179","page","type-page","status-publish","hentry"],"_links":{"self":[{"href":"https:\/\/blogs2.abo.fi\/intakt\/wp-json\/wp\/v2\/pages\/179","targetHints":{"allow":["GET"]}}],"collection":[{"href":"https:\/\/blogs2.abo.fi\/intakt\/wp-json\/wp\/v2\/pages"}],"about":[{"href":"https:\/\/blogs2.abo.fi\/intakt\/wp-json\/wp\/v2\/types\/page"}],"author":[{"embeddable":true,"href":"https:\/\/blogs2.abo.fi\/intakt\/wp-json\/wp\/v2\/users\/824"}],"replies":[{"embeddable":true,"href":"https:\/\/blogs2.abo.fi\/intakt\/wp-json\/wp\/v2\/comments?post=179"}],"version-history":[{"count":6,"href":"https:\/\/blogs2.abo.fi\/intakt\/wp-json\/wp\/v2\/pages\/179\/revisions"}],"predecessor-version":[{"id":187,"href":"https:\/\/blogs2.abo.fi\/intakt\/wp-json\/wp\/v2\/pages\/179\/revisions\/187"}],"wp:attachment":[{"href":"https:\/\/blogs2.abo.fi\/intakt\/wp-json\/wp\/v2\/media?parent=179"}],"curies":[{"name":"wp","href":"https:\/\/api.w.org\/{rel}","templated":true}]}}