{"id":89,"date":"2019-03-14T15:20:17","date_gmt":"2019-03-14T13:20:17","guid":{"rendered":"http:\/\/blogs2.abo.fi\/hyvinvoivahoiva\/?page_id=89"},"modified":"2022-12-28T14:15:45","modified_gmt":"2022-12-28T12:15:45","slug":"osallistu-hankkeeseen","status":"publish","type":"page","link":"https:\/\/blogs2.abo.fi\/hyvinvoivahoiva\/osallistu-hankkeeseen\/","title":{"rendered":"Kohderyhm\u00e4"},"content":{"rendered":"<p>Hankkeen kohderyhm\u00e4 on julkisella sektorilla toimivat ik\u00e4ihmisten hoivayksik\u00f6iden palveluhenkil\u00f6st\u00f6, esim. kotihoidon, asumispalveluiden tai terveydenhuollon yksik\u00f6iss\u00e4 toimiva hoitohenkil\u00f6st\u00f6, tukipalveluhenkil\u00f6st\u00f6 sek\u00e4 esimiehet.<\/p>\n<p>Hanke on toteutettu suomenkielisiss\u00e4, kaksikielisiss\u00e4 ja ruotsinkielisiss\u00e4 kunnissa, kuntayhtymiss\u00e4 ja sairaanhoitopiireiss\u00e4 Pirkanmaan, Pohjanmaan, Varsinais-Suomen ja Uudenmaan alueilla.<\/p>\n<h2>Hanke on<\/h2>\n<p>\u2022 kehitt\u00e4nyt ja ottanut k\u00e4ytt\u00f6\u00f6n uusia menetelmi\u00e4 ty\u00f6hyvinvoinnin parantamiseksi<br \/>\n\u2022 parantanut asiakaskeskeisi\u00e4 ty\u00f6prosesseja koko henkil\u00f6st\u00f6n kesken k\u00e4ytt\u00e4en Lean- ja palvelumuotoilun menetelmi\u00e4<br \/>\n\u2022 kehitt\u00e4nyt johtajuutta, joka edist\u00e4\u00e4 muutosvalmiutta, ty\u00f6hyvinvointia ja tasa-arvoisuutta<br \/>\n\u2022 mahdollistanut verkostoitumisen ja oppimisen muilta osallistuvilta hoitoyksik\u00f6ilt\u00e4<\/p>\n<p>Hanke on toteutettu vuosina 2019\u20132022.<\/p>\n<h2><span style=\"color: #003366\">Kuvaus hankkeen palvelutarjonnasta<\/span><\/h2>\n<p><img loading=\"lazy\" decoding=\"async\" class=\"alignleft size-large wp-image-757\" style=\"font-size: 12px\" src=\"http:\/\/blogs2.abo.fi\/hyvinvoivahoiva\/wp-content\/uploads\/sites\/123\/2022\/10\/Hyvinvoiva-hoiva-tarjontakuva-lokakuu-2022-300x210.jpg\" alt=\"\" width=\"640\" height=\"448\" srcset=\"https:\/\/blogs2.abo.fi\/hyvinvoivahoiva\/wp-content\/uploads\/sites\/123\/2022\/10\/Hyvinvoiva-hoiva-tarjontakuva-lokakuu-2022-300x210.jpg 300w, https:\/\/blogs2.abo.fi\/hyvinvoivahoiva\/wp-content\/uploads\/sites\/123\/2022\/10\/Hyvinvoiva-hoiva-tarjontakuva-lokakuu-2022-1024x717.jpg 1024w, https:\/\/blogs2.abo.fi\/hyvinvoivahoiva\/wp-content\/uploads\/sites\/123\/2022\/10\/Hyvinvoiva-hoiva-tarjontakuva-lokakuu-2022-768x538.jpg 768w, https:\/\/blogs2.abo.fi\/hyvinvoivahoiva\/wp-content\/uploads\/sites\/123\/2022\/10\/Hyvinvoiva-hoiva-tarjontakuva-lokakuu-2022-1536x1075.jpg 1536w, https:\/\/blogs2.abo.fi\/hyvinvoivahoiva\/wp-content\/uploads\/sites\/123\/2022\/10\/Hyvinvoiva-hoiva-tarjontakuva-lokakuu-2022-2048x1434.jpg 2048w\" sizes=\"auto, (max-width: 640px) 100vw, 640px\" \/><\/p>\n","protected":false},"excerpt":{"rendered":"<p>Hankkeen kohderyhm\u00e4 on julkisella sektorilla toimivat ik\u00e4ihmisten hoivayksik\u00f6iden palveluhenkil\u00f6st\u00f6, esim. kotihoidon, asumispalveluiden tai terveydenhuollon yksik\u00f6iss\u00e4 toimiva hoitohenkil\u00f6st\u00f6, tukipalveluhenkil\u00f6st\u00f6 sek\u00e4 esimiehet. Hanke on toteutettu suomenkielisiss\u00e4, kaksikielisiss\u00e4 ja ruotsinkielisiss\u00e4 kunnissa, kuntayhtymiss\u00e4 ja sairaanhoitopiireiss\u00e4 Pirkanmaan, Pohjanmaan, Varsinais-Suomen ja Uudenmaan alueilla. Hanke on \u2022 &hellip; <a href=\"https:\/\/blogs2.abo.fi\/hyvinvoivahoiva\/osallistu-hankkeeseen\/\">Forts\u00e4tt l\u00e4sa <span class=\"meta-nav\">&rarr;<\/span><\/a><\/p>\n","protected":false},"author":469,"featured_media":0,"parent":0,"menu_order":0,"comment_status":"closed","ping_status":"closed","template":"","meta":{"footnotes":""},"class_list":["post-89","page","type-page","status-publish","hentry"],"_links":{"self":[{"href":"https:\/\/blogs2.abo.fi\/hyvinvoivahoiva\/wp-json\/wp\/v2\/pages\/89","targetHints":{"allow":["GET"]}}],"collection":[{"href":"https:\/\/blogs2.abo.fi\/hyvinvoivahoiva\/wp-json\/wp\/v2\/pages"}],"about":[{"href":"https:\/\/blogs2.abo.fi\/hyvinvoivahoiva\/wp-json\/wp\/v2\/types\/page"}],"author":[{"embeddable":true,"href":"https:\/\/blogs2.abo.fi\/hyvinvoivahoiva\/wp-json\/wp\/v2\/users\/469"}],"replies":[{"embeddable":true,"href":"https:\/\/blogs2.abo.fi\/hyvinvoivahoiva\/wp-json\/wp\/v2\/comments?post=89"}],"version-history":[{"count":17,"href":"https:\/\/blogs2.abo.fi\/hyvinvoivahoiva\/wp-json\/wp\/v2\/pages\/89\/revisions"}],"predecessor-version":[{"id":778,"href":"https:\/\/blogs2.abo.fi\/hyvinvoivahoiva\/wp-json\/wp\/v2\/pages\/89\/revisions\/778"}],"wp:attachment":[{"href":"https:\/\/blogs2.abo.fi\/hyvinvoivahoiva\/wp-json\/wp\/v2\/media?parent=89"}],"curies":[{"name":"wp","href":"https:\/\/api.w.org\/{rel}","templated":true}]}}