{"id":75,"date":"2019-03-14T14:46:14","date_gmt":"2019-03-14T12:46:14","guid":{"rendered":"http:\/\/blogs2.abo.fi\/hyvinvoivahoiva\/?page_id=75"},"modified":"2022-12-28T14:17:01","modified_gmt":"2022-12-28T12:17:01","slug":"delta-i-projektet","status":"publish","type":"page","link":"https:\/\/blogs2.abo.fi\/hyvinvoivahoiva\/delta-i-projektet\/","title":{"rendered":"M\u00e5lgrupp"},"content":{"rendered":"<p>Projektets m\u00e5lgrupp \u00e4r \u00e4ldreomsorgsenheter inom den offentliga sektorn, till exempel arbetsgemenskaper best\u00e5ende av v\u00e5rd- och st\u00f6dpersonal, samt f\u00f6rm\u00e4n vid enheter inom hemv\u00e5rd, serviceboenden eller h\u00e4lsov\u00e5rdsenheter.<\/p>\n<p>Projektet har f\u00f6rverkligats i finskspr\u00e5kiga, svenskspr\u00e5kiga och tv\u00e5spr\u00e5kiga kommuner, samkommuner och sjukv\u00e5rdsdistrikt i Birkaland, \u00d6sterbotten, Egentliga Finland och Nyland.<\/p>\n<h2>Projektet har erbjudit st\u00f6d i att<\/h2>\n<ul>\n<li>utveckla och ta i bruk nya metoder f\u00f6r v\u00e4lm\u00e5ende i arbetet<\/li>\n<li>utveckla kundcentrerade arbetsprocesser tillsammans med hela personalen med hj\u00e4lp av Lean- och tj\u00e4nstedesignmetoder<\/li>\n<li>utveckla ett ledarskap som fr\u00e4mjar f\u00f6r\u00e4ndringsberedskap och tar h\u00e4nsyn till j\u00e4mst\u00e4lldhet<\/li>\n<li>skapa forum f\u00f6r n\u00e4tverkande och kollegialt l\u00e4rande mellan de deltagande v\u00e5rdenheterna<\/li>\n<\/ul>\n<p>Projektet har f\u00f6rverkligats \u00e5ren 2019\u20132022.<\/p>\n<h2><span style=\"color: #003366\">Beskrivning av utvecklingsaktiviteter<\/span><\/h2>\n<p><img loading=\"lazy\" decoding=\"async\" class=\"alignnone size-large wp-image-775\" src=\"http:\/\/blogs2.abo.fi\/hyvinvoivahoiva\/wp-content\/uploads\/sites\/123\/2022\/12\/HVH-oversikt_sve_17.10.2022-300x210.jpg\" alt=\"\" width=\"640\" height=\"448\" srcset=\"https:\/\/blogs2.abo.fi\/hyvinvoivahoiva\/wp-content\/uploads\/sites\/123\/2022\/12\/HVH-oversikt_sve_17.10.2022-300x210.jpg 300w, https:\/\/blogs2.abo.fi\/hyvinvoivahoiva\/wp-content\/uploads\/sites\/123\/2022\/12\/HVH-oversikt_sve_17.10.2022-1024x717.jpg 1024w, https:\/\/blogs2.abo.fi\/hyvinvoivahoiva\/wp-content\/uploads\/sites\/123\/2022\/12\/HVH-oversikt_sve_17.10.2022-768x538.jpg 768w, https:\/\/blogs2.abo.fi\/hyvinvoivahoiva\/wp-content\/uploads\/sites\/123\/2022\/12\/HVH-oversikt_sve_17.10.2022-1536x1075.jpg 1536w, https:\/\/blogs2.abo.fi\/hyvinvoivahoiva\/wp-content\/uploads\/sites\/123\/2022\/12\/HVH-oversikt_sve_17.10.2022-2048x1434.jpg 2048w\" sizes=\"auto, (max-width: 640px) 100vw, 640px\" \/><\/p>\n","protected":false},"excerpt":{"rendered":"<p>Projektets m\u00e5lgrupp \u00e4r \u00e4ldreomsorgsenheter inom den offentliga sektorn, till exempel arbetsgemenskaper best\u00e5ende av v\u00e5rd- och st\u00f6dpersonal, samt f\u00f6rm\u00e4n vid enheter inom hemv\u00e5rd, serviceboenden eller h\u00e4lsov\u00e5rdsenheter. Projektet har f\u00f6rverkligats i finskspr\u00e5kiga, svenskspr\u00e5kiga och tv\u00e5spr\u00e5kiga kommuner, samkommuner och sjukv\u00e5rdsdistrikt i Birkaland, \u00d6sterbotten, &hellip; <a href=\"https:\/\/blogs2.abo.fi\/hyvinvoivahoiva\/delta-i-projektet\/\">Forts\u00e4tt l\u00e4sa <span class=\"meta-nav\">&rarr;<\/span><\/a><\/p>\n","protected":false},"author":469,"featured_media":0,"parent":0,"menu_order":0,"comment_status":"closed","ping_status":"closed","template":"","meta":{"footnotes":""},"class_list":["post-75","page","type-page","status-publish","hentry"],"_links":{"self":[{"href":"https:\/\/blogs2.abo.fi\/hyvinvoivahoiva\/wp-json\/wp\/v2\/pages\/75","targetHints":{"allow":["GET"]}}],"collection":[{"href":"https:\/\/blogs2.abo.fi\/hyvinvoivahoiva\/wp-json\/wp\/v2\/pages"}],"about":[{"href":"https:\/\/blogs2.abo.fi\/hyvinvoivahoiva\/wp-json\/wp\/v2\/types\/page"}],"author":[{"embeddable":true,"href":"https:\/\/blogs2.abo.fi\/hyvinvoivahoiva\/wp-json\/wp\/v2\/users\/469"}],"replies":[{"embeddable":true,"href":"https:\/\/blogs2.abo.fi\/hyvinvoivahoiva\/wp-json\/wp\/v2\/comments?post=75"}],"version-history":[{"count":24,"href":"https:\/\/blogs2.abo.fi\/hyvinvoivahoiva\/wp-json\/wp\/v2\/pages\/75\/revisions"}],"predecessor-version":[{"id":780,"href":"https:\/\/blogs2.abo.fi\/hyvinvoivahoiva\/wp-json\/wp\/v2\/pages\/75\/revisions\/780"}],"wp:attachment":[{"href":"https:\/\/blogs2.abo.fi\/hyvinvoivahoiva\/wp-json\/wp\/v2\/media?parent=75"}],"curies":[{"name":"wp","href":"https:\/\/api.w.org\/{rel}","templated":true}]}}