{"id":553,"date":"2021-04-26T13:39:25","date_gmt":"2021-04-26T11:39:25","guid":{"rendered":"https:\/\/blogs2.abo.fi\/hyvinvoivahoiva\/?page_id=553"},"modified":"2022-09-14T13:28:03","modified_gmt":"2022-09-14T11:28:03","slug":"verkkojulkaisu-natpublikation","status":"publish","type":"page","link":"https:\/\/blogs2.abo.fi\/hyvinvoivahoiva\/verkkojulkaisu-natpublikation\/","title":{"rendered":"Verkkojulkaisu | N\u00e4tpublikation"},"content":{"rendered":"<p>Osana Hyvinvoiva hoiva \u2013 V\u00e4lm\u00e5ende omsorg -hanketta ja henkil\u00f6st\u00f6n ty\u00f6pajojen tuloksena olemme koonneet verkkojulkaisun <em>Tietoa ja ty\u00f6kaluja ty\u00f6hyvinvoinnin kehitt\u00e4miseen ik\u00e4ihmisten hoivapalveluissa<\/em>.<\/p>\n<p>T\u00e4m\u00e4 hankkeen toiminta-aikana t\u00e4ydentyv\u00e4 opas, joka ilmestyy my\u00f6s ruotsinkielisen\u00e4, on suunnattu sek\u00e4 esihenkil\u00f6ille ett\u00e4 henkil\u00f6st\u00f6lle kaikissa hoidon konteksteissa.<\/p>\n<p>Julkaisusta l\u00f6yd\u00e4t paljon monipuolista materiaalia: ajankohtaista tietoa, animaatioita, linkkej\u00e4, testej\u00e4, vinkkej\u00e4, pohdintakysymyksi\u00e4 jne.<\/p>\n<h2><a href=\"https:\/\/blogs2.abo.fi\/hyvinvoivahoiva-opas\/\" target=\"_blank\" rel=\"noopener\">Verkkojulkaisu Tietoa ja ty\u00f6kaluja ty\u00f6hyvinvoinnin kehitt\u00e4miseen ik\u00e4ihmisten hoivapalveluissa.<\/a><\/h2>\n<h1>***<\/h1>\n<p>Som en del av Hyvinvoiva hoiva \u2013 V\u00e4lm\u00e5ende omsorg-projektet och som ett resultat av utvecklingsarbetet som inom projektet skett p\u00e5 arbetsplatserna, har vi sammanst\u00e4llt n\u00e4tpublikationen <em>Kunskap och verktyg f\u00f6r utveckling av arbetsh\u00e4lsa inom \u00e4ldreomsorgssektorn<\/em><em>.\u00a0<\/em><\/p>\n<p>I publikationen hittar du m\u00e5ngsidigt material, bland annat aktuell information, animationer, l\u00e4nkar, tester, tips och r\u00e5d, samt fr\u00e5gor att jobba kring tillsammans eller enskilt.<\/p>\n<h2><a href=\"https:\/\/blogs2.abo.fi\/hyvinvoivahoiva-guide\/\" target=\"_blank\" rel=\"noopener\">Till n\u00e4tpublikationen Kunskap och verktyg f\u00f6r utveckling av arbetsh\u00e4lsa inom \u00e4ldreomsorgssektorn<\/a>.<\/h2>\n","protected":false},"excerpt":{"rendered":"<p>Osana Hyvinvoiva hoiva \u2013 V\u00e4lm\u00e5ende omsorg -hanketta ja henkil\u00f6st\u00f6n ty\u00f6pajojen tuloksena olemme koonneet verkkojulkaisun Tietoa ja ty\u00f6kaluja ty\u00f6hyvinvoinnin kehitt\u00e4miseen ik\u00e4ihmisten hoivapalveluissa. T\u00e4m\u00e4 hankkeen toiminta-aikana t\u00e4ydentyv\u00e4 opas, joka ilmestyy my\u00f6s ruotsinkielisen\u00e4, on suunnattu sek\u00e4 esihenkil\u00f6ille ett\u00e4 henkil\u00f6st\u00f6lle kaikissa hoidon konteksteissa. Julkaisusta &hellip; <a href=\"https:\/\/blogs2.abo.fi\/hyvinvoivahoiva\/verkkojulkaisu-natpublikation\/\">Forts\u00e4tt l\u00e4sa <span class=\"meta-nav\">&rarr;<\/span><\/a><\/p>\n","protected":false},"author":469,"featured_media":0,"parent":0,"menu_order":0,"comment_status":"closed","ping_status":"closed","template":"","meta":{"footnotes":""},"class_list":["post-553","page","type-page","status-publish","hentry"],"_links":{"self":[{"href":"https:\/\/blogs2.abo.fi\/hyvinvoivahoiva\/wp-json\/wp\/v2\/pages\/553","targetHints":{"allow":["GET"]}}],"collection":[{"href":"https:\/\/blogs2.abo.fi\/hyvinvoivahoiva\/wp-json\/wp\/v2\/pages"}],"about":[{"href":"https:\/\/blogs2.abo.fi\/hyvinvoivahoiva\/wp-json\/wp\/v2\/types\/page"}],"author":[{"embeddable":true,"href":"https:\/\/blogs2.abo.fi\/hyvinvoivahoiva\/wp-json\/wp\/v2\/users\/469"}],"replies":[{"embeddable":true,"href":"https:\/\/blogs2.abo.fi\/hyvinvoivahoiva\/wp-json\/wp\/v2\/comments?post=553"}],"version-history":[{"count":9,"href":"https:\/\/blogs2.abo.fi\/hyvinvoivahoiva\/wp-json\/wp\/v2\/pages\/553\/revisions"}],"predecessor-version":[{"id":750,"href":"https:\/\/blogs2.abo.fi\/hyvinvoivahoiva\/wp-json\/wp\/v2\/pages\/553\/revisions\/750"}],"wp:attachment":[{"href":"https:\/\/blogs2.abo.fi\/hyvinvoivahoiva\/wp-json\/wp\/v2\/media?parent=553"}],"curies":[{"name":"wp","href":"https:\/\/api.w.org\/{rel}","templated":true}]}}