{"id":5,"date":"2019-03-12T14:01:43","date_gmt":"2019-03-12T12:01:43","guid":{"rendered":"http:\/\/blogs2.abo.fi\/hyvinvoivahoiva\/?page_id=5"},"modified":"2022-03-25T11:45:09","modified_gmt":"2022-03-25T09:45:09","slug":"yhteystiedot","status":"publish","type":"page","link":"https:\/\/blogs2.abo.fi\/hyvinvoivahoiva\/yhteystiedot\/","title":{"rendered":"Yhteystiedot | Kontakt"},"content":{"rendered":"<h2><span style=\"color: #003366\">Alueelliset vastuuhenkil\u00f6t | Regionala ansvarspersoner<\/span><\/h2>\n<hr \/>\n<h3><strong><span style=\"color: #003366\">Egentliga Finland\u00a0| Varsinais-Suomi<\/span><\/strong><\/h3>\n<p><strong>\u00c5bo Akademi | Centret f\u00f6r livsl\u00e5ngt l\u00e4rande<\/strong><br \/>\nFabriksgatan\u00a02,\u00a020500 \u00c5bo<\/p>\n<p><img loading=\"lazy\" decoding=\"async\" class=\"alignleft wp-image-316 size-thumbnail\" src=\"http:\/\/blogs2.abo.fi\/hyvinvoivahoiva\/wp-content\/uploads\/sites\/123\/2019\/05\/Riska_Mona_beskuren_ljusare-150x150.jpg\" alt=\"Mona Riska\" width=\"150\" height=\"150\" \/>Projektkoordinator | Utbildningschef<br \/>\n<strong>Mona Riska<\/strong><strong><br \/>\n<\/strong>Samh\u00e4lle, n\u00e4ringsliv och teknik<strong><br \/>\n<\/strong>Tel: 02 215 3218<br \/>\nE-post: mona.riska( )abo.fi<\/p>\n<p>&nbsp;<\/p>\n<p><img loading=\"lazy\" decoding=\"async\" class=\"alignleft size-thumbnail wp-image-298\" src=\"http:\/\/blogs2.abo.fi\/hyvinvoivahoiva\/wp-content\/uploads\/sites\/123\/2019\/05\/Westeren_Kristina_beskuren-150x150.jpg\" alt=\"Kristina Wester\u00e9n\" width=\"150\" height=\"150\" \/>Projektsakkunnig | Utbildningsplanerare<br \/>\n<strong>Kristina Wester\u00e9n<\/strong><br \/>\nLedarskap och organisationsutveckling<br \/>\nTel: 040 767 3996<br \/>\nE-post: kristina.westeren( )abo.fi<\/p>\n<p>&nbsp;<\/p>\n<hr \/>\n<h3><strong><span style=\"color: #003366\">Pirkanmaa | Birkaland<\/span><\/strong><\/h3>\n<p><strong>Tampereen yliopisto | Johtamisen ja talouden tiedekunta<\/strong><br \/>\nKanslerinrinne 1, 33100 Tampere<\/p>\n<p><img loading=\"lazy\" decoding=\"async\" class=\"alignleft size-thumbnail wp-image-335\" src=\"http:\/\/blogs2.abo.fi\/hyvinvoivahoiva\/wp-content\/uploads\/sites\/123\/2019\/05\/Kirsi-Heikkil\u00e4-Tammi-150x150.jpg\" alt=\"\" width=\"150\" height=\"150\" \/>Tutkimusjohtaja<br \/>\n<strong>Kirsi Heikkil\u00e4-Tammi<br \/>\n<\/strong>Ty\u00f6hyvinvoinnin tutkimusryhm\u00e4<br \/>\nPuh: 050 420 1532<br \/>\nS-posti: kirsi.heikkila-tammi( )tuni.fi<\/p>\n<p>&nbsp;<\/p>\n<p><img loading=\"lazy\" decoding=\"async\" class=\"alignleft size-thumbnail wp-image-623\" src=\"http:\/\/blogs2.abo.fi\/hyvinvoivahoiva\/wp-content\/uploads\/sites\/123\/2021\/08\/4379.jpg\" alt=\"\" width=\"150\" height=\"150\" srcset=\"https:\/\/blogs2.abo.fi\/hyvinvoivahoiva\/wp-content\/uploads\/sites\/123\/2021\/08\/4379.jpg 580w, https:\/\/blogs2.abo.fi\/hyvinvoivahoiva\/wp-content\/uploads\/sites\/123\/2021\/08\/4379-300x300.jpg 300w, https:\/\/blogs2.abo.fi\/hyvinvoivahoiva\/wp-content\/uploads\/sites\/123\/2021\/08\/4379-150x150.jpg 150w\" sizes=\"auto, (max-width: 150px) 100vw, 150px\" \/>Projektip\u00e4\u00e4llikk\u00f6 | Tutkija<br \/>\n<strong>Ismo Kinnari<\/strong><br \/>\nPuh.\u00a0040 820 1927<br \/>\nS-posti: ismo.kinnari( )tuni.fi<\/p>\n<p>&nbsp;<\/p>\n<p><img loading=\"lazy\" decoding=\"async\" class=\"alignleft size-thumbnail wp-image-302\" src=\"http:\/\/blogs2.abo.fi\/hyvinvoivahoiva\/wp-content\/uploads\/sites\/123\/2019\/05\/Larjovuori-kuva-150x150.jpg\" alt=\"Riitta-Liisa Larjovuori\" width=\"150\" height=\"150\" \/>Projektip\u00e4\u00e4llikk\u00f6<br \/>\n<strong>Riitta-Liisa Larjovuori<\/strong><br \/>\nPuh:\u00a0050 433 6260<br \/>\nS-posti: riitta-liisa.larjovuori( )tuni.fi<\/p>\n<p>&nbsp;<\/p>\n<p>Tutkija<br \/>\n<strong>Johanna Lilja<\/strong><br \/>\nPuh. 050 437 7268<br \/>\nS-posti: johanna.lilja( )tuni.fi<\/p>\n<hr \/>\n<h3><strong><span style=\"color: #003366\">Uusimaa | Nyland<\/span><\/strong><\/h3>\n<p><strong>Laurea-ammattikorkeakoulu<\/strong><br \/>\nVanha Maantie 9, 02650 Espoo<\/p>\n<p><img loading=\"lazy\" decoding=\"async\" class=\"alignleft wp-image-332 size-thumbnail\" src=\"http:\/\/blogs2.abo.fi\/hyvinvoivahoiva\/wp-content\/uploads\/sites\/123\/2019\/05\/Elina_Flemming-1-150x150.jpg\" alt=\"\" width=\"150\" height=\"150\" \/><\/p>\n<p>Projektip\u00e4\u00e4llikk\u00f6 | Palvelujen kehitt\u00e4misp\u00e4\u00e4llikk\u00f6<br \/>\n<strong>Elina Flemming<\/strong><br \/>\nPuh: 050 530 4470<br \/>\nS-posti: elina.flemming( )laurea.fi<\/p>\n<p>&nbsp;<\/p>\n<p><img loading=\"lazy\" decoding=\"async\" class=\"alignleft wp-image-333 size-thumbnail\" src=\"http:\/\/blogs2.abo.fi\/hyvinvoivahoiva\/wp-content\/uploads\/sites\/123\/2019\/05\/P\u00e4ivi-Mantere-Intraan-1-150x150.jpg\" alt=\"\" width=\"150\" height=\"150\" \/>Projektip\u00e4\u00e4llikk\u00f6 | Lehtori<br \/>\n<strong>P\u00e4ivi Mantere<\/strong><br \/>\nPuh: 09 8868 7465<br \/>\nS-posti: paivi.mantere( )laurea.fi<\/p>\n<p>&nbsp;<\/p>\n<p><img loading=\"lazy\" decoding=\"async\" class=\"alignleft wp-image-440 size-thumbnail\" src=\"http:\/\/blogs2.abo.fi\/hyvinvoivahoiva\/wp-content\/uploads\/sites\/123\/2020\/03\/Kuva-Jenna-Pennanen-150x150.jpg\" alt=\"\" width=\"150\" height=\"150\" \/> Projektiasiantuntija<br \/>\n<strong>Jenna Pennanen<\/strong><br \/>\nS-posti: jenna.pennanen( )laurea.fi<\/p>\n<hr \/>\n<h3><strong><span style=\"color: #003366\">\u00d6sterbotten\u00a0|\u00a0Pohjanmaa<\/span><\/strong><\/h3>\n<p><strong>Yrkesh\u00f6gskolan Novia | Centret f\u00f6r livsl\u00e5ngt l\u00e4rande<\/strong><br \/>\nK\u00f6pmansgatan 10, 68600 Jakobstad<\/p>\n<p><img loading=\"lazy\" decoding=\"async\" class=\"alignleft wp-image-318 size-thumbnail\" src=\"http:\/\/blogs2.abo.fi\/hyvinvoivahoiva\/wp-content\/uploads\/sites\/123\/2019\/05\/G\u00e4dda_Carina_ny-150x150.jpg\" alt=\"Carina G\u00e4dda\" width=\"150\" height=\"150\" \/>Projektsakkunnig | Fortbildningsplanerare<br \/>\n<strong>Carina G\u00e4dda<br \/>\n<\/strong>Social- och h\u00e4lsov\u00e5rd<br \/>\nTel: 06 328 5225 | 044 780 5225<br \/>\nE-post: carina.gadda( )novia.fi<\/p>\n<p>&nbsp;<\/p>\n<p><strong>Yrkesh\u00f6gskolan Novia | Centret f\u00f6r livsl\u00e5ngt l\u00e4rande<\/strong><br \/>\nWolffskav\u00e4gen 31, 65200 Vasa<\/p>\n<p><img loading=\"lazy\" decoding=\"async\" class=\"alignleft wp-image-467 size-thumbnail\" src=\"http:\/\/blogs2.abo.fi\/hyvinvoivahoiva\/wp-content\/uploads\/sites\/123\/2020\/06\/Camilla-Pitk\u00e4nen_liten-150x150.jpg\" alt=\"\" width=\"150\" height=\"150\" srcset=\"https:\/\/blogs2.abo.fi\/hyvinvoivahoiva\/wp-content\/uploads\/sites\/123\/2020\/06\/Camilla-Pitk\u00e4nen_liten-150x150.jpg 150w, https:\/\/blogs2.abo.fi\/hyvinvoivahoiva\/wp-content\/uploads\/sites\/123\/2020\/06\/Camilla-Pitk\u00e4nen_liten-200x198.jpg 200w\" sizes=\"auto, (max-width: 150px) 100vw, 150px\" \/>Projektsakkunnig | Fortbildningsplanerare<br \/>\n<strong>Camilla Pitk\u00e4nen<br \/>\n<\/strong>Social- och h\u00e4lsov\u00e5rd<br \/>\nTel: 050 4784679<br \/>\nE-post: camilla.pitkanen( )novia.fi<\/p>\n<p>&nbsp;<\/p>\n<p><img loading=\"lazy\" decoding=\"async\" class=\"alignleft wp-image-704 size-thumbnail\" src=\"http:\/\/blogs2.abo.fi\/hyvinvoivahoiva\/wp-content\/uploads\/sites\/123\/2022\/03\/Foto-Sirkku-Saatela-25032022-150x150.jpg\" alt=\"\" width=\"150\" height=\"150\" \/>Projektsakkunnig | Lektor i klinisk v\u00e5rd<br \/>\n<strong>Sirkku S\u00e4\u00e4tel\u00e4<br \/>\n<\/strong>Social- och h\u00e4lsov\u00e5rd<br \/>\nTel: 06 328 5349 | 050 5538 329<br \/>\nE-post: sirkku.saatela( )novia.fi<\/p>\n<hr \/>\n<p>#hyvinvoivahoiva\u00a0\u00a0\u00a0 #v\u00e4lm\u00e5endeomsorg<\/p>\n","protected":false},"excerpt":{"rendered":"<p>Alueelliset vastuuhenkil\u00f6t | Regionala ansvarspersoner Egentliga Finland\u00a0| Varsinais-Suomi \u00c5bo Akademi | Centret f\u00f6r livsl\u00e5ngt l\u00e4rande Fabriksgatan\u00a02,\u00a020500 \u00c5bo Projektkoordinator | Utbildningschef Mona Riska Samh\u00e4lle, n\u00e4ringsliv och teknik Tel: 02 215 3218 E-post: mona.riska( )abo.fi &nbsp; Projektsakkunnig | Utbildningsplanerare Kristina Wester\u00e9n Ledarskap &hellip; <a href=\"https:\/\/blogs2.abo.fi\/hyvinvoivahoiva\/yhteystiedot\/\">Forts\u00e4tt l\u00e4sa <span class=\"meta-nav\">&rarr;<\/span><\/a><\/p>\n","protected":false},"author":469,"featured_media":0,"parent":0,"menu_order":0,"comment_status":"closed","ping_status":"closed","template":"","meta":{"footnotes":""},"class_list":["post-5","page","type-page","status-publish","hentry"],"_links":{"self":[{"href":"https:\/\/blogs2.abo.fi\/hyvinvoivahoiva\/wp-json\/wp\/v2\/pages\/5","targetHints":{"allow":["GET"]}}],"collection":[{"href":"https:\/\/blogs2.abo.fi\/hyvinvoivahoiva\/wp-json\/wp\/v2\/pages"}],"about":[{"href":"https:\/\/blogs2.abo.fi\/hyvinvoivahoiva\/wp-json\/wp\/v2\/types\/page"}],"author":[{"embeddable":true,"href":"https:\/\/blogs2.abo.fi\/hyvinvoivahoiva\/wp-json\/wp\/v2\/users\/469"}],"replies":[{"embeddable":true,"href":"https:\/\/blogs2.abo.fi\/hyvinvoivahoiva\/wp-json\/wp\/v2\/comments?post=5"}],"version-history":[{"count":73,"href":"https:\/\/blogs2.abo.fi\/hyvinvoivahoiva\/wp-json\/wp\/v2\/pages\/5\/revisions"}],"predecessor-version":[{"id":706,"href":"https:\/\/blogs2.abo.fi\/hyvinvoivahoiva\/wp-json\/wp\/v2\/pages\/5\/revisions\/706"}],"wp:attachment":[{"href":"https:\/\/blogs2.abo.fi\/hyvinvoivahoiva\/wp-json\/wp\/v2\/media?parent=5"}],"curies":[{"name":"wp","href":"https:\/\/api.w.org\/{rel}","templated":true}]}}