{"id":322,"date":"2019-05-06T10:19:28","date_gmt":"2019-05-06T08:19:28","guid":{"rendered":"http:\/\/blogs2.abo.fi\/hyvinvoivahoiva\/?page_id=322"},"modified":"2021-04-14T08:55:15","modified_gmt":"2021-04-14T06:55:15","slug":"brief-introduction-in-english","status":"publish","type":"page","link":"https:\/\/blogs2.abo.fi\/hyvinvoivahoiva\/brief-introduction-in-english\/","title":{"rendered":"Briefly in English"},"content":{"rendered":"<p><img loading=\"lazy\" decoding=\"async\" class=\"aligncenter wp-image-324 size-large\" src=\"http:\/\/blogs2.abo.fi\/hyvinvoivahoiva\/wp-content\/uploads\/sites\/123\/2019\/05\/hands_HH-1024x542.jpg\" alt=\"\u00e4ldre h\u00e4nder h\u00e5ller en ung hand\" width=\"640\" height=\"339\" srcset=\"https:\/\/blogs2.abo.fi\/hyvinvoivahoiva\/wp-content\/uploads\/sites\/123\/2019\/05\/hands_HH-1024x542.jpg 1024w, https:\/\/blogs2.abo.fi\/hyvinvoivahoiva\/wp-content\/uploads\/sites\/123\/2019\/05\/hands_HH-300x159.jpg 300w, https:\/\/blogs2.abo.fi\/hyvinvoivahoiva\/wp-content\/uploads\/sites\/123\/2019\/05\/hands_HH-768x406.jpg 768w\" sizes=\"auto, (max-width: 640px) 100vw, 640px\" \/><\/p>\n<p>The aim of the project \u201cWell-being in senior care services\u201d (Hyvinvoiva hoiva \u2013 V\u00e4lm\u00e5ende omsorg) is to enhance senior care service personnel&#8217;s well-being at work and readiness for change. The project&#8217;s context is the overall reform of Finnish health care and social services that has been discussed for quite some time now.<\/p>\n<p>In the project, senior care service personnel&#8217;s well-being at work, know-how and work processes are developed through participatory lean and service design methods. The project also aims to build networks of senior care professionals, through which effective practices can be shared and resources supporting well-being at work increased. The emphasis is in building workers&#8217; and superiors&#8217; skills to develop work practices and processes, which in turn supports both employee and client well-being. The participating organizations&#8217; personnel are engaged in the change processes in a way that makes the transition to the new operational environment smoother and more seamless.<\/p>\n<p>The project&#8217;s objective is to develop processes and increase efficiency, examine and support well-being at work, enhance superiors&#8217; skills in participative leadership practices and establish the role of lean approaches in the organization as well as in the everyday work of employees and supervisors.<\/p>\n<p>The project&#8217;s target group consists of public sector senior care service units in the provinces of Pirkanmaa, Pohjanmaa, Varsinais-Suomi and Uusimaa. The project aims to increase meaningfulness of work, support work motivation and build resources to help coping at work. The actions of the project support especially home care process development by enhancing both employees&#8217; and clients&#8217; well-being, improving service processes and supporting senior clients&#8217; living at home.<\/p>\n<p>The duration of the project is three years, 1.1.2019-31.12.2022.<\/p>\n<p>Project partners:<br \/>\n\u00c5bo Akademi University \/ Centre for lifelong learning (coordinator)<br \/>\nTampere University \/ Faculty of Management and Business<br \/>\nLaurea University of Applied Sciences<br \/>\nNovia University of Applied Sciences<\/p>\n<p>The project is financed by The Ministry of Social Affairs and Health and the European Social Fund.<\/p>\n<p>&nbsp;<\/p>\n<p><img loading=\"lazy\" decoding=\"async\" class=\"aligncenter wp-image-212 size-large\" src=\"http:\/\/blogs2.abo.fi\/hyvinvoivahoiva\/wp-content\/uploads\/sites\/123\/2019\/04\/HVH_logosamling-1024x128.jpg\" alt=\"\" width=\"640\" height=\"80\" srcset=\"https:\/\/blogs2.abo.fi\/hyvinvoivahoiva\/wp-content\/uploads\/sites\/123\/2019\/04\/HVH_logosamling-1024x128.jpg 1024w, https:\/\/blogs2.abo.fi\/hyvinvoivahoiva\/wp-content\/uploads\/sites\/123\/2019\/04\/HVH_logosamling-300x37.jpg 300w, https:\/\/blogs2.abo.fi\/hyvinvoivahoiva\/wp-content\/uploads\/sites\/123\/2019\/04\/HVH_logosamling-768x96.jpg 768w, https:\/\/blogs2.abo.fi\/hyvinvoivahoiva\/wp-content\/uploads\/sites\/123\/2019\/04\/HVH_logosamling-624x78.jpg 624w\" sizes=\"auto, (max-width: 640px) 100vw, 640px\" \/><\/p>\n","protected":false},"excerpt":{"rendered":"<p>The aim of the project \u201cWell-being in senior care services\u201d (Hyvinvoiva hoiva \u2013 V\u00e4lm\u00e5ende omsorg) is to enhance senior care service personnel&#8217;s well-being at work and readiness for change. The project&#8217;s context is the overall reform of Finnish health care &hellip; <a href=\"https:\/\/blogs2.abo.fi\/hyvinvoivahoiva\/brief-introduction-in-english\/\">Forts\u00e4tt l\u00e4sa <span class=\"meta-nav\">&rarr;<\/span><\/a><\/p>\n","protected":false},"author":469,"featured_media":0,"parent":0,"menu_order":0,"comment_status":"closed","ping_status":"closed","template":"","meta":{"footnotes":""},"class_list":["post-322","page","type-page","status-publish","hentry"],"_links":{"self":[{"href":"https:\/\/blogs2.abo.fi\/hyvinvoivahoiva\/wp-json\/wp\/v2\/pages\/322","targetHints":{"allow":["GET"]}}],"collection":[{"href":"https:\/\/blogs2.abo.fi\/hyvinvoivahoiva\/wp-json\/wp\/v2\/pages"}],"about":[{"href":"https:\/\/blogs2.abo.fi\/hyvinvoivahoiva\/wp-json\/wp\/v2\/types\/page"}],"author":[{"embeddable":true,"href":"https:\/\/blogs2.abo.fi\/hyvinvoivahoiva\/wp-json\/wp\/v2\/users\/469"}],"replies":[{"embeddable":true,"href":"https:\/\/blogs2.abo.fi\/hyvinvoivahoiva\/wp-json\/wp\/v2\/comments?post=322"}],"version-history":[{"count":4,"href":"https:\/\/blogs2.abo.fi\/hyvinvoivahoiva\/wp-json\/wp\/v2\/pages\/322\/revisions"}],"predecessor-version":[{"id":548,"href":"https:\/\/blogs2.abo.fi\/hyvinvoivahoiva\/wp-json\/wp\/v2\/pages\/322\/revisions\/548"}],"wp:attachment":[{"href":"https:\/\/blogs2.abo.fi\/hyvinvoivahoiva\/wp-json\/wp\/v2\/media?parent=322"}],"curies":[{"name":"wp","href":"https:\/\/api.w.org\/{rel}","templated":true}]}}