{"id":23,"date":"2019-03-12T14:35:08","date_gmt":"2019-03-12T12:35:08","guid":{"rendered":"http:\/\/blogs2.abo.fi\/hyvinvoivahoiva\/?page_id=23"},"modified":"2022-12-28T14:21:21","modified_gmt":"2022-12-28T12:21:21","slug":"etusivu-startsida","status":"publish","type":"page","link":"https:\/\/blogs2.abo.fi\/hyvinvoivahoiva\/","title":{"rendered":""},"content":{"rendered":"<p><img loading=\"lazy\" decoding=\"async\" class=\"alignleft wp-image-402 size-full\" src=\"http:\/\/blogs2.abo.fi\/hyvinvoivahoiva\/wp-content\/uploads\/sites\/123\/2019\/11\/Kombi_foto.jpg\" alt=\"Tre positiva bilder av v\u00e5rdsituationer\" width=\"1500\" height=\"580\" srcset=\"https:\/\/blogs2.abo.fi\/hyvinvoivahoiva\/wp-content\/uploads\/sites\/123\/2019\/11\/Kombi_foto.jpg 1500w, https:\/\/blogs2.abo.fi\/hyvinvoivahoiva\/wp-content\/uploads\/sites\/123\/2019\/11\/Kombi_foto-300x116.jpg 300w, https:\/\/blogs2.abo.fi\/hyvinvoivahoiva\/wp-content\/uploads\/sites\/123\/2019\/11\/Kombi_foto-768x297.jpg 768w, https:\/\/blogs2.abo.fi\/hyvinvoivahoiva\/wp-content\/uploads\/sites\/123\/2019\/11\/Kombi_foto-1024x396.jpg 1024w\" sizes=\"auto, (max-width: 1500px) 100vw, 1500px\" \/><\/p>\n<h2 style=\"text-align: center\"><\/h2>\n<h2 style=\"text-align: left\"><span style=\"color: #003366\">Ty\u00f6hyvinvointi ja muutosvalmiudet ik\u00e4ihmisten hoivapalveluissa<\/span><\/h2>\n<p>Ik\u00e4ihmisten hoivapalvelut ovat sosiaali- ja terveyspalvelujen ajankohtaisin palvelualue. Ik\u00e4ihmisten palveluissa haasteet ovat suuria ja vaatimukset henkil\u00f6st\u00f6lle korkeat, mink\u00e4 johdosta henkil\u00f6st\u00f6n jaksaminen ja hyvinvointi ovat vaarassa.<\/p>\n<p>Hoitohenkil\u00f6st\u00f6n hyvinvointi ja muutosvalmius ovat perusedellytyksi\u00e4 sille, ett\u00e4 ik\u00e4\u00e4ntyv\u00e4lle v\u00e4est\u00f6lle voidaan varmistaa hyv\u00e4 ja turvallinen hoito.<\/p>\n<p>HYVINVOIVA HOIVA &#8211; V\u00c4LM\u00c5ENDE OMSORG -hanke on tarjonnut asiantuntijaverkostonsa tuen ik\u00e4ihmisten hoivaa tarjoaville ty\u00f6yhteis\u00f6ille, kun tavoitteena on ollut:<\/p>\n<ul>\n<li>kehitt\u00e4\u00e4 ty\u00f6hyvinvointia omassa yksik\u00f6ss\u00e4 uusien menetelmien avulla<\/li>\n<li>parantaa henkil\u00f6st\u00f6n kyky\u00e4 hallita nykyajan muutoksista johtuvia haasteita<\/li>\n<li>kehitt\u00e4\u00e4 ty\u00f6prosesseja Lean- ja palvelumuotoilun menetelmien avulla<\/li>\n<li>kehitt\u00e4\u00e4 johtajuutta, joka edist\u00e4\u00e4 muutosvalmiutta ja ty\u00f6hyvinvointia<\/li>\n<\/ul>\n<p>EU-rahoituksen johdosta osallistuminen on ollut organisaatioille maksutonta.<\/p>\n<h2 style=\"text-align: center\"><span style=\"color: #003366\">***<\/span><\/h2>\n<h2 style=\"text-align: left\"><span style=\"color: #003366\">V\u00e4lm\u00e5ende i arbetet och f\u00f6r\u00e4ndringsberedskap inom omsorgstj\u00e4nster f\u00f6r \u00e4ldre<br \/>\n<\/span><\/h2>\n<p>\u00c4ldreomsorgen \u00e4r den mest aktuella sektorn inom social- och h\u00e4lsov\u00e5rden d\u00e4r utmaningarna \u00e4r stora och kraven p\u00e5 personalen h\u00f6ga. Personalens ork och v\u00e4lm\u00e5ende \u00e4r i riskzonen. V\u00e5rdpersonalens v\u00e4lm\u00e5ende och f\u00f6r\u00e4ndringsberedskap \u00e4r en grundf\u00f6ruts\u00e4ttning f\u00f6r att bem\u00e4stra\u00a0den \u00e5ldrande befolkningens behov av god och trygg v\u00e5rd.<\/p>\n<p>Projektet HYVINVOIVA HOIVA \u2013 V\u00c4LM\u00c5ENDE OMSORG har erbjudit sitt expertn\u00e4tverk till de arbetsgemenskaper inom \u00e4ldreomsorgen som har velat ha st\u00f6d i att:<\/p>\n<ul>\n<li>f\u00f6rb\u00e4ttra v\u00e4lm\u00e5ende i arbetet p\u00e5 den egna enheten med hj\u00e4lp av nya metoder<\/li>\n<li>f\u00f6rb\u00e4ttra personalens f\u00f6rm\u00e5ga att bem\u00e4stra dagens (f\u00f6r\u00e4ndrings)utmaningar<\/li>\n<li>utveckla arbetsprocesser med hj\u00e4lp av Lean- och tj\u00e4nstedesignmetoder<\/li>\n<li>utveckla ett ledarskap som fr\u00e4mjar f\u00f6r\u00e4ndringsberedskap och arbetsv\u00e4lm\u00e5ende<\/li>\n<\/ul>\n<p>Deltagande i projektets verksamhet har varit kostnadsfritt tack vare EU-finansiering.<\/p>\n<hr \/>\n<p><span style=\"color: #0000ff\"><strong>Korona-tiedote\u00a0<\/strong><\/span><\/p>\n<h5><span style=\"color: #0000ff\">Hyvinvoiva hoiva -hanke toteuttaa face-to-face-hanketoiminnan ik\u00e4ihmisten hoivayksik\u00f6iss\u00e4 korona-rajoituksia noudattaen. T<\/span><span style=\"color: #0000ff\">y\u00f6pajat ja koulutukset j\u00e4rjestet\u00e4\u00e4n sek\u00e4 paikan p\u00e4\u00e4ll\u00e4 ett\u00e4 et\u00e4toteutuksena. Esimiessparraukset ja -valmennukset pyrit\u00e4\u00e4n mahdollisuuksien ja yksik\u00f6iden tarpeiden mukaan toteuttamaan et\u00e4n\u00e4.\u00a0<\/span><\/h5>\n<p><span style=\"color: #0000ff\"><strong>\u00a0Corona-meddelande<\/strong><\/span><\/p>\n<h5><span style=\"color: #0000ff\">Hyvinvoiva hoiva &#8211; V\u00e4lm\u00e5ende omsorg \u2013projektet f\u00f6rverkligar face-to-face-projektverksamhet i \u00e4ldreomsorgsenheterna i enlighet med r\u00e5dande corona-restriktioner.\u00a0 W<\/span><span style=\"color: #0000ff\">orkshopar och utbildningar kan arrangeras b\u00e5de p\u00e5 plats och per distans enligt \u00f6verenskommelse. F\u00f6rmanssparringar och \u2013coaching f\u00f6rverkligar vi\u00a0 i m\u00e5n av m\u00f6jlighet och enligt deltaganrnas behov per distans.\u00a0<\/span><\/h5>\n<p><img loading=\"lazy\" decoding=\"async\" class=\"alignnone size-large wp-image-212\" src=\"http:\/\/blogs2.abo.fi\/hyvinvoivahoiva\/wp-content\/uploads\/sites\/123\/2019\/04\/HVH_logosamling-1024x128.jpg\" alt=\"\" width=\"625\" height=\"78\" srcset=\"https:\/\/blogs2.abo.fi\/hyvinvoivahoiva\/wp-content\/uploads\/sites\/123\/2019\/04\/HVH_logosamling-1024x128.jpg 1024w, https:\/\/blogs2.abo.fi\/hyvinvoivahoiva\/wp-content\/uploads\/sites\/123\/2019\/04\/HVH_logosamling-300x37.jpg 300w, https:\/\/blogs2.abo.fi\/hyvinvoivahoiva\/wp-content\/uploads\/sites\/123\/2019\/04\/HVH_logosamling-768x96.jpg 768w, https:\/\/blogs2.abo.fi\/hyvinvoivahoiva\/wp-content\/uploads\/sites\/123\/2019\/04\/HVH_logosamling-624x78.jpg 624w\" sizes=\"auto, (max-width: 625px) 100vw, 625px\" \/><\/p>\n","protected":false},"excerpt":{"rendered":"<p>Ty\u00f6hyvinvointi ja muutosvalmiudet ik\u00e4ihmisten hoivapalveluissa Ik\u00e4ihmisten hoivapalvelut ovat sosiaali- ja terveyspalvelujen ajankohtaisin palvelualue. Ik\u00e4ihmisten palveluissa haasteet ovat suuria ja vaatimukset henkil\u00f6st\u00f6lle korkeat, mink\u00e4 johdosta henkil\u00f6st\u00f6n jaksaminen ja hyvinvointi ovat vaarassa. Hoitohenkil\u00f6st\u00f6n hyvinvointi ja muutosvalmius ovat perusedellytyksi\u00e4 sille, ett\u00e4 ik\u00e4\u00e4ntyv\u00e4lle v\u00e4est\u00f6lle &hellip; <a href=\"https:\/\/blogs2.abo.fi\/hyvinvoivahoiva\/\">Forts\u00e4tt l\u00e4sa <span class=\"meta-nav\">&rarr;<\/span><\/a><\/p>\n","protected":false},"author":469,"featured_media":0,"parent":0,"menu_order":0,"comment_status":"closed","ping_status":"closed","template":"","meta":{"footnotes":""},"class_list":["post-23","page","type-page","status-publish","hentry"],"_links":{"self":[{"href":"https:\/\/blogs2.abo.fi\/hyvinvoivahoiva\/wp-json\/wp\/v2\/pages\/23","targetHints":{"allow":["GET"]}}],"collection":[{"href":"https:\/\/blogs2.abo.fi\/hyvinvoivahoiva\/wp-json\/wp\/v2\/pages"}],"about":[{"href":"https:\/\/blogs2.abo.fi\/hyvinvoivahoiva\/wp-json\/wp\/v2\/types\/page"}],"author":[{"embeddable":true,"href":"https:\/\/blogs2.abo.fi\/hyvinvoivahoiva\/wp-json\/wp\/v2\/users\/469"}],"replies":[{"embeddable":true,"href":"https:\/\/blogs2.abo.fi\/hyvinvoivahoiva\/wp-json\/wp\/v2\/comments?post=23"}],"version-history":[{"count":90,"href":"https:\/\/blogs2.abo.fi\/hyvinvoivahoiva\/wp-json\/wp\/v2\/pages\/23\/revisions"}],"predecessor-version":[{"id":782,"href":"https:\/\/blogs2.abo.fi\/hyvinvoivahoiva\/wp-json\/wp\/v2\/pages\/23\/revisions\/782"}],"wp:attachment":[{"href":"https:\/\/blogs2.abo.fi\/hyvinvoivahoiva\/wp-json\/wp\/v2\/media?parent=23"}],"curies":[{"name":"wp","href":"https:\/\/api.w.org\/{rel}","templated":true}]}}