{"id":11,"date":"2019-03-12T14:01:03","date_gmt":"2019-03-12T12:01:03","guid":{"rendered":"http:\/\/blogs2.abo.fi\/hyvinvoivahoiva\/?page_id=11"},"modified":"2022-12-28T14:18:28","modified_gmt":"2022-12-28T12:18:28","slug":"hankkeesta-omprojektet","status":"publish","type":"page","link":"https:\/\/blogs2.abo.fi\/hyvinvoivahoiva\/hankkeesta-omprojektet\/","title":{"rendered":"Hankkeesta | Om projektet"},"content":{"rendered":"<p>HYVINVOIVA HOIVA &#8211; V\u00c4LM\u00c5ENDE OMSORG -asiantuntijaverkosto on tarjonut tukea ty\u00f6hyvinvoinnin ja muutosvalmiuksien kehitt\u00e4miselle hoivayksik\u00f6iden henkil\u00f6st\u00f6lle. Kaksikielinen hanke on kohdentunut ik\u00e4ihmisten hoitoyksik\u00f6ihin seuraavilla alueilla: Uusimaa, Pirkanmaa, Varsinais-Suomi ja Pohjanmaa.<\/p>\n<p><strong>Hankepartnerit<\/strong>: \u00c5bo Akademi\/Centret f\u00f6r livsl\u00e5ngt l\u00e4rande (hankekoordinaattori), Tampereen yliopisto\/Johtamisen ja talouden tiedekunta, Laurea-ammattikorkeakoulu\u00a0sek\u00e4 Yrkesh\u00f6gskolan Novia.<br \/>\n<strong>Hankekausi<\/strong>: 1.1.2019\u201331.12.2022<br \/>\n<strong>Rahoittaja<\/strong>: Sosiaali- ja terveysministeri\u00f6, osarahoitus Euroopan sosiaalirahastosta.<\/p>\n<h3><a href=\"https:\/\/blogs2.abo.fi\/hyvinvoivahoiva\/yhteystiedot\/\"><span style=\"color: #003366\">Hankehenkil\u00f6st\u00f6n yhteystiedot<\/span><\/a><\/h3>\n<p style=\"text-align: center\"><strong>***<\/strong><\/p>\n<p>Expertn\u00e4tverket HYVINVOIVA HOIVA \u2013 V\u00c4LM\u00c5ENDE OMSORG har erbjudit st\u00f6d f\u00f6r utvecklande av v\u00e4lm\u00e5ende i arbetet och \u00f6kad f\u00f6r\u00e4ndringsberedskap f\u00f6r personalen inom \u00e4ldreomsorgen. Det tv\u00e5spr\u00e5kiga projektet har riktat sig till \u00e4ldreomsorgsenheter i Birkaland, \u00d6sterbotten, Egentliga Finland och Nyland.<\/p>\n<p><strong>Projektparter:<\/strong> \u00c5bo Akademi\/Centret f\u00f6r livsl\u00e5ngt l\u00e4rande (projektkoordinator), Tampereen yliopisto\/Johtamisen ja talouden tiedekunta, Laurea-ammattikorkeakoulu och Yrkesh\u00f6gskolan Novia.<br \/>\n<strong>Projekttiden:<\/strong> 1.1.2019\u201331.12.2022<br \/>\n<strong>Finansi\u00e4r:<\/strong> Social- och h\u00e4lsov\u00e5rdsministeriet med delfinansiering fr\u00e5n Europeiska socialfonden.<\/p>\n<h3><a href=\"https:\/\/blogs2.abo.fi\/hyvinvoivahoiva\/yhteystiedot\/\"><span style=\"color: #003366\">Projektpersonalens kontaktuppgifter<\/span><\/a><\/h3>\n<p>&nbsp;<\/p>\n<p><img loading=\"lazy\" decoding=\"async\" class=\"alignleft wp-image-212 size-large\" src=\"http:\/\/blogs2.abo.fi\/hyvinvoivahoiva\/wp-content\/uploads\/sites\/123\/2019\/04\/HVH_logosamling-1024x128.jpg\" alt=\"\" width=\"625\" height=\"78\" srcset=\"https:\/\/blogs2.abo.fi\/hyvinvoivahoiva\/wp-content\/uploads\/sites\/123\/2019\/04\/HVH_logosamling-1024x128.jpg 1024w, https:\/\/blogs2.abo.fi\/hyvinvoivahoiva\/wp-content\/uploads\/sites\/123\/2019\/04\/HVH_logosamling-300x37.jpg 300w, https:\/\/blogs2.abo.fi\/hyvinvoivahoiva\/wp-content\/uploads\/sites\/123\/2019\/04\/HVH_logosamling-768x96.jpg 768w, https:\/\/blogs2.abo.fi\/hyvinvoivahoiva\/wp-content\/uploads\/sites\/123\/2019\/04\/HVH_logosamling-624x78.jpg 624w\" sizes=\"auto, (max-width: 625px) 100vw, 625px\" \/><\/p>\n","protected":false},"excerpt":{"rendered":"<p>HYVINVOIVA HOIVA &#8211; V\u00c4LM\u00c5ENDE OMSORG -asiantuntijaverkosto on tarjonut tukea ty\u00f6hyvinvoinnin ja muutosvalmiuksien kehitt\u00e4miselle hoivayksik\u00f6iden henkil\u00f6st\u00f6lle. Kaksikielinen hanke on kohdentunut ik\u00e4ihmisten hoitoyksik\u00f6ihin seuraavilla alueilla: Uusimaa, Pirkanmaa, Varsinais-Suomi ja Pohjanmaa. Hankepartnerit: \u00c5bo Akademi\/Centret f\u00f6r livsl\u00e5ngt l\u00e4rande (hankekoordinaattori), Tampereen yliopisto\/Johtamisen ja talouden tiedekunta, &hellip; <a href=\"https:\/\/blogs2.abo.fi\/hyvinvoivahoiva\/hankkeesta-omprojektet\/\">Forts\u00e4tt l\u00e4sa <span class=\"meta-nav\">&rarr;<\/span><\/a><\/p>\n","protected":false},"author":469,"featured_media":0,"parent":0,"menu_order":0,"comment_status":"closed","ping_status":"closed","template":"","meta":{"footnotes":""},"class_list":["post-11","page","type-page","status-publish","hentry"],"_links":{"self":[{"href":"https:\/\/blogs2.abo.fi\/hyvinvoivahoiva\/wp-json\/wp\/v2\/pages\/11","targetHints":{"allow":["GET"]}}],"collection":[{"href":"https:\/\/blogs2.abo.fi\/hyvinvoivahoiva\/wp-json\/wp\/v2\/pages"}],"about":[{"href":"https:\/\/blogs2.abo.fi\/hyvinvoivahoiva\/wp-json\/wp\/v2\/types\/page"}],"author":[{"embeddable":true,"href":"https:\/\/blogs2.abo.fi\/hyvinvoivahoiva\/wp-json\/wp\/v2\/users\/469"}],"replies":[{"embeddable":true,"href":"https:\/\/blogs2.abo.fi\/hyvinvoivahoiva\/wp-json\/wp\/v2\/comments?post=11"}],"version-history":[{"count":58,"href":"https:\/\/blogs2.abo.fi\/hyvinvoivahoiva\/wp-json\/wp\/v2\/pages\/11\/revisions"}],"predecessor-version":[{"id":781,"href":"https:\/\/blogs2.abo.fi\/hyvinvoivahoiva\/wp-json\/wp\/v2\/pages\/11\/revisions\/781"}],"wp:attachment":[{"href":"https:\/\/blogs2.abo.fi\/hyvinvoivahoiva\/wp-json\/wp\/v2\/media?parent=11"}],"curies":[{"name":"wp","href":"https:\/\/api.w.org\/{rel}","templated":true}]}}