{"id":859,"date":"2023-02-24T13:13:59","date_gmt":"2023-02-24T13:13:59","guid":{"rendered":"https:\/\/blogs2.abo.fi\/hyvinvoivahoiva-opas\/?page_id=859"},"modified":"2023-04-12T08:56:23","modified_gmt":"2023-04-12T08:56:23","slug":"tyokaluja-tyokyvyn-ja-tyohyvinvoinnin-yhteiskehittamiseen","status":"publish","type":"page","link":"https:\/\/blogs2.abo.fi\/hyvinvoivahoiva-opas\/tyokaluja-tyokyvyn-ja-tyohyvinvoinnin-yhteiskehittamiseen\/","title":{"rendered":"Ty\u00f6kaluja ty\u00f6kyvyn ja ty\u00f6hyvinvoinnin yhteiskehitt\u00e4miseen"},"content":{"rendered":"<p>Hyvinvoiva hoiva -hankkeessa kehitettiin ty\u00f6prosessien lis\u00e4ksi ty\u00f6kyvyn ja ty\u00f6hyvinvoinnin yhteiskehitt\u00e4misen ty\u00f6kaluja. Tavoitteeksi oli asetettu vahvistaa ty\u00f6kyky\u00e4 ja ty\u00f6hyvinvointia kehitt\u00e4m\u00e4ll\u00e4 eri toimijoiden kanssa uusia toimintatapoja ja toimintamalleja. Yhten\u00e4 l\u00e4ht\u00f6kohtana oli my\u00f6s vastata koronapandemian aiheuttamiin haasteisiin hoitoty\u00f6ss\u00e4 kehitt\u00e4m\u00e4ll\u00e4 ja selkeytt\u00e4m\u00e4ll\u00e4 ty\u00f6kyky\u00e4 edist\u00e4v\u00e4\u00e4 yhteisty\u00f6t\u00e4 eri toimijoiden, esim. ty\u00f6terveyshuoltojen kanssa. Pyrkimyksen\u00e4 oli my\u00f6s kehitt\u00e4\u00e4 henkil\u00f6st\u00f6n, esihenkil\u00f6iden, johdon ja eri yhteisty\u00f6tahojen yhteist\u00e4 ymm\u00e4rryst\u00e4 ty\u00f6kyvyst\u00e4 ja ty\u00f6hyvinvoinnista ja sit\u00e4 edist\u00e4v\u00e4st\u00e4 toiminnasta sek\u00e4 selkeytt\u00e4\u00e4 toiminnan vastuualueita ja rooleja. Kuka vastaa mist\u00e4kin ja kuka tekee mit\u00e4kin ty\u00f6kyvyn tukemisessa? Kehitt\u00e4miseen kutsuttiin mukaan esihenkil\u00f6t, organisaation johto, HR:n edustus, ty\u00f6terveyshuollot, ty\u00f6suojelun toimijat, el\u00e4kevakuutusyhti\u00f6t sek\u00e4 ty\u00f6ntekij\u00f6iden edustus.<\/p>\n<p>Aiemmin hankkeen kehitt\u00e4misty\u00f6ss\u00e4 oli hy\u00f6dynnetty erityisesti Lean- ja palvelumuotoilumenetelmi\u00e4, joita p\u00e4\u00e4tettiin k\u00e4ytt\u00e4\u00e4 my\u00f6s t\u00e4ss\u00e4 prosessisssa. Lean-menetelmien avulla oli tavoitteena kuvata, kehitt\u00e4\u00e4 ja sujuvoittaa ty\u00f6kyvyn tekemisen toimintamalleja. Osallistavilla palvelumuotoilun menetelmill\u00e4 pureuduttiin erityisesti eri toimijoiden tarpeisiin, rooleihin ja yhteisty\u00f6n tapoihin. Tavoitteena oli saada esiin helposti piiloon j\u00e4\u00e4vi\u00e4 kehitt\u00e4mistarpeita ja -mahdollisuuksia.<\/p>\n<p>Kehitt\u00e4miseen valittiin suomenkielinen ik\u00e4ihmisten hoivapalveluita tuottava organisaatio Pirkanmaalta ja ruotsinkielinen organisaatio Pohjanmaalta. Ensin mainitussa keskityttiin yhden kunnan ik\u00e4ihmisten palveluiden organisaatiosta esiin nousseisiin kehitt\u00e4mistarpeisiin. Pohjanmaalla mukana oli usean kunnan toimijoita kotihoidon ja asumispalveluiden alueelta juuri toimintaansa aloittamassa olevalla sote-alueella, jolla toiminta ja toimijoiden roolit olivat vasta hahmottumassa. Alussa oleva yhteisty\u00f6 mahdollisti kehitt\u00e4jille ja toimijoille dialogisen tilan avaamisen sote-alueen kehitt\u00e4miseksi.<\/p>\n<p>T\u00e4ll\u00e4 sivustolla kuvataan siis kaksi kehitt\u00e4misen prosessia, jotka tavoittelivat samaa tavoitetta, mutta erilaisin l\u00e4hestymistavoin ja ty\u00f6menetelmin. Toisessa kuvauksessa kuvataan Pirkanmaalla l\u00e4hitoteutuksessa tapahtunutta yhteiskehitt\u00e4mist\u00e4, jossa toimijat olivat saman kunnan alueelta. Toinen esittelee Pohjanmaan hyvinvointialueella p\u00e4\u00e4asiassa et\u00e4toteutuksena tapahtunutta yhteiskehitt\u00e4mist\u00e4.<\/p>\n<p><a href=\"http:\/\/blogs2.abo.fi\/hyvinvoivahoiva-opas\/wp-content\/uploads\/sites\/178\/2023\/03\/Tyokyvyn-ja-tyohyvinvoinnin-yhteiskehittaminen-opas.pdf\" target=\"_blank\" rel=\"noopener\">Lataa t\u00e4st\u00e4 Ty\u00f6kyvyn ja ty\u00f6hyvinvoinnin yhteiskehitt\u00e4misen malli \u2013 raportti yhteiskehitt\u00e4misest\u00e4 Pirkanmaalla (pdf-muodossa)<\/a>.<\/p>\n<p><a href=\"http:\/\/blogs2.abo.fi\/hyvinvoivahoiva-opas\/wp-content\/uploads\/sites\/178\/2023\/04\/Tyokaluja-tyohyvinvoinnin-ja-tyokyvyn-johtamiseen-ja-yhteiskehittamiseen.pdf\" target=\"_blank\" rel=\"noopener\">Lataa t\u00e4st\u00e4 Ty\u00f6kaluja ty\u00f6hyvinvoinnin ja ty\u00f6kyvyn johtamiseen ja yhteiskehitt\u00e4miseen \u2013 Case Pohjanmaa (pdf)<\/a>.<\/p>\n<p>Kuvio1. tiivist\u00e4\u00e4 esimerkkiprosessin Pirkanmaan ik\u00e4ihmisten hoivapalvelujen toimintaprosessien yhteiskehitt\u00e4misest\u00e4. Se kuvaa ennakkovaiheen, sek\u00e4 sit\u00e4 seuranneiden kolmen ty\u00f6pajan tavoitteet ja keskeisimm\u00e4t toimintatavat ja menetelm\u00e4t. Seuraavissa luvuissa yhteiskehitt\u00e4misen prosessi ja sis\u00e4ll\u00f6t avataan yksityiskohtaisesti.<\/p>\n<p><a href=\"http:\/\/blogs2.abo.fi\/hyvinvoivahoiva-opas\/wp-content\/uploads\/sites\/178\/2023\/02\/kuvio-sista.png\"><img loading=\"lazy\" decoding=\"async\" class=\"alignnone wp-image-860 size-full\" src=\"http:\/\/blogs2.abo.fi\/hyvinvoivahoiva-opas\/wp-content\/uploads\/sites\/178\/2023\/02\/kuvio-sista.png\" alt=\"\" width=\"1280\" height=\"720\" srcset=\"https:\/\/blogs2.abo.fi\/hyvinvoivahoiva-opas\/wp-content\/uploads\/sites\/178\/2023\/02\/kuvio-sista.png 1280w, https:\/\/blogs2.abo.fi\/hyvinvoivahoiva-opas\/wp-content\/uploads\/sites\/178\/2023\/02\/kuvio-sista-300x169.png 300w, https:\/\/blogs2.abo.fi\/hyvinvoivahoiva-opas\/wp-content\/uploads\/sites\/178\/2023\/02\/kuvio-sista-1024x576.png 1024w, https:\/\/blogs2.abo.fi\/hyvinvoivahoiva-opas\/wp-content\/uploads\/sites\/178\/2023\/02\/kuvio-sista-768x432.png 768w, https:\/\/blogs2.abo.fi\/hyvinvoivahoiva-opas\/wp-content\/uploads\/sites\/178\/2023\/02\/kuvio-sista-1200x675.png 1200w\" sizes=\"auto, (max-width: 1280px) 100vw, 1280px\" \/><\/a><\/p>\n<p><em>Kuvio 1. Ty\u00f6kyvyn ja ty\u00f6hyvinvoinnin yhteiskehitt\u00e4misen malli. (Klikkaa suurentaaksesi kuvaa)<\/em><\/p>\n<p>&nbsp;<\/p>\n","protected":false},"excerpt":{"rendered":"<p>Hyvinvoiva hoiva -hankkeessa kehitettiin ty\u00f6prosessien lis\u00e4ksi ty\u00f6kyvyn ja ty\u00f6hyvinvoinnin yhteiskehitt\u00e4misen ty\u00f6kaluja. Tavoitteeksi oli asetettu vahvistaa ty\u00f6kyky\u00e4 ja ty\u00f6hyvinvointia kehitt\u00e4m\u00e4ll\u00e4 eri toimijoiden kanssa uusia toimintatapoja ja toimintamalleja. Yhten\u00e4 l\u00e4ht\u00f6kohtana oli my\u00f6s vastata koronapandemian aiheuttamiin haasteisiin hoitoty\u00f6ss\u00e4 kehitt\u00e4m\u00e4ll\u00e4 ja selkeytt\u00e4m\u00e4ll\u00e4 ty\u00f6kyky\u00e4 edist\u00e4v\u00e4\u00e4 yhteisty\u00f6t\u00e4 eri toimijoiden, esim. ty\u00f6terveyshuoltojen kanssa. Pyrkimyksen\u00e4 oli my\u00f6s kehitt\u00e4\u00e4 henkil\u00f6st\u00f6n, esihenkil\u00f6iden, johdon ja eri [&hellip;]<\/p>\n","protected":false},"author":469,"featured_media":208,"parent":0,"menu_order":0,"comment_status":"closed","ping_status":"closed","template":"templates\/template-cover.php","meta":{"footnotes":""},"class_list":["post-859","page","type-page","status-publish","has-post-thumbnail","hentry"],"_links":{"self":[{"href":"https:\/\/blogs2.abo.fi\/hyvinvoivahoiva-opas\/wp-json\/wp\/v2\/pages\/859","targetHints":{"allow":["GET"]}}],"collection":[{"href":"https:\/\/blogs2.abo.fi\/hyvinvoivahoiva-opas\/wp-json\/wp\/v2\/pages"}],"about":[{"href":"https:\/\/blogs2.abo.fi\/hyvinvoivahoiva-opas\/wp-json\/wp\/v2\/types\/page"}],"author":[{"embeddable":true,"href":"https:\/\/blogs2.abo.fi\/hyvinvoivahoiva-opas\/wp-json\/wp\/v2\/users\/469"}],"replies":[{"embeddable":true,"href":"https:\/\/blogs2.abo.fi\/hyvinvoivahoiva-opas\/wp-json\/wp\/v2\/comments?post=859"}],"version-history":[{"count":7,"href":"https:\/\/blogs2.abo.fi\/hyvinvoivahoiva-opas\/wp-json\/wp\/v2\/pages\/859\/revisions"}],"predecessor-version":[{"id":874,"href":"https:\/\/blogs2.abo.fi\/hyvinvoivahoiva-opas\/wp-json\/wp\/v2\/pages\/859\/revisions\/874"}],"wp:featuredmedia":[{"embeddable":true,"href":"https:\/\/blogs2.abo.fi\/hyvinvoivahoiva-opas\/wp-json\/wp\/v2\/media\/208"}],"wp:attachment":[{"href":"https:\/\/blogs2.abo.fi\/hyvinvoivahoiva-opas\/wp-json\/wp\/v2\/media?parent=859"}],"curies":[{"name":"wp","href":"https:\/\/api.w.org\/{rel}","templated":true}]}}