{"id":797,"date":"2021-09-13T06:38:13","date_gmt":"2021-09-13T06:38:13","guid":{"rendered":"https:\/\/blogs2.abo.fi\/hyvinvoivahoiva-opas\/?page_id=797"},"modified":"2022-08-12T06:56:28","modified_gmt":"2022-08-12T06:56:28","slug":"tulevaisuuskuvat-henkilostojohtamisen-ja-tyohyvinvoinnin-edistamisen-avuksi","status":"publish","type":"page","link":"https:\/\/blogs2.abo.fi\/hyvinvoivahoiva-opas\/esihenkilo-tyohyvinvoinnin-edistajana\/tulevaisuuskuvat-henkilostojohtamisen-ja-tyohyvinvoinnin-edistamisen-avuksi\/","title":{"rendered":"Tulevaisuuskuvat henkil\u00f6st\u00f6johtamisen ja ty\u00f6hyvinvoinnin edist\u00e4misen avuksi"},"content":{"rendered":"<p><strong>Teksti: Jenna Pennananen, Laurea-ammattikorkeakoulu<\/strong><\/p>\n<p><span style=\"font-weight: 400\">Kukaan ei tied\u00e4, mit\u00e4 tulevaisuudessa tarkalleen ottaen tapahtuu. Tulevaisuus on tuntematon ja sis\u00e4lt\u00e4\u00e4 v\u00e4ist\u00e4m\u00e4tt\u00e4 yll\u00e4tyksi\u00e4, mutta my\u00f6s niihin voi valmistautua, sill\u00e4 tulevaisuus riippuu valinnoista ja niiden yhteydest\u00e4 tulevaisuuteen. <\/span><\/p>\n<p><span style=\"font-weight: 400\">Tulevaisuuden tiet\u00e4myst\u00e4 voi helpottaa kehitt\u00e4m\u00e4ll\u00e4 ennakointity\u00f6t\u00e4 ja -ajattelua. Ennakointiprosessissa yhdistyy tulevaisuus-, muotoilu- ja systeemiajattelu, jotka valjastavat toivottujen tulevaisuuksien luomiseen, uusien mahdollisuuksien tunnistamiseen ja ratkaisujen muotoiluun. Systeemiajattelu, se ett\u00e4 kaikki vaikuttaa kaikkeen, on my\u00f6s tiiviisti l\u00e4sn\u00e4 ennakoinnissa. Ennakoinnin voidaan ajatella olevan tarpeen kaikille, jotka haluavat tehd\u00e4 ajassa ratkaisuja, jotka ovat siedett\u00e4vi\u00e4 my\u00f6s tulevaisuudessa. Tulevaisuuden ennakointi on osaamista, jota voi kehitt\u00e4\u00e4 ja vahvistaa. Alati muuttuvassa ty\u00f6el\u00e4m\u00e4ss\u00e4 ja etenkin sosiaali- ja terveysalalla t\u00e4m\u00e4 on enemm\u00e4n kuin tarpeellista ja toivottua. Alan organisaatioiden vetovoimaisuuden kasvamisesta ja alan ty\u00f6yhteis\u00f6jen ja yksitt\u00e4isten ty\u00f6ntekij\u00f6iden hyvinvoinnista on pidett\u00e4 nyt ja tulevaisuudessa huolta, jotta alan palveluita voidaan kehitt\u00e4\u00e4 parhailla mahdollisilla tavoilla asiakkaita palveleviksi.\u00a0<\/span><\/p>\n<blockquote>\n<h6>Tutustu teokseen:<\/h6>\n<p><b>Signaaleista tulevaisuustarinoihin \u2013 ennakoinnin lyhyt k\u00e4sikirja<\/b>, <span style=\"font-weight: 400\">2017.<\/span><b>\u00a0<\/b><span style=\"font-weight: 400\">Tekij\u00e4t: Harri Jalonen, Mira Lehti, Anna Tonteri, Minna Koskelo, Anu K. Nousiainen &amp; Tuula J\u00e4ppinen. <a href=\"http:\/\/julkaisut.turkuamk.fi\/isbn9789522166524.pdf\" target=\"_blank\" rel=\"noopener\">Signaaleista tulevaisuustarinoihin -k\u00e4sikirja avautuu PDF-muodossa uuteen v\u00e4lilehteen<\/a>.<\/span><\/p><\/blockquote>\n<p><span style=\"font-weight: 400\">Teos tarjoaa j\u00e4sennellyn ennakointiprosessin esittelyn, joka auttaa tulevaisuuteen valmistautumisessa. Teos luo ihmiskeskeist\u00e4 n\u00e4kemyst\u00e4 tulevaisuuteen. Teoksessa kuvataan ennakointiajattelun soveltamista ennen kaikkea sosiaalisen investoinnin kontekstissa, joka t\u00e4ht\u00e4\u00e4 ihmisten ja yhteis\u00f6jen hyvinvointiin. K\u00e4sikirjan ydin rakentuu ennakointiprosessin kolmeen vaiheeseen: luotaaminen, merkityksellist\u00e4minen ja haltuunotto. Teoksessa on kuvattu nelj\u00e4n ihmisen ja nelj\u00e4n tarinan avulla ennakointiprosessi ja sen my\u00f6nteinen tulos. Tarinallisten tulevaisuuskuvien teht\u00e4v\u00e4n\u00e4 on laajentaa ajattelun perspektiivi\u00e4 ja osoittaa arjen n\u00e4k\u00f6kulmasta, mit\u00e4 tulevaisuus voi tuoda tullessaan.<\/span><\/p>\n<p><span style=\"font-weight: 400\">Kun olet lukenut teoksen, olet jo valmistautunut aivan eri lailla seuraavaan tulevaisuuskuva harjoitteeseen, jonka idea on l\u00e4ht\u00f6isin Signaaleista tulevaisuustarinoihin \u2013 ennakoinnin lyhyt k\u00e4sikirjasta, joka korostaa ihmisen keski\u00f6\u00f6n asettamisen merkityst\u00e4 etenkin muutoksessa. T\u00e4ll\u00f6in voidaan vaihtoehtoisia tulevaisuuksia visioida ja konkretisoida ihmisten n\u00e4k\u00f6kulmasta k\u00e4sin ja siten vapauttaa ajattelua vallitsevista rakenteista ja rajoituksista. Tulevaisuus ei vain tapahdu, vaan ihmiset ja heid\u00e4n ymp\u00e4rill\u00e4\u00e4n olevat arvoverkoston eri toimijat luovat ja toteuttavat haluamansa tulevaisuuden yhdess\u00e4.\u00a0<\/span><\/p>\n<blockquote>\n<h6>Harjoite: Tulevaisuuskuva<\/h6>\n<\/blockquote>\n<p><span style=\"font-weight: 400\">Seuraavan tulevaisuuskuva-harjoitteen avulla voit tehd\u00e4 ihmiskeskeisesti ennakointiprosessin kaavaa mukaillen konkreettisen tulevaisuuskuvan joko itsest\u00e4si ty\u00f6yhteis\u00f6n esihenkil\u00f6n\u00e4 tai osana johtoryhm\u00e4n p\u00e4\u00e4t\u00f6ksentekij\u00f6it\u00e4 tai k\u00e4ytt\u00e4\u00e4 t\u00e4t\u00e4 harjoitetta apuna esimerkiksi kehityskeskusteluissa henkil\u00f6st\u00f6n j\u00e4senten kanssa. Tulevaisuuskuvat on tarkoitettu etenkin keskustelun her\u00e4tt\u00e4j\u00e4ksi. Niiden avulla voi viritell\u00e4 omaa ajatteluaan sek\u00e4 pohtia miten tulevaisuuteen voi valmistua yksil\u00f6n\u00e4 sek\u00e4 osana yhteis\u00f6j\u00e4 ja koko yhteiskuntaa etenkin n\u00e4in\u00e4 ep\u00e4varmoina aikoina, jolloin, covid-<\/span><span style=\"font-weight: 400\">19-pandemia nostattaa tulevaisuuden tuntemattomuuden tasoa.<\/span><\/p>\n<p><span style=\"font-weight: 400\">Ota mallia teoksen tulevaisuuskuvista ja seuraavan sivun esimerkki persoonakortiksi muodostetusta henkil\u00f6kuvauksesta ja sille rakennetusta tarinallisesta tulevaisuuskuvasta. K\u00e4yt\u00e4 t\u00e4t\u00e4 pohjana\/ideana oman el\u00e4v\u00e4n esimerkin ja harjoitteen luomiseksi.<\/span><\/p>\n<h4>Persoonakortissa<\/h4>\n<p><b><img loading=\"lazy\" decoding=\"async\" class=\"alignright wp-image-801 size-medium\" src=\"http:\/\/blogs2.abo.fi\/hyvinvoivahoiva-opas\/wp-content\/uploads\/sites\/178\/2021\/09\/Sirpa_bild-211x300.jpg\" alt=\"Piiretty kuva naisen \u00e4\u00e4riviivat.\" width=\"211\" height=\"300\" srcset=\"https:\/\/blogs2.abo.fi\/hyvinvoivahoiva-opas\/wp-content\/uploads\/sites\/178\/2021\/09\/Sirpa_bild-211x300.jpg 211w, https:\/\/blogs2.abo.fi\/hyvinvoivahoiva-opas\/wp-content\/uploads\/sites\/178\/2021\/09\/Sirpa_bild.jpg 270w\" sizes=\"auto, (max-width: 211px) 100vw, 211px\" \/>Sirpa, sairaanhoitaja, 36 v.<\/b><\/p>\n<h6><span style=\"font-weight: 400\">EL\u00c4M\u00c4NTILANNE:<\/span><\/h6>\n<ul>\n<li><span style=\"font-weight: 400\">Entinen l\u00e4hihoitaja, nyk. palvelukodin vastaava sairaanhoitaja.<\/span><\/li>\n<li><span style=\"font-weight: 400\">Asuu p\u00e4\u00e4kaupunkiseudulla kerrostalossa vuokralla.<\/span><\/li>\n<li><span style=\"font-weight: 400\">Yksi yhteinen lapsi puolisonsa kanssa, hoitaa viikoittain <\/span><span style=\"font-weight: 400\">dementoituneen \u00e4itins\u00e4 arjen k\u00e4yt\u00e4nn\u00f6n asioita.<\/span><\/li>\n<li><span style=\"font-weight: 400\">Terveydentila: hieman ylipaino ja kohonnut verenpaine.<\/span><\/li>\n<\/ul>\n<h6><span style=\"font-weight: 400\">KIINNOSTUKSEN KOHTEET:<a href=\"http:\/\/blogs2.abo.fi\/hyvinvoivahoiva-opas\/wp-content\/uploads\/sites\/178\/2021\/09\/peukku-ylos.png\"><img loading=\"lazy\" decoding=\"async\" class=\"alignright wp-image-806 size-thumbnail\" src=\"http:\/\/blogs2.abo.fi\/hyvinvoivahoiva-opas\/wp-content\/uploads\/sites\/178\/2021\/09\/peukku-ylos-150x150.png\" alt=\"Piiretyt \u00e4\u00e4riviivat, peukku yl\u00f6s. \" width=\"150\" height=\"150\" srcset=\"https:\/\/blogs2.abo.fi\/hyvinvoivahoiva-opas\/wp-content\/uploads\/sites\/178\/2021\/09\/peukku-ylos-150x150.png 150w, https:\/\/blogs2.abo.fi\/hyvinvoivahoiva-opas\/wp-content\/uploads\/sites\/178\/2021\/09\/peukku-ylos-300x300.png 300w, https:\/\/blogs2.abo.fi\/hyvinvoivahoiva-opas\/wp-content\/uploads\/sites\/178\/2021\/09\/peukku-ylos.png 384w\" sizes=\"auto, (max-width: 150px) 100vw, 150px\" \/><\/a> <\/span><\/h6>\n<ul>\n<li><span style=\"font-weight: 400\">Urheilu, jolle ei ole aikaa tarpeeksi.<\/span><\/li>\n<li><span style=\"font-weight: 400\">K\u00e4sity\u00f6 ja meditaatio.<\/span><\/li>\n<\/ul>\n<h6><span style=\"font-weight: 400\">TARPEET JA TOIVEET:<\/span><\/h6>\n<ul>\n<li><span style=\"font-weight: 400\">Haluasi enemm\u00e4n vapaa- aikaa, ja aikaa ylip\u00e4\u00e4ns\u00e4 itseens\u00e4 panostamiseen.<\/span><\/li>\n<li><span style=\"font-weight: 400\">Haluaisi tavat my\u00f6s yst\u00e4vi\u00e4\u00e4n useammin.<\/span><\/li>\n<\/ul>\n<h6><span style=\"font-weight: 400\"><a href=\"http:\/\/blogs2.abo.fi\/hyvinvoivahoiva-opas\/wp-content\/uploads\/sites\/178\/2021\/09\/peukku_alas.png\"><img loading=\"lazy\" decoding=\"async\" class=\"size-thumbnail wp-image-809 alignright\" src=\"http:\/\/blogs2.abo.fi\/hyvinvoivahoiva-opas\/wp-content\/uploads\/sites\/178\/2021\/09\/peukku_alas-150x150.png\" alt=\"Piirretyt \u00e4\u00e4riviivat, peukku alas. \" width=\"150\" height=\"150\" srcset=\"https:\/\/blogs2.abo.fi\/hyvinvoivahoiva-opas\/wp-content\/uploads\/sites\/178\/2021\/09\/peukku_alas-150x150.png 150w, https:\/\/blogs2.abo.fi\/hyvinvoivahoiva-opas\/wp-content\/uploads\/sites\/178\/2021\/09\/peukku_alas-300x300.png 300w, https:\/\/blogs2.abo.fi\/hyvinvoivahoiva-opas\/wp-content\/uploads\/sites\/178\/2021\/09\/peukku_alas.png 384w\" sizes=\"auto, (max-width: 150px) 100vw, 150px\" \/><\/a>HAASTEET JA VAIKEUDET:<\/span><\/h6>\n<ul>\n<li><span style=\"font-weight: 400\">Heikentyv\u00e4 fyysinen kunto ja varhaisia masennuksen oireita.<\/span><\/li>\n<li><span style=\"font-weight: 400\">Henkinen ylikuormitus ty\u00f6ss\u00e4 ja liian suuret vastuualueet.<\/span><\/li>\n<li><span style=\"font-weight: 400\">K\u00e4rsii ajoittain univaikeuksista.<\/span><\/li>\n<li><span style=\"font-weight: 400\">Omien tarpeiden kuunteleminen vaikeaa.<\/span><\/li>\n<\/ul>\n<h4>Tulevaisuuskuvassa<\/h4>\n<p><b>Sirpa, 46 v vuonna 2030.\u00a0<\/b><\/p>\n<p>Sirpa ty\u00f6skentelee edelleen palvelukodin ty\u00f6ntekij\u00e4n\u00e4, mutta h\u00e4nen toimenkuvansa on vaihtunut merkitt\u00e4v\u00e4sti. Sirpa otti puheeksi niin kotona kuin ty\u00f6paikallaankin jo h\u00e4nt\u00e4 pitk\u00e4\u00e4n painaneen v\u00e4symyksen, vet\u00e4m\u00e4tt\u00f6myyden, univaikeudet ja liian suurelta tuntuvat vastuut ty\u00f6ss\u00e4. Ty\u00f6nantaja suositteli h\u00e4nelle siirtymist\u00e4 sairaanhoitajan teht\u00e4vist\u00e4 l\u00e4hihoitajan teht\u00e4viin, ja n\u00e4in Sirpa tekikin. Koska ty\u00f6 ei en\u00e4\u00e4 kuormittanut niin paljoa, Sirpa sai energiaa my\u00f6s vapaa-ajalleen. Yst\u00e4v\u00e4n ehdotettua h\u00e4nelle viikoittaisia k\u00e4velylenkkej\u00e4, oli niihin helppo suostua, kun ty\u00f6p\u00e4ivien j\u00e4lkeen ei en\u00e4\u00e4 v\u00e4sytt\u00e4nyt niin paljoa. Unikin parani ulkoilman ja liikunnan lis\u00e4\u00e4ntymisen kautta, ja fyysinen kuntokin tuntui hieman kohenneen.<\/p>\n<p>Vaikka vastuiden v\u00e4heneminen ty\u00f6ss\u00e4 laski ylikuormittuneisuuden tunnetta, se my\u00f6s v\u00e4hensi samalla ty\u00f6n mielekkyytt\u00e4. Masennusoireet pahenivat j\u00e4lleen, josta Sirpan puolisokin huomautteli h\u00e4nelle kuukausittain. Tuli syksy, ja Sirpa vajosi ty\u00f6p\u00e4ivien j\u00e4lkeen useasti sohvan nurkkaan. El\u00e4m\u00e4 tuntui jotenkin tyhj\u00e4lt\u00e4, ja kotikin alkoi tuntua tyls\u00e4lt\u00e4. \u00c4idinkin auttaminen tuntui vain v\u00e4ltt\u00e4m\u00e4tt\u00f6m\u00e4lt\u00e4 avunannolta. Keskustelut puolison, ty\u00f6kaverien ja yst\u00e4vien kanssa sai Sirpan ymm\u00e4rt\u00e4m\u00e4\u00e4n ett\u00e4, h\u00e4nelt\u00e4 puuttuu se jokin, \u201doma juttu\u201d. Er\u00e4\u00e4n\u00e4 p\u00e4iv\u00e4n\u00e4 h\u00e4n lainasi ty\u00f6kaveriltaan iltalukemiseksi k\u00e4sity\u00f6lehte\u00e4, ja sit\u00e4 selatessaan sohvan nurkassa, koti ei en\u00e4\u00e4 tuntunutkaan niin apealta. Mielikin kohosi. Sirpa p\u00e4\u00e4tti koittaa lehden yht\u00e4 neulonta ohjetta, ja kaivoi sukkapuikot ompelulaatikosta.<\/p>\n<p>Seuraavan talven ja kev\u00e4\u00e4n mittaan Sirpa neuloi useat sukkaparit ty\u00f6kavereilleen, jonka seurauksena Sirpan esihenkil\u00f6 ehdotti, ett\u00e4 pit\u00e4isik\u00f6 Sirpan alkaa pit\u00e4\u00e4 viikoittain palvelukodin asukkaille k\u00e4sity\u00f6piiri\u00e4. N\u00e4in tapahtui. Kes\u00e4n aikana Sirpa k\u00e4vi useat kaupungin j\u00e4rjest\u00e4m\u00e4t k\u00e4sity\u00f6kurssit ja tapasi viimeisell\u00e4 sellaisella jo tuttavaksi muodostuneen henkil\u00f6n, joka kertoi olevansa muistisairaiden asumiskeskuksen virikeohjaaja. Sirpa selvitti virikeohjaajan ammatista kaiken, sill\u00e4 ty\u00f6nkuva kuulosti silt\u00e4 ett\u00e4, siin\u00e4 voi yhdist\u00e4\u00e4 asiakasty\u00f6n parhaat puolet ja my\u00f6s omat mielenkiinnonkohteet. Sirpa haki muutaman kuukauden opintovapaan l\u00e4hihoitajan ty\u00f6st\u00e4\u00e4n ja opiskeli virikeohjaajaksi. Jo opiskelujen aikana niin Sirpan puoliso kuin lapsi saivat n\u00e4hd\u00e4 monia hienoja taidonn\u00e4ytteit\u00e4 ja tuotoksia, mutta parasta oli kuitenkin Sirpan olemuksen kokonaisvaltainen muutos v\u00e4syneest\u00e4 ja kuormittuneesta henkil\u00f6st\u00e4 innovatiiviseksi taituriksi, joka tuntui palavan halusta p\u00e4\u00e4st\u00e4 seuraavaksikin p\u00e4iv\u00e4ksi t\u00f6ihin toteuttamaan uutta ammattiaan. Asukkaat olivat silminn\u00e4hden iloisia Sirpan vet\u00e4mist\u00e4 k\u00e4sity\u00f6hetkist\u00e4 ja muista monipuolisista virikkeellisist\u00e4 hetkist\u00e4, joita Sirpa saa my\u00f6s ty\u00f6ajallaan suunnitella.<\/p>\n<p>Uudelleen l\u00f6ytyneen k\u00e4sity\u00f6harrastuksen vastapainoksi Sirpa p\u00e4\u00e4tti my\u00f6s jatkaa jo aiemmin hyvin alkanutta k\u00e4velyharrastustaan. H\u00e4n tuunasi ulkoiluharrastustaan viel\u00e4 entisest\u00e4\u00e4n ostamalla k\u00e4velysauvat, joista sai pontta lenkkeihin niin ett\u00e4 fyysinen kuntokin alkoi kasvaa. H\u00e4n otti tavakseen my\u00f6s k\u00e4vell\u00e4 viikoittaiset vierailut \u00e4itins\u00e4 luo auton k\u00e4yt\u00f6n sijasta. Painokin tippui toivotun verran ja uudessa ty\u00f6h\u00f6n tulotarkastuksessa selvisi, ett\u00e4 my\u00f6s Sirpan verenpaine on laskenut kymmenen vuoden takaisista arvoista. Sirpa p\u00e4\u00e4tyi palvelukodin esihenkil\u00f6n kanssa ratkaisuun, ett\u00e4 tekee lyhennetty\u00e4 viikkoa virikeohjaajana palvelukodissa, jotta ehtii paremmin keskitty\u00e4 vapaa-ajallaan niin \u00e4itins\u00e4kin asioiden hoitamiseen kuin itseens\u00e4kin. T\u00e4m\u00e4 mahdollisti Sirpalle my\u00f6s h\u00e4nelle tarjoutuneen projektiluontoisen iltaty\u00f6n vastaanottamisen. Iltaty\u00f6 on hyv\u00e4\u00e4 vastapainoa palvelukodin asiakasty\u00f6lle, ja siit\u00e4 Sirpa perheineen saa lis\u00e4tienestej\u00e4 uuden asunnon hankintaa varten. Sirpa on p\u00e4\u00e4tt\u00e4nyt hankkia kauan haaveilemansa omistusasunnon puolisonsa kanssa.<\/p>\n<p>Lis\u00e4\u00e4ntyneiden t\u00f6iden ja tienestien my\u00f6t\u00e4 Sirpa p\u00e4\u00e4tti hakea dementoituneelle \u00e4idilleen my\u00f6s osa-aikaista henkil\u00f6kohtaista avustajaa, joka l\u00f6ytyikin melko vaivattomasti. Sirpalla j\u00e4\u00e4 nykyisin aikaa laadukkaaseen arkeen perheens\u00e4 ja yst\u00e4viens\u00e4 parissa, sek\u00e4 aikaa itselleen. My\u00f6s \u00e4idin kanssa vietetty aika on enemm\u00e4n l\u00e4sn\u00e4 olevaa kuin aiemmin. Sirpa aloitti my\u00f6s nuoruuden harrastuksensa meditaation uudelleen, joka tuntuu rauhoittavan ja kohentavan mielt\u00e4 entisest\u00e4\u00e4n. En\u00e4\u00e4 Sirpa ei vain suorita asioita, vaan nauttii tekemisist\u00e4\u00e4n, h\u00e4n osaa nykyisin sanoa my\u00f6s ei. Masennusoireita ei ole ollut en\u00e4\u00e4 moneen vuoteen. Ty\u00f6nteko sek\u00e4 palvelukodissa ett\u00e4 uusi energisoiva iltaty\u00f6 tuntuvat antavan valtavasti voimavaroja arkeen ja el\u00e4m\u00e4n muihin osa-alueisiin.<\/p>\n<p><span style=\"font-weight: 400\">T\u00e4m\u00e4 tarina osoittaa lukijalleen j\u00e4lkik\u00e4teen <strong>ennakointiprosessin kolmen vaiheen merkityksen<\/strong>:<\/span><\/p>\n<ol>\n<li><span style=\"font-weight: 400\"><strong>Luotaamisen vaihe<\/strong> osoittaa kuinka paljon ja laaja-alaisesti signaaleja nykyhetki antaakaan meille tulevaisuudesta, kunhan vaan avaamme aistimme niille ja havainnoimme fokusoituneesti. <\/span><\/li>\n<li><span style=\"font-weight: 400\"><strong>Merkityksellist\u00e4misen vaihe<\/strong> antaa j\u00e4rjen systemaattisen ja intuitiivisen signaalien analysoimiseen. Kun keskityt\u00e4\u00e4n mahdollisuuksiin ja vaikuttavuuteen huomioiden mahdolliset trendit olemme jo pitk\u00e4ll\u00e4 tulevaisuuksien ennakoinnissa. <\/span><\/li>\n<li><span style=\"font-weight: 400\"><strong>Haltuunotto<\/strong> on kolmas prosessin vaihe. Siin\u00e4 tunnistetut trendit vaihtuvat toiminnaksi, jolloin muutoksen mahdollisuuksien kautta vahvistetaan, testataan, validoidaan ja konkretisoidaan vaihtoehtoinen tulevaisuus, joka on menneisyydess\u00e4 tehtyjen oivallusten seuraus.<\/span><\/li>\n<\/ol>\n<p><a style=\"font-size: 24px;font-weight: bold;letter-spacing: -0.0415625em;font-family: 'Inter var', -apple-system, BlinkMacSystemFont, 'Helvetica Neue', Helvetica, sans-serif\" href=\"https:\/\/blogs2.abo.fi\/hyvinvoivahoiva-opas\/esihenkilo-tyohyvinvoinnin-edistajana\/\">Takaisin Esihenkil\u00f6 ty\u00f6hyvinvoinnin edist\u00e4j\u00e4n\u00e4 -osion alkuun.<\/a><\/p>\n","protected":false},"excerpt":{"rendered":"<p>Teksti: Jenna Pennananen, Laurea-ammattikorkeakoulu Kukaan ei tied\u00e4, mit\u00e4 tulevaisuudessa tarkalleen ottaen tapahtuu. Tulevaisuus on tuntematon ja sis\u00e4lt\u00e4\u00e4 v\u00e4ist\u00e4m\u00e4tt\u00e4 yll\u00e4tyksi\u00e4, mutta my\u00f6s niihin voi valmistautua, sill\u00e4 tulevaisuus riippuu valinnoista ja niiden yhteydest\u00e4 tulevaisuuteen. Tulevaisuuden tiet\u00e4myst\u00e4 voi helpottaa kehitt\u00e4m\u00e4ll\u00e4 ennakointity\u00f6t\u00e4 ja -ajattelua. Ennakointiprosessissa yhdistyy tulevaisuus-, muotoilu- ja systeemiajattelu, jotka valjastavat toivottujen tulevaisuuksien luomiseen, uusien mahdollisuuksien tunnistamiseen ja [&hellip;]<\/p>\n","protected":false},"author":469,"featured_media":0,"parent":16,"menu_order":0,"comment_status":"closed","ping_status":"closed","template":"","meta":{"footnotes":""},"class_list":["post-797","page","type-page","status-publish","hentry"],"_links":{"self":[{"href":"https:\/\/blogs2.abo.fi\/hyvinvoivahoiva-opas\/wp-json\/wp\/v2\/pages\/797","targetHints":{"allow":["GET"]}}],"collection":[{"href":"https:\/\/blogs2.abo.fi\/hyvinvoivahoiva-opas\/wp-json\/wp\/v2\/pages"}],"about":[{"href":"https:\/\/blogs2.abo.fi\/hyvinvoivahoiva-opas\/wp-json\/wp\/v2\/types\/page"}],"author":[{"embeddable":true,"href":"https:\/\/blogs2.abo.fi\/hyvinvoivahoiva-opas\/wp-json\/wp\/v2\/users\/469"}],"replies":[{"embeddable":true,"href":"https:\/\/blogs2.abo.fi\/hyvinvoivahoiva-opas\/wp-json\/wp\/v2\/comments?post=797"}],"version-history":[{"count":16,"href":"https:\/\/blogs2.abo.fi\/hyvinvoivahoiva-opas\/wp-json\/wp\/v2\/pages\/797\/revisions"}],"predecessor-version":[{"id":852,"href":"https:\/\/blogs2.abo.fi\/hyvinvoivahoiva-opas\/wp-json\/wp\/v2\/pages\/797\/revisions\/852"}],"up":[{"embeddable":true,"href":"https:\/\/blogs2.abo.fi\/hyvinvoivahoiva-opas\/wp-json\/wp\/v2\/pages\/16"}],"wp:attachment":[{"href":"https:\/\/blogs2.abo.fi\/hyvinvoivahoiva-opas\/wp-json\/wp\/v2\/media?parent=797"}],"curies":[{"name":"wp","href":"https:\/\/api.w.org\/{rel}","templated":true}]}}